{"id":328,"date":"2023-12-10T12:30:34","date_gmt":"2023-12-10T12:30:34","guid":{"rendered":"https:\/\/novellix.com\/de\/?page_id=328"},"modified":"2025-08-19T09:01:22","modified_gmt":"2025-08-19T09:01:22","slug":"kontakt","status":"publish","type":"page","link":"https:\/\/novellix.com\/de\/kontakt\/","title":{"rendered":"Kontakt"},"content":{"rendered":"\n  <div id=\"page-header-1471623045\" class=\"page-header-wrapper\">\n  <div class=\"page-title light simple-title\">\n\n    \n    <div class=\"page-title-inner container align-center flex-row medium-flex-wrap\" >\n              <div class=\"title-wrapper flex-col text-left medium-text-center\">\n          <h1 class=\"entry-title mb-0\">\n            Kontakt          <\/h1>\n        <\/div>\n                    <div class=\"title-content flex-col flex-right text-right medium-text-center\">\n        <div class=\"title-breadcrumbs pb-half pt-half\"><\/div>      <\/div>\n    <\/div>\n\n       <\/div>\n    <\/div>\n  \n\n<div class=\"row\"  id=\"row-1631262435\">\n\n\n\t<div id=\"col-319443789\" class=\"col small-12 large-12\"  >\n\t\t\t\t<div class=\"col-inner\"  >\n\t\t\t\n\t\t\t\n\n<p><strong>Kontakt:\u00a0<br \/><\/strong>Lena Hammargren\u00a0<br \/>lena@novellix.se<\/p>\n<p><span style=\"font-weight: 400;\">Adresse: <br \/><\/span>Bondegatan 11<br \/><span style=\"font-weight: 400;\">116 23 Stockholm\u00a0<\/span><\/p>\n<p><b>Manuskripte: <br \/><\/b>Bitte schicken Sie uns keine Manuskripte oder Textproben unaufgefordert. Wir k\u00f6nnen diese leider weder pr\u00fcfen noch zur\u00fccksenden.\u00a0<\/p>\n\t<div class=\"img has-hover x md-x lg-x y md-y lg-y\" id=\"image_234654949\">\n\t\t\t\t\t\t\t\t<div class=\"img-inner dark\" >\n\t\t\t<img decoding=\"async\" width=\"1020\" height=\"510\" src=\"https:\/\/novellix.com\/de\/wp-content\/uploads\/sites\/2\/2023\/12\/in-mainland-france-for-any-order-greater-than-or-equal-to-60-sixty-euros-including-tax-shipping-costs-are-free-1.jpg\" class=\"attachment-large size-large\" alt=\"\" srcset=\"https:\/\/novellix.com\/de\/wp-content\/uploads\/sites\/2\/2023\/12\/in-mainland-france-for-any-order-greater-than-or-equal-to-60-sixty-euros-including-tax-shipping-costs-are-free-1.jpg 1200w, https:\/\/novellix.com\/de\/wp-content\/uploads\/sites\/2\/2023\/12\/in-mainland-france-for-any-order-greater-than-or-equal-to-60-sixty-euros-including-tax-shipping-costs-are-free-1-800x400.jpg 800w, https:\/\/novellix.com\/de\/wp-content\/uploads\/sites\/2\/2023\/12\/in-mainland-france-for-any-order-greater-than-or-equal-to-60-sixty-euros-including-tax-shipping-costs-are-free-1-768x384.jpg 768w, https:\/\/novellix.com\/de\/wp-content\/uploads\/sites\/2\/2023\/12\/in-mainland-france-for-any-order-greater-than-or-equal-to-60-sixty-euros-including-tax-shipping-costs-are-free-1-50x25.jpg 50w, https:\/\/novellix.com\/de\/wp-content\/uploads\/sites\/2\/2023\/12\/in-mainland-france-for-any-order-greater-than-or-equal-to-60-sixty-euros-including-tax-shipping-costs-are-free-1-510x255.jpg 510w\" sizes=\"(max-width: 1020px) 100vw, 1020px\" \/>\t\t\t\t\t\t\n\t\t\t\t\t<\/div>\n\t\t\t\t\t\t\t\t\n<style>\n#image_234654949 {\n  width: 100%;\n}\n<\/style>\n\t<\/div>\n\t\n\n\n\t\t<\/div>\n\t\t\t\t\t<\/div>\n\n\t\n\n<\/div>\n\n","protected":false},"excerpt":{"rendered":"","protected":false},"author":5,"featured_media":0,"parent":0,"menu_order":0,"comment_status":"closed","ping_status":"closed","template":"","meta":{"footnotes":""},"class_list":["post-328","page","type-page","status-publish","hentry"],"yoast_head":"<!-- This site is optimized with the Yoast SEO plugin v27.3 - https:\/\/yoast.com\/product\/yoast-seo-wordpress\/ -->\n<title>Kontakt - NOVELLIX<\/title>\n<meta name=\"robots\" content=\"index, follow, max-snippet:-1, max-image-preview:large, max-video-preview:-1\" \/>\n<link rel=\"canonical\" href=\"https:\/\/novellix.com\/de\/kontakt\/\" \/>\n<meta property=\"og:locale\" content=\"de_DE\" \/>\n<meta property=\"og:type\" content=\"article\" \/>\n<meta property=\"og:title\" content=\"Kontakt - NOVELLIX\" \/>\n<meta property=\"og:url\" content=\"https:\/\/novellix.com\/de\/kontakt\/\" \/>\n<meta property=\"og:site_name\" content=\"NOVELLIX\" \/>\n<meta property=\"article:modified_time\" content=\"2025-08-19T09:01:22+00:00\" \/>\n<meta name=\"twitter:card\" content=\"summary_large_image\" \/>\n<script type=\"application\/ld+json\" class=\"yoast-schema-graph\">{\"@context\":\"https:\\\/\\\/schema.org\",\"@graph\":[{\"@type\":\"WebPage\",\"@id\":\"https:\\\/\\\/novellix.com\\\/de\\\/kontakt\\\/\",\"url\":\"https:\\\/\\\/novellix.com\\\/de\\\/kontakt\\\/\",\"name\":\"Kontakt - NOVELLIX\",\"isPartOf\":{\"@id\":\"https:\\\/\\\/novellix.com\\\/de\\\/#website\"},\"datePublished\":\"2023-12-10T12:30:34+00:00\",\"dateModified\":\"2025-08-19T09:01:22+00:00\",\"inLanguage\":\"de\",\"potentialAction\":[{\"@type\":\"ReadAction\",\"target\":[\"https:\\\/\\\/novellix.com\\\/de\\\/kontakt\\\/\"]}]},{\"@type\":\"WebSite\",\"@id\":\"https:\\\/\\\/novellix.com\\\/de\\\/#website\",\"url\":\"https:\\\/\\\/novellix.com\\\/de\\\/\",\"name\":\"NOVELLIX\",\"description\":\"\",\"potentialAction\":[{\"@type\":\"SearchAction\",\"target\":{\"@type\":\"EntryPoint\",\"urlTemplate\":\"https:\\\/\\\/novellix.com\\\/de\\\/?s={search_term_string}\"},\"query-input\":{\"@type\":\"PropertyValueSpecification\",\"valueRequired\":true,\"valueName\":\"search_term_string\"}}],\"inLanguage\":\"de\"}]}<\/script>\n<!-- \/ Yoast SEO plugin. -->","yoast_head_json":{"title":"Kontakt - NOVELLIX","robots":{"index":"index","follow":"follow","max-snippet":"max-snippet:-1","max-image-preview":"max-image-preview:large","max-video-preview":"max-video-preview:-1"},"canonical":"https:\/\/novellix.com\/de\/kontakt\/","og_locale":"de_DE","og_type":"article","og_title":"Kontakt - NOVELLIX","og_url":"https:\/\/novellix.com\/de\/kontakt\/","og_site_name":"NOVELLIX","article_modified_time":"2025-08-19T09:01:22+00:00","twitter_card":"summary_large_image","schema":{"@context":"https:\/\/schema.org","@graph":[{"@type":"WebPage","@id":"https:\/\/novellix.com\/de\/kontakt\/","url":"https:\/\/novellix.com\/de\/kontakt\/","name":"Kontakt - NOVELLIX","isPartOf":{"@id":"https:\/\/novellix.com\/de\/#website"},"datePublished":"2023-12-10T12:30:34+00:00","dateModified":"2025-08-19T09:01:22+00:00","inLanguage":"de","potentialAction":[{"@type":"ReadAction","target":["https:\/\/novellix.com\/de\/kontakt\/"]}]},{"@type":"WebSite","@id":"https:\/\/novellix.com\/de\/#website","url":"https:\/\/novellix.com\/de\/","name":"NOVELLIX","description":"","potentialAction":[{"@type":"SearchAction","target":{"@type":"EntryPoint","urlTemplate":"https:\/\/novellix.com\/de\/?s={search_term_string}"},"query-input":{"@type":"PropertyValueSpecification","valueRequired":true,"valueName":"search_term_string"}}],"inLanguage":"de"}]}},"_links":{"self":[{"href":"https:\/\/novellix.com\/de\/wp-json\/wp\/v2\/pages\/328","targetHints":{"allow":["GET"]}}],"collection":[{"href":"https:\/\/novellix.com\/de\/wp-json\/wp\/v2\/pages"}],"about":[{"href":"https:\/\/novellix.com\/de\/wp-json\/wp\/v2\/types\/page"}],"author":[{"embeddable":true,"href":"https:\/\/novellix.com\/de\/wp-json\/wp\/v2\/users\/5"}],"replies":[{"embeddable":true,"href":"https:\/\/novellix.com\/de\/wp-json\/wp\/v2\/comments?post=328"}],"version-history":[{"count":5,"href":"https:\/\/novellix.com\/de\/wp-json\/wp\/v2\/pages\/328\/revisions"}],"predecessor-version":[{"id":1303300,"href":"https:\/\/novellix.com\/de\/wp-json\/wp\/v2\/pages\/328\/revisions\/1303300"}],"wp:attachment":[{"href":"https:\/\/novellix.com\/de\/wp-json\/wp\/v2\/media?parent=328"}],"curies":[{"name":"wp","href":"https:\/\/api.w.org\/{rel}","templated":true}]}}