{"id":1227959,"date":"2023-12-10T22:41:32","date_gmt":"2023-12-10T22:41:32","guid":{"rendered":"https:\/\/novellix.se\/?post_type=product&#038;p=1227959"},"modified":"2024-02-28T08:47:56","modified_gmt":"2024-02-28T08:47:56","slug":"astrid-lindgren-ny-3","status":"publish","type":"product","link":"https:\/\/novellix.com\/de\/produkt\/astrid-lindgren-ny-3\/","title":{"rendered":"Astrid Lindgren"},"content":{"rendered":"<p><b>Astrid Lindgren <\/b><span style=\"font-weight: 400;\">(1907-2002) wuchs auf einem kleinen Hof nahe der Kleinstadt Vimmerby in Sm\u00e5land auf. Sie hat in ihrem Leben rund 90 B\u00fccher, Drehb\u00fccher und Theaterst\u00fccke verfasst, die in \u00fcber 100 Sprachen \u00fcbersetzt wurden. L\u00e4ngst geh\u00f6ren ihre M\u00e4rchen, Erz\u00e4hlungen, Romane und Bilderb\u00fccher zu den Klassikern der Kinder- und Jugendliteratur. Dazu geh\u00f6ren B\u00fccher wie die \u00fcber die Kinder aus Bullerb\u00fc, Michel und Madita, die das idyllische Leben ihrer schwedischen Kindheit beschreiben. Lindgren behandelte aber auch Themen wie Tod und Einsamkeit in ihren Geschichten. Neben ihrer T\u00e4tigkeit als Autorin und Lektorin engagierte sie sich intensiv f\u00fcr die Rechte von Kindern, f\u00fcr Gewaltlosigkeit und den Tierschutz.<\/span><\/p>\n<p><span style=\"font-weight: 400;\">Die Idee und das Design der Novellix-Buchst\u00fctzen stammen vom Industriedesigner Jan Landqvist. Die Buchst\u00fctzen werden im schwedischen Gnosj\u00f6 hergestellt und bestehen aus weitgehend recyceltem Stahlblech, das mit einem strapazierf\u00e4higen schwarzen Pulverlack behandelt wurde. Die Ma\u00dfe betragen 15\u00d715 cm f\u00fcr die Portr\u00e4ts und 10\u00d715 cm f\u00fcr die Bodenplatte.<\/span><\/p>\n","protected":false},"excerpt":{"rendered":"<p>Astrid Lindgren (1907-2002) wuchs auf einem kleinen Hof nahe der Kleinstadt Vimmerby in Sm\u00e5land auf. Sie hat in ihrem Leben rund 90 B\u00fccher, Drehb\u00fccher und Theaterst\u00fccke verfasst, die in \u00fcber 100 Sprachen \u00fcbersetzt wurden. L\u00e4ngst geh\u00f6ren ihre M\u00e4rchen, Erz\u00e4hlungen, Romane und Bilderb\u00fccher zu den Klassikern der Kinder- und Jugendliteratur. Dazu geh\u00f6ren B\u00fccher wie die \u00fcber [&#8230;]\n","protected":false},"featured_media":332,"template":"","meta":[],"product_brand":[],"product_cat":[98],"product_tag":[],"class_list":{"0":"post-1227959","1":"product","2":"type-product","3":"status-publish","4":"has-post-thumbnail","6":"product_cat-buchstutzen","8":"first","9":"instock","10":"shipping-taxable","11":"product-type-simple"},"yoast_head":"<!-- This site is optimized with the Yoast SEO plugin v27.3 - https:\/\/yoast.com\/product\/yoast-seo-wordpress\/ -->\n<title>Astrid Lindgren<\/title>\n<meta name=\"description\" content=\"Astrid Lindgren\u00a0(1907-2002) \u00e4r utan tvekan v\u00e5r mest folkk\u00e4ra f\u00f6rfattare. Hon v\u00e4xte upp i Vimmerby i Sm\u00e5land. 1944 debuterade Lindgren med sin ungdomsroman\u00a0Britt-Marie l\u00e4ttar sitt hj\u00e4rta, och efter det slog hon igenom stort med b\u00f6ckerna om Pippi L\u00e5ngstrump. Idag finns ett helt universum f\u00f6r Lindgrens sagov\u00e4rld, best\u00e5ende av k\u00e4nda filmatiseringar, illustrationer, s\u00e5nger, n\u00f6jesparken Astrid Lindgrens v\u00e4rld och barnkulturhuset Junibacken.\u00a0Vill du l\u00e4sa mer? P\u00e5 v\u00e5r f\u00f6rfattarsida hittar du en l\u00e4ngre text om henne!\" \/>\n<meta name=\"robots\" content=\"index, follow, max-snippet:-1, max-image-preview:large, max-video-preview:-1\" \/>\n<link rel=\"canonical\" href=\"https:\/\/novellix.com\/de\/produkt\/astrid-lindgren-ny-3\/\" \/>\n<meta property=\"og:locale\" content=\"de_DE\" \/>\n<meta property=\"og:type\" content=\"article\" \/>\n<meta property=\"og:title\" content=\"Astrid Lindgren\" \/>\n<meta property=\"og:description\" content=\"Astrid Lindgren\u00a0(1907-2002) \u00e4r utan tvekan v\u00e5r mest folkk\u00e4ra f\u00f6rfattare. Hon v\u00e4xte upp i Vimmerby i Sm\u00e5land. 1944 debuterade Lindgren med sin ungdomsroman\u00a0Britt-Marie l\u00e4ttar sitt hj\u00e4rta, och efter det slog hon igenom stort med b\u00f6ckerna om Pippi L\u00e5ngstrump. Idag finns ett helt universum f\u00f6r Lindgrens sagov\u00e4rld, best\u00e5ende av k\u00e4nda filmatiseringar, illustrationer, s\u00e5nger, n\u00f6jesparken Astrid Lindgrens v\u00e4rld och barnkulturhuset Junibacken.\u00a0Vill du l\u00e4sa mer? P\u00e5 v\u00e5r f\u00f6rfattarsida hittar du en l\u00e4ngre text om henne!\" \/>\n<meta property=\"og:url\" content=\"https:\/\/novellix.com\/de\/produkt\/astrid-lindgren-ny-3\/\" \/>\n<meta property=\"og:site_name\" content=\"NOVELLIX\" \/>\n<meta property=\"article:modified_time\" content=\"2024-02-28T08:47:56+00:00\" \/>\n<meta property=\"og:image\" content=\"https:\/\/novellix.com\/de\/wp-content\/uploads\/sites\/2\/2023\/12\/astrid-lindgren-bokstod.jpeg\" \/>\n\t<meta property=\"og:image:width\" content=\"1090\" \/>\n\t<meta property=\"og:image:height\" content=\"1537\" \/>\n\t<meta property=\"og:image:type\" content=\"image\/jpeg\" \/>\n<meta name=\"twitter:card\" content=\"summary_large_image\" \/>\n<meta name=\"twitter:label1\" content=\"Gesch\u00e4tzte Lesezeit\" \/>\n\t<meta name=\"twitter:data1\" content=\"1\u00a0Minute\" \/>\n<script type=\"application\/ld+json\" class=\"yoast-schema-graph\">{\"@context\":\"https:\\\/\\\/schema.org\",\"@graph\":[{\"@type\":\"WebPage\",\"@id\":\"https:\\\/\\\/novellix.com\\\/de\\\/produkt\\\/astrid-lindgren-ny-3\\\/\",\"url\":\"https:\\\/\\\/novellix.com\\\/de\\\/produkt\\\/astrid-lindgren-ny-3\\\/\",\"name\":\"Astrid Lindgren\",\"isPartOf\":{\"@id\":\"https:\\\/\\\/novellix.com\\\/de\\\/#website\"},\"primaryImageOfPage\":{\"@id\":\"https:\\\/\\\/novellix.com\\\/de\\\/produkt\\\/astrid-lindgren-ny-3\\\/#primaryimage\"},\"image\":{\"@id\":\"https:\\\/\\\/novellix.com\\\/de\\\/produkt\\\/astrid-lindgren-ny-3\\\/#primaryimage\"},\"thumbnailUrl\":\"https:\\\/\\\/novellix.com\\\/de\\\/wp-content\\\/uploads\\\/sites\\\/2\\\/2023\\\/12\\\/astrid-lindgren-bokstod.jpeg\",\"datePublished\":\"2023-12-10T22:41:32+00:00\",\"dateModified\":\"2024-02-28T08:47:56+00:00\",\"description\":\"Astrid Lindgren\u00a0(1907-2002) \u00e4r utan tvekan v\u00e5r mest folkk\u00e4ra f\u00f6rfattare. Hon v\u00e4xte upp i Vimmerby i Sm\u00e5land. 1944 debuterade Lindgren med sin ungdomsroman\u00a0Britt-Marie l\u00e4ttar sitt hj\u00e4rta, och efter det slog hon igenom stort med b\u00f6ckerna om Pippi L\u00e5ngstrump. Idag finns ett helt universum f\u00f6r Lindgrens sagov\u00e4rld, best\u00e5ende av k\u00e4nda filmatiseringar, illustrationer, s\u00e5nger, n\u00f6jesparken Astrid Lindgrens v\u00e4rld och barnkulturhuset Junibacken.\u00a0Vill du l\u00e4sa mer? P\u00e5 v\u00e5r f\u00f6rfattarsida hittar du en l\u00e4ngre text om henne!\",\"breadcrumb\":{\"@id\":\"https:\\\/\\\/novellix.com\\\/de\\\/produkt\\\/astrid-lindgren-ny-3\\\/#breadcrumb\"},\"inLanguage\":\"de\",\"potentialAction\":[{\"@type\":\"ReadAction\",\"target\":[\"https:\\\/\\\/novellix.com\\\/de\\\/produkt\\\/astrid-lindgren-ny-3\\\/\"]}]},{\"@type\":\"ImageObject\",\"inLanguage\":\"de\",\"@id\":\"https:\\\/\\\/novellix.com\\\/de\\\/produkt\\\/astrid-lindgren-ny-3\\\/#primaryimage\",\"url\":\"https:\\\/\\\/novellix.com\\\/de\\\/wp-content\\\/uploads\\\/sites\\\/2\\\/2023\\\/12\\\/astrid-lindgren-bokstod.jpeg\",\"contentUrl\":\"https:\\\/\\\/novellix.com\\\/de\\\/wp-content\\\/uploads\\\/sites\\\/2\\\/2023\\\/12\\\/astrid-lindgren-bokstod.jpeg\",\"width\":1090,\"height\":1537,\"caption\":\"Astrid Lindgren Bokstod\"},{\"@type\":\"BreadcrumbList\",\"@id\":\"https:\\\/\\\/novellix.com\\\/de\\\/produkt\\\/astrid-lindgren-ny-3\\\/#breadcrumb\",\"itemListElement\":[{\"@type\":\"ListItem\",\"position\":1,\"name\":\"Shop\",\"item\":\"https:\\\/\\\/novellix.com\\\/de\\\/shop\\\/\"},{\"@type\":\"ListItem\",\"position\":2,\"name\":\"Astrid Lindgren\"}]},{\"@type\":\"WebSite\",\"@id\":\"https:\\\/\\\/novellix.com\\\/de\\\/#website\",\"url\":\"https:\\\/\\\/novellix.com\\\/de\\\/\",\"name\":\"NOVELLIX\",\"description\":\"\",\"potentialAction\":[{\"@type\":\"SearchAction\",\"target\":{\"@type\":\"EntryPoint\",\"urlTemplate\":\"https:\\\/\\\/novellix.com\\\/de\\\/?s={search_term_string}\"},\"query-input\":{\"@type\":\"PropertyValueSpecification\",\"valueRequired\":true,\"valueName\":\"search_term_string\"}}],\"inLanguage\":\"de\"}]}<\/script>\n<!-- \/ Yoast SEO plugin. -->","yoast_head_json":{"title":"Astrid Lindgren","description":"Astrid Lindgren\u00a0(1907-2002) \u00e4r utan tvekan v\u00e5r mest folkk\u00e4ra f\u00f6rfattare. Hon v\u00e4xte upp i Vimmerby i Sm\u00e5land. 1944 debuterade Lindgren med sin ungdomsroman\u00a0Britt-Marie l\u00e4ttar sitt hj\u00e4rta, och efter det slog hon igenom stort med b\u00f6ckerna om Pippi L\u00e5ngstrump. Idag finns ett helt universum f\u00f6r Lindgrens sagov\u00e4rld, best\u00e5ende av k\u00e4nda filmatiseringar, illustrationer, s\u00e5nger, n\u00f6jesparken Astrid Lindgrens v\u00e4rld och barnkulturhuset Junibacken.\u00a0Vill du l\u00e4sa mer? P\u00e5 v\u00e5r f\u00f6rfattarsida hittar du en l\u00e4ngre text om henne!","robots":{"index":"index","follow":"follow","max-snippet":"max-snippet:-1","max-image-preview":"max-image-preview:large","max-video-preview":"max-video-preview:-1"},"canonical":"https:\/\/novellix.com\/de\/produkt\/astrid-lindgren-ny-3\/","og_locale":"de_DE","og_type":"article","og_title":"Astrid Lindgren","og_description":"Astrid Lindgren\u00a0(1907-2002) \u00e4r utan tvekan v\u00e5r mest folkk\u00e4ra f\u00f6rfattare. Hon v\u00e4xte upp i Vimmerby i Sm\u00e5land. 1944 debuterade Lindgren med sin ungdomsroman\u00a0Britt-Marie l\u00e4ttar sitt hj\u00e4rta, och efter det slog hon igenom stort med b\u00f6ckerna om Pippi L\u00e5ngstrump. Idag finns ett helt universum f\u00f6r Lindgrens sagov\u00e4rld, best\u00e5ende av k\u00e4nda filmatiseringar, illustrationer, s\u00e5nger, n\u00f6jesparken Astrid Lindgrens v\u00e4rld och barnkulturhuset Junibacken.\u00a0Vill du l\u00e4sa mer? P\u00e5 v\u00e5r f\u00f6rfattarsida hittar du en l\u00e4ngre text om henne!","og_url":"https:\/\/novellix.com\/de\/produkt\/astrid-lindgren-ny-3\/","og_site_name":"NOVELLIX","article_modified_time":"2024-02-28T08:47:56+00:00","og_image":[{"width":1090,"height":1537,"url":"https:\/\/novellix.com\/de\/wp-content\/uploads\/sites\/2\/2023\/12\/astrid-lindgren-bokstod.jpeg","type":"image\/jpeg"}],"twitter_card":"summary_large_image","twitter_misc":{"Gesch\u00e4tzte Lesezeit":"1\u00a0Minute"},"schema":{"@context":"https:\/\/schema.org","@graph":[{"@type":"WebPage","@id":"https:\/\/novellix.com\/de\/produkt\/astrid-lindgren-ny-3\/","url":"https:\/\/novellix.com\/de\/produkt\/astrid-lindgren-ny-3\/","name":"Astrid Lindgren","isPartOf":{"@id":"https:\/\/novellix.com\/de\/#website"},"primaryImageOfPage":{"@id":"https:\/\/novellix.com\/de\/produkt\/astrid-lindgren-ny-3\/#primaryimage"},"image":{"@id":"https:\/\/novellix.com\/de\/produkt\/astrid-lindgren-ny-3\/#primaryimage"},"thumbnailUrl":"https:\/\/novellix.com\/de\/wp-content\/uploads\/sites\/2\/2023\/12\/astrid-lindgren-bokstod.jpeg","datePublished":"2023-12-10T22:41:32+00:00","dateModified":"2024-02-28T08:47:56+00:00","description":"Astrid Lindgren\u00a0(1907-2002) \u00e4r utan tvekan v\u00e5r mest folkk\u00e4ra f\u00f6rfattare. Hon v\u00e4xte upp i Vimmerby i Sm\u00e5land. 1944 debuterade Lindgren med sin ungdomsroman\u00a0Britt-Marie l\u00e4ttar sitt hj\u00e4rta, och efter det slog hon igenom stort med b\u00f6ckerna om Pippi L\u00e5ngstrump. Idag finns ett helt universum f\u00f6r Lindgrens sagov\u00e4rld, best\u00e5ende av k\u00e4nda filmatiseringar, illustrationer, s\u00e5nger, n\u00f6jesparken Astrid Lindgrens v\u00e4rld och barnkulturhuset Junibacken.\u00a0Vill du l\u00e4sa mer? P\u00e5 v\u00e5r f\u00f6rfattarsida hittar du en l\u00e4ngre text om henne!","breadcrumb":{"@id":"https:\/\/novellix.com\/de\/produkt\/astrid-lindgren-ny-3\/#breadcrumb"},"inLanguage":"de","potentialAction":[{"@type":"ReadAction","target":["https:\/\/novellix.com\/de\/produkt\/astrid-lindgren-ny-3\/"]}]},{"@type":"ImageObject","inLanguage":"de","@id":"https:\/\/novellix.com\/de\/produkt\/astrid-lindgren-ny-3\/#primaryimage","url":"https:\/\/novellix.com\/de\/wp-content\/uploads\/sites\/2\/2023\/12\/astrid-lindgren-bokstod.jpeg","contentUrl":"https:\/\/novellix.com\/de\/wp-content\/uploads\/sites\/2\/2023\/12\/astrid-lindgren-bokstod.jpeg","width":1090,"height":1537,"caption":"Astrid Lindgren Bokstod"},{"@type":"BreadcrumbList","@id":"https:\/\/novellix.com\/de\/produkt\/astrid-lindgren-ny-3\/#breadcrumb","itemListElement":[{"@type":"ListItem","position":1,"name":"Shop","item":"https:\/\/novellix.com\/de\/shop\/"},{"@type":"ListItem","position":2,"name":"Astrid Lindgren"}]},{"@type":"WebSite","@id":"https:\/\/novellix.com\/de\/#website","url":"https:\/\/novellix.com\/de\/","name":"NOVELLIX","description":"","potentialAction":[{"@type":"SearchAction","target":{"@type":"EntryPoint","urlTemplate":"https:\/\/novellix.com\/de\/?s={search_term_string}"},"query-input":{"@type":"PropertyValueSpecification","valueRequired":true,"valueName":"search_term_string"}}],"inLanguage":"de"}]}},"_links":{"self":[{"href":"https:\/\/novellix.com\/de\/wp-json\/wp\/v2\/product\/1227959","targetHints":{"allow":["GET"]}}],"collection":[{"href":"https:\/\/novellix.com\/de\/wp-json\/wp\/v2\/product"}],"about":[{"href":"https:\/\/novellix.com\/de\/wp-json\/wp\/v2\/types\/product"}],"wp:featuredmedia":[{"embeddable":true,"href":"https:\/\/novellix.com\/de\/wp-json\/wp\/v2\/media\/332"}],"wp:attachment":[{"href":"https:\/\/novellix.com\/de\/wp-json\/wp\/v2\/media?parent=1227959"}],"wp:term":[{"taxonomy":"product_brand","embeddable":true,"href":"https:\/\/novellix.com\/de\/wp-json\/wp\/v2\/product_brand?post=1227959"},{"taxonomy":"product_cat","embeddable":true,"href":"https:\/\/novellix.com\/de\/wp-json\/wp\/v2\/product_cat?post=1227959"},{"taxonomy":"product_tag","embeddable":true,"href":"https:\/\/novellix.com\/de\/wp-json\/wp\/v2\/product_tag?post=1227959"}],"curies":[{"name":"wp","href":"https:\/\/api.w.org\/{rel}","templated":true}]}}