{"id":1302766,"date":"2024-01-10T12:57:16","date_gmt":"2024-01-10T12:57:16","guid":{"rendered":"https:\/\/novellix.com\/de\/?post_type=product&#038;p=1302766"},"modified":"2024-02-29T13:44:07","modified_gmt":"2024-02-29T13:44:07","slug":"traeume","status":"publish","type":"product","link":"https:\/\/novellix.com\/de\/produkt\/traeume\/","title":{"rendered":"Tr\u00e4ume\u00a0"},"content":{"rendered":"<p>Tr\u00e4ume scheinen uns immer zu begleiten, tags wie nachts, als Wunschtr\u00e4ume, als Alptr\u00e4ume, als Tagtr\u00e4ume. Sie k\u00f6nnen Ansporn bedeuten, Ausweg sein, Zweifel s\u00e4en, Zuversicht vermitteln. Mit Sorgfalt, Humor und Blick f\u00fcr die kleinen Details zeigen uns <strong>Judith Hermann<\/strong>, <strong>Jane Austen<\/strong>, <strong>Virginia Woolf<\/strong> und <strong>Stefan Zweig<\/strong>, was Tr\u00e4ume in uns und der Welt bewegen \u2013 unabh\u00e4ngig davon ob sie sich mit zukunftsweisenden Erfindungen oder mit vergangenen Beziehungen befassen, mit dem Sog von Geheimnissen oder schlicht damit, einen Alltag lebbar zu machen.<\/p>\n<p><strong>TR\u00c4UME enth\u00e4lt folgende Erz\u00e4hlungen:<\/strong><br \/>\n<a href=\"https:\/\/novellix.com\/de\/produkt\/die-drei-schwestern\/\">Jane Austen \u2013 Die drei Schwestern<\/a><br \/>\n<a href=\"https:\/\/novellix.com\/de\/produkt\/traeume-judith-hermann\/\">Judith Hermann \u2013 Tr\u00e4ume<\/a><br \/>\n<a href=\"https:\/\/novellix.com\/de\/produkt\/lappin-und-lapinova\/\">Virginia Woolf \u2013 Lappin und Lapinova<\/a><br \/>\n<a href=\"https:\/\/novellix.com\/de\/produkt\/das-erste-wort-ueber-den-ozean\/\">Stefan Zweig \u2013 Das erste Wort \u00fcber den Ozean<\/a><\/p>\n","protected":false},"excerpt":{"rendered":"<p>Tr\u00e4ume scheinen uns immer zu begleiten, tags wie nachts, als Wunschtr\u00e4ume, als Alptr\u00e4ume, als Tagtr\u00e4ume. Sie k\u00f6nnen Ansporn bedeuten, Ausweg sein, Zweifel s\u00e4en, Zuversicht vermitteln. Mit Sorgfalt, Humor und Blick f\u00fcr die kleinen Details zeigen uns Judith Hermann, Jane Austen, Virginia Woolf und Stefan Zweig, was Tr\u00e4ume in uns und der Welt bewegen \u2013 unabh\u00e4ngig [&#8230;]\n","protected":false},"featured_media":1302870,"template":"","meta":[],"product_brand":[],"product_cat":[73],"product_tag":[],"class_list":{"0":"post-1302766","1":"product","2":"type-product","3":"status-publish","4":"has-post-thumbnail","6":"product_cat-buchboxen","8":"first","9":"instock","10":"shipping-taxable","11":"product-type-simple"},"yoast_head":"<!-- This site is optimized with the Yoast SEO plugin v27.3 - https:\/\/yoast.com\/product\/yoast-seo-wordpress\/ -->\n<title>Tr\u00e4ume\u00a0 - NOVELLIX<\/title>\n<meta name=\"robots\" content=\"index, follow, max-snippet:-1, max-image-preview:large, max-video-preview:-1\" \/>\n<link rel=\"canonical\" href=\"https:\/\/novellix.com\/de\/produkt\/traeume\/\" \/>\n<meta property=\"og:locale\" content=\"de_DE\" \/>\n<meta property=\"og:type\" content=\"article\" \/>\n<meta property=\"og:title\" content=\"Tr\u00e4ume\u00a0 - NOVELLIX\" \/>\n<meta property=\"og:description\" content=\"Tr\u00e4ume scheinen uns immer zu begleiten, tags wie nachts, als Wunschtr\u00e4ume, als Alptr\u00e4ume, als Tagtr\u00e4ume. Sie k\u00f6nnen Ansporn bedeuten, Ausweg sein, Zweifel s\u00e4en, Zuversicht vermitteln. Mit Sorgfalt, Humor und Blick f\u00fcr die kleinen Details zeigen uns Judith Hermann, Jane Austen, Virginia Woolf und Stefan Zweig, was Tr\u00e4ume in uns und der Welt bewegen \u2013 unabh\u00e4ngig [...]\" \/>\n<meta property=\"og:url\" content=\"https:\/\/novellix.com\/de\/produkt\/traeume\/\" \/>\n<meta property=\"og:site_name\" content=\"NOVELLIX\" \/>\n<meta property=\"article:modified_time\" content=\"2024-02-29T13:44:07+00:00\" \/>\n<meta property=\"og:image\" content=\"https:\/\/novellix.com\/de\/wp-content\/uploads\/sites\/2\/2024\/01\/traeume.jpg\" \/>\n\t<meta property=\"og:image:width\" content=\"1065\" \/>\n\t<meta property=\"og:image:height\" content=\"1500\" \/>\n\t<meta property=\"og:image:type\" content=\"image\/jpeg\" \/>\n<meta name=\"twitter:card\" content=\"summary_large_image\" \/>\n<meta name=\"twitter:label1\" content=\"Gesch\u00e4tzte Lesezeit\" \/>\n\t<meta name=\"twitter:data1\" content=\"1\u00a0Minute\" \/>\n<script type=\"application\/ld+json\" class=\"yoast-schema-graph\">{\"@context\":\"https:\\\/\\\/schema.org\",\"@graph\":[{\"@type\":\"WebPage\",\"@id\":\"https:\\\/\\\/novellix.com\\\/de\\\/produkt\\\/traeume\\\/\",\"url\":\"https:\\\/\\\/novellix.com\\\/de\\\/produkt\\\/traeume\\\/\",\"name\":\"Tr\u00e4ume\u00a0 - NOVELLIX\",\"isPartOf\":{\"@id\":\"https:\\\/\\\/novellix.com\\\/de\\\/#website\"},\"primaryImageOfPage\":{\"@id\":\"https:\\\/\\\/novellix.com\\\/de\\\/produkt\\\/traeume\\\/#primaryimage\"},\"image\":{\"@id\":\"https:\\\/\\\/novellix.com\\\/de\\\/produkt\\\/traeume\\\/#primaryimage\"},\"thumbnailUrl\":\"https:\\\/\\\/novellix.com\\\/de\\\/wp-content\\\/uploads\\\/sites\\\/2\\\/2024\\\/01\\\/traeume.jpg\",\"datePublished\":\"2024-01-10T12:57:16+00:00\",\"dateModified\":\"2024-02-29T13:44:07+00:00\",\"breadcrumb\":{\"@id\":\"https:\\\/\\\/novellix.com\\\/de\\\/produkt\\\/traeume\\\/#breadcrumb\"},\"inLanguage\":\"de\",\"potentialAction\":[{\"@type\":\"ReadAction\",\"target\":[\"https:\\\/\\\/novellix.com\\\/de\\\/produkt\\\/traeume\\\/\"]}]},{\"@type\":\"ImageObject\",\"inLanguage\":\"de\",\"@id\":\"https:\\\/\\\/novellix.com\\\/de\\\/produkt\\\/traeume\\\/#primaryimage\",\"url\":\"https:\\\/\\\/novellix.com\\\/de\\\/wp-content\\\/uploads\\\/sites\\\/2\\\/2024\\\/01\\\/traeume.jpg\",\"contentUrl\":\"https:\\\/\\\/novellix.com\\\/de\\\/wp-content\\\/uploads\\\/sites\\\/2\\\/2024\\\/01\\\/traeume.jpg\",\"width\":1065,\"height\":1500,\"caption\":\"Tra\u0308ume\"},{\"@type\":\"BreadcrumbList\",\"@id\":\"https:\\\/\\\/novellix.com\\\/de\\\/produkt\\\/traeume\\\/#breadcrumb\",\"itemListElement\":[{\"@type\":\"ListItem\",\"position\":1,\"name\":\"Shop\",\"item\":\"https:\\\/\\\/novellix.com\\\/de\\\/shop\\\/\"},{\"@type\":\"ListItem\",\"position\":2,\"name\":\"Tr\u00e4ume\u00a0\"}]},{\"@type\":\"WebSite\",\"@id\":\"https:\\\/\\\/novellix.com\\\/de\\\/#website\",\"url\":\"https:\\\/\\\/novellix.com\\\/de\\\/\",\"name\":\"NOVELLIX\",\"description\":\"\",\"potentialAction\":[{\"@type\":\"SearchAction\",\"target\":{\"@type\":\"EntryPoint\",\"urlTemplate\":\"https:\\\/\\\/novellix.com\\\/de\\\/?s={search_term_string}\"},\"query-input\":{\"@type\":\"PropertyValueSpecification\",\"valueRequired\":true,\"valueName\":\"search_term_string\"}}],\"inLanguage\":\"de\"}]}<\/script>\n<!-- \/ Yoast SEO plugin. -->","yoast_head_json":{"title":"Tr\u00e4ume\u00a0 - NOVELLIX","robots":{"index":"index","follow":"follow","max-snippet":"max-snippet:-1","max-image-preview":"max-image-preview:large","max-video-preview":"max-video-preview:-1"},"canonical":"https:\/\/novellix.com\/de\/produkt\/traeume\/","og_locale":"de_DE","og_type":"article","og_title":"Tr\u00e4ume\u00a0 - NOVELLIX","og_description":"Tr\u00e4ume scheinen uns immer zu begleiten, tags wie nachts, als Wunschtr\u00e4ume, als Alptr\u00e4ume, als Tagtr\u00e4ume. Sie k\u00f6nnen Ansporn bedeuten, Ausweg sein, Zweifel s\u00e4en, Zuversicht vermitteln. Mit Sorgfalt, Humor und Blick f\u00fcr die kleinen Details zeigen uns Judith Hermann, Jane Austen, Virginia Woolf und Stefan Zweig, was Tr\u00e4ume in uns und der Welt bewegen \u2013 unabh\u00e4ngig [...]","og_url":"https:\/\/novellix.com\/de\/produkt\/traeume\/","og_site_name":"NOVELLIX","article_modified_time":"2024-02-29T13:44:07+00:00","og_image":[{"width":1065,"height":1500,"url":"https:\/\/novellix.com\/de\/wp-content\/uploads\/sites\/2\/2024\/01\/traeume.jpg","type":"image\/jpeg"}],"twitter_card":"summary_large_image","twitter_misc":{"Gesch\u00e4tzte Lesezeit":"1\u00a0Minute"},"schema":{"@context":"https:\/\/schema.org","@graph":[{"@type":"WebPage","@id":"https:\/\/novellix.com\/de\/produkt\/traeume\/","url":"https:\/\/novellix.com\/de\/produkt\/traeume\/","name":"Tr\u00e4ume\u00a0 - NOVELLIX","isPartOf":{"@id":"https:\/\/novellix.com\/de\/#website"},"primaryImageOfPage":{"@id":"https:\/\/novellix.com\/de\/produkt\/traeume\/#primaryimage"},"image":{"@id":"https:\/\/novellix.com\/de\/produkt\/traeume\/#primaryimage"},"thumbnailUrl":"https:\/\/novellix.com\/de\/wp-content\/uploads\/sites\/2\/2024\/01\/traeume.jpg","datePublished":"2024-01-10T12:57:16+00:00","dateModified":"2024-02-29T13:44:07+00:00","breadcrumb":{"@id":"https:\/\/novellix.com\/de\/produkt\/traeume\/#breadcrumb"},"inLanguage":"de","potentialAction":[{"@type":"ReadAction","target":["https:\/\/novellix.com\/de\/produkt\/traeume\/"]}]},{"@type":"ImageObject","inLanguage":"de","@id":"https:\/\/novellix.com\/de\/produkt\/traeume\/#primaryimage","url":"https:\/\/novellix.com\/de\/wp-content\/uploads\/sites\/2\/2024\/01\/traeume.jpg","contentUrl":"https:\/\/novellix.com\/de\/wp-content\/uploads\/sites\/2\/2024\/01\/traeume.jpg","width":1065,"height":1500,"caption":"Tra\u0308ume"},{"@type":"BreadcrumbList","@id":"https:\/\/novellix.com\/de\/produkt\/traeume\/#breadcrumb","itemListElement":[{"@type":"ListItem","position":1,"name":"Shop","item":"https:\/\/novellix.com\/de\/shop\/"},{"@type":"ListItem","position":2,"name":"Tr\u00e4ume\u00a0"}]},{"@type":"WebSite","@id":"https:\/\/novellix.com\/de\/#website","url":"https:\/\/novellix.com\/de\/","name":"NOVELLIX","description":"","potentialAction":[{"@type":"SearchAction","target":{"@type":"EntryPoint","urlTemplate":"https:\/\/novellix.com\/de\/?s={search_term_string}"},"query-input":{"@type":"PropertyValueSpecification","valueRequired":true,"valueName":"search_term_string"}}],"inLanguage":"de"}]}},"_links":{"self":[{"href":"https:\/\/novellix.com\/de\/wp-json\/wp\/v2\/product\/1302766","targetHints":{"allow":["GET"]}}],"collection":[{"href":"https:\/\/novellix.com\/de\/wp-json\/wp\/v2\/product"}],"about":[{"href":"https:\/\/novellix.com\/de\/wp-json\/wp\/v2\/types\/product"}],"wp:featuredmedia":[{"embeddable":true,"href":"https:\/\/novellix.com\/de\/wp-json\/wp\/v2\/media\/1302870"}],"wp:attachment":[{"href":"https:\/\/novellix.com\/de\/wp-json\/wp\/v2\/media?parent=1302766"}],"wp:term":[{"taxonomy":"product_brand","embeddable":true,"href":"https:\/\/novellix.com\/de\/wp-json\/wp\/v2\/product_brand?post=1302766"},{"taxonomy":"product_cat","embeddable":true,"href":"https:\/\/novellix.com\/de\/wp-json\/wp\/v2\/product_cat?post=1302766"},{"taxonomy":"product_tag","embeddable":true,"href":"https:\/\/novellix.com\/de\/wp-json\/wp\/v2\/product_tag?post=1302766"}],"curies":[{"name":"wp","href":"https:\/\/api.w.org\/{rel}","templated":true}]}}