{"id":1302767,"date":"2024-01-10T13:01:07","date_gmt":"2024-01-10T13:01:07","guid":{"rendered":"https:\/\/novellix.com\/de\/?post_type=product&#038;p=1302767"},"modified":"2024-04-15T07:44:15","modified_gmt":"2024-04-15T07:44:15","slug":"vordenkerinnen","status":"publish","type":"product","link":"https:\/\/novellix.com\/de\/produkt\/vordenkerinnen\/","title":{"rendered":"Vordenkerinnen"},"content":{"rendered":"<p>Leise Zweifel und der schmerzvolle Wunsch nach Gleichberechtigung; ein unb\u00e4ndiger Drang nach Selbstbestimmung und ein furchtloses Coming-out: Diese Box enth\u00e4lt vier schmale B\u00fccher mit gro\u00dfer Sprengkraft. Vier Erz\u00e4hlungen von vier Frauen, die selbstbewusst allen Konventionen ihrer Zeit trotzten und dabei den Weg bereiteten f\u00fcr ein neues Schreiben, Lesen, Denken und Handeln. Mit Themen und Figuren, die nichts an Aktualit\u00e4t verloren haben, zerlegten <strong>Annemarie Schwarzenbach<\/strong>, <strong>Selma Lagerl\u00f6f<\/strong>, <strong>Charlotte Perkins Gilman<\/strong> und <strong>Simone de Beauvoir<\/strong> eine von M\u00e4nnern geschaffene Weltordnung und gaben der neuen Frau Stimme, Intellekt, K\u00f6rper \u2013 und Lust. Ihre Texte leben und inspirieren Leser*innen weltweit heute genau wie vor 100 Jahren.<\/p>\n<p><strong>VORDENKERINNEN enth\u00e4lt folgende Erz\u00e4hlungen:<\/strong><br \/>\n<a href=\"https:\/\/novellix.com\/de\/produkt\/eine-frau-zu-sehen\/\">Annemarie Schwarzenbach \u2013 Eine Frau zu sehen<\/a><br \/>\n<a href=\"https:\/\/novellix.com\/de\/produkt\/die-geisterhand\/\">Selma Lagerl\u00f6f \u2013 Die Geisterhand<\/a><br \/>\n<a href=\"https:\/\/novellix.com\/de\/produkt\/die-gelbe-tapete\/\">Charlotte Perkins Gilman \u2013 Die gelbe Tapete<\/a><br \/>\n<a href=\"https:\/\/novellix.com\/de\/produkt\/marcelle-2\/\">Simone de Beauvoir \u2013 Marcelle<\/a><\/p>\n","protected":false},"excerpt":{"rendered":"<p>Leise Zweifel und der schmerzvolle Wunsch nach Gleichberechtigung; ein unb\u00e4ndiger Drang nach Selbstbestimmung und ein furchtloses Coming-out: Diese Box enth\u00e4lt vier schmale B\u00fccher mit gro\u00dfer Sprengkraft. Vier Erz\u00e4hlungen von vier Frauen, die selbstbewusst allen Konventionen ihrer Zeit trotzten und dabei den Weg bereiteten f\u00fcr ein neues Schreiben, Lesen, Denken und Handeln. Mit Themen und Figuren, [&#8230;]\n","protected":false},"featured_media":1302872,"template":"","meta":[],"product_brand":[],"product_cat":[73],"product_tag":[],"class_list":{"0":"post-1302767","1":"product","2":"type-product","3":"status-publish","4":"has-post-thumbnail","6":"product_cat-buchboxen","8":"first","9":"instock","10":"shipping-taxable","11":"product-type-simple"},"yoast_head":"<!-- This site is optimized with the Yoast SEO plugin v27.3 - https:\/\/yoast.com\/product\/yoast-seo-wordpress\/ -->\n<title>Vordenkerinnen - NOVELLIX<\/title>\n<meta name=\"robots\" content=\"index, follow, max-snippet:-1, max-image-preview:large, max-video-preview:-1\" \/>\n<link rel=\"canonical\" href=\"https:\/\/novellix.com\/de\/produkt\/vordenkerinnen\/\" \/>\n<meta property=\"og:locale\" content=\"de_DE\" \/>\n<meta property=\"og:type\" content=\"article\" \/>\n<meta property=\"og:title\" content=\"Vordenkerinnen - NOVELLIX\" \/>\n<meta property=\"og:description\" content=\"Leise Zweifel und der schmerzvolle Wunsch nach Gleichberechtigung; ein unb\u00e4ndiger Drang nach Selbstbestimmung und ein furchtloses Coming-out: Diese Box enth\u00e4lt vier schmale B\u00fccher mit gro\u00dfer Sprengkraft. Vier Erz\u00e4hlungen von vier Frauen, die selbstbewusst allen Konventionen ihrer Zeit trotzten und dabei den Weg bereiteten f\u00fcr ein neues Schreiben, Lesen, Denken und Handeln. Mit Themen und Figuren, [...]\" \/>\n<meta property=\"og:url\" content=\"https:\/\/novellix.com\/de\/produkt\/vordenkerinnen\/\" \/>\n<meta property=\"og:site_name\" content=\"NOVELLIX\" \/>\n<meta property=\"article:modified_time\" content=\"2024-04-15T07:44:15+00:00\" \/>\n<meta property=\"og:image\" content=\"https:\/\/novellix.com\/de\/wp-content\/uploads\/sites\/2\/2024\/01\/vordenkerinnen.jpg\" \/>\n\t<meta property=\"og:image:width\" content=\"1065\" \/>\n\t<meta property=\"og:image:height\" content=\"1500\" \/>\n\t<meta property=\"og:image:type\" content=\"image\/jpeg\" \/>\n<meta name=\"twitter:card\" content=\"summary_large_image\" \/>\n<meta name=\"twitter:label1\" content=\"Gesch\u00e4tzte Lesezeit\" \/>\n\t<meta name=\"twitter:data1\" content=\"1\u00a0Minute\" \/>\n<script type=\"application\/ld+json\" class=\"yoast-schema-graph\">{\"@context\":\"https:\\\/\\\/schema.org\",\"@graph\":[{\"@type\":\"WebPage\",\"@id\":\"https:\\\/\\\/novellix.com\\\/de\\\/produkt\\\/vordenkerinnen\\\/\",\"url\":\"https:\\\/\\\/novellix.com\\\/de\\\/produkt\\\/vordenkerinnen\\\/\",\"name\":\"Vordenkerinnen - NOVELLIX\",\"isPartOf\":{\"@id\":\"https:\\\/\\\/novellix.com\\\/de\\\/#website\"},\"primaryImageOfPage\":{\"@id\":\"https:\\\/\\\/novellix.com\\\/de\\\/produkt\\\/vordenkerinnen\\\/#primaryimage\"},\"image\":{\"@id\":\"https:\\\/\\\/novellix.com\\\/de\\\/produkt\\\/vordenkerinnen\\\/#primaryimage\"},\"thumbnailUrl\":\"https:\\\/\\\/novellix.com\\\/de\\\/wp-content\\\/uploads\\\/sites\\\/2\\\/2024\\\/01\\\/vordenkerinnen.jpg\",\"datePublished\":\"2024-01-10T13:01:07+00:00\",\"dateModified\":\"2024-04-15T07:44:15+00:00\",\"breadcrumb\":{\"@id\":\"https:\\\/\\\/novellix.com\\\/de\\\/produkt\\\/vordenkerinnen\\\/#breadcrumb\"},\"inLanguage\":\"de\",\"potentialAction\":[{\"@type\":\"ReadAction\",\"target\":[\"https:\\\/\\\/novellix.com\\\/de\\\/produkt\\\/vordenkerinnen\\\/\"]}]},{\"@type\":\"ImageObject\",\"inLanguage\":\"de\",\"@id\":\"https:\\\/\\\/novellix.com\\\/de\\\/produkt\\\/vordenkerinnen\\\/#primaryimage\",\"url\":\"https:\\\/\\\/novellix.com\\\/de\\\/wp-content\\\/uploads\\\/sites\\\/2\\\/2024\\\/01\\\/vordenkerinnen.jpg\",\"contentUrl\":\"https:\\\/\\\/novellix.com\\\/de\\\/wp-content\\\/uploads\\\/sites\\\/2\\\/2024\\\/01\\\/vordenkerinnen.jpg\",\"width\":1065,\"height\":1500,\"caption\":\"Vordenkerinnen\"},{\"@type\":\"BreadcrumbList\",\"@id\":\"https:\\\/\\\/novellix.com\\\/de\\\/produkt\\\/vordenkerinnen\\\/#breadcrumb\",\"itemListElement\":[{\"@type\":\"ListItem\",\"position\":1,\"name\":\"Shop\",\"item\":\"https:\\\/\\\/novellix.com\\\/de\\\/shop\\\/\"},{\"@type\":\"ListItem\",\"position\":2,\"name\":\"Vordenkerinnen\"}]},{\"@type\":\"WebSite\",\"@id\":\"https:\\\/\\\/novellix.com\\\/de\\\/#website\",\"url\":\"https:\\\/\\\/novellix.com\\\/de\\\/\",\"name\":\"NOVELLIX\",\"description\":\"\",\"potentialAction\":[{\"@type\":\"SearchAction\",\"target\":{\"@type\":\"EntryPoint\",\"urlTemplate\":\"https:\\\/\\\/novellix.com\\\/de\\\/?s={search_term_string}\"},\"query-input\":{\"@type\":\"PropertyValueSpecification\",\"valueRequired\":true,\"valueName\":\"search_term_string\"}}],\"inLanguage\":\"de\"}]}<\/script>\n<!-- \/ Yoast SEO plugin. -->","yoast_head_json":{"title":"Vordenkerinnen - NOVELLIX","robots":{"index":"index","follow":"follow","max-snippet":"max-snippet:-1","max-image-preview":"max-image-preview:large","max-video-preview":"max-video-preview:-1"},"canonical":"https:\/\/novellix.com\/de\/produkt\/vordenkerinnen\/","og_locale":"de_DE","og_type":"article","og_title":"Vordenkerinnen - NOVELLIX","og_description":"Leise Zweifel und der schmerzvolle Wunsch nach Gleichberechtigung; ein unb\u00e4ndiger Drang nach Selbstbestimmung und ein furchtloses Coming-out: Diese Box enth\u00e4lt vier schmale B\u00fccher mit gro\u00dfer Sprengkraft. Vier Erz\u00e4hlungen von vier Frauen, die selbstbewusst allen Konventionen ihrer Zeit trotzten und dabei den Weg bereiteten f\u00fcr ein neues Schreiben, Lesen, Denken und Handeln. Mit Themen und Figuren, [...]","og_url":"https:\/\/novellix.com\/de\/produkt\/vordenkerinnen\/","og_site_name":"NOVELLIX","article_modified_time":"2024-04-15T07:44:15+00:00","og_image":[{"width":1065,"height":1500,"url":"https:\/\/novellix.com\/de\/wp-content\/uploads\/sites\/2\/2024\/01\/vordenkerinnen.jpg","type":"image\/jpeg"}],"twitter_card":"summary_large_image","twitter_misc":{"Gesch\u00e4tzte Lesezeit":"1\u00a0Minute"},"schema":{"@context":"https:\/\/schema.org","@graph":[{"@type":"WebPage","@id":"https:\/\/novellix.com\/de\/produkt\/vordenkerinnen\/","url":"https:\/\/novellix.com\/de\/produkt\/vordenkerinnen\/","name":"Vordenkerinnen - NOVELLIX","isPartOf":{"@id":"https:\/\/novellix.com\/de\/#website"},"primaryImageOfPage":{"@id":"https:\/\/novellix.com\/de\/produkt\/vordenkerinnen\/#primaryimage"},"image":{"@id":"https:\/\/novellix.com\/de\/produkt\/vordenkerinnen\/#primaryimage"},"thumbnailUrl":"https:\/\/novellix.com\/de\/wp-content\/uploads\/sites\/2\/2024\/01\/vordenkerinnen.jpg","datePublished":"2024-01-10T13:01:07+00:00","dateModified":"2024-04-15T07:44:15+00:00","breadcrumb":{"@id":"https:\/\/novellix.com\/de\/produkt\/vordenkerinnen\/#breadcrumb"},"inLanguage":"de","potentialAction":[{"@type":"ReadAction","target":["https:\/\/novellix.com\/de\/produkt\/vordenkerinnen\/"]}]},{"@type":"ImageObject","inLanguage":"de","@id":"https:\/\/novellix.com\/de\/produkt\/vordenkerinnen\/#primaryimage","url":"https:\/\/novellix.com\/de\/wp-content\/uploads\/sites\/2\/2024\/01\/vordenkerinnen.jpg","contentUrl":"https:\/\/novellix.com\/de\/wp-content\/uploads\/sites\/2\/2024\/01\/vordenkerinnen.jpg","width":1065,"height":1500,"caption":"Vordenkerinnen"},{"@type":"BreadcrumbList","@id":"https:\/\/novellix.com\/de\/produkt\/vordenkerinnen\/#breadcrumb","itemListElement":[{"@type":"ListItem","position":1,"name":"Shop","item":"https:\/\/novellix.com\/de\/shop\/"},{"@type":"ListItem","position":2,"name":"Vordenkerinnen"}]},{"@type":"WebSite","@id":"https:\/\/novellix.com\/de\/#website","url":"https:\/\/novellix.com\/de\/","name":"NOVELLIX","description":"","potentialAction":[{"@type":"SearchAction","target":{"@type":"EntryPoint","urlTemplate":"https:\/\/novellix.com\/de\/?s={search_term_string}"},"query-input":{"@type":"PropertyValueSpecification","valueRequired":true,"valueName":"search_term_string"}}],"inLanguage":"de"}]}},"_links":{"self":[{"href":"https:\/\/novellix.com\/de\/wp-json\/wp\/v2\/product\/1302767","targetHints":{"allow":["GET"]}}],"collection":[{"href":"https:\/\/novellix.com\/de\/wp-json\/wp\/v2\/product"}],"about":[{"href":"https:\/\/novellix.com\/de\/wp-json\/wp\/v2\/types\/product"}],"wp:featuredmedia":[{"embeddable":true,"href":"https:\/\/novellix.com\/de\/wp-json\/wp\/v2\/media\/1302872"}],"wp:attachment":[{"href":"https:\/\/novellix.com\/de\/wp-json\/wp\/v2\/media?parent=1302767"}],"wp:term":[{"taxonomy":"product_brand","embeddable":true,"href":"https:\/\/novellix.com\/de\/wp-json\/wp\/v2\/product_brand?post=1302767"},{"taxonomy":"product_cat","embeddable":true,"href":"https:\/\/novellix.com\/de\/wp-json\/wp\/v2\/product_cat?post=1302767"},{"taxonomy":"product_tag","embeddable":true,"href":"https:\/\/novellix.com\/de\/wp-json\/wp\/v2\/product_tag?post=1302767"}],"curies":[{"name":"wp","href":"https:\/\/api.w.org\/{rel}","templated":true}]}}