{"id":1302783,"date":"2024-01-10T13:57:03","date_gmt":"2024-01-10T13:57:03","guid":{"rendered":"https:\/\/novellix.com\/de\/?post_type=product&#038;p=1302783"},"modified":"2024-04-15T07:39:30","modified_gmt":"2024-04-15T07:39:30","slug":"die-gelbe-tapete","status":"publish","type":"product","link":"https:\/\/novellix.com\/de\/produkt\/die-gelbe-tapete\/","title":{"rendered":"Die gelbe Tapete"},"content":{"rendered":"<p><em>John ist den ganzen Tag fort, manchmal auch nachts, wenn er schwere F\u00e4lle hat. Ich bin froh, dass ich kein schwerer Fall bin! Doch diese nerv\u00f6sen Beschwerden sind unendlich \u00addeprimierend. John wei\u00df nicht, wie sehr ich wirklich leide. Er wei\u00df, dass es keinen Grund gibt, dass ich leide, das reicht ihm. <\/em><\/p>\n<p>Immer wieder hat <a href=\"https:\/\/novellix.com\/de\/c\/autor\/charlotte-perkins-gilman\/\">Charlotte Perkins Gilman<\/a> (1860\u20131935) die m\u00e4nnerzentrierte Weltordnung kritisiert. Die gelbe Tapete ist inzwischen ein Klassiker, der sich eindrucksvoll einschreibt in eine feministische Literaturtradition \u00fcber das Gefangensein in der Ehe, den K\u00f6rper einer Mutter und den m\u00e4nnlichen Blick auf die Frau.<\/p>\n","protected":false},"excerpt":{"rendered":"<p>John ist den ganzen Tag fort, manchmal auch nachts, wenn er schwere F\u00e4lle hat. Ich bin froh, dass ich kein schwerer Fall bin! Doch diese nerv\u00f6sen Beschwerden sind unendlich \u00addeprimierend. John wei\u00df nicht, wie sehr ich wirklich leide. Er wei\u00df, dass es keinen Grund gibt, dass ich leide, das reicht ihm. Immer wieder hat Charlotte [&#8230;]\n","protected":false},"featured_media":1302786,"template":"","meta":[],"product_brand":[],"product_cat":[79],"product_tag":[],"class_list":{"0":"post-1302783","1":"product","2":"type-product","3":"status-publish","4":"has-post-thumbnail","6":"product_cat-noveller","8":"first","9":"instock","10":"shipping-taxable","11":"product-type-simple"},"yoast_head":"<!-- This site is optimized with the Yoast SEO plugin v27.3 - https:\/\/yoast.com\/product\/yoast-seo-wordpress\/ -->\n<title>Die gelbe Tapete - NOVELLIX<\/title>\n<meta name=\"robots\" content=\"index, follow, max-snippet:-1, max-image-preview:large, max-video-preview:-1\" \/>\n<link rel=\"canonical\" href=\"https:\/\/novellix.com\/de\/produkt\/die-gelbe-tapete\/\" \/>\n<meta property=\"og:locale\" content=\"de_DE\" \/>\n<meta property=\"og:type\" content=\"article\" \/>\n<meta property=\"og:title\" content=\"Die gelbe Tapete - NOVELLIX\" \/>\n<meta property=\"og:description\" content=\"John ist den ganzen Tag fort, manchmal auch nachts, wenn er schwere F\u00e4lle hat. Ich bin froh, dass ich kein schwerer Fall bin! Doch diese nerv\u00f6sen Beschwerden sind unendlich \u00addeprimierend. John wei\u00df nicht, wie sehr ich wirklich leide. Er wei\u00df, dass es keinen Grund gibt, dass ich leide, das reicht ihm. Immer wieder hat Charlotte [...]\" \/>\n<meta property=\"og:url\" content=\"https:\/\/novellix.com\/de\/produkt\/die-gelbe-tapete\/\" \/>\n<meta property=\"og:site_name\" content=\"NOVELLIX\" \/>\n<meta property=\"article:modified_time\" content=\"2024-04-15T07:39:30+00:00\" \/>\n<meta property=\"og:image\" content=\"https:\/\/novellix.com\/de\/wp-content\/uploads\/sites\/2\/2024\/01\/die-gelbe-tapete-rgb.jpg\" \/>\n\t<meta property=\"og:image:width\" content=\"1240\" \/>\n\t<meta property=\"og:image:height\" content=\"1748\" \/>\n\t<meta property=\"og:image:type\" content=\"image\/jpeg\" \/>\n<meta name=\"twitter:card\" content=\"summary_large_image\" \/>\n<script type=\"application\/ld+json\" class=\"yoast-schema-graph\">{\"@context\":\"https:\\\/\\\/schema.org\",\"@graph\":[{\"@type\":\"WebPage\",\"@id\":\"https:\\\/\\\/novellix.com\\\/de\\\/produkt\\\/die-gelbe-tapete\\\/\",\"url\":\"https:\\\/\\\/novellix.com\\\/de\\\/produkt\\\/die-gelbe-tapete\\\/\",\"name\":\"Die gelbe Tapete - NOVELLIX\",\"isPartOf\":{\"@id\":\"https:\\\/\\\/novellix.com\\\/de\\\/#website\"},\"primaryImageOfPage\":{\"@id\":\"https:\\\/\\\/novellix.com\\\/de\\\/produkt\\\/die-gelbe-tapete\\\/#primaryimage\"},\"image\":{\"@id\":\"https:\\\/\\\/novellix.com\\\/de\\\/produkt\\\/die-gelbe-tapete\\\/#primaryimage\"},\"thumbnailUrl\":\"https:\\\/\\\/novellix.com\\\/de\\\/wp-content\\\/uploads\\\/sites\\\/2\\\/2024\\\/01\\\/die-gelbe-tapete-rgb.jpg\",\"datePublished\":\"2024-01-10T13:57:03+00:00\",\"dateModified\":\"2024-04-15T07:39:30+00:00\",\"breadcrumb\":{\"@id\":\"https:\\\/\\\/novellix.com\\\/de\\\/produkt\\\/die-gelbe-tapete\\\/#breadcrumb\"},\"inLanguage\":\"de\",\"potentialAction\":[{\"@type\":\"ReadAction\",\"target\":[\"https:\\\/\\\/novellix.com\\\/de\\\/produkt\\\/die-gelbe-tapete\\\/\"]}]},{\"@type\":\"ImageObject\",\"inLanguage\":\"de\",\"@id\":\"https:\\\/\\\/novellix.com\\\/de\\\/produkt\\\/die-gelbe-tapete\\\/#primaryimage\",\"url\":\"https:\\\/\\\/novellix.com\\\/de\\\/wp-content\\\/uploads\\\/sites\\\/2\\\/2024\\\/01\\\/die-gelbe-tapete-rgb.jpg\",\"contentUrl\":\"https:\\\/\\\/novellix.com\\\/de\\\/wp-content\\\/uploads\\\/sites\\\/2\\\/2024\\\/01\\\/die-gelbe-tapete-rgb.jpg\",\"width\":1240,\"height\":1748},{\"@type\":\"BreadcrumbList\",\"@id\":\"https:\\\/\\\/novellix.com\\\/de\\\/produkt\\\/die-gelbe-tapete\\\/#breadcrumb\",\"itemListElement\":[{\"@type\":\"ListItem\",\"position\":1,\"name\":\"Shop\",\"item\":\"https:\\\/\\\/novellix.com\\\/de\\\/shop\\\/\"},{\"@type\":\"ListItem\",\"position\":2,\"name\":\"Die gelbe Tapete\"}]},{\"@type\":\"WebSite\",\"@id\":\"https:\\\/\\\/novellix.com\\\/de\\\/#website\",\"url\":\"https:\\\/\\\/novellix.com\\\/de\\\/\",\"name\":\"NOVELLIX\",\"description\":\"\",\"potentialAction\":[{\"@type\":\"SearchAction\",\"target\":{\"@type\":\"EntryPoint\",\"urlTemplate\":\"https:\\\/\\\/novellix.com\\\/de\\\/?s={search_term_string}\"},\"query-input\":{\"@type\":\"PropertyValueSpecification\",\"valueRequired\":true,\"valueName\":\"search_term_string\"}}],\"inLanguage\":\"de\"}]}<\/script>\n<!-- \/ Yoast SEO plugin. -->","yoast_head_json":{"title":"Die gelbe Tapete - NOVELLIX","robots":{"index":"index","follow":"follow","max-snippet":"max-snippet:-1","max-image-preview":"max-image-preview:large","max-video-preview":"max-video-preview:-1"},"canonical":"https:\/\/novellix.com\/de\/produkt\/die-gelbe-tapete\/","og_locale":"de_DE","og_type":"article","og_title":"Die gelbe Tapete - NOVELLIX","og_description":"John ist den ganzen Tag fort, manchmal auch nachts, wenn er schwere F\u00e4lle hat. Ich bin froh, dass ich kein schwerer Fall bin! Doch diese nerv\u00f6sen Beschwerden sind unendlich \u00addeprimierend. John wei\u00df nicht, wie sehr ich wirklich leide. Er wei\u00df, dass es keinen Grund gibt, dass ich leide, das reicht ihm. Immer wieder hat Charlotte [...]","og_url":"https:\/\/novellix.com\/de\/produkt\/die-gelbe-tapete\/","og_site_name":"NOVELLIX","article_modified_time":"2024-04-15T07:39:30+00:00","og_image":[{"width":1240,"height":1748,"url":"https:\/\/novellix.com\/de\/wp-content\/uploads\/sites\/2\/2024\/01\/die-gelbe-tapete-rgb.jpg","type":"image\/jpeg"}],"twitter_card":"summary_large_image","schema":{"@context":"https:\/\/schema.org","@graph":[{"@type":"WebPage","@id":"https:\/\/novellix.com\/de\/produkt\/die-gelbe-tapete\/","url":"https:\/\/novellix.com\/de\/produkt\/die-gelbe-tapete\/","name":"Die gelbe Tapete - NOVELLIX","isPartOf":{"@id":"https:\/\/novellix.com\/de\/#website"},"primaryImageOfPage":{"@id":"https:\/\/novellix.com\/de\/produkt\/die-gelbe-tapete\/#primaryimage"},"image":{"@id":"https:\/\/novellix.com\/de\/produkt\/die-gelbe-tapete\/#primaryimage"},"thumbnailUrl":"https:\/\/novellix.com\/de\/wp-content\/uploads\/sites\/2\/2024\/01\/die-gelbe-tapete-rgb.jpg","datePublished":"2024-01-10T13:57:03+00:00","dateModified":"2024-04-15T07:39:30+00:00","breadcrumb":{"@id":"https:\/\/novellix.com\/de\/produkt\/die-gelbe-tapete\/#breadcrumb"},"inLanguage":"de","potentialAction":[{"@type":"ReadAction","target":["https:\/\/novellix.com\/de\/produkt\/die-gelbe-tapete\/"]}]},{"@type":"ImageObject","inLanguage":"de","@id":"https:\/\/novellix.com\/de\/produkt\/die-gelbe-tapete\/#primaryimage","url":"https:\/\/novellix.com\/de\/wp-content\/uploads\/sites\/2\/2024\/01\/die-gelbe-tapete-rgb.jpg","contentUrl":"https:\/\/novellix.com\/de\/wp-content\/uploads\/sites\/2\/2024\/01\/die-gelbe-tapete-rgb.jpg","width":1240,"height":1748},{"@type":"BreadcrumbList","@id":"https:\/\/novellix.com\/de\/produkt\/die-gelbe-tapete\/#breadcrumb","itemListElement":[{"@type":"ListItem","position":1,"name":"Shop","item":"https:\/\/novellix.com\/de\/shop\/"},{"@type":"ListItem","position":2,"name":"Die gelbe Tapete"}]},{"@type":"WebSite","@id":"https:\/\/novellix.com\/de\/#website","url":"https:\/\/novellix.com\/de\/","name":"NOVELLIX","description":"","potentialAction":[{"@type":"SearchAction","target":{"@type":"EntryPoint","urlTemplate":"https:\/\/novellix.com\/de\/?s={search_term_string}"},"query-input":{"@type":"PropertyValueSpecification","valueRequired":true,"valueName":"search_term_string"}}],"inLanguage":"de"}]}},"_links":{"self":[{"href":"https:\/\/novellix.com\/de\/wp-json\/wp\/v2\/product\/1302783","targetHints":{"allow":["GET"]}}],"collection":[{"href":"https:\/\/novellix.com\/de\/wp-json\/wp\/v2\/product"}],"about":[{"href":"https:\/\/novellix.com\/de\/wp-json\/wp\/v2\/types\/product"}],"wp:featuredmedia":[{"embeddable":true,"href":"https:\/\/novellix.com\/de\/wp-json\/wp\/v2\/media\/1302786"}],"wp:attachment":[{"href":"https:\/\/novellix.com\/de\/wp-json\/wp\/v2\/media?parent=1302783"}],"wp:term":[{"taxonomy":"product_brand","embeddable":true,"href":"https:\/\/novellix.com\/de\/wp-json\/wp\/v2\/product_brand?post=1302783"},{"taxonomy":"product_cat","embeddable":true,"href":"https:\/\/novellix.com\/de\/wp-json\/wp\/v2\/product_cat?post=1302783"},{"taxonomy":"product_tag","embeddable":true,"href":"https:\/\/novellix.com\/de\/wp-json\/wp\/v2\/product_tag?post=1302783"}],"curies":[{"name":"wp","href":"https:\/\/api.w.org\/{rel}","templated":true}]}}