{"id":1302784,"date":"2024-01-10T13:58:02","date_gmt":"2024-01-10T13:58:02","guid":{"rendered":"https:\/\/novellix.com\/de\/?post_type=product&#038;p=1302784"},"modified":"2024-04-15T08:37:20","modified_gmt":"2024-04-15T08:37:20","slug":"eine-frau-zu-sehen","status":"publish","type":"product","link":"https:\/\/novellix.com\/de\/produkt\/eine-frau-zu-sehen\/","title":{"rendered":"Eine Frau zu sehen"},"content":{"rendered":"<p><em>Vielleicht w\u00fcrde auch heute eine Frau kommen, unsagbar sch\u00f6n war ja allein dieses Wort \u2013 Frau \u2013,\u00ad seine Erf\u00fcllung war so voll stiller und trauriger Erwartung, so voll gl\u00e4ubigen Gl\u00fccks, dass die Grenze des Wunderbaren sich dadurch forthob und Raum lie\u00df f\u00fcr eine Tr\u00f6stung, der ich mich sehns\u00fcchtig zuwandte \u2013 <\/em><\/p>\n<p>Eine junge Frau begegnet 1929 in einem Hotel in St. Moritz einer geheimnisvollen Frau. Ein wortloser Blick inmitten des vergn\u00fcgten Treibens von Wintersportlern und High Society ver\u00e4ndert alles. Eine Frau zu sehen ist ein selbstbewusstes und modernes Coming-out, <a href=\"https:\/\/novellix.com\/de\/c\/autor\/annemarie-schwarzenbach\/\">Annemarie \u00adSchwarzenbach<\/a> (1908\u20131942) die \u201eKultfigur einer verlorenen Generation\u201d (Neue Z\u00fcrcher Zeitung).<\/p>\n","protected":false},"excerpt":{"rendered":"<p>Vielleicht w\u00fcrde auch heute eine Frau kommen, unsagbar sch\u00f6n war ja allein dieses Wort \u2013 Frau \u2013,\u00ad seine Erf\u00fcllung war so voll stiller und trauriger Erwartung, so voll gl\u00e4ubigen Gl\u00fccks, dass die Grenze des Wunderbaren sich dadurch forthob und Raum lie\u00df f\u00fcr eine Tr\u00f6stung, der ich mich sehns\u00fcchtig zuwandte \u2013 Eine junge Frau begegnet 1929 [&#8230;]\n","protected":false},"featured_media":1302785,"template":"","meta":[],"product_brand":[],"product_cat":[79],"product_tag":[],"class_list":{"0":"post-1302784","1":"product","2":"type-product","3":"status-publish","4":"has-post-thumbnail","6":"product_cat-noveller","8":"first","9":"instock","10":"shipping-taxable","11":"product-type-simple"},"yoast_head":"<!-- This site is optimized with the Yoast SEO plugin v27.3 - https:\/\/yoast.com\/product\/yoast-seo-wordpress\/ -->\n<title>Eine Frau zu sehen - NOVELLIX<\/title>\n<meta name=\"robots\" content=\"index, follow, max-snippet:-1, max-image-preview:large, max-video-preview:-1\" \/>\n<link rel=\"canonical\" href=\"https:\/\/novellix.com\/de\/produkt\/eine-frau-zu-sehen\/\" \/>\n<meta property=\"og:locale\" content=\"de_DE\" \/>\n<meta property=\"og:type\" content=\"article\" \/>\n<meta property=\"og:title\" content=\"Eine Frau zu sehen - NOVELLIX\" \/>\n<meta property=\"og:description\" content=\"Vielleicht w\u00fcrde auch heute eine Frau kommen, unsagbar sch\u00f6n war ja allein dieses Wort \u2013 Frau \u2013,\u00ad seine Erf\u00fcllung war so voll stiller und trauriger Erwartung, so voll gl\u00e4ubigen Gl\u00fccks, dass die Grenze des Wunderbaren sich dadurch forthob und Raum lie\u00df f\u00fcr eine Tr\u00f6stung, der ich mich sehns\u00fcchtig zuwandte \u2013 Eine junge Frau begegnet 1929 [...]\" \/>\n<meta property=\"og:url\" content=\"https:\/\/novellix.com\/de\/produkt\/eine-frau-zu-sehen\/\" \/>\n<meta property=\"og:site_name\" content=\"NOVELLIX\" \/>\n<meta property=\"article:modified_time\" content=\"2024-04-15T08:37:20+00:00\" \/>\n<meta property=\"og:image\" content=\"https:\/\/novellix.com\/de\/wp-content\/uploads\/sites\/2\/2024\/01\/eine-frau-zu-sehen-rgb.jpg\" \/>\n\t<meta property=\"og:image:width\" content=\"1240\" \/>\n\t<meta property=\"og:image:height\" content=\"1748\" \/>\n\t<meta property=\"og:image:type\" content=\"image\/jpeg\" \/>\n<meta name=\"twitter:card\" content=\"summary_large_image\" \/>\n<meta name=\"twitter:label1\" content=\"Gesch\u00e4tzte Lesezeit\" \/>\n\t<meta name=\"twitter:data1\" content=\"1\u00a0Minute\" \/>\n<script type=\"application\/ld+json\" class=\"yoast-schema-graph\">{\"@context\":\"https:\\\/\\\/schema.org\",\"@graph\":[{\"@type\":\"WebPage\",\"@id\":\"https:\\\/\\\/novellix.com\\\/de\\\/produkt\\\/eine-frau-zu-sehen\\\/\",\"url\":\"https:\\\/\\\/novellix.com\\\/de\\\/produkt\\\/eine-frau-zu-sehen\\\/\",\"name\":\"Eine Frau zu sehen - NOVELLIX\",\"isPartOf\":{\"@id\":\"https:\\\/\\\/novellix.com\\\/de\\\/#website\"},\"primaryImageOfPage\":{\"@id\":\"https:\\\/\\\/novellix.com\\\/de\\\/produkt\\\/eine-frau-zu-sehen\\\/#primaryimage\"},\"image\":{\"@id\":\"https:\\\/\\\/novellix.com\\\/de\\\/produkt\\\/eine-frau-zu-sehen\\\/#primaryimage\"},\"thumbnailUrl\":\"https:\\\/\\\/novellix.com\\\/de\\\/wp-content\\\/uploads\\\/sites\\\/2\\\/2024\\\/01\\\/eine-frau-zu-sehen-rgb.jpg\",\"datePublished\":\"2024-01-10T13:58:02+00:00\",\"dateModified\":\"2024-04-15T08:37:20+00:00\",\"breadcrumb\":{\"@id\":\"https:\\\/\\\/novellix.com\\\/de\\\/produkt\\\/eine-frau-zu-sehen\\\/#breadcrumb\"},\"inLanguage\":\"de\",\"potentialAction\":[{\"@type\":\"ReadAction\",\"target\":[\"https:\\\/\\\/novellix.com\\\/de\\\/produkt\\\/eine-frau-zu-sehen\\\/\"]}]},{\"@type\":\"ImageObject\",\"inLanguage\":\"de\",\"@id\":\"https:\\\/\\\/novellix.com\\\/de\\\/produkt\\\/eine-frau-zu-sehen\\\/#primaryimage\",\"url\":\"https:\\\/\\\/novellix.com\\\/de\\\/wp-content\\\/uploads\\\/sites\\\/2\\\/2024\\\/01\\\/eine-frau-zu-sehen-rgb.jpg\",\"contentUrl\":\"https:\\\/\\\/novellix.com\\\/de\\\/wp-content\\\/uploads\\\/sites\\\/2\\\/2024\\\/01\\\/eine-frau-zu-sehen-rgb.jpg\",\"width\":1240,\"height\":1748},{\"@type\":\"BreadcrumbList\",\"@id\":\"https:\\\/\\\/novellix.com\\\/de\\\/produkt\\\/eine-frau-zu-sehen\\\/#breadcrumb\",\"itemListElement\":[{\"@type\":\"ListItem\",\"position\":1,\"name\":\"Shop\",\"item\":\"https:\\\/\\\/novellix.com\\\/de\\\/shop\\\/\"},{\"@type\":\"ListItem\",\"position\":2,\"name\":\"Eine Frau zu sehen\"}]},{\"@type\":\"WebSite\",\"@id\":\"https:\\\/\\\/novellix.com\\\/de\\\/#website\",\"url\":\"https:\\\/\\\/novellix.com\\\/de\\\/\",\"name\":\"NOVELLIX\",\"description\":\"\",\"potentialAction\":[{\"@type\":\"SearchAction\",\"target\":{\"@type\":\"EntryPoint\",\"urlTemplate\":\"https:\\\/\\\/novellix.com\\\/de\\\/?s={search_term_string}\"},\"query-input\":{\"@type\":\"PropertyValueSpecification\",\"valueRequired\":true,\"valueName\":\"search_term_string\"}}],\"inLanguage\":\"de\"}]}<\/script>\n<!-- \/ Yoast SEO plugin. -->","yoast_head_json":{"title":"Eine Frau zu sehen - NOVELLIX","robots":{"index":"index","follow":"follow","max-snippet":"max-snippet:-1","max-image-preview":"max-image-preview:large","max-video-preview":"max-video-preview:-1"},"canonical":"https:\/\/novellix.com\/de\/produkt\/eine-frau-zu-sehen\/","og_locale":"de_DE","og_type":"article","og_title":"Eine Frau zu sehen - NOVELLIX","og_description":"Vielleicht w\u00fcrde auch heute eine Frau kommen, unsagbar sch\u00f6n war ja allein dieses Wort \u2013 Frau \u2013,\u00ad seine Erf\u00fcllung war so voll stiller und trauriger Erwartung, so voll gl\u00e4ubigen Gl\u00fccks, dass die Grenze des Wunderbaren sich dadurch forthob und Raum lie\u00df f\u00fcr eine Tr\u00f6stung, der ich mich sehns\u00fcchtig zuwandte \u2013 Eine junge Frau begegnet 1929 [...]","og_url":"https:\/\/novellix.com\/de\/produkt\/eine-frau-zu-sehen\/","og_site_name":"NOVELLIX","article_modified_time":"2024-04-15T08:37:20+00:00","og_image":[{"width":1240,"height":1748,"url":"https:\/\/novellix.com\/de\/wp-content\/uploads\/sites\/2\/2024\/01\/eine-frau-zu-sehen-rgb.jpg","type":"image\/jpeg"}],"twitter_card":"summary_large_image","twitter_misc":{"Gesch\u00e4tzte Lesezeit":"1\u00a0Minute"},"schema":{"@context":"https:\/\/schema.org","@graph":[{"@type":"WebPage","@id":"https:\/\/novellix.com\/de\/produkt\/eine-frau-zu-sehen\/","url":"https:\/\/novellix.com\/de\/produkt\/eine-frau-zu-sehen\/","name":"Eine Frau zu sehen - NOVELLIX","isPartOf":{"@id":"https:\/\/novellix.com\/de\/#website"},"primaryImageOfPage":{"@id":"https:\/\/novellix.com\/de\/produkt\/eine-frau-zu-sehen\/#primaryimage"},"image":{"@id":"https:\/\/novellix.com\/de\/produkt\/eine-frau-zu-sehen\/#primaryimage"},"thumbnailUrl":"https:\/\/novellix.com\/de\/wp-content\/uploads\/sites\/2\/2024\/01\/eine-frau-zu-sehen-rgb.jpg","datePublished":"2024-01-10T13:58:02+00:00","dateModified":"2024-04-15T08:37:20+00:00","breadcrumb":{"@id":"https:\/\/novellix.com\/de\/produkt\/eine-frau-zu-sehen\/#breadcrumb"},"inLanguage":"de","potentialAction":[{"@type":"ReadAction","target":["https:\/\/novellix.com\/de\/produkt\/eine-frau-zu-sehen\/"]}]},{"@type":"ImageObject","inLanguage":"de","@id":"https:\/\/novellix.com\/de\/produkt\/eine-frau-zu-sehen\/#primaryimage","url":"https:\/\/novellix.com\/de\/wp-content\/uploads\/sites\/2\/2024\/01\/eine-frau-zu-sehen-rgb.jpg","contentUrl":"https:\/\/novellix.com\/de\/wp-content\/uploads\/sites\/2\/2024\/01\/eine-frau-zu-sehen-rgb.jpg","width":1240,"height":1748},{"@type":"BreadcrumbList","@id":"https:\/\/novellix.com\/de\/produkt\/eine-frau-zu-sehen\/#breadcrumb","itemListElement":[{"@type":"ListItem","position":1,"name":"Shop","item":"https:\/\/novellix.com\/de\/shop\/"},{"@type":"ListItem","position":2,"name":"Eine Frau zu sehen"}]},{"@type":"WebSite","@id":"https:\/\/novellix.com\/de\/#website","url":"https:\/\/novellix.com\/de\/","name":"NOVELLIX","description":"","potentialAction":[{"@type":"SearchAction","target":{"@type":"EntryPoint","urlTemplate":"https:\/\/novellix.com\/de\/?s={search_term_string}"},"query-input":{"@type":"PropertyValueSpecification","valueRequired":true,"valueName":"search_term_string"}}],"inLanguage":"de"}]}},"_links":{"self":[{"href":"https:\/\/novellix.com\/de\/wp-json\/wp\/v2\/product\/1302784","targetHints":{"allow":["GET"]}}],"collection":[{"href":"https:\/\/novellix.com\/de\/wp-json\/wp\/v2\/product"}],"about":[{"href":"https:\/\/novellix.com\/de\/wp-json\/wp\/v2\/types\/product"}],"wp:featuredmedia":[{"embeddable":true,"href":"https:\/\/novellix.com\/de\/wp-json\/wp\/v2\/media\/1302785"}],"wp:attachment":[{"href":"https:\/\/novellix.com\/de\/wp-json\/wp\/v2\/media?parent=1302784"}],"wp:term":[{"taxonomy":"product_brand","embeddable":true,"href":"https:\/\/novellix.com\/de\/wp-json\/wp\/v2\/product_brand?post=1302784"},{"taxonomy":"product_cat","embeddable":true,"href":"https:\/\/novellix.com\/de\/wp-json\/wp\/v2\/product_cat?post=1302784"},{"taxonomy":"product_tag","embeddable":true,"href":"https:\/\/novellix.com\/de\/wp-json\/wp\/v2\/product_tag?post=1302784"}],"curies":[{"name":"wp","href":"https:\/\/api.w.org\/{rel}","templated":true}]}}