{"id":1302787,"date":"2024-01-10T14:11:21","date_gmt":"2024-01-10T14:11:21","guid":{"rendered":"https:\/\/novellix.com\/de\/?post_type=product&#038;p=1302787"},"modified":"2024-04-15T08:36:22","modified_gmt":"2024-04-15T08:36:22","slug":"marcelle-2","status":"publish","type":"product","link":"https:\/\/novellix.com\/de\/produkt\/marcelle-2\/","title":{"rendered":"Marcelle"},"content":{"rendered":"<p><em>Ich bin nicht wie die anderen\u201c, sagte sie sich \u00adleidenschaftlich. Sie erhob sich, stie\u00df die L\u00e4den auf und ging auf den Balkon. \u00dcber Paris spannte sich ein Himmel in der Farbe von Herbstzeitlosen. Die Nacht war so s\u00fc\u00df, dass Marcelles Herz \u00adschneller zu schlagen anfing. Sie dachte an \u00adMadame de Sta\u00ebl, an Georges Eliott, an die \u00adComtesse de Noailles. Da offenbarte sich ihr pl\u00f6tzlich wie durch ein Wunder ihr Schicksal. \u00ad \u201eIch werde die Gef\u00e4hrtin eines genialen Mannes sein\u201c, murmelte sie ekstatisch. <\/em><\/p>\n<p>Marcelle ist eine von f\u00fcnf Erz\u00e4hlungen \u00fcber eine Gruppe junger Frauen im Paris der 1920er-Jahre. Der Text stammt aus dem ersten belletristischen Werk von Simone de \u00adBeauvoir (1908\u20131986), entstand \u00adbereits 1937 und wurde in Frankreich erst 1979 \u00adver\u00f6ffentlicht. Er zeigt, nicht minder eindrucksvoll als die \u00adphilosophischen Texte, die besondere Mischung aus empathischer Analyse, Gesell\u00adschaftskritik und sprachlicher Eleganz der ber\u00fchmten Feministin.<\/p>\n","protected":false},"excerpt":{"rendered":"<p>Ich bin nicht wie die anderen\u201c, sagte sie sich \u00adleidenschaftlich. Sie erhob sich, stie\u00df die L\u00e4den auf und ging auf den Balkon. \u00dcber Paris spannte sich ein Himmel in der Farbe von Herbstzeitlosen. Die Nacht war so s\u00fc\u00df, dass Marcelles Herz \u00adschneller zu schlagen anfing. Sie dachte an \u00adMadame de Sta\u00ebl, an Georges Eliott, an [&#8230;]\n","protected":false},"featured_media":1302788,"template":"","meta":[],"product_brand":[],"product_cat":[79],"product_tag":[],"class_list":{"0":"post-1302787","1":"product","2":"type-product","3":"status-publish","4":"has-post-thumbnail","6":"product_cat-noveller","8":"first","9":"instock","10":"shipping-taxable","11":"product-type-simple"},"yoast_head":"<!-- This site is optimized with the Yoast SEO plugin v27.3 - https:\/\/yoast.com\/product\/yoast-seo-wordpress\/ -->\n<title>Marcelle - NOVELLIX<\/title>\n<meta name=\"robots\" content=\"index, follow, max-snippet:-1, max-image-preview:large, max-video-preview:-1\" \/>\n<link rel=\"canonical\" href=\"https:\/\/novellix.com\/de\/produkt\/marcelle-2\/\" \/>\n<meta property=\"og:locale\" content=\"de_DE\" \/>\n<meta property=\"og:type\" content=\"article\" \/>\n<meta property=\"og:title\" content=\"Marcelle - NOVELLIX\" \/>\n<meta property=\"og:description\" content=\"Ich bin nicht wie die anderen\u201c, sagte sie sich \u00adleidenschaftlich. Sie erhob sich, stie\u00df die L\u00e4den auf und ging auf den Balkon. \u00dcber Paris spannte sich ein Himmel in der Farbe von Herbstzeitlosen. Die Nacht war so s\u00fc\u00df, dass Marcelles Herz \u00adschneller zu schlagen anfing. Sie dachte an \u00adMadame de Sta\u00ebl, an Georges Eliott, an [...]\" \/>\n<meta property=\"og:url\" content=\"https:\/\/novellix.com\/de\/produkt\/marcelle-2\/\" \/>\n<meta property=\"og:site_name\" content=\"NOVELLIX\" \/>\n<meta property=\"article:modified_time\" content=\"2024-04-15T08:36:22+00:00\" \/>\n<meta property=\"og:image\" content=\"https:\/\/novellix.com\/de\/wp-content\/uploads\/sites\/2\/2024\/01\/marcelle-de-rgb.jpg\" \/>\n\t<meta property=\"og:image:width\" content=\"1240\" \/>\n\t<meta property=\"og:image:height\" content=\"1748\" \/>\n\t<meta property=\"og:image:type\" content=\"image\/jpeg\" \/>\n<meta name=\"twitter:card\" content=\"summary_large_image\" \/>\n<meta name=\"twitter:label1\" content=\"Gesch\u00e4tzte Lesezeit\" \/>\n\t<meta name=\"twitter:data1\" content=\"1\u00a0Minute\" \/>\n<script type=\"application\/ld+json\" class=\"yoast-schema-graph\">{\"@context\":\"https:\\\/\\\/schema.org\",\"@graph\":[{\"@type\":\"WebPage\",\"@id\":\"https:\\\/\\\/novellix.com\\\/de\\\/produkt\\\/marcelle-2\\\/\",\"url\":\"https:\\\/\\\/novellix.com\\\/de\\\/produkt\\\/marcelle-2\\\/\",\"name\":\"Marcelle - NOVELLIX\",\"isPartOf\":{\"@id\":\"https:\\\/\\\/novellix.com\\\/de\\\/#website\"},\"primaryImageOfPage\":{\"@id\":\"https:\\\/\\\/novellix.com\\\/de\\\/produkt\\\/marcelle-2\\\/#primaryimage\"},\"image\":{\"@id\":\"https:\\\/\\\/novellix.com\\\/de\\\/produkt\\\/marcelle-2\\\/#primaryimage\"},\"thumbnailUrl\":\"https:\\\/\\\/novellix.com\\\/de\\\/wp-content\\\/uploads\\\/sites\\\/2\\\/2024\\\/01\\\/marcelle-de-rgb.jpg\",\"datePublished\":\"2024-01-10T14:11:21+00:00\",\"dateModified\":\"2024-04-15T08:36:22+00:00\",\"breadcrumb\":{\"@id\":\"https:\\\/\\\/novellix.com\\\/de\\\/produkt\\\/marcelle-2\\\/#breadcrumb\"},\"inLanguage\":\"de\",\"potentialAction\":[{\"@type\":\"ReadAction\",\"target\":[\"https:\\\/\\\/novellix.com\\\/de\\\/produkt\\\/marcelle-2\\\/\"]}]},{\"@type\":\"ImageObject\",\"inLanguage\":\"de\",\"@id\":\"https:\\\/\\\/novellix.com\\\/de\\\/produkt\\\/marcelle-2\\\/#primaryimage\",\"url\":\"https:\\\/\\\/novellix.com\\\/de\\\/wp-content\\\/uploads\\\/sites\\\/2\\\/2024\\\/01\\\/marcelle-de-rgb.jpg\",\"contentUrl\":\"https:\\\/\\\/novellix.com\\\/de\\\/wp-content\\\/uploads\\\/sites\\\/2\\\/2024\\\/01\\\/marcelle-de-rgb.jpg\",\"width\":1240,\"height\":1748},{\"@type\":\"BreadcrumbList\",\"@id\":\"https:\\\/\\\/novellix.com\\\/de\\\/produkt\\\/marcelle-2\\\/#breadcrumb\",\"itemListElement\":[{\"@type\":\"ListItem\",\"position\":1,\"name\":\"Shop\",\"item\":\"https:\\\/\\\/novellix.com\\\/de\\\/shop\\\/\"},{\"@type\":\"ListItem\",\"position\":2,\"name\":\"Marcelle\"}]},{\"@type\":\"WebSite\",\"@id\":\"https:\\\/\\\/novellix.com\\\/de\\\/#website\",\"url\":\"https:\\\/\\\/novellix.com\\\/de\\\/\",\"name\":\"NOVELLIX\",\"description\":\"\",\"potentialAction\":[{\"@type\":\"SearchAction\",\"target\":{\"@type\":\"EntryPoint\",\"urlTemplate\":\"https:\\\/\\\/novellix.com\\\/de\\\/?s={search_term_string}\"},\"query-input\":{\"@type\":\"PropertyValueSpecification\",\"valueRequired\":true,\"valueName\":\"search_term_string\"}}],\"inLanguage\":\"de\"}]}<\/script>\n<!-- \/ Yoast SEO plugin. -->","yoast_head_json":{"title":"Marcelle - NOVELLIX","robots":{"index":"index","follow":"follow","max-snippet":"max-snippet:-1","max-image-preview":"max-image-preview:large","max-video-preview":"max-video-preview:-1"},"canonical":"https:\/\/novellix.com\/de\/produkt\/marcelle-2\/","og_locale":"de_DE","og_type":"article","og_title":"Marcelle - NOVELLIX","og_description":"Ich bin nicht wie die anderen\u201c, sagte sie sich \u00adleidenschaftlich. Sie erhob sich, stie\u00df die L\u00e4den auf und ging auf den Balkon. \u00dcber Paris spannte sich ein Himmel in der Farbe von Herbstzeitlosen. Die Nacht war so s\u00fc\u00df, dass Marcelles Herz \u00adschneller zu schlagen anfing. Sie dachte an \u00adMadame de Sta\u00ebl, an Georges Eliott, an [...]","og_url":"https:\/\/novellix.com\/de\/produkt\/marcelle-2\/","og_site_name":"NOVELLIX","article_modified_time":"2024-04-15T08:36:22+00:00","og_image":[{"width":1240,"height":1748,"url":"https:\/\/novellix.com\/de\/wp-content\/uploads\/sites\/2\/2024\/01\/marcelle-de-rgb.jpg","type":"image\/jpeg"}],"twitter_card":"summary_large_image","twitter_misc":{"Gesch\u00e4tzte Lesezeit":"1\u00a0Minute"},"schema":{"@context":"https:\/\/schema.org","@graph":[{"@type":"WebPage","@id":"https:\/\/novellix.com\/de\/produkt\/marcelle-2\/","url":"https:\/\/novellix.com\/de\/produkt\/marcelle-2\/","name":"Marcelle - NOVELLIX","isPartOf":{"@id":"https:\/\/novellix.com\/de\/#website"},"primaryImageOfPage":{"@id":"https:\/\/novellix.com\/de\/produkt\/marcelle-2\/#primaryimage"},"image":{"@id":"https:\/\/novellix.com\/de\/produkt\/marcelle-2\/#primaryimage"},"thumbnailUrl":"https:\/\/novellix.com\/de\/wp-content\/uploads\/sites\/2\/2024\/01\/marcelle-de-rgb.jpg","datePublished":"2024-01-10T14:11:21+00:00","dateModified":"2024-04-15T08:36:22+00:00","breadcrumb":{"@id":"https:\/\/novellix.com\/de\/produkt\/marcelle-2\/#breadcrumb"},"inLanguage":"de","potentialAction":[{"@type":"ReadAction","target":["https:\/\/novellix.com\/de\/produkt\/marcelle-2\/"]}]},{"@type":"ImageObject","inLanguage":"de","@id":"https:\/\/novellix.com\/de\/produkt\/marcelle-2\/#primaryimage","url":"https:\/\/novellix.com\/de\/wp-content\/uploads\/sites\/2\/2024\/01\/marcelle-de-rgb.jpg","contentUrl":"https:\/\/novellix.com\/de\/wp-content\/uploads\/sites\/2\/2024\/01\/marcelle-de-rgb.jpg","width":1240,"height":1748},{"@type":"BreadcrumbList","@id":"https:\/\/novellix.com\/de\/produkt\/marcelle-2\/#breadcrumb","itemListElement":[{"@type":"ListItem","position":1,"name":"Shop","item":"https:\/\/novellix.com\/de\/shop\/"},{"@type":"ListItem","position":2,"name":"Marcelle"}]},{"@type":"WebSite","@id":"https:\/\/novellix.com\/de\/#website","url":"https:\/\/novellix.com\/de\/","name":"NOVELLIX","description":"","potentialAction":[{"@type":"SearchAction","target":{"@type":"EntryPoint","urlTemplate":"https:\/\/novellix.com\/de\/?s={search_term_string}"},"query-input":{"@type":"PropertyValueSpecification","valueRequired":true,"valueName":"search_term_string"}}],"inLanguage":"de"}]}},"_links":{"self":[{"href":"https:\/\/novellix.com\/de\/wp-json\/wp\/v2\/product\/1302787","targetHints":{"allow":["GET"]}}],"collection":[{"href":"https:\/\/novellix.com\/de\/wp-json\/wp\/v2\/product"}],"about":[{"href":"https:\/\/novellix.com\/de\/wp-json\/wp\/v2\/types\/product"}],"wp:featuredmedia":[{"embeddable":true,"href":"https:\/\/novellix.com\/de\/wp-json\/wp\/v2\/media\/1302788"}],"wp:attachment":[{"href":"https:\/\/novellix.com\/de\/wp-json\/wp\/v2\/media?parent=1302787"}],"wp:term":[{"taxonomy":"product_brand","embeddable":true,"href":"https:\/\/novellix.com\/de\/wp-json\/wp\/v2\/product_brand?post=1302787"},{"taxonomy":"product_cat","embeddable":true,"href":"https:\/\/novellix.com\/de\/wp-json\/wp\/v2\/product_cat?post=1302787"},{"taxonomy":"product_tag","embeddable":true,"href":"https:\/\/novellix.com\/de\/wp-json\/wp\/v2\/product_tag?post=1302787"}],"curies":[{"name":"wp","href":"https:\/\/api.w.org\/{rel}","templated":true}]}}