{"id":1302789,"date":"2024-01-10T14:15:53","date_gmt":"2024-01-10T14:15:53","guid":{"rendered":"https:\/\/novellix.com\/de\/?post_type=product&#038;p=1302789"},"modified":"2024-04-15T08:35:27","modified_gmt":"2024-04-15T08:35:27","slug":"die-drei-schwestern","status":"publish","type":"product","link":"https:\/\/novellix.com\/de\/produkt\/die-drei-schwestern\/","title":{"rendered":"Die drei Schwestern"},"content":{"rendered":"<p><em>\u201eKannst du dir vorstellen, Sophy\u201c (sagte sie) \u201edass der alte Narr seine neue Equipage in der Farbe der alten u. auch genauso niedrig haben will? Aber das lasse ich nicht zu \u2013 ich werde meinen Willen durchsetzen. Und wenn er sie nicht so hoch wie die der Duttons u. blau mit silbernen Tupfen bestellt, dann nehme ich ihn nicht. Doch, ich nehme ihn trotzdem. Da kommt er. Ich wei\u00df, dass er sich unartig benehmen wird, dass er \u00fcbellaunig sein u. keine einzige Artigkeit zu mir sagen wird! Und sich nicht im geringsten als Liebhaber geb\u00e4rden wird.\u201c <\/em><\/p>\n<p>Den Traum von der gro\u00dfen Liebe in allen Ehren, aber manchmal bedeutet eine nagelneue Kutsche einfach den entscheidenden Unterschied\u2009\u2026\u2009Die drei Schwestern von <a href=\"https:\/\/novellix.com\/de\/c\/autor\/jane-austen\/\">Jane Austen<\/a> (1775-1817) ist eine ihrer fr\u00fchesten Erz\u00e4hlungen und eine wunderbare Kostprobe ihres charakteristischen Humors und schonungslosens Blicks auf das Leben in der britischen Adelsgesellschaft.<\/p>\n","protected":false},"excerpt":{"rendered":"<p>\u201eKannst du dir vorstellen, Sophy\u201c (sagte sie) \u201edass der alte Narr seine neue Equipage in der Farbe der alten u. auch genauso niedrig haben will? Aber das lasse ich nicht zu \u2013 ich werde meinen Willen durchsetzen. Und wenn er sie nicht so hoch wie die der Duttons u. blau mit silbernen Tupfen bestellt, dann [&#8230;]\n","protected":false},"featured_media":1302790,"template":"","meta":[],"product_brand":[],"product_cat":[79],"product_tag":[],"class_list":{"0":"post-1302789","1":"product","2":"type-product","3":"status-publish","4":"has-post-thumbnail","6":"product_cat-noveller","8":"first","9":"instock","10":"shipping-taxable","11":"product-type-simple"},"yoast_head":"<!-- This site is optimized with the Yoast SEO plugin v27.3 - https:\/\/yoast.com\/product\/yoast-seo-wordpress\/ -->\n<title>Die drei Schwestern - NOVELLIX<\/title>\n<meta name=\"robots\" content=\"index, follow, max-snippet:-1, max-image-preview:large, max-video-preview:-1\" \/>\n<link rel=\"canonical\" href=\"https:\/\/novellix.com\/de\/produkt\/die-drei-schwestern\/\" \/>\n<meta property=\"og:locale\" content=\"de_DE\" \/>\n<meta property=\"og:type\" content=\"article\" \/>\n<meta property=\"og:title\" content=\"Die drei Schwestern - NOVELLIX\" \/>\n<meta property=\"og:description\" content=\"\u201eKannst du dir vorstellen, Sophy\u201c (sagte sie) \u201edass der alte Narr seine neue Equipage in der Farbe der alten u. auch genauso niedrig haben will? Aber das lasse ich nicht zu \u2013 ich werde meinen Willen durchsetzen. Und wenn er sie nicht so hoch wie die der Duttons u. blau mit silbernen Tupfen bestellt, dann [...]\" \/>\n<meta property=\"og:url\" content=\"https:\/\/novellix.com\/de\/produkt\/die-drei-schwestern\/\" \/>\n<meta property=\"og:site_name\" content=\"NOVELLIX\" \/>\n<meta property=\"article:modified_time\" content=\"2024-04-15T08:35:27+00:00\" \/>\n<meta property=\"og:image\" content=\"https:\/\/novellix.com\/de\/wp-content\/uploads\/sites\/2\/2024\/01\/die-drei-schwestern-rgb.jpg\" \/>\n\t<meta property=\"og:image:width\" content=\"1090\" \/>\n\t<meta property=\"og:image:height\" content=\"1537\" \/>\n\t<meta property=\"og:image:type\" content=\"image\/jpeg\" \/>\n<meta name=\"twitter:card\" content=\"summary_large_image\" \/>\n<meta name=\"twitter:label1\" content=\"Gesch\u00e4tzte Lesezeit\" \/>\n\t<meta name=\"twitter:data1\" content=\"1\u00a0Minute\" \/>\n<script type=\"application\/ld+json\" class=\"yoast-schema-graph\">{\"@context\":\"https:\\\/\\\/schema.org\",\"@graph\":[{\"@type\":\"WebPage\",\"@id\":\"https:\\\/\\\/novellix.com\\\/de\\\/produkt\\\/die-drei-schwestern\\\/\",\"url\":\"https:\\\/\\\/novellix.com\\\/de\\\/produkt\\\/die-drei-schwestern\\\/\",\"name\":\"Die drei Schwestern - NOVELLIX\",\"isPartOf\":{\"@id\":\"https:\\\/\\\/novellix.com\\\/de\\\/#website\"},\"primaryImageOfPage\":{\"@id\":\"https:\\\/\\\/novellix.com\\\/de\\\/produkt\\\/die-drei-schwestern\\\/#primaryimage\"},\"image\":{\"@id\":\"https:\\\/\\\/novellix.com\\\/de\\\/produkt\\\/die-drei-schwestern\\\/#primaryimage\"},\"thumbnailUrl\":\"https:\\\/\\\/novellix.com\\\/de\\\/wp-content\\\/uploads\\\/sites\\\/2\\\/2024\\\/01\\\/die-drei-schwestern-rgb.jpg\",\"datePublished\":\"2024-01-10T14:15:53+00:00\",\"dateModified\":\"2024-04-15T08:35:27+00:00\",\"breadcrumb\":{\"@id\":\"https:\\\/\\\/novellix.com\\\/de\\\/produkt\\\/die-drei-schwestern\\\/#breadcrumb\"},\"inLanguage\":\"de\",\"potentialAction\":[{\"@type\":\"ReadAction\",\"target\":[\"https:\\\/\\\/novellix.com\\\/de\\\/produkt\\\/die-drei-schwestern\\\/\"]}]},{\"@type\":\"ImageObject\",\"inLanguage\":\"de\",\"@id\":\"https:\\\/\\\/novellix.com\\\/de\\\/produkt\\\/die-drei-schwestern\\\/#primaryimage\",\"url\":\"https:\\\/\\\/novellix.com\\\/de\\\/wp-content\\\/uploads\\\/sites\\\/2\\\/2024\\\/01\\\/die-drei-schwestern-rgb.jpg\",\"contentUrl\":\"https:\\\/\\\/novellix.com\\\/de\\\/wp-content\\\/uploads\\\/sites\\\/2\\\/2024\\\/01\\\/die-drei-schwestern-rgb.jpg\",\"width\":1090,\"height\":1537},{\"@type\":\"BreadcrumbList\",\"@id\":\"https:\\\/\\\/novellix.com\\\/de\\\/produkt\\\/die-drei-schwestern\\\/#breadcrumb\",\"itemListElement\":[{\"@type\":\"ListItem\",\"position\":1,\"name\":\"Shop\",\"item\":\"https:\\\/\\\/novellix.com\\\/de\\\/shop\\\/\"},{\"@type\":\"ListItem\",\"position\":2,\"name\":\"Die drei Schwestern\"}]},{\"@type\":\"WebSite\",\"@id\":\"https:\\\/\\\/novellix.com\\\/de\\\/#website\",\"url\":\"https:\\\/\\\/novellix.com\\\/de\\\/\",\"name\":\"NOVELLIX\",\"description\":\"\",\"potentialAction\":[{\"@type\":\"SearchAction\",\"target\":{\"@type\":\"EntryPoint\",\"urlTemplate\":\"https:\\\/\\\/novellix.com\\\/de\\\/?s={search_term_string}\"},\"query-input\":{\"@type\":\"PropertyValueSpecification\",\"valueRequired\":true,\"valueName\":\"search_term_string\"}}],\"inLanguage\":\"de\"}]}<\/script>\n<!-- \/ Yoast SEO plugin. -->","yoast_head_json":{"title":"Die drei Schwestern - NOVELLIX","robots":{"index":"index","follow":"follow","max-snippet":"max-snippet:-1","max-image-preview":"max-image-preview:large","max-video-preview":"max-video-preview:-1"},"canonical":"https:\/\/novellix.com\/de\/produkt\/die-drei-schwestern\/","og_locale":"de_DE","og_type":"article","og_title":"Die drei Schwestern - NOVELLIX","og_description":"\u201eKannst du dir vorstellen, Sophy\u201c (sagte sie) \u201edass der alte Narr seine neue Equipage in der Farbe der alten u. auch genauso niedrig haben will? Aber das lasse ich nicht zu \u2013 ich werde meinen Willen durchsetzen. Und wenn er sie nicht so hoch wie die der Duttons u. blau mit silbernen Tupfen bestellt, dann [...]","og_url":"https:\/\/novellix.com\/de\/produkt\/die-drei-schwestern\/","og_site_name":"NOVELLIX","article_modified_time":"2024-04-15T08:35:27+00:00","og_image":[{"width":1090,"height":1537,"url":"https:\/\/novellix.com\/de\/wp-content\/uploads\/sites\/2\/2024\/01\/die-drei-schwestern-rgb.jpg","type":"image\/jpeg"}],"twitter_card":"summary_large_image","twitter_misc":{"Gesch\u00e4tzte Lesezeit":"1\u00a0Minute"},"schema":{"@context":"https:\/\/schema.org","@graph":[{"@type":"WebPage","@id":"https:\/\/novellix.com\/de\/produkt\/die-drei-schwestern\/","url":"https:\/\/novellix.com\/de\/produkt\/die-drei-schwestern\/","name":"Die drei Schwestern - NOVELLIX","isPartOf":{"@id":"https:\/\/novellix.com\/de\/#website"},"primaryImageOfPage":{"@id":"https:\/\/novellix.com\/de\/produkt\/die-drei-schwestern\/#primaryimage"},"image":{"@id":"https:\/\/novellix.com\/de\/produkt\/die-drei-schwestern\/#primaryimage"},"thumbnailUrl":"https:\/\/novellix.com\/de\/wp-content\/uploads\/sites\/2\/2024\/01\/die-drei-schwestern-rgb.jpg","datePublished":"2024-01-10T14:15:53+00:00","dateModified":"2024-04-15T08:35:27+00:00","breadcrumb":{"@id":"https:\/\/novellix.com\/de\/produkt\/die-drei-schwestern\/#breadcrumb"},"inLanguage":"de","potentialAction":[{"@type":"ReadAction","target":["https:\/\/novellix.com\/de\/produkt\/die-drei-schwestern\/"]}]},{"@type":"ImageObject","inLanguage":"de","@id":"https:\/\/novellix.com\/de\/produkt\/die-drei-schwestern\/#primaryimage","url":"https:\/\/novellix.com\/de\/wp-content\/uploads\/sites\/2\/2024\/01\/die-drei-schwestern-rgb.jpg","contentUrl":"https:\/\/novellix.com\/de\/wp-content\/uploads\/sites\/2\/2024\/01\/die-drei-schwestern-rgb.jpg","width":1090,"height":1537},{"@type":"BreadcrumbList","@id":"https:\/\/novellix.com\/de\/produkt\/die-drei-schwestern\/#breadcrumb","itemListElement":[{"@type":"ListItem","position":1,"name":"Shop","item":"https:\/\/novellix.com\/de\/shop\/"},{"@type":"ListItem","position":2,"name":"Die drei Schwestern"}]},{"@type":"WebSite","@id":"https:\/\/novellix.com\/de\/#website","url":"https:\/\/novellix.com\/de\/","name":"NOVELLIX","description":"","potentialAction":[{"@type":"SearchAction","target":{"@type":"EntryPoint","urlTemplate":"https:\/\/novellix.com\/de\/?s={search_term_string}"},"query-input":{"@type":"PropertyValueSpecification","valueRequired":true,"valueName":"search_term_string"}}],"inLanguage":"de"}]}},"_links":{"self":[{"href":"https:\/\/novellix.com\/de\/wp-json\/wp\/v2\/product\/1302789","targetHints":{"allow":["GET"]}}],"collection":[{"href":"https:\/\/novellix.com\/de\/wp-json\/wp\/v2\/product"}],"about":[{"href":"https:\/\/novellix.com\/de\/wp-json\/wp\/v2\/types\/product"}],"wp:featuredmedia":[{"embeddable":true,"href":"https:\/\/novellix.com\/de\/wp-json\/wp\/v2\/media\/1302790"}],"wp:attachment":[{"href":"https:\/\/novellix.com\/de\/wp-json\/wp\/v2\/media?parent=1302789"}],"wp:term":[{"taxonomy":"product_brand","embeddable":true,"href":"https:\/\/novellix.com\/de\/wp-json\/wp\/v2\/product_brand?post=1302789"},{"taxonomy":"product_cat","embeddable":true,"href":"https:\/\/novellix.com\/de\/wp-json\/wp\/v2\/product_cat?post=1302789"},{"taxonomy":"product_tag","embeddable":true,"href":"https:\/\/novellix.com\/de\/wp-json\/wp\/v2\/product_tag?post=1302789"}],"curies":[{"name":"wp","href":"https:\/\/api.w.org\/{rel}","templated":true}]}}