{"id":1302791,"date":"2024-01-10T14:18:27","date_gmt":"2024-01-10T14:18:27","guid":{"rendered":"https:\/\/novellix.com\/de\/?post_type=product&#038;p=1302791"},"modified":"2024-04-15T08:30:05","modified_gmt":"2024-04-15T08:30:05","slug":"das-erste-wort-ueber-den-ozean","status":"publish","type":"product","link":"https:\/\/novellix.com\/de\/produkt\/das-erste-wort-ueber-den-ozean\/","title":{"rendered":"Das erste Wort \u00fcber den Ozean"},"content":{"rendered":"<p><em>Alle Voraussetzungen fehlen. Noch ist unbekannt, ob nicht in der Tiefe des Weltmeeres magnetische Str\u00f6me kreisen, die den elektrischen Strom ablenken k\u00f6nnten, noch besitzt man keine zureichende Isolation, keine richtigen Messapparate, noch kennt man nur die Anfangsgesetze der Elektrizit\u00e4t, die gerade die Augen aufgetan aus ihrem hundertj\u00e4hrigen Schlaf von Unbewu\u00dftheit. \u201eUnm\u00f6glich! Absurd!\u201c winken darum die Gelehrten heftig ab, sowie man den Plan der Ozean\u00fcberspannung nur erw\u00e4hnt. \u201eSp\u00e4ter vielleicht\u201c, meinen die mutigsten unter den Technikern. <\/em><\/p>\n<p>Jahrelange Planung, grenzenloser Enthusiasmus und der unb\u00e4ndige Traum eines einzelnen Menschen f\u00fchren auf den Moment zu, in dem ein Wort die Art und Weise ver\u00e4ndert, wie die Welt miteinander verbunden ist. <a href=\"https:\/\/novellix.com\/de\/c\/autor\/stefan-zweig\/\">Stefan Zweig<\/a> (1881\u20131942) gelingt es, dieses Gro\u00dfereignis, Das erste Wort \u00fcber den Ozean, sprachlich ebenso gro\u00dfartig und ber\u00fchrend in Literatur zu verwandeln.<\/p>\n","protected":false},"excerpt":{"rendered":"<p>Alle Voraussetzungen fehlen. Noch ist unbekannt, ob nicht in der Tiefe des Weltmeeres magnetische Str\u00f6me kreisen, die den elektrischen Strom ablenken k\u00f6nnten, noch besitzt man keine zureichende Isolation, keine richtigen Messapparate, noch kennt man nur die Anfangsgesetze der Elektrizit\u00e4t, die gerade die Augen aufgetan aus ihrem hundertj\u00e4hrigen Schlaf von Unbewu\u00dftheit. \u201eUnm\u00f6glich! Absurd!\u201c winken darum die [&#8230;]\n","protected":false},"featured_media":1302792,"template":"","meta":[],"product_brand":[],"product_cat":[79],"product_tag":[],"class_list":{"0":"post-1302791","1":"product","2":"type-product","3":"status-publish","4":"has-post-thumbnail","6":"product_cat-noveller","8":"first","9":"instock","10":"shipping-taxable","11":"product-type-simple"},"yoast_head":"<!-- This site is optimized with the Yoast SEO plugin v27.3 - https:\/\/yoast.com\/product\/yoast-seo-wordpress\/ -->\n<title>Das erste Wort \u00fcber den Ozean - NOVELLIX<\/title>\n<meta name=\"robots\" content=\"index, follow, max-snippet:-1, max-image-preview:large, max-video-preview:-1\" \/>\n<link rel=\"canonical\" href=\"https:\/\/novellix.com\/de\/produkt\/das-erste-wort-ueber-den-ozean\/\" \/>\n<meta property=\"og:locale\" content=\"de_DE\" \/>\n<meta property=\"og:type\" content=\"article\" \/>\n<meta property=\"og:title\" content=\"Das erste Wort \u00fcber den Ozean - NOVELLIX\" \/>\n<meta property=\"og:description\" content=\"Alle Voraussetzungen fehlen. Noch ist unbekannt, ob nicht in der Tiefe des Weltmeeres magnetische Str\u00f6me kreisen, die den elektrischen Strom ablenken k\u00f6nnten, noch besitzt man keine zureichende Isolation, keine richtigen Messapparate, noch kennt man nur die Anfangsgesetze der Elektrizit\u00e4t, die gerade die Augen aufgetan aus ihrem hundertj\u00e4hrigen Schlaf von Unbewu\u00dftheit. \u201eUnm\u00f6glich! Absurd!\u201c winken darum die [...]\" \/>\n<meta property=\"og:url\" content=\"https:\/\/novellix.com\/de\/produkt\/das-erste-wort-ueber-den-ozean\/\" \/>\n<meta property=\"og:site_name\" content=\"NOVELLIX\" \/>\n<meta property=\"article:modified_time\" content=\"2024-04-15T08:30:05+00:00\" \/>\n<meta property=\"og:image\" content=\"https:\/\/novellix.com\/de\/wp-content\/uploads\/sites\/2\/2024\/01\/das-erste-wort-ueber-den-ozean-rgb.jpg\" \/>\n\t<meta property=\"og:image:width\" content=\"1240\" \/>\n\t<meta property=\"og:image:height\" content=\"1748\" \/>\n\t<meta property=\"og:image:type\" content=\"image\/jpeg\" \/>\n<meta name=\"twitter:card\" content=\"summary_large_image\" \/>\n<meta name=\"twitter:label1\" content=\"Gesch\u00e4tzte Lesezeit\" \/>\n\t<meta name=\"twitter:data1\" content=\"1\u00a0Minute\" \/>\n<script type=\"application\/ld+json\" class=\"yoast-schema-graph\">{\"@context\":\"https:\\\/\\\/schema.org\",\"@graph\":[{\"@type\":\"WebPage\",\"@id\":\"https:\\\/\\\/novellix.com\\\/de\\\/produkt\\\/das-erste-wort-ueber-den-ozean\\\/\",\"url\":\"https:\\\/\\\/novellix.com\\\/de\\\/produkt\\\/das-erste-wort-ueber-den-ozean\\\/\",\"name\":\"Das erste Wort \u00fcber den Ozean - NOVELLIX\",\"isPartOf\":{\"@id\":\"https:\\\/\\\/novellix.com\\\/de\\\/#website\"},\"primaryImageOfPage\":{\"@id\":\"https:\\\/\\\/novellix.com\\\/de\\\/produkt\\\/das-erste-wort-ueber-den-ozean\\\/#primaryimage\"},\"image\":{\"@id\":\"https:\\\/\\\/novellix.com\\\/de\\\/produkt\\\/das-erste-wort-ueber-den-ozean\\\/#primaryimage\"},\"thumbnailUrl\":\"https:\\\/\\\/novellix.com\\\/de\\\/wp-content\\\/uploads\\\/sites\\\/2\\\/2024\\\/01\\\/das-erste-wort-ueber-den-ozean-rgb.jpg\",\"datePublished\":\"2024-01-10T14:18:27+00:00\",\"dateModified\":\"2024-04-15T08:30:05+00:00\",\"breadcrumb\":{\"@id\":\"https:\\\/\\\/novellix.com\\\/de\\\/produkt\\\/das-erste-wort-ueber-den-ozean\\\/#breadcrumb\"},\"inLanguage\":\"de\",\"potentialAction\":[{\"@type\":\"ReadAction\",\"target\":[\"https:\\\/\\\/novellix.com\\\/de\\\/produkt\\\/das-erste-wort-ueber-den-ozean\\\/\"]}]},{\"@type\":\"ImageObject\",\"inLanguage\":\"de\",\"@id\":\"https:\\\/\\\/novellix.com\\\/de\\\/produkt\\\/das-erste-wort-ueber-den-ozean\\\/#primaryimage\",\"url\":\"https:\\\/\\\/novellix.com\\\/de\\\/wp-content\\\/uploads\\\/sites\\\/2\\\/2024\\\/01\\\/das-erste-wort-ueber-den-ozean-rgb.jpg\",\"contentUrl\":\"https:\\\/\\\/novellix.com\\\/de\\\/wp-content\\\/uploads\\\/sites\\\/2\\\/2024\\\/01\\\/das-erste-wort-ueber-den-ozean-rgb.jpg\",\"width\":1240,\"height\":1748},{\"@type\":\"BreadcrumbList\",\"@id\":\"https:\\\/\\\/novellix.com\\\/de\\\/produkt\\\/das-erste-wort-ueber-den-ozean\\\/#breadcrumb\",\"itemListElement\":[{\"@type\":\"ListItem\",\"position\":1,\"name\":\"Shop\",\"item\":\"https:\\\/\\\/novellix.com\\\/de\\\/shop\\\/\"},{\"@type\":\"ListItem\",\"position\":2,\"name\":\"Das erste Wort \u00fcber den Ozean\"}]},{\"@type\":\"WebSite\",\"@id\":\"https:\\\/\\\/novellix.com\\\/de\\\/#website\",\"url\":\"https:\\\/\\\/novellix.com\\\/de\\\/\",\"name\":\"NOVELLIX\",\"description\":\"\",\"potentialAction\":[{\"@type\":\"SearchAction\",\"target\":{\"@type\":\"EntryPoint\",\"urlTemplate\":\"https:\\\/\\\/novellix.com\\\/de\\\/?s={search_term_string}\"},\"query-input\":{\"@type\":\"PropertyValueSpecification\",\"valueRequired\":true,\"valueName\":\"search_term_string\"}}],\"inLanguage\":\"de\"}]}<\/script>\n<!-- \/ Yoast SEO plugin. -->","yoast_head_json":{"title":"Das erste Wort \u00fcber den Ozean - NOVELLIX","robots":{"index":"index","follow":"follow","max-snippet":"max-snippet:-1","max-image-preview":"max-image-preview:large","max-video-preview":"max-video-preview:-1"},"canonical":"https:\/\/novellix.com\/de\/produkt\/das-erste-wort-ueber-den-ozean\/","og_locale":"de_DE","og_type":"article","og_title":"Das erste Wort \u00fcber den Ozean - NOVELLIX","og_description":"Alle Voraussetzungen fehlen. Noch ist unbekannt, ob nicht in der Tiefe des Weltmeeres magnetische Str\u00f6me kreisen, die den elektrischen Strom ablenken k\u00f6nnten, noch besitzt man keine zureichende Isolation, keine richtigen Messapparate, noch kennt man nur die Anfangsgesetze der Elektrizit\u00e4t, die gerade die Augen aufgetan aus ihrem hundertj\u00e4hrigen Schlaf von Unbewu\u00dftheit. \u201eUnm\u00f6glich! Absurd!\u201c winken darum die [...]","og_url":"https:\/\/novellix.com\/de\/produkt\/das-erste-wort-ueber-den-ozean\/","og_site_name":"NOVELLIX","article_modified_time":"2024-04-15T08:30:05+00:00","og_image":[{"width":1240,"height":1748,"url":"https:\/\/novellix.com\/de\/wp-content\/uploads\/sites\/2\/2024\/01\/das-erste-wort-ueber-den-ozean-rgb.jpg","type":"image\/jpeg"}],"twitter_card":"summary_large_image","twitter_misc":{"Gesch\u00e4tzte Lesezeit":"1\u00a0Minute"},"schema":{"@context":"https:\/\/schema.org","@graph":[{"@type":"WebPage","@id":"https:\/\/novellix.com\/de\/produkt\/das-erste-wort-ueber-den-ozean\/","url":"https:\/\/novellix.com\/de\/produkt\/das-erste-wort-ueber-den-ozean\/","name":"Das erste Wort \u00fcber den Ozean - NOVELLIX","isPartOf":{"@id":"https:\/\/novellix.com\/de\/#website"},"primaryImageOfPage":{"@id":"https:\/\/novellix.com\/de\/produkt\/das-erste-wort-ueber-den-ozean\/#primaryimage"},"image":{"@id":"https:\/\/novellix.com\/de\/produkt\/das-erste-wort-ueber-den-ozean\/#primaryimage"},"thumbnailUrl":"https:\/\/novellix.com\/de\/wp-content\/uploads\/sites\/2\/2024\/01\/das-erste-wort-ueber-den-ozean-rgb.jpg","datePublished":"2024-01-10T14:18:27+00:00","dateModified":"2024-04-15T08:30:05+00:00","breadcrumb":{"@id":"https:\/\/novellix.com\/de\/produkt\/das-erste-wort-ueber-den-ozean\/#breadcrumb"},"inLanguage":"de","potentialAction":[{"@type":"ReadAction","target":["https:\/\/novellix.com\/de\/produkt\/das-erste-wort-ueber-den-ozean\/"]}]},{"@type":"ImageObject","inLanguage":"de","@id":"https:\/\/novellix.com\/de\/produkt\/das-erste-wort-ueber-den-ozean\/#primaryimage","url":"https:\/\/novellix.com\/de\/wp-content\/uploads\/sites\/2\/2024\/01\/das-erste-wort-ueber-den-ozean-rgb.jpg","contentUrl":"https:\/\/novellix.com\/de\/wp-content\/uploads\/sites\/2\/2024\/01\/das-erste-wort-ueber-den-ozean-rgb.jpg","width":1240,"height":1748},{"@type":"BreadcrumbList","@id":"https:\/\/novellix.com\/de\/produkt\/das-erste-wort-ueber-den-ozean\/#breadcrumb","itemListElement":[{"@type":"ListItem","position":1,"name":"Shop","item":"https:\/\/novellix.com\/de\/shop\/"},{"@type":"ListItem","position":2,"name":"Das erste Wort \u00fcber den Ozean"}]},{"@type":"WebSite","@id":"https:\/\/novellix.com\/de\/#website","url":"https:\/\/novellix.com\/de\/","name":"NOVELLIX","description":"","potentialAction":[{"@type":"SearchAction","target":{"@type":"EntryPoint","urlTemplate":"https:\/\/novellix.com\/de\/?s={search_term_string}"},"query-input":{"@type":"PropertyValueSpecification","valueRequired":true,"valueName":"search_term_string"}}],"inLanguage":"de"}]}},"_links":{"self":[{"href":"https:\/\/novellix.com\/de\/wp-json\/wp\/v2\/product\/1302791","targetHints":{"allow":["GET"]}}],"collection":[{"href":"https:\/\/novellix.com\/de\/wp-json\/wp\/v2\/product"}],"about":[{"href":"https:\/\/novellix.com\/de\/wp-json\/wp\/v2\/types\/product"}],"wp:featuredmedia":[{"embeddable":true,"href":"https:\/\/novellix.com\/de\/wp-json\/wp\/v2\/media\/1302792"}],"wp:attachment":[{"href":"https:\/\/novellix.com\/de\/wp-json\/wp\/v2\/media?parent=1302791"}],"wp:term":[{"taxonomy":"product_brand","embeddable":true,"href":"https:\/\/novellix.com\/de\/wp-json\/wp\/v2\/product_brand?post=1302791"},{"taxonomy":"product_cat","embeddable":true,"href":"https:\/\/novellix.com\/de\/wp-json\/wp\/v2\/product_cat?post=1302791"},{"taxonomy":"product_tag","embeddable":true,"href":"https:\/\/novellix.com\/de\/wp-json\/wp\/v2\/product_tag?post=1302791"}],"curies":[{"name":"wp","href":"https:\/\/api.w.org\/{rel}","templated":true}]}}