{"id":1302793,"date":"2024-01-10T14:20:52","date_gmt":"2024-01-10T14:20:52","guid":{"rendered":"https:\/\/novellix.com\/de\/?post_type=product&#038;p=1302793"},"modified":"2024-04-15T08:28:52","modified_gmt":"2024-04-15T08:28:52","slug":"lappin-und-lapinova","status":"publish","type":"product","link":"https:\/\/novellix.com\/de\/produkt\/lappin-und-lapinova\/","title":{"rendered":"Lappin und Lapinova"},"content":{"rendered":"<p><em>Und bevor sie in dieser Nacht zu Bett gingen, war alles genau geregelt. Er war K\u00f6nig Lappin; sie war K\u00f6nigin Lapinova. Sie waren das genaue Gegenteil voneinander; er war k\u00fchn und entschlossen; sie vorsichtig und unzuverl\u00e4ssig. Er herrschte \u00fcber die gesch\u00e4ftige Welt der Kaninchen; ihre Welt war ein verlassener, geheimnisvoller Ort, den sie meist bei Mondschein durchstreifte. Trotzdem ber\u00fchrten sich ihre Reviere; sie waren K\u00f6nig und K\u00f6nigin.<\/em><\/p>\n<p>Lappin und Lapinova ist eine Geschichte \u00fcber das \u00dcberleben in einer Ehe, ohne sich dabei selbst zu verlieren. Der Erz\u00e4hlung gelingt eine faszinierende Darstellung der britischen Gesellschaft und ihrer Zw\u00e4nge, geschrieben von einer der bedeutendsten englischsprachigen Schriftstellerinnen des 20. Jahrhunderts, Virginia Woolf (1882-1941).<\/p>\n","protected":false},"excerpt":{"rendered":"<p>Und bevor sie in dieser Nacht zu Bett gingen, war alles genau geregelt. Er war K\u00f6nig Lappin; sie war K\u00f6nigin Lapinova. Sie waren das genaue Gegenteil voneinander; er war k\u00fchn und entschlossen; sie vorsichtig und unzuverl\u00e4ssig. Er herrschte \u00fcber die gesch\u00e4ftige Welt der Kaninchen; ihre Welt war ein verlassener, geheimnisvoller Ort, den sie meist bei [&#8230;]\n","protected":false},"featured_media":1302794,"template":"","meta":[],"product_brand":[],"product_cat":[79],"product_tag":[],"class_list":{"0":"post-1302793","1":"product","2":"type-product","3":"status-publish","4":"has-post-thumbnail","6":"product_cat-noveller","8":"first","9":"instock","10":"shipping-taxable","11":"product-type-simple"},"yoast_head":"<!-- This site is optimized with the Yoast SEO plugin v27.3 - https:\/\/yoast.com\/product\/yoast-seo-wordpress\/ -->\n<title>Lappin und Lapinova - NOVELLIX<\/title>\n<meta name=\"robots\" content=\"index, follow, max-snippet:-1, max-image-preview:large, max-video-preview:-1\" \/>\n<link rel=\"canonical\" href=\"https:\/\/novellix.com\/de\/produkt\/lappin-und-lapinova\/\" \/>\n<meta property=\"og:locale\" content=\"de_DE\" \/>\n<meta property=\"og:type\" content=\"article\" \/>\n<meta property=\"og:title\" content=\"Lappin und Lapinova - NOVELLIX\" \/>\n<meta property=\"og:description\" content=\"Und bevor sie in dieser Nacht zu Bett gingen, war alles genau geregelt. Er war K\u00f6nig Lappin; sie war K\u00f6nigin Lapinova. Sie waren das genaue Gegenteil voneinander; er war k\u00fchn und entschlossen; sie vorsichtig und unzuverl\u00e4ssig. Er herrschte \u00fcber die gesch\u00e4ftige Welt der Kaninchen; ihre Welt war ein verlassener, geheimnisvoller Ort, den sie meist bei [...]\" \/>\n<meta property=\"og:url\" content=\"https:\/\/novellix.com\/de\/produkt\/lappin-und-lapinova\/\" \/>\n<meta property=\"og:site_name\" content=\"NOVELLIX\" \/>\n<meta property=\"article:modified_time\" content=\"2024-04-15T08:28:52+00:00\" \/>\n<meta property=\"og:image\" content=\"https:\/\/novellix.com\/de\/wp-content\/uploads\/sites\/2\/2024\/01\/lappin-und-lapinova-rgb.jpg\" \/>\n\t<meta property=\"og:image:width\" content=\"1090\" \/>\n\t<meta property=\"og:image:height\" content=\"1537\" \/>\n\t<meta property=\"og:image:type\" content=\"image\/jpeg\" \/>\n<meta name=\"twitter:card\" content=\"summary_large_image\" \/>\n<meta name=\"twitter:label1\" content=\"Gesch\u00e4tzte Lesezeit\" \/>\n\t<meta name=\"twitter:data1\" content=\"1\u00a0Minute\" \/>\n<script type=\"application\/ld+json\" class=\"yoast-schema-graph\">{\"@context\":\"https:\\\/\\\/schema.org\",\"@graph\":[{\"@type\":\"WebPage\",\"@id\":\"https:\\\/\\\/novellix.com\\\/de\\\/produkt\\\/lappin-und-lapinova\\\/\",\"url\":\"https:\\\/\\\/novellix.com\\\/de\\\/produkt\\\/lappin-und-lapinova\\\/\",\"name\":\"Lappin und Lapinova - NOVELLIX\",\"isPartOf\":{\"@id\":\"https:\\\/\\\/novellix.com\\\/de\\\/#website\"},\"primaryImageOfPage\":{\"@id\":\"https:\\\/\\\/novellix.com\\\/de\\\/produkt\\\/lappin-und-lapinova\\\/#primaryimage\"},\"image\":{\"@id\":\"https:\\\/\\\/novellix.com\\\/de\\\/produkt\\\/lappin-und-lapinova\\\/#primaryimage\"},\"thumbnailUrl\":\"https:\\\/\\\/novellix.com\\\/de\\\/wp-content\\\/uploads\\\/sites\\\/2\\\/2024\\\/01\\\/lappin-und-lapinova-rgb.jpg\",\"datePublished\":\"2024-01-10T14:20:52+00:00\",\"dateModified\":\"2024-04-15T08:28:52+00:00\",\"breadcrumb\":{\"@id\":\"https:\\\/\\\/novellix.com\\\/de\\\/produkt\\\/lappin-und-lapinova\\\/#breadcrumb\"},\"inLanguage\":\"de\",\"potentialAction\":[{\"@type\":\"ReadAction\",\"target\":[\"https:\\\/\\\/novellix.com\\\/de\\\/produkt\\\/lappin-und-lapinova\\\/\"]}]},{\"@type\":\"ImageObject\",\"inLanguage\":\"de\",\"@id\":\"https:\\\/\\\/novellix.com\\\/de\\\/produkt\\\/lappin-und-lapinova\\\/#primaryimage\",\"url\":\"https:\\\/\\\/novellix.com\\\/de\\\/wp-content\\\/uploads\\\/sites\\\/2\\\/2024\\\/01\\\/lappin-und-lapinova-rgb.jpg\",\"contentUrl\":\"https:\\\/\\\/novellix.com\\\/de\\\/wp-content\\\/uploads\\\/sites\\\/2\\\/2024\\\/01\\\/lappin-und-lapinova-rgb.jpg\",\"width\":1090,\"height\":1537},{\"@type\":\"BreadcrumbList\",\"@id\":\"https:\\\/\\\/novellix.com\\\/de\\\/produkt\\\/lappin-und-lapinova\\\/#breadcrumb\",\"itemListElement\":[{\"@type\":\"ListItem\",\"position\":1,\"name\":\"Shop\",\"item\":\"https:\\\/\\\/novellix.com\\\/de\\\/shop\\\/\"},{\"@type\":\"ListItem\",\"position\":2,\"name\":\"Lappin und Lapinova\"}]},{\"@type\":\"WebSite\",\"@id\":\"https:\\\/\\\/novellix.com\\\/de\\\/#website\",\"url\":\"https:\\\/\\\/novellix.com\\\/de\\\/\",\"name\":\"NOVELLIX\",\"description\":\"\",\"potentialAction\":[{\"@type\":\"SearchAction\",\"target\":{\"@type\":\"EntryPoint\",\"urlTemplate\":\"https:\\\/\\\/novellix.com\\\/de\\\/?s={search_term_string}\"},\"query-input\":{\"@type\":\"PropertyValueSpecification\",\"valueRequired\":true,\"valueName\":\"search_term_string\"}}],\"inLanguage\":\"de\"}]}<\/script>\n<!-- \/ Yoast SEO plugin. -->","yoast_head_json":{"title":"Lappin und Lapinova - NOVELLIX","robots":{"index":"index","follow":"follow","max-snippet":"max-snippet:-1","max-image-preview":"max-image-preview:large","max-video-preview":"max-video-preview:-1"},"canonical":"https:\/\/novellix.com\/de\/produkt\/lappin-und-lapinova\/","og_locale":"de_DE","og_type":"article","og_title":"Lappin und Lapinova - NOVELLIX","og_description":"Und bevor sie in dieser Nacht zu Bett gingen, war alles genau geregelt. Er war K\u00f6nig Lappin; sie war K\u00f6nigin Lapinova. Sie waren das genaue Gegenteil voneinander; er war k\u00fchn und entschlossen; sie vorsichtig und unzuverl\u00e4ssig. Er herrschte \u00fcber die gesch\u00e4ftige Welt der Kaninchen; ihre Welt war ein verlassener, geheimnisvoller Ort, den sie meist bei [...]","og_url":"https:\/\/novellix.com\/de\/produkt\/lappin-und-lapinova\/","og_site_name":"NOVELLIX","article_modified_time":"2024-04-15T08:28:52+00:00","og_image":[{"width":1090,"height":1537,"url":"https:\/\/novellix.com\/de\/wp-content\/uploads\/sites\/2\/2024\/01\/lappin-und-lapinova-rgb.jpg","type":"image\/jpeg"}],"twitter_card":"summary_large_image","twitter_misc":{"Gesch\u00e4tzte Lesezeit":"1\u00a0Minute"},"schema":{"@context":"https:\/\/schema.org","@graph":[{"@type":"WebPage","@id":"https:\/\/novellix.com\/de\/produkt\/lappin-und-lapinova\/","url":"https:\/\/novellix.com\/de\/produkt\/lappin-und-lapinova\/","name":"Lappin und Lapinova - NOVELLIX","isPartOf":{"@id":"https:\/\/novellix.com\/de\/#website"},"primaryImageOfPage":{"@id":"https:\/\/novellix.com\/de\/produkt\/lappin-und-lapinova\/#primaryimage"},"image":{"@id":"https:\/\/novellix.com\/de\/produkt\/lappin-und-lapinova\/#primaryimage"},"thumbnailUrl":"https:\/\/novellix.com\/de\/wp-content\/uploads\/sites\/2\/2024\/01\/lappin-und-lapinova-rgb.jpg","datePublished":"2024-01-10T14:20:52+00:00","dateModified":"2024-04-15T08:28:52+00:00","breadcrumb":{"@id":"https:\/\/novellix.com\/de\/produkt\/lappin-und-lapinova\/#breadcrumb"},"inLanguage":"de","potentialAction":[{"@type":"ReadAction","target":["https:\/\/novellix.com\/de\/produkt\/lappin-und-lapinova\/"]}]},{"@type":"ImageObject","inLanguage":"de","@id":"https:\/\/novellix.com\/de\/produkt\/lappin-und-lapinova\/#primaryimage","url":"https:\/\/novellix.com\/de\/wp-content\/uploads\/sites\/2\/2024\/01\/lappin-und-lapinova-rgb.jpg","contentUrl":"https:\/\/novellix.com\/de\/wp-content\/uploads\/sites\/2\/2024\/01\/lappin-und-lapinova-rgb.jpg","width":1090,"height":1537},{"@type":"BreadcrumbList","@id":"https:\/\/novellix.com\/de\/produkt\/lappin-und-lapinova\/#breadcrumb","itemListElement":[{"@type":"ListItem","position":1,"name":"Shop","item":"https:\/\/novellix.com\/de\/shop\/"},{"@type":"ListItem","position":2,"name":"Lappin und Lapinova"}]},{"@type":"WebSite","@id":"https:\/\/novellix.com\/de\/#website","url":"https:\/\/novellix.com\/de\/","name":"NOVELLIX","description":"","potentialAction":[{"@type":"SearchAction","target":{"@type":"EntryPoint","urlTemplate":"https:\/\/novellix.com\/de\/?s={search_term_string}"},"query-input":{"@type":"PropertyValueSpecification","valueRequired":true,"valueName":"search_term_string"}}],"inLanguage":"de"}]}},"_links":{"self":[{"href":"https:\/\/novellix.com\/de\/wp-json\/wp\/v2\/product\/1302793","targetHints":{"allow":["GET"]}}],"collection":[{"href":"https:\/\/novellix.com\/de\/wp-json\/wp\/v2\/product"}],"about":[{"href":"https:\/\/novellix.com\/de\/wp-json\/wp\/v2\/types\/product"}],"wp:featuredmedia":[{"embeddable":true,"href":"https:\/\/novellix.com\/de\/wp-json\/wp\/v2\/media\/1302794"}],"wp:attachment":[{"href":"https:\/\/novellix.com\/de\/wp-json\/wp\/v2\/media?parent=1302793"}],"wp:term":[{"taxonomy":"product_brand","embeddable":true,"href":"https:\/\/novellix.com\/de\/wp-json\/wp\/v2\/product_brand?post=1302793"},{"taxonomy":"product_cat","embeddable":true,"href":"https:\/\/novellix.com\/de\/wp-json\/wp\/v2\/product_cat?post=1302793"},{"taxonomy":"product_tag","embeddable":true,"href":"https:\/\/novellix.com\/de\/wp-json\/wp\/v2\/product_tag?post=1302793"}],"curies":[{"name":"wp","href":"https:\/\/api.w.org\/{rel}","templated":true}]}}