{"id":1302796,"date":"2024-01-10T14:26:08","date_gmt":"2024-01-10T14:26:08","guid":{"rendered":"https:\/\/novellix.com\/de\/?post_type=product&#038;p=1302796"},"modified":"2024-04-15T08:28:30","modified_gmt":"2024-04-15T08:28:30","slug":"traeume-judith-hermann","status":"publish","type":"product","link":"https:\/\/novellix.com\/de\/produkt\/traeume-judith-hermann\/","title":{"rendered":"Tr\u00e4ume (Judith Hermann)"},"content":{"rendered":"<p><em>Ich habe gestern Nacht von dir getr\u00e4umt, sagt Effi. Ich habe getr\u00e4umt, wir fahren beide in der Stra\u00dfenbahn, wir steigen zusammen ein und m\u00fcssen ein Ticket kaufen, wir stehen nebeneinander am Ticketautomaten, und du wirst pl\u00f6tzlich ganz klein. Du schrumpfst, du wirst kleiner und kleiner, bist du wirklich winzig bist, eine Zwergin.<\/em><\/p>\n<p>Tr\u00e4ume erz\u00e4hlt von Effi und Teresa, die jahrelang mit\u00adeinander befreundet gewesen sind, ohne sich wirklich f\u00fcreinander zu interessieren. Die Freundschaft l\u00e4sst sich l\u00f6sen, aber der Traum, von dem Effi einst erz\u00e4hlt hat, bleibt. Wo beginnt eine Geschichte und wo h\u00f6rt sie auf? Wie verl\u00e4sslich ist unsere Erinnerung, wie nah sind unsere Tr\u00e4ume an der Wirklichkeit und welche Erkenntnis kann man aus ihnen ziehen? Mit der ihr eigenen klaren, poetischen Stimme erz\u00e4hlt Judith Hermann (*1970) von einer Freundschaft, von der empfindsamen Mitte des Lebens, von Abschl\u00fcssen und vom Aufbruch.<\/p>\n","protected":false},"excerpt":{"rendered":"<p>Ich habe gestern Nacht von dir getr\u00e4umt, sagt Effi. Ich habe getr\u00e4umt, wir fahren beide in der Stra\u00dfenbahn, wir steigen zusammen ein und m\u00fcssen ein Ticket kaufen, wir stehen nebeneinander am Ticketautomaten, und du wirst pl\u00f6tzlich ganz klein. Du schrumpfst, du wirst kleiner und kleiner, bist du wirklich winzig bist, eine Zwergin. Tr\u00e4ume erz\u00e4hlt von [&#8230;]\n","protected":false},"featured_media":1302797,"template":"","meta":[],"product_brand":[],"product_cat":[79],"product_tag":[],"class_list":{"0":"post-1302796","1":"product","2":"type-product","3":"status-publish","4":"has-post-thumbnail","6":"product_cat-noveller","8":"first","9":"instock","10":"shipping-taxable","11":"product-type-simple"},"yoast_head":"<!-- This site is optimized with the Yoast SEO plugin v27.3 - https:\/\/yoast.com\/product\/yoast-seo-wordpress\/ -->\n<title>Tr\u00e4ume (Judith Hermann)<\/title>\n<meta name=\"robots\" content=\"index, follow, max-snippet:-1, max-image-preview:large, max-video-preview:-1\" \/>\n<link rel=\"canonical\" href=\"https:\/\/novellix.com\/de\/produkt\/traeume-judith-hermann\/\" \/>\n<meta property=\"og:locale\" content=\"de_DE\" \/>\n<meta property=\"og:type\" content=\"article\" \/>\n<meta property=\"og:title\" content=\"Tr\u00e4ume (Judith Hermann)\" \/>\n<meta property=\"og:description\" content=\"Ich habe gestern Nacht von dir getr\u00e4umt, sagt Effi. Ich habe getr\u00e4umt, wir fahren beide in der Stra\u00dfenbahn, wir steigen zusammen ein und m\u00fcssen ein Ticket kaufen, wir stehen nebeneinander am Ticketautomaten, und du wirst pl\u00f6tzlich ganz klein. Du schrumpfst, du wirst kleiner und kleiner, bist du wirklich winzig bist, eine Zwergin. Tr\u00e4ume erz\u00e4hlt von [...]\" \/>\n<meta property=\"og:url\" content=\"https:\/\/novellix.com\/de\/produkt\/traeume-judith-hermann\/\" \/>\n<meta property=\"og:site_name\" content=\"NOVELLIX\" \/>\n<meta property=\"article:modified_time\" content=\"2024-04-15T08:28:30+00:00\" \/>\n<meta property=\"og:image\" content=\"https:\/\/novellix.com\/de\/wp-content\/uploads\/sites\/2\/2024\/01\/traeume-rgb.jpg\" \/>\n\t<meta property=\"og:image:width\" content=\"1090\" \/>\n\t<meta property=\"og:image:height\" content=\"1537\" \/>\n\t<meta property=\"og:image:type\" content=\"image\/jpeg\" \/>\n<meta name=\"twitter:card\" content=\"summary_large_image\" \/>\n<meta name=\"twitter:label1\" content=\"Gesch\u00e4tzte Lesezeit\" \/>\n\t<meta name=\"twitter:data1\" content=\"1\u00a0Minute\" \/>\n<script type=\"application\/ld+json\" class=\"yoast-schema-graph\">{\"@context\":\"https:\\\/\\\/schema.org\",\"@graph\":[{\"@type\":\"WebPage\",\"@id\":\"https:\\\/\\\/novellix.com\\\/de\\\/produkt\\\/traeume-judith-hermann\\\/\",\"url\":\"https:\\\/\\\/novellix.com\\\/de\\\/produkt\\\/traeume-judith-hermann\\\/\",\"name\":\"Tr\u00e4ume (Judith Hermann)\",\"isPartOf\":{\"@id\":\"https:\\\/\\\/novellix.com\\\/de\\\/#website\"},\"primaryImageOfPage\":{\"@id\":\"https:\\\/\\\/novellix.com\\\/de\\\/produkt\\\/traeume-judith-hermann\\\/#primaryimage\"},\"image\":{\"@id\":\"https:\\\/\\\/novellix.com\\\/de\\\/produkt\\\/traeume-judith-hermann\\\/#primaryimage\"},\"thumbnailUrl\":\"https:\\\/\\\/novellix.com\\\/de\\\/wp-content\\\/uploads\\\/sites\\\/2\\\/2024\\\/01\\\/traeume-rgb.jpg\",\"datePublished\":\"2024-01-10T14:26:08+00:00\",\"dateModified\":\"2024-04-15T08:28:30+00:00\",\"breadcrumb\":{\"@id\":\"https:\\\/\\\/novellix.com\\\/de\\\/produkt\\\/traeume-judith-hermann\\\/#breadcrumb\"},\"inLanguage\":\"de\",\"potentialAction\":[{\"@type\":\"ReadAction\",\"target\":[\"https:\\\/\\\/novellix.com\\\/de\\\/produkt\\\/traeume-judith-hermann\\\/\"]}]},{\"@type\":\"ImageObject\",\"inLanguage\":\"de\",\"@id\":\"https:\\\/\\\/novellix.com\\\/de\\\/produkt\\\/traeume-judith-hermann\\\/#primaryimage\",\"url\":\"https:\\\/\\\/novellix.com\\\/de\\\/wp-content\\\/uploads\\\/sites\\\/2\\\/2024\\\/01\\\/traeume-rgb.jpg\",\"contentUrl\":\"https:\\\/\\\/novellix.com\\\/de\\\/wp-content\\\/uploads\\\/sites\\\/2\\\/2024\\\/01\\\/traeume-rgb.jpg\",\"width\":1090,\"height\":1537},{\"@type\":\"BreadcrumbList\",\"@id\":\"https:\\\/\\\/novellix.com\\\/de\\\/produkt\\\/traeume-judith-hermann\\\/#breadcrumb\",\"itemListElement\":[{\"@type\":\"ListItem\",\"position\":1,\"name\":\"Shop\",\"item\":\"https:\\\/\\\/novellix.com\\\/de\\\/shop\\\/\"},{\"@type\":\"ListItem\",\"position\":2,\"name\":\"Tr\u00e4ume (Judith Hermann)\"}]},{\"@type\":\"WebSite\",\"@id\":\"https:\\\/\\\/novellix.com\\\/de\\\/#website\",\"url\":\"https:\\\/\\\/novellix.com\\\/de\\\/\",\"name\":\"NOVELLIX\",\"description\":\"\",\"potentialAction\":[{\"@type\":\"SearchAction\",\"target\":{\"@type\":\"EntryPoint\",\"urlTemplate\":\"https:\\\/\\\/novellix.com\\\/de\\\/?s={search_term_string}\"},\"query-input\":{\"@type\":\"PropertyValueSpecification\",\"valueRequired\":true,\"valueName\":\"search_term_string\"}}],\"inLanguage\":\"de\"}]}<\/script>\n<!-- \/ Yoast SEO plugin. -->","yoast_head_json":{"title":"Tr\u00e4ume (Judith Hermann)","robots":{"index":"index","follow":"follow","max-snippet":"max-snippet:-1","max-image-preview":"max-image-preview:large","max-video-preview":"max-video-preview:-1"},"canonical":"https:\/\/novellix.com\/de\/produkt\/traeume-judith-hermann\/","og_locale":"de_DE","og_type":"article","og_title":"Tr\u00e4ume (Judith Hermann)","og_description":"Ich habe gestern Nacht von dir getr\u00e4umt, sagt Effi. Ich habe getr\u00e4umt, wir fahren beide in der Stra\u00dfenbahn, wir steigen zusammen ein und m\u00fcssen ein Ticket kaufen, wir stehen nebeneinander am Ticketautomaten, und du wirst pl\u00f6tzlich ganz klein. Du schrumpfst, du wirst kleiner und kleiner, bist du wirklich winzig bist, eine Zwergin. Tr\u00e4ume erz\u00e4hlt von [...]","og_url":"https:\/\/novellix.com\/de\/produkt\/traeume-judith-hermann\/","og_site_name":"NOVELLIX","article_modified_time":"2024-04-15T08:28:30+00:00","og_image":[{"width":1090,"height":1537,"url":"https:\/\/novellix.com\/de\/wp-content\/uploads\/sites\/2\/2024\/01\/traeume-rgb.jpg","type":"image\/jpeg"}],"twitter_card":"summary_large_image","twitter_misc":{"Gesch\u00e4tzte Lesezeit":"1\u00a0Minute"},"schema":{"@context":"https:\/\/schema.org","@graph":[{"@type":"WebPage","@id":"https:\/\/novellix.com\/de\/produkt\/traeume-judith-hermann\/","url":"https:\/\/novellix.com\/de\/produkt\/traeume-judith-hermann\/","name":"Tr\u00e4ume (Judith Hermann)","isPartOf":{"@id":"https:\/\/novellix.com\/de\/#website"},"primaryImageOfPage":{"@id":"https:\/\/novellix.com\/de\/produkt\/traeume-judith-hermann\/#primaryimage"},"image":{"@id":"https:\/\/novellix.com\/de\/produkt\/traeume-judith-hermann\/#primaryimage"},"thumbnailUrl":"https:\/\/novellix.com\/de\/wp-content\/uploads\/sites\/2\/2024\/01\/traeume-rgb.jpg","datePublished":"2024-01-10T14:26:08+00:00","dateModified":"2024-04-15T08:28:30+00:00","breadcrumb":{"@id":"https:\/\/novellix.com\/de\/produkt\/traeume-judith-hermann\/#breadcrumb"},"inLanguage":"de","potentialAction":[{"@type":"ReadAction","target":["https:\/\/novellix.com\/de\/produkt\/traeume-judith-hermann\/"]}]},{"@type":"ImageObject","inLanguage":"de","@id":"https:\/\/novellix.com\/de\/produkt\/traeume-judith-hermann\/#primaryimage","url":"https:\/\/novellix.com\/de\/wp-content\/uploads\/sites\/2\/2024\/01\/traeume-rgb.jpg","contentUrl":"https:\/\/novellix.com\/de\/wp-content\/uploads\/sites\/2\/2024\/01\/traeume-rgb.jpg","width":1090,"height":1537},{"@type":"BreadcrumbList","@id":"https:\/\/novellix.com\/de\/produkt\/traeume-judith-hermann\/#breadcrumb","itemListElement":[{"@type":"ListItem","position":1,"name":"Shop","item":"https:\/\/novellix.com\/de\/shop\/"},{"@type":"ListItem","position":2,"name":"Tr\u00e4ume (Judith Hermann)"}]},{"@type":"WebSite","@id":"https:\/\/novellix.com\/de\/#website","url":"https:\/\/novellix.com\/de\/","name":"NOVELLIX","description":"","potentialAction":[{"@type":"SearchAction","target":{"@type":"EntryPoint","urlTemplate":"https:\/\/novellix.com\/de\/?s={search_term_string}"},"query-input":{"@type":"PropertyValueSpecification","valueRequired":true,"valueName":"search_term_string"}}],"inLanguage":"de"}]}},"_links":{"self":[{"href":"https:\/\/novellix.com\/de\/wp-json\/wp\/v2\/product\/1302796","targetHints":{"allow":["GET"]}}],"collection":[{"href":"https:\/\/novellix.com\/de\/wp-json\/wp\/v2\/product"}],"about":[{"href":"https:\/\/novellix.com\/de\/wp-json\/wp\/v2\/types\/product"}],"wp:featuredmedia":[{"embeddable":true,"href":"https:\/\/novellix.com\/de\/wp-json\/wp\/v2\/media\/1302797"}],"wp:attachment":[{"href":"https:\/\/novellix.com\/de\/wp-json\/wp\/v2\/media?parent=1302796"}],"wp:term":[{"taxonomy":"product_brand","embeddable":true,"href":"https:\/\/novellix.com\/de\/wp-json\/wp\/v2\/product_brand?post=1302796"},{"taxonomy":"product_cat","embeddable":true,"href":"https:\/\/novellix.com\/de\/wp-json\/wp\/v2\/product_cat?post=1302796"},{"taxonomy":"product_tag","embeddable":true,"href":"https:\/\/novellix.com\/de\/wp-json\/wp\/v2\/product_tag?post=1302796"}],"curies":[{"name":"wp","href":"https:\/\/api.w.org\/{rel}","templated":true}]}}