{"id":1302847,"date":"2024-01-11T09:56:32","date_gmt":"2024-01-11T09:56:32","guid":{"rendered":"https:\/\/novellix.com\/de\/?post_type=product&#038;p=1302847"},"modified":"2024-06-10T06:58:37","modified_gmt":"2024-06-10T06:58:37","slug":"johann-wolfgang-von-goethe","status":"publish","type":"product","link":"https:\/\/novellix.com\/de\/produkt\/johann-wolfgang-von-goethe\/","title":{"rendered":"Johann Wolfgang von Goethe"},"content":{"rendered":"<p><strong>Johann Wolfgang von Goethe (1749-1832)<\/strong><\/p>\n<p><span style=\"font-weight: 400;\">Johann Wolfgang von Goethe (1749\u20131832) war ein deutscher Autor, Dramatiker, Dichter, Theaterregisseur, Staatsmann und Wissenschaftler. Er gilt als einer der bedeutendsten Vertreter des Sturm und Drang und der Weimarer Klassik, bzw. als einer der bedeutendsten Schriftsteller deutscher Sprache \u00fcberhaupt. 1774 machte ihn sein Roman <\/span><i><span style=\"font-weight: 400;\">Die Leiden des jungen Werther<\/span><\/i><span style=\"font-weight: 400;\"> zum internationalen Star, ab 1775 war er Minister am Hof von Weimar und absolvierte zwischen 1786 und 1788 seine k\u00fcnstlerisch bedeutsame Reise durch Italien. Zu seinen bekanntesten Werken z\u00e4hlen u.a. die Dramen <\/span><i><span style=\"font-weight: 400;\">G\u00f6tz von Berlichingen<\/span><\/i><span style=\"font-weight: 400;\">,<\/span><i><span style=\"font-weight: 400;\"> Faust<\/span><\/i><span style=\"font-weight: 400;\"> und <\/span><i><span style=\"font-weight: 400;\">Iphigenie auf Tauris<\/span><\/i><span style=\"font-weight: 400;\">, sowie der Roman <\/span><i><span style=\"font-weight: 400;\">Wilhelm Meisters Lehrjahre <\/span><\/i><span style=\"font-weight: 400;\">und die umfangreiche Gedichtsammlung <\/span><i><span style=\"font-weight: 400;\">West-\u00f6stlicher Divan<\/span><\/i><span style=\"font-weight: 400;\">. Goethe avancierte zum Nationaldichter und, gemeinsam mit seinem Zeitgenossen Friedrich von Schiller, zum Symbol f\u00fcr das \u201cLand der Dichter und Denker\u201d. Der Einfluss seiner schriftstellerischen Arbeiten, sowie seiner Naturstudien und Farbenlehre und seines Status als \u00f6ffentlicher Intellektueller reichen bis in das heutige literarische, politische und philosophische Denken des Westens.\u00a0<\/span><\/p>\n<p><span style=\"font-weight: 400;\">Die Idee und das Design der Novellix-Buchst\u00fctzen stammen vom Industriedesigner Jan Landqvist. Die Buchst\u00fctzen werden im schwedischen Gnosj\u00f6 hergestellt und bestehen aus weitgehend recyceltem Stahlblech, das mit einem strapazierf\u00e4higen schwarzen Pulverlack behandelt wurde. Die Ma\u00dfe betragen 15\u00d715 cm f\u00fcr die Portr\u00e4ts und 10\u00d715 cm f\u00fcr die Bodenplatte.<\/span><\/p>\n","protected":false},"excerpt":{"rendered":"<p>Johann Wolfgang von Goethe (1749-1832) Johann Wolfgang von Goethe (1749\u20131832) war ein deutscher Autor, Dramatiker, Dichter, Theaterregisseur, Staatsmann und Wissenschaftler. Er gilt als einer der bedeutendsten Vertreter des Sturm und Drang und der Weimarer Klassik, bzw. als einer der bedeutendsten Schriftsteller deutscher Sprache \u00fcberhaupt. 1774 machte ihn sein Roman Die Leiden des jungen Werther zum [&#8230;]\n","protected":false},"featured_media":1302905,"template":"","meta":[],"product_brand":[],"product_cat":[98],"product_tag":[],"class_list":{"0":"post-1302847","1":"product","2":"type-product","3":"status-publish","4":"has-post-thumbnail","6":"product_cat-buchstutzen","8":"first","9":"instock","10":"shipping-taxable","11":"product-type-simple"},"yoast_head":"<!-- This site is optimized with the Yoast SEO plugin v27.4 - https:\/\/yoast.com\/product\/yoast-seo-wordpress\/ -->\n<title>Johann Wolfgang von Goethe - NOVELLIX<\/title>\n<meta name=\"robots\" content=\"index, follow, max-snippet:-1, max-image-preview:large, max-video-preview:-1\" \/>\n<link rel=\"canonical\" href=\"https:\/\/novellix.com\/de\/produkt\/johann-wolfgang-von-goethe\/\" \/>\n<meta property=\"og:locale\" content=\"de_DE\" \/>\n<meta property=\"og:type\" content=\"article\" \/>\n<meta property=\"og:title\" content=\"Johann Wolfgang von Goethe - NOVELLIX\" \/>\n<meta property=\"og:description\" content=\"Johann Wolfgang von Goethe (1749-1832) Johann Wolfgang von Goethe (1749\u20131832) war ein deutscher Autor, Dramatiker, Dichter, Theaterregisseur, Staatsmann und Wissenschaftler. Er gilt als einer der bedeutendsten Vertreter des Sturm und Drang und der Weimarer Klassik, bzw. als einer der bedeutendsten Schriftsteller deutscher Sprache \u00fcberhaupt. 1774 machte ihn sein Roman Die Leiden des jungen Werther zum [...]\" \/>\n<meta property=\"og:url\" content=\"https:\/\/novellix.com\/de\/produkt\/johann-wolfgang-von-goethe\/\" \/>\n<meta property=\"og:site_name\" content=\"NOVELLIX\" \/>\n<meta property=\"article:modified_time\" content=\"2024-06-10T06:58:37+00:00\" \/>\n<meta property=\"og:image\" content=\"https:\/\/novellix.com\/de\/wp-content\/uploads\/sites\/2\/2024\/01\/goethe.jpg\" \/>\n\t<meta property=\"og:image:width\" content=\"1240\" \/>\n\t<meta property=\"og:image:height\" content=\"1748\" \/>\n\t<meta property=\"og:image:type\" content=\"image\/jpeg\" \/>\n<meta name=\"twitter:card\" content=\"summary_large_image\" \/>\n<meta name=\"twitter:label1\" content=\"Gesch\u00e4tzte Lesezeit\" \/>\n\t<meta name=\"twitter:data1\" content=\"1\u00a0Minute\" \/>\n<script type=\"application\/ld+json\" class=\"yoast-schema-graph\">{\"@context\":\"https:\\\/\\\/schema.org\",\"@graph\":[{\"@type\":\"WebPage\",\"@id\":\"https:\\\/\\\/novellix.com\\\/de\\\/produkt\\\/johann-wolfgang-von-goethe\\\/\",\"url\":\"https:\\\/\\\/novellix.com\\\/de\\\/produkt\\\/johann-wolfgang-von-goethe\\\/\",\"name\":\"Johann Wolfgang von Goethe - NOVELLIX\",\"isPartOf\":{\"@id\":\"https:\\\/\\\/novellix.com\\\/de\\\/#website\"},\"primaryImageOfPage\":{\"@id\":\"https:\\\/\\\/novellix.com\\\/de\\\/produkt\\\/johann-wolfgang-von-goethe\\\/#primaryimage\"},\"image\":{\"@id\":\"https:\\\/\\\/novellix.com\\\/de\\\/produkt\\\/johann-wolfgang-von-goethe\\\/#primaryimage\"},\"thumbnailUrl\":\"https:\\\/\\\/novellix.com\\\/de\\\/wp-content\\\/uploads\\\/sites\\\/2\\\/2024\\\/01\\\/goethe.jpg\",\"datePublished\":\"2024-01-11T09:56:32+00:00\",\"dateModified\":\"2024-06-10T06:58:37+00:00\",\"breadcrumb\":{\"@id\":\"https:\\\/\\\/novellix.com\\\/de\\\/produkt\\\/johann-wolfgang-von-goethe\\\/#breadcrumb\"},\"inLanguage\":\"de\",\"potentialAction\":[{\"@type\":\"ReadAction\",\"target\":[\"https:\\\/\\\/novellix.com\\\/de\\\/produkt\\\/johann-wolfgang-von-goethe\\\/\"]}]},{\"@type\":\"ImageObject\",\"inLanguage\":\"de\",\"@id\":\"https:\\\/\\\/novellix.com\\\/de\\\/produkt\\\/johann-wolfgang-von-goethe\\\/#primaryimage\",\"url\":\"https:\\\/\\\/novellix.com\\\/de\\\/wp-content\\\/uploads\\\/sites\\\/2\\\/2024\\\/01\\\/goethe.jpg\",\"contentUrl\":\"https:\\\/\\\/novellix.com\\\/de\\\/wp-content\\\/uploads\\\/sites\\\/2\\\/2024\\\/01\\\/goethe.jpg\",\"width\":1240,\"height\":1748,\"caption\":\"goethe\"},{\"@type\":\"BreadcrumbList\",\"@id\":\"https:\\\/\\\/novellix.com\\\/de\\\/produkt\\\/johann-wolfgang-von-goethe\\\/#breadcrumb\",\"itemListElement\":[{\"@type\":\"ListItem\",\"position\":1,\"name\":\"Shop\",\"item\":\"https:\\\/\\\/novellix.com\\\/de\\\/shop\\\/\"},{\"@type\":\"ListItem\",\"position\":2,\"name\":\"Johann Wolfgang von Goethe\"}]},{\"@type\":\"WebSite\",\"@id\":\"https:\\\/\\\/novellix.com\\\/de\\\/#website\",\"url\":\"https:\\\/\\\/novellix.com\\\/de\\\/\",\"name\":\"NOVELLIX\",\"description\":\"\",\"potentialAction\":[{\"@type\":\"SearchAction\",\"target\":{\"@type\":\"EntryPoint\",\"urlTemplate\":\"https:\\\/\\\/novellix.com\\\/de\\\/?s={search_term_string}\"},\"query-input\":{\"@type\":\"PropertyValueSpecification\",\"valueRequired\":true,\"valueName\":\"search_term_string\"}}],\"inLanguage\":\"de\"}]}<\/script>\n<!-- \/ Yoast SEO plugin. -->","yoast_head_json":{"title":"Johann Wolfgang von Goethe - NOVELLIX","robots":{"index":"index","follow":"follow","max-snippet":"max-snippet:-1","max-image-preview":"max-image-preview:large","max-video-preview":"max-video-preview:-1"},"canonical":"https:\/\/novellix.com\/de\/produkt\/johann-wolfgang-von-goethe\/","og_locale":"de_DE","og_type":"article","og_title":"Johann Wolfgang von Goethe - NOVELLIX","og_description":"Johann Wolfgang von Goethe (1749-1832) Johann Wolfgang von Goethe (1749\u20131832) war ein deutscher Autor, Dramatiker, Dichter, Theaterregisseur, Staatsmann und Wissenschaftler. Er gilt als einer der bedeutendsten Vertreter des Sturm und Drang und der Weimarer Klassik, bzw. als einer der bedeutendsten Schriftsteller deutscher Sprache \u00fcberhaupt. 1774 machte ihn sein Roman Die Leiden des jungen Werther zum [...]","og_url":"https:\/\/novellix.com\/de\/produkt\/johann-wolfgang-von-goethe\/","og_site_name":"NOVELLIX","article_modified_time":"2024-06-10T06:58:37+00:00","og_image":[{"width":1240,"height":1748,"url":"https:\/\/novellix.com\/de\/wp-content\/uploads\/sites\/2\/2024\/01\/goethe.jpg","type":"image\/jpeg"}],"twitter_card":"summary_large_image","twitter_misc":{"Gesch\u00e4tzte Lesezeit":"1\u00a0Minute"},"schema":{"@context":"https:\/\/schema.org","@graph":[{"@type":"WebPage","@id":"https:\/\/novellix.com\/de\/produkt\/johann-wolfgang-von-goethe\/","url":"https:\/\/novellix.com\/de\/produkt\/johann-wolfgang-von-goethe\/","name":"Johann Wolfgang von Goethe - NOVELLIX","isPartOf":{"@id":"https:\/\/novellix.com\/de\/#website"},"primaryImageOfPage":{"@id":"https:\/\/novellix.com\/de\/produkt\/johann-wolfgang-von-goethe\/#primaryimage"},"image":{"@id":"https:\/\/novellix.com\/de\/produkt\/johann-wolfgang-von-goethe\/#primaryimage"},"thumbnailUrl":"https:\/\/novellix.com\/de\/wp-content\/uploads\/sites\/2\/2024\/01\/goethe.jpg","datePublished":"2024-01-11T09:56:32+00:00","dateModified":"2024-06-10T06:58:37+00:00","breadcrumb":{"@id":"https:\/\/novellix.com\/de\/produkt\/johann-wolfgang-von-goethe\/#breadcrumb"},"inLanguage":"de","potentialAction":[{"@type":"ReadAction","target":["https:\/\/novellix.com\/de\/produkt\/johann-wolfgang-von-goethe\/"]}]},{"@type":"ImageObject","inLanguage":"de","@id":"https:\/\/novellix.com\/de\/produkt\/johann-wolfgang-von-goethe\/#primaryimage","url":"https:\/\/novellix.com\/de\/wp-content\/uploads\/sites\/2\/2024\/01\/goethe.jpg","contentUrl":"https:\/\/novellix.com\/de\/wp-content\/uploads\/sites\/2\/2024\/01\/goethe.jpg","width":1240,"height":1748,"caption":"goethe"},{"@type":"BreadcrumbList","@id":"https:\/\/novellix.com\/de\/produkt\/johann-wolfgang-von-goethe\/#breadcrumb","itemListElement":[{"@type":"ListItem","position":1,"name":"Shop","item":"https:\/\/novellix.com\/de\/shop\/"},{"@type":"ListItem","position":2,"name":"Johann Wolfgang von Goethe"}]},{"@type":"WebSite","@id":"https:\/\/novellix.com\/de\/#website","url":"https:\/\/novellix.com\/de\/","name":"NOVELLIX","description":"","potentialAction":[{"@type":"SearchAction","target":{"@type":"EntryPoint","urlTemplate":"https:\/\/novellix.com\/de\/?s={search_term_string}"},"query-input":{"@type":"PropertyValueSpecification","valueRequired":true,"valueName":"search_term_string"}}],"inLanguage":"de"}]}},"_links":{"self":[{"href":"https:\/\/novellix.com\/de\/wp-json\/wp\/v2\/product\/1302847","targetHints":{"allow":["GET"]}}],"collection":[{"href":"https:\/\/novellix.com\/de\/wp-json\/wp\/v2\/product"}],"about":[{"href":"https:\/\/novellix.com\/de\/wp-json\/wp\/v2\/types\/product"}],"wp:featuredmedia":[{"embeddable":true,"href":"https:\/\/novellix.com\/de\/wp-json\/wp\/v2\/media\/1302905"}],"wp:attachment":[{"href":"https:\/\/novellix.com\/de\/wp-json\/wp\/v2\/media?parent=1302847"}],"wp:term":[{"taxonomy":"product_brand","embeddable":true,"href":"https:\/\/novellix.com\/de\/wp-json\/wp\/v2\/product_brand?post=1302847"},{"taxonomy":"product_cat","embeddable":true,"href":"https:\/\/novellix.com\/de\/wp-json\/wp\/v2\/product_cat?post=1302847"},{"taxonomy":"product_tag","embeddable":true,"href":"https:\/\/novellix.com\/de\/wp-json\/wp\/v2\/product_tag?post=1302847"}],"curies":[{"name":"wp","href":"https:\/\/api.w.org\/{rel}","templated":true}]}}