{"id":1302849,"date":"2024-01-11T09:59:31","date_gmt":"2024-01-11T09:59:31","guid":{"rendered":"https:\/\/novellix.com\/de\/?post_type=product&#038;p=1302849"},"modified":"2024-06-10T06:57:58","modified_gmt":"2024-06-10T06:57:58","slug":"annette-von-droste-huelshoff","status":"publish","type":"product","link":"https:\/\/novellix.com\/de\/produkt\/annette-von-droste-huelshoff\/","title":{"rendered":"Annette von Droste-H\u00fclshoff"},"content":{"rendered":"<p><strong>Annette von Droste-H\u00fclshoff (1797-1848).<\/strong><\/p>\n<p><span style=\"font-weight: 400;\">Annette von Droste-H\u00fclshoff (1797\u20131848) gilt als eine der bedeutendsten Vertreterinnen deutscher Lyrik ihrer Zeit. Als Tochter einer westf\u00e4lischen Adelsfamilie erlebte sie als unverheiratete Schriftstellerin zeitlebens Widerstand aus der Familie und Gesellschaft, dem sie sich, trotz gesundheitlicher Probleme, mit viel Kraft und Willen entgegensetzte. Zu ihren bekanntesten Werken geh\u00f6rt die Novelle <\/span><i><span style=\"font-weight: 400;\">Die Judenbuche <\/span><\/i><span style=\"font-weight: 400;\">sowie zahlreiche Gedichte und Balladen.<\/span><\/p>\n<p><span style=\"font-weight: 400;\">Die Idee und das Design der Novellix-Buchst\u00fctzen stammen vom Industriedesigner Jan Landqvist. Die Buchst\u00fctzen werden im schwedischen Gnosj\u00f6 hergestellt und bestehen aus weitgehend recyceltem Stahlblech, das mit einem strapazierf\u00e4higen schwarzen Pulverlack behandelt wurde. Die Ma\u00dfe betragen 15\u00d715 cm f\u00fcr die Portr\u00e4ts und 10\u00d715 cm f\u00fcr die Bodenplatte.<\/span><\/p>\n","protected":false},"excerpt":{"rendered":"<p>Annette von Droste-H\u00fclshoff (1797-1848). Annette von Droste-H\u00fclshoff (1797\u20131848) gilt als eine der bedeutendsten Vertreterinnen deutscher Lyrik ihrer Zeit. Als Tochter einer westf\u00e4lischen Adelsfamilie erlebte sie als unverheiratete Schriftstellerin zeitlebens Widerstand aus der Familie und Gesellschaft, dem sie sich, trotz gesundheitlicher Probleme, mit viel Kraft und Willen entgegensetzte. Zu ihren bekanntesten Werken geh\u00f6rt die Novelle Die [&#8230;]\n","protected":false},"featured_media":1302912,"template":"","meta":[],"product_brand":[],"product_cat":[98],"product_tag":[],"class_list":{"0":"post-1302849","1":"product","2":"type-product","3":"status-publish","4":"has-post-thumbnail","6":"product_cat-buchstutzen","8":"first","9":"instock","10":"shipping-taxable","11":"product-type-simple"},"yoast_head":"<!-- This site is optimized with the Yoast SEO plugin v27.3 - https:\/\/yoast.com\/product\/yoast-seo-wordpress\/ -->\n<title>Annette von Droste-H\u00fclshoff - NOVELLIX<\/title>\n<meta name=\"robots\" content=\"index, follow, max-snippet:-1, max-image-preview:large, max-video-preview:-1\" \/>\n<link rel=\"canonical\" href=\"https:\/\/novellix.com\/de\/produkt\/annette-von-droste-huelshoff\/\" \/>\n<meta property=\"og:locale\" content=\"de_DE\" \/>\n<meta property=\"og:type\" content=\"article\" \/>\n<meta property=\"og:title\" content=\"Annette von Droste-H\u00fclshoff - NOVELLIX\" \/>\n<meta property=\"og:description\" content=\"Annette von Droste-H\u00fclshoff (1797-1848). Annette von Droste-H\u00fclshoff (1797\u20131848) gilt als eine der bedeutendsten Vertreterinnen deutscher Lyrik ihrer Zeit. Als Tochter einer westf\u00e4lischen Adelsfamilie erlebte sie als unverheiratete Schriftstellerin zeitlebens Widerstand aus der Familie und Gesellschaft, dem sie sich, trotz gesundheitlicher Probleme, mit viel Kraft und Willen entgegensetzte. Zu ihren bekanntesten Werken geh\u00f6rt die Novelle Die [...]\" \/>\n<meta property=\"og:url\" content=\"https:\/\/novellix.com\/de\/produkt\/annette-von-droste-huelshoff\/\" \/>\n<meta property=\"og:site_name\" content=\"NOVELLIX\" \/>\n<meta property=\"article:modified_time\" content=\"2024-06-10T06:57:58+00:00\" \/>\n<meta property=\"og:image\" content=\"https:\/\/novellix.com\/de\/wp-content\/uploads\/sites\/2\/2024\/01\/annette.jpg\" \/>\n\t<meta property=\"og:image:width\" content=\"1240\" \/>\n\t<meta property=\"og:image:height\" content=\"1748\" \/>\n\t<meta property=\"og:image:type\" content=\"image\/jpeg\" \/>\n<meta name=\"twitter:card\" content=\"summary_large_image\" \/>\n<meta name=\"twitter:label1\" content=\"Gesch\u00e4tzte Lesezeit\" \/>\n\t<meta name=\"twitter:data1\" content=\"1\u00a0Minute\" \/>\n<script type=\"application\/ld+json\" class=\"yoast-schema-graph\">{\"@context\":\"https:\\\/\\\/schema.org\",\"@graph\":[{\"@type\":\"WebPage\",\"@id\":\"https:\\\/\\\/novellix.com\\\/de\\\/produkt\\\/annette-von-droste-huelshoff\\\/\",\"url\":\"https:\\\/\\\/novellix.com\\\/de\\\/produkt\\\/annette-von-droste-huelshoff\\\/\",\"name\":\"Annette von Droste-H\u00fclshoff - NOVELLIX\",\"isPartOf\":{\"@id\":\"https:\\\/\\\/novellix.com\\\/de\\\/#website\"},\"primaryImageOfPage\":{\"@id\":\"https:\\\/\\\/novellix.com\\\/de\\\/produkt\\\/annette-von-droste-huelshoff\\\/#primaryimage\"},\"image\":{\"@id\":\"https:\\\/\\\/novellix.com\\\/de\\\/produkt\\\/annette-von-droste-huelshoff\\\/#primaryimage\"},\"thumbnailUrl\":\"https:\\\/\\\/novellix.com\\\/de\\\/wp-content\\\/uploads\\\/sites\\\/2\\\/2024\\\/01\\\/annette.jpg\",\"datePublished\":\"2024-01-11T09:59:31+00:00\",\"dateModified\":\"2024-06-10T06:57:58+00:00\",\"breadcrumb\":{\"@id\":\"https:\\\/\\\/novellix.com\\\/de\\\/produkt\\\/annette-von-droste-huelshoff\\\/#breadcrumb\"},\"inLanguage\":\"de\",\"potentialAction\":[{\"@type\":\"ReadAction\",\"target\":[\"https:\\\/\\\/novellix.com\\\/de\\\/produkt\\\/annette-von-droste-huelshoff\\\/\"]}]},{\"@type\":\"ImageObject\",\"inLanguage\":\"de\",\"@id\":\"https:\\\/\\\/novellix.com\\\/de\\\/produkt\\\/annette-von-droste-huelshoff\\\/#primaryimage\",\"url\":\"https:\\\/\\\/novellix.com\\\/de\\\/wp-content\\\/uploads\\\/sites\\\/2\\\/2024\\\/01\\\/annette.jpg\",\"contentUrl\":\"https:\\\/\\\/novellix.com\\\/de\\\/wp-content\\\/uploads\\\/sites\\\/2\\\/2024\\\/01\\\/annette.jpg\",\"width\":1240,\"height\":1748,\"caption\":\"annette\"},{\"@type\":\"BreadcrumbList\",\"@id\":\"https:\\\/\\\/novellix.com\\\/de\\\/produkt\\\/annette-von-droste-huelshoff\\\/#breadcrumb\",\"itemListElement\":[{\"@type\":\"ListItem\",\"position\":1,\"name\":\"Shop\",\"item\":\"https:\\\/\\\/novellix.com\\\/de\\\/shop\\\/\"},{\"@type\":\"ListItem\",\"position\":2,\"name\":\"Annette von Droste-H\u00fclshoff\"}]},{\"@type\":\"WebSite\",\"@id\":\"https:\\\/\\\/novellix.com\\\/de\\\/#website\",\"url\":\"https:\\\/\\\/novellix.com\\\/de\\\/\",\"name\":\"NOVELLIX\",\"description\":\"\",\"potentialAction\":[{\"@type\":\"SearchAction\",\"target\":{\"@type\":\"EntryPoint\",\"urlTemplate\":\"https:\\\/\\\/novellix.com\\\/de\\\/?s={search_term_string}\"},\"query-input\":{\"@type\":\"PropertyValueSpecification\",\"valueRequired\":true,\"valueName\":\"search_term_string\"}}],\"inLanguage\":\"de\"}]}<\/script>\n<!-- \/ Yoast SEO plugin. -->","yoast_head_json":{"title":"Annette von Droste-H\u00fclshoff - NOVELLIX","robots":{"index":"index","follow":"follow","max-snippet":"max-snippet:-1","max-image-preview":"max-image-preview:large","max-video-preview":"max-video-preview:-1"},"canonical":"https:\/\/novellix.com\/de\/produkt\/annette-von-droste-huelshoff\/","og_locale":"de_DE","og_type":"article","og_title":"Annette von Droste-H\u00fclshoff - NOVELLIX","og_description":"Annette von Droste-H\u00fclshoff (1797-1848). Annette von Droste-H\u00fclshoff (1797\u20131848) gilt als eine der bedeutendsten Vertreterinnen deutscher Lyrik ihrer Zeit. Als Tochter einer westf\u00e4lischen Adelsfamilie erlebte sie als unverheiratete Schriftstellerin zeitlebens Widerstand aus der Familie und Gesellschaft, dem sie sich, trotz gesundheitlicher Probleme, mit viel Kraft und Willen entgegensetzte. Zu ihren bekanntesten Werken geh\u00f6rt die Novelle Die [...]","og_url":"https:\/\/novellix.com\/de\/produkt\/annette-von-droste-huelshoff\/","og_site_name":"NOVELLIX","article_modified_time":"2024-06-10T06:57:58+00:00","og_image":[{"width":1240,"height":1748,"url":"https:\/\/novellix.com\/de\/wp-content\/uploads\/sites\/2\/2024\/01\/annette.jpg","type":"image\/jpeg"}],"twitter_card":"summary_large_image","twitter_misc":{"Gesch\u00e4tzte Lesezeit":"1\u00a0Minute"},"schema":{"@context":"https:\/\/schema.org","@graph":[{"@type":"WebPage","@id":"https:\/\/novellix.com\/de\/produkt\/annette-von-droste-huelshoff\/","url":"https:\/\/novellix.com\/de\/produkt\/annette-von-droste-huelshoff\/","name":"Annette von Droste-H\u00fclshoff - NOVELLIX","isPartOf":{"@id":"https:\/\/novellix.com\/de\/#website"},"primaryImageOfPage":{"@id":"https:\/\/novellix.com\/de\/produkt\/annette-von-droste-huelshoff\/#primaryimage"},"image":{"@id":"https:\/\/novellix.com\/de\/produkt\/annette-von-droste-huelshoff\/#primaryimage"},"thumbnailUrl":"https:\/\/novellix.com\/de\/wp-content\/uploads\/sites\/2\/2024\/01\/annette.jpg","datePublished":"2024-01-11T09:59:31+00:00","dateModified":"2024-06-10T06:57:58+00:00","breadcrumb":{"@id":"https:\/\/novellix.com\/de\/produkt\/annette-von-droste-huelshoff\/#breadcrumb"},"inLanguage":"de","potentialAction":[{"@type":"ReadAction","target":["https:\/\/novellix.com\/de\/produkt\/annette-von-droste-huelshoff\/"]}]},{"@type":"ImageObject","inLanguage":"de","@id":"https:\/\/novellix.com\/de\/produkt\/annette-von-droste-huelshoff\/#primaryimage","url":"https:\/\/novellix.com\/de\/wp-content\/uploads\/sites\/2\/2024\/01\/annette.jpg","contentUrl":"https:\/\/novellix.com\/de\/wp-content\/uploads\/sites\/2\/2024\/01\/annette.jpg","width":1240,"height":1748,"caption":"annette"},{"@type":"BreadcrumbList","@id":"https:\/\/novellix.com\/de\/produkt\/annette-von-droste-huelshoff\/#breadcrumb","itemListElement":[{"@type":"ListItem","position":1,"name":"Shop","item":"https:\/\/novellix.com\/de\/shop\/"},{"@type":"ListItem","position":2,"name":"Annette von Droste-H\u00fclshoff"}]},{"@type":"WebSite","@id":"https:\/\/novellix.com\/de\/#website","url":"https:\/\/novellix.com\/de\/","name":"NOVELLIX","description":"","potentialAction":[{"@type":"SearchAction","target":{"@type":"EntryPoint","urlTemplate":"https:\/\/novellix.com\/de\/?s={search_term_string}"},"query-input":{"@type":"PropertyValueSpecification","valueRequired":true,"valueName":"search_term_string"}}],"inLanguage":"de"}]}},"_links":{"self":[{"href":"https:\/\/novellix.com\/de\/wp-json\/wp\/v2\/product\/1302849","targetHints":{"allow":["GET"]}}],"collection":[{"href":"https:\/\/novellix.com\/de\/wp-json\/wp\/v2\/product"}],"about":[{"href":"https:\/\/novellix.com\/de\/wp-json\/wp\/v2\/types\/product"}],"wp:featuredmedia":[{"embeddable":true,"href":"https:\/\/novellix.com\/de\/wp-json\/wp\/v2\/media\/1302912"}],"wp:attachment":[{"href":"https:\/\/novellix.com\/de\/wp-json\/wp\/v2\/media?parent=1302849"}],"wp:term":[{"taxonomy":"product_brand","embeddable":true,"href":"https:\/\/novellix.com\/de\/wp-json\/wp\/v2\/product_brand?post=1302849"},{"taxonomy":"product_cat","embeddable":true,"href":"https:\/\/novellix.com\/de\/wp-json\/wp\/v2\/product_cat?post=1302849"},{"taxonomy":"product_tag","embeddable":true,"href":"https:\/\/novellix.com\/de\/wp-json\/wp\/v2\/product_tag?post=1302849"}],"curies":[{"name":"wp","href":"https:\/\/api.w.org\/{rel}","templated":true}]}}