{"id":1303127,"date":"2024-08-13T11:00:11","date_gmt":"2024-08-13T11:00:11","guid":{"rendered":"https:\/\/novellix.com\/de\/?post_type=product&#038;p=1303127"},"modified":"2025-03-10T08:24:11","modified_gmt":"2025-03-10T08:24:11","slug":"von-eltern-und-kindern","status":"publish","type":"product","link":"https:\/\/novellix.com\/de\/produkt\/von-eltern-und-kindern\/","title":{"rendered":"Von Eltern und Kindern"},"content":{"rendered":"<p>Nicht von schlechten Eltern! Oder vielleicht doch? Vier hochkar\u00e4tige Autorinnen stellen Fragen, die jeder kennt, der schon mal Mutter, Vater, Tochter oder Sohn war: Wann sind Eltern eigentlich gut? Wie funktionieren Familien? Was ist eine gl\u00fcckliche Kindheit?<\/p>\n<p>Mitrei\u00dfend, komisch und nachdenklich erz\u00e4hlen Anke Stelling, Daniela Dr\u00f6scher, Sara Stridsberg und Ingvild R. Rish\u00f8i hier von den wichtigsten \u2013 und bisweilen den schwierigsten \u2013 Beziehungen, die Menschen so haben k\u00f6nnen. Dabei geht es um schw\u00e4bische (Gro\u00df-)M\u00fctter, tyrannische V\u00e4ter, unfreiwillige Wahlverwandschaften und in jeder Hinsicht um das Existenzminimum in der Beziehung zwischen Eltern und Kindern.<\/p>\n<p>VON ELTERN UND KINDERN enth\u00e4lt folgende Erz\u00e4hlungen:<br \/>\n<a href=\"https:\/\/novellix.com\/de\/produkt\/heilsversprechen\/\">Anke Stelling: Heilsversprechen<\/a><br \/>\n<a href=\"https:\/\/novellix.com\/de\/produkt\/wir-waren-raubtiere\/\">Sara Stridsberg: Wir waren Raubtiere<\/a><br \/>\n<a href=\"https:\/\/novellix.com\/de\/produkt\/ophelia-mach-hinne\/\">Daniela Dr\u00f6scher: Ophelia, mach hinne<\/a><br \/>\n<a href=\"https:\/\/novellix.com\/de\/produkt\/wir-koennen-nicht-allen-helfen\/\">Ingvild R. Rish\u00f8i: Wir k\u00f6nnen nicht allen helfen<\/a><\/p>\n","protected":false},"excerpt":{"rendered":"<p>Nicht von schlechten Eltern! Oder vielleicht doch? Vier hochkar\u00e4tige Autorinnen stellen Fragen, die jeder kennt, der schon mal Mutter, Vater, Tochter oder Sohn war: Wann sind Eltern eigentlich gut? Wie funktionieren Familien? Was ist eine gl\u00fcckliche Kindheit? Mitrei\u00dfend, komisch und nachdenklich erz\u00e4hlen Anke Stelling, Daniela Dr\u00f6scher, Sara Stridsberg und Ingvild R. Rish\u00f8i hier von den [&#8230;]\n","protected":false},"featured_media":1303128,"template":"","meta":[],"product_brand":[],"product_cat":[73],"product_tag":[],"class_list":{"0":"post-1303127","1":"product","2":"type-product","3":"status-publish","4":"has-post-thumbnail","6":"product_cat-buchboxen","8":"first","9":"instock","10":"shipping-taxable","11":"product-type-simple"},"yoast_head":"<!-- This site is optimized with the Yoast SEO plugin v27.3 - https:\/\/yoast.com\/product\/yoast-seo-wordpress\/ -->\n<title>Von Eltern und Kindern<\/title>\n<meta name=\"description\" content=\"Nicht von schlechten Eltern! Oder vielleicht doch? Vier hochkar\u00e4tige Autorinnen stellen Fragen, die jeder kennt, der schon mal Mutter, Vater, Tochter oder Sohn war: Wann sind Eltern eigentlich gut? Wie funktionieren Familien?\" \/>\n<meta name=\"robots\" content=\"index, follow, max-snippet:-1, max-image-preview:large, max-video-preview:-1\" \/>\n<link rel=\"canonical\" href=\"https:\/\/novellix.com\/de\/produkt\/von-eltern-und-kindern\/\" \/>\n<meta property=\"og:locale\" content=\"de_DE\" \/>\n<meta property=\"og:type\" content=\"article\" \/>\n<meta property=\"og:title\" content=\"Von Eltern und Kindern\" \/>\n<meta property=\"og:description\" content=\"Nicht von schlechten Eltern! Oder vielleicht doch? Vier hochkar\u00e4tige Autorinnen stellen Fragen, die jeder kennt, der schon mal Mutter, Vater, Tochter oder Sohn war: Wann sind Eltern eigentlich gut? Wie funktionieren Familien?\" \/>\n<meta property=\"og:url\" content=\"https:\/\/novellix.com\/de\/produkt\/von-eltern-und-kindern\/\" \/>\n<meta property=\"og:site_name\" content=\"NOVELLIX\" \/>\n<meta property=\"article:modified_time\" content=\"2025-03-10T08:24:11+00:00\" \/>\n<meta property=\"og:image\" content=\"https:\/\/novellix.com\/de\/wp-content\/uploads\/sites\/2\/2024\/08\/Von-Eltern-und-Kindern-1.jpg\" \/>\n\t<meta property=\"og:image:width\" content=\"1065\" \/>\n\t<meta property=\"og:image:height\" content=\"1500\" \/>\n\t<meta property=\"og:image:type\" content=\"image\/jpeg\" \/>\n<meta name=\"twitter:card\" content=\"summary_large_image\" \/>\n<meta name=\"twitter:label1\" content=\"Gesch\u00e4tzte Lesezeit\" \/>\n\t<meta name=\"twitter:data1\" content=\"1\u00a0Minute\" \/>\n<script type=\"application\/ld+json\" class=\"yoast-schema-graph\">{\"@context\":\"https:\\\/\\\/schema.org\",\"@graph\":[{\"@type\":\"WebPage\",\"@id\":\"https:\\\/\\\/novellix.com\\\/de\\\/produkt\\\/von-eltern-und-kindern\\\/\",\"url\":\"https:\\\/\\\/novellix.com\\\/de\\\/produkt\\\/von-eltern-und-kindern\\\/\",\"name\":\"Von Eltern und Kindern\",\"isPartOf\":{\"@id\":\"https:\\\/\\\/novellix.com\\\/de\\\/#website\"},\"primaryImageOfPage\":{\"@id\":\"https:\\\/\\\/novellix.com\\\/de\\\/produkt\\\/von-eltern-und-kindern\\\/#primaryimage\"},\"image\":{\"@id\":\"https:\\\/\\\/novellix.com\\\/de\\\/produkt\\\/von-eltern-und-kindern\\\/#primaryimage\"},\"thumbnailUrl\":\"https:\\\/\\\/novellix.com\\\/de\\\/wp-content\\\/uploads\\\/sites\\\/2\\\/2024\\\/08\\\/Von-Eltern-und-Kindern-1.jpg\",\"datePublished\":\"2024-08-13T11:00:11+00:00\",\"dateModified\":\"2025-03-10T08:24:11+00:00\",\"description\":\"Nicht von schlechten Eltern! Oder vielleicht doch? Vier hochkar\u00e4tige Autorinnen stellen Fragen, die jeder kennt, der schon mal Mutter, Vater, Tochter oder Sohn war: Wann sind Eltern eigentlich gut? Wie funktionieren Familien?\",\"breadcrumb\":{\"@id\":\"https:\\\/\\\/novellix.com\\\/de\\\/produkt\\\/von-eltern-und-kindern\\\/#breadcrumb\"},\"inLanguage\":\"de\",\"potentialAction\":[{\"@type\":\"ReadAction\",\"target\":[\"https:\\\/\\\/novellix.com\\\/de\\\/produkt\\\/von-eltern-und-kindern\\\/\"]}]},{\"@type\":\"ImageObject\",\"inLanguage\":\"de\",\"@id\":\"https:\\\/\\\/novellix.com\\\/de\\\/produkt\\\/von-eltern-und-kindern\\\/#primaryimage\",\"url\":\"https:\\\/\\\/novellix.com\\\/de\\\/wp-content\\\/uploads\\\/sites\\\/2\\\/2024\\\/08\\\/Von-Eltern-und-Kindern-1.jpg\",\"contentUrl\":\"https:\\\/\\\/novellix.com\\\/de\\\/wp-content\\\/uploads\\\/sites\\\/2\\\/2024\\\/08\\\/Von-Eltern-und-Kindern-1.jpg\",\"width\":1065,\"height\":1500},{\"@type\":\"BreadcrumbList\",\"@id\":\"https:\\\/\\\/novellix.com\\\/de\\\/produkt\\\/von-eltern-und-kindern\\\/#breadcrumb\",\"itemListElement\":[{\"@type\":\"ListItem\",\"position\":1,\"name\":\"Shop\",\"item\":\"https:\\\/\\\/novellix.com\\\/de\\\/shop\\\/\"},{\"@type\":\"ListItem\",\"position\":2,\"name\":\"Von Eltern und Kindern\"}]},{\"@type\":\"WebSite\",\"@id\":\"https:\\\/\\\/novellix.com\\\/de\\\/#website\",\"url\":\"https:\\\/\\\/novellix.com\\\/de\\\/\",\"name\":\"NOVELLIX\",\"description\":\"\",\"potentialAction\":[{\"@type\":\"SearchAction\",\"target\":{\"@type\":\"EntryPoint\",\"urlTemplate\":\"https:\\\/\\\/novellix.com\\\/de\\\/?s={search_term_string}\"},\"query-input\":{\"@type\":\"PropertyValueSpecification\",\"valueRequired\":true,\"valueName\":\"search_term_string\"}}],\"inLanguage\":\"de\"}]}<\/script>\n<!-- \/ Yoast SEO plugin. -->","yoast_head_json":{"title":"Von Eltern und Kindern","description":"Nicht von schlechten Eltern! Oder vielleicht doch? Vier hochkar\u00e4tige Autorinnen stellen Fragen, die jeder kennt, der schon mal Mutter, Vater, Tochter oder Sohn war: Wann sind Eltern eigentlich gut? Wie funktionieren Familien?","robots":{"index":"index","follow":"follow","max-snippet":"max-snippet:-1","max-image-preview":"max-image-preview:large","max-video-preview":"max-video-preview:-1"},"canonical":"https:\/\/novellix.com\/de\/produkt\/von-eltern-und-kindern\/","og_locale":"de_DE","og_type":"article","og_title":"Von Eltern und Kindern","og_description":"Nicht von schlechten Eltern! Oder vielleicht doch? Vier hochkar\u00e4tige Autorinnen stellen Fragen, die jeder kennt, der schon mal Mutter, Vater, Tochter oder Sohn war: Wann sind Eltern eigentlich gut? Wie funktionieren Familien?","og_url":"https:\/\/novellix.com\/de\/produkt\/von-eltern-und-kindern\/","og_site_name":"NOVELLIX","article_modified_time":"2025-03-10T08:24:11+00:00","og_image":[{"width":1065,"height":1500,"url":"https:\/\/novellix.com\/de\/wp-content\/uploads\/sites\/2\/2024\/08\/Von-Eltern-und-Kindern-1.jpg","type":"image\/jpeg"}],"twitter_card":"summary_large_image","twitter_misc":{"Gesch\u00e4tzte Lesezeit":"1\u00a0Minute"},"schema":{"@context":"https:\/\/schema.org","@graph":[{"@type":"WebPage","@id":"https:\/\/novellix.com\/de\/produkt\/von-eltern-und-kindern\/","url":"https:\/\/novellix.com\/de\/produkt\/von-eltern-und-kindern\/","name":"Von Eltern und Kindern","isPartOf":{"@id":"https:\/\/novellix.com\/de\/#website"},"primaryImageOfPage":{"@id":"https:\/\/novellix.com\/de\/produkt\/von-eltern-und-kindern\/#primaryimage"},"image":{"@id":"https:\/\/novellix.com\/de\/produkt\/von-eltern-und-kindern\/#primaryimage"},"thumbnailUrl":"https:\/\/novellix.com\/de\/wp-content\/uploads\/sites\/2\/2024\/08\/Von-Eltern-und-Kindern-1.jpg","datePublished":"2024-08-13T11:00:11+00:00","dateModified":"2025-03-10T08:24:11+00:00","description":"Nicht von schlechten Eltern! Oder vielleicht doch? Vier hochkar\u00e4tige Autorinnen stellen Fragen, die jeder kennt, der schon mal Mutter, Vater, Tochter oder Sohn war: Wann sind Eltern eigentlich gut? Wie funktionieren Familien?","breadcrumb":{"@id":"https:\/\/novellix.com\/de\/produkt\/von-eltern-und-kindern\/#breadcrumb"},"inLanguage":"de","potentialAction":[{"@type":"ReadAction","target":["https:\/\/novellix.com\/de\/produkt\/von-eltern-und-kindern\/"]}]},{"@type":"ImageObject","inLanguage":"de","@id":"https:\/\/novellix.com\/de\/produkt\/von-eltern-und-kindern\/#primaryimage","url":"https:\/\/novellix.com\/de\/wp-content\/uploads\/sites\/2\/2024\/08\/Von-Eltern-und-Kindern-1.jpg","contentUrl":"https:\/\/novellix.com\/de\/wp-content\/uploads\/sites\/2\/2024\/08\/Von-Eltern-und-Kindern-1.jpg","width":1065,"height":1500},{"@type":"BreadcrumbList","@id":"https:\/\/novellix.com\/de\/produkt\/von-eltern-und-kindern\/#breadcrumb","itemListElement":[{"@type":"ListItem","position":1,"name":"Shop","item":"https:\/\/novellix.com\/de\/shop\/"},{"@type":"ListItem","position":2,"name":"Von Eltern und Kindern"}]},{"@type":"WebSite","@id":"https:\/\/novellix.com\/de\/#website","url":"https:\/\/novellix.com\/de\/","name":"NOVELLIX","description":"","potentialAction":[{"@type":"SearchAction","target":{"@type":"EntryPoint","urlTemplate":"https:\/\/novellix.com\/de\/?s={search_term_string}"},"query-input":{"@type":"PropertyValueSpecification","valueRequired":true,"valueName":"search_term_string"}}],"inLanguage":"de"}]}},"_links":{"self":[{"href":"https:\/\/novellix.com\/de\/wp-json\/wp\/v2\/product\/1303127","targetHints":{"allow":["GET"]}}],"collection":[{"href":"https:\/\/novellix.com\/de\/wp-json\/wp\/v2\/product"}],"about":[{"href":"https:\/\/novellix.com\/de\/wp-json\/wp\/v2\/types\/product"}],"wp:featuredmedia":[{"embeddable":true,"href":"https:\/\/novellix.com\/de\/wp-json\/wp\/v2\/media\/1303128"}],"wp:attachment":[{"href":"https:\/\/novellix.com\/de\/wp-json\/wp\/v2\/media?parent=1303127"}],"wp:term":[{"taxonomy":"product_brand","embeddable":true,"href":"https:\/\/novellix.com\/de\/wp-json\/wp\/v2\/product_brand?post=1303127"},{"taxonomy":"product_cat","embeddable":true,"href":"https:\/\/novellix.com\/de\/wp-json\/wp\/v2\/product_cat?post=1303127"},{"taxonomy":"product_tag","embeddable":true,"href":"https:\/\/novellix.com\/de\/wp-json\/wp\/v2\/product_tag?post=1303127"}],"curies":[{"name":"wp","href":"https:\/\/api.w.org\/{rel}","templated":true}]}}