{"id":1303131,"date":"2024-08-13T11:04:11","date_gmt":"2024-08-13T11:04:11","guid":{"rendered":"https:\/\/novellix.com\/de\/?post_type=product&#038;p=1303131"},"modified":"2025-01-17T10:17:12","modified_gmt":"2025-01-17T10:17:12","slug":"heilig-abend","status":"publish","type":"product","link":"https:\/\/novellix.com\/de\/produkt\/heilig-abend\/","title":{"rendered":"Heilig Abend"},"content":{"rendered":"<p><span style=\"font-weight: 400;\">Nicht jeder Heiligabend wird zum perfekten Fest. Im Wirrwarr unterschiedlicher Vorstellungen, Traditionen und Kulturen entstehen nicht nur freudige Erwartungen, sondern auch Missverst\u00e4ndnisse, Spannungen, Dramen und Aufl\u00f6sungen. Gleichzeitig sind da diese Erinnerungen an herrliche Weihnachten aus der Kindheit und vergangene Tage. So liegt \u00fcber all dem Wahnsinn auch immer wieder ein heiliger Hauch von Weihnachtswunder \u2026<\/span><\/p>\n<p><span style=\"font-weight: 400;\">Vier \u201ebesinnliche\u201c Erz\u00e4hlungen, von klassisch bis hochaktuell, von gem\u00fctlich bis nachdenklich \u2013 der perfekte Begleiter vor, nach und w\u00e4hrend der Feiertage!<\/span><\/p>\n<p>HEILIG ABEND enth\u00e4lt folgende Erz\u00e4hlungen:<br \/>\n<a href=\"https:\/\/novellix.com\/de\/produkt\/keine-weihnachtsgeschichte\/\">Lena Gorelik: Keine Weihnachtsgeschichte<\/a><br \/>\n<a href=\"https:\/\/novellix.com\/de\/produkt\/weihnachten-in-berlin\/\">Hans Fallada: Weihnachten in Berlin<\/a><br \/>\n<a href=\"https:\/\/novellix.com\/de\/produkt\/weihnachten-mit-huesniye\/\">Sarah Khan: Weihnachten mit H\u00fcsniye<\/a><br \/>\n<a href=\"https:\/\/novellix.com\/de\/produkt\/ein-weihnachtsgast\/\">Selma Lagerl\u00f6f: Ein Weihnachtsgast<\/a><\/p>\n","protected":false},"excerpt":{"rendered":"<p>Nicht jeder Heiligabend wird zum perfekten Fest. Im Wirrwarr unterschiedlicher Vorstellungen, Traditionen und Kulturen entstehen nicht nur freudige Erwartungen, sondern auch Missverst\u00e4ndnisse, Spannungen, Dramen und Aufl\u00f6sungen. Gleichzeitig sind da diese Erinnerungen an herrliche Weihnachten aus der Kindheit und vergangene Tage. So liegt \u00fcber all dem Wahnsinn auch immer wieder ein heiliger Hauch von Weihnachtswunder \u2026 [&#8230;]\n","protected":false},"featured_media":1303132,"template":"","meta":[],"product_brand":[],"product_cat":[73],"product_tag":[],"class_list":{"0":"post-1303131","1":"product","2":"type-product","3":"status-publish","4":"has-post-thumbnail","6":"product_cat-buchboxen","8":"first","9":"instock","10":"shipping-taxable","11":"product-type-simple"},"yoast_head":"<!-- This site is optimized with the Yoast SEO plugin v27.3 - https:\/\/yoast.com\/product\/yoast-seo-wordpress\/ -->\n<title>Heilig Abend<\/title>\n<meta name=\"description\" content=\"HEILIG ABEND enth\u00e4lt folgende Erz\u00e4hlungen:Lena Gorelik: Keine WeihnachtsgeschichteHans Fallada: Weihnachten in BerlinSarah Khan: Weihnachten mit H\u00fcsniyeSelma Lagerl\u00f6f: Ein Weihnachtsgast\" \/>\n<meta name=\"robots\" content=\"index, follow, max-snippet:-1, max-image-preview:large, max-video-preview:-1\" \/>\n<link rel=\"canonical\" href=\"https:\/\/novellix.com\/de\/produkt\/heilig-abend\/\" \/>\n<meta property=\"og:locale\" content=\"de_DE\" \/>\n<meta property=\"og:type\" content=\"article\" \/>\n<meta property=\"og:title\" content=\"Heilig Abend\" \/>\n<meta property=\"og:description\" content=\"HEILIG ABEND enth\u00e4lt folgende Erz\u00e4hlungen:Lena Gorelik: Keine WeihnachtsgeschichteHans Fallada: Weihnachten in BerlinSarah Khan: Weihnachten mit H\u00fcsniyeSelma Lagerl\u00f6f: Ein Weihnachtsgast\" \/>\n<meta property=\"og:url\" content=\"https:\/\/novellix.com\/de\/produkt\/heilig-abend\/\" \/>\n<meta property=\"og:site_name\" content=\"NOVELLIX\" \/>\n<meta property=\"article:modified_time\" content=\"2025-01-17T10:17:12+00:00\" \/>\n<meta property=\"og:image\" content=\"https:\/\/novellix.com\/de\/wp-content\/uploads\/sites\/2\/2024\/08\/Helig-Abend-1.jpg\" \/>\n\t<meta property=\"og:image:width\" content=\"1065\" \/>\n\t<meta property=\"og:image:height\" content=\"1500\" \/>\n\t<meta property=\"og:image:type\" content=\"image\/jpeg\" \/>\n<meta name=\"twitter:card\" content=\"summary_large_image\" \/>\n<meta name=\"twitter:label1\" content=\"Gesch\u00e4tzte Lesezeit\" \/>\n\t<meta name=\"twitter:data1\" content=\"1\u00a0Minute\" \/>\n<script type=\"application\/ld+json\" class=\"yoast-schema-graph\">{\"@context\":\"https:\\\/\\\/schema.org\",\"@graph\":[{\"@type\":\"WebPage\",\"@id\":\"https:\\\/\\\/novellix.com\\\/de\\\/produkt\\\/heilig-abend\\\/\",\"url\":\"https:\\\/\\\/novellix.com\\\/de\\\/produkt\\\/heilig-abend\\\/\",\"name\":\"Heilig Abend\",\"isPartOf\":{\"@id\":\"https:\\\/\\\/novellix.com\\\/de\\\/#website\"},\"primaryImageOfPage\":{\"@id\":\"https:\\\/\\\/novellix.com\\\/de\\\/produkt\\\/heilig-abend\\\/#primaryimage\"},\"image\":{\"@id\":\"https:\\\/\\\/novellix.com\\\/de\\\/produkt\\\/heilig-abend\\\/#primaryimage\"},\"thumbnailUrl\":\"https:\\\/\\\/novellix.com\\\/de\\\/wp-content\\\/uploads\\\/sites\\\/2\\\/2024\\\/08\\\/Helig-Abend-1.jpg\",\"datePublished\":\"2024-08-13T11:04:11+00:00\",\"dateModified\":\"2025-01-17T10:17:12+00:00\",\"description\":\"HEILIG ABEND enth\u00e4lt folgende Erz\u00e4hlungen:Lena Gorelik: Keine WeihnachtsgeschichteHans Fallada: Weihnachten in BerlinSarah Khan: Weihnachten mit H\u00fcsniyeSelma Lagerl\u00f6f: Ein Weihnachtsgast\",\"breadcrumb\":{\"@id\":\"https:\\\/\\\/novellix.com\\\/de\\\/produkt\\\/heilig-abend\\\/#breadcrumb\"},\"inLanguage\":\"de\",\"potentialAction\":[{\"@type\":\"ReadAction\",\"target\":[\"https:\\\/\\\/novellix.com\\\/de\\\/produkt\\\/heilig-abend\\\/\"]}]},{\"@type\":\"ImageObject\",\"inLanguage\":\"de\",\"@id\":\"https:\\\/\\\/novellix.com\\\/de\\\/produkt\\\/heilig-abend\\\/#primaryimage\",\"url\":\"https:\\\/\\\/novellix.com\\\/de\\\/wp-content\\\/uploads\\\/sites\\\/2\\\/2024\\\/08\\\/Helig-Abend-1.jpg\",\"contentUrl\":\"https:\\\/\\\/novellix.com\\\/de\\\/wp-content\\\/uploads\\\/sites\\\/2\\\/2024\\\/08\\\/Helig-Abend-1.jpg\",\"width\":1065,\"height\":1500},{\"@type\":\"BreadcrumbList\",\"@id\":\"https:\\\/\\\/novellix.com\\\/de\\\/produkt\\\/heilig-abend\\\/#breadcrumb\",\"itemListElement\":[{\"@type\":\"ListItem\",\"position\":1,\"name\":\"Shop\",\"item\":\"https:\\\/\\\/novellix.com\\\/de\\\/shop\\\/\"},{\"@type\":\"ListItem\",\"position\":2,\"name\":\"Heilig Abend\"}]},{\"@type\":\"WebSite\",\"@id\":\"https:\\\/\\\/novellix.com\\\/de\\\/#website\",\"url\":\"https:\\\/\\\/novellix.com\\\/de\\\/\",\"name\":\"NOVELLIX\",\"description\":\"\",\"potentialAction\":[{\"@type\":\"SearchAction\",\"target\":{\"@type\":\"EntryPoint\",\"urlTemplate\":\"https:\\\/\\\/novellix.com\\\/de\\\/?s={search_term_string}\"},\"query-input\":{\"@type\":\"PropertyValueSpecification\",\"valueRequired\":true,\"valueName\":\"search_term_string\"}}],\"inLanguage\":\"de\"}]}<\/script>\n<!-- \/ Yoast SEO plugin. -->","yoast_head_json":{"title":"Heilig Abend","description":"HEILIG ABEND enth\u00e4lt folgende Erz\u00e4hlungen:Lena Gorelik: Keine WeihnachtsgeschichteHans Fallada: Weihnachten in BerlinSarah Khan: Weihnachten mit H\u00fcsniyeSelma Lagerl\u00f6f: Ein Weihnachtsgast","robots":{"index":"index","follow":"follow","max-snippet":"max-snippet:-1","max-image-preview":"max-image-preview:large","max-video-preview":"max-video-preview:-1"},"canonical":"https:\/\/novellix.com\/de\/produkt\/heilig-abend\/","og_locale":"de_DE","og_type":"article","og_title":"Heilig Abend","og_description":"HEILIG ABEND enth\u00e4lt folgende Erz\u00e4hlungen:Lena Gorelik: Keine WeihnachtsgeschichteHans Fallada: Weihnachten in BerlinSarah Khan: Weihnachten mit H\u00fcsniyeSelma Lagerl\u00f6f: Ein Weihnachtsgast","og_url":"https:\/\/novellix.com\/de\/produkt\/heilig-abend\/","og_site_name":"NOVELLIX","article_modified_time":"2025-01-17T10:17:12+00:00","og_image":[{"width":1065,"height":1500,"url":"https:\/\/novellix.com\/de\/wp-content\/uploads\/sites\/2\/2024\/08\/Helig-Abend-1.jpg","type":"image\/jpeg"}],"twitter_card":"summary_large_image","twitter_misc":{"Gesch\u00e4tzte Lesezeit":"1\u00a0Minute"},"schema":{"@context":"https:\/\/schema.org","@graph":[{"@type":"WebPage","@id":"https:\/\/novellix.com\/de\/produkt\/heilig-abend\/","url":"https:\/\/novellix.com\/de\/produkt\/heilig-abend\/","name":"Heilig Abend","isPartOf":{"@id":"https:\/\/novellix.com\/de\/#website"},"primaryImageOfPage":{"@id":"https:\/\/novellix.com\/de\/produkt\/heilig-abend\/#primaryimage"},"image":{"@id":"https:\/\/novellix.com\/de\/produkt\/heilig-abend\/#primaryimage"},"thumbnailUrl":"https:\/\/novellix.com\/de\/wp-content\/uploads\/sites\/2\/2024\/08\/Helig-Abend-1.jpg","datePublished":"2024-08-13T11:04:11+00:00","dateModified":"2025-01-17T10:17:12+00:00","description":"HEILIG ABEND enth\u00e4lt folgende Erz\u00e4hlungen:Lena Gorelik: Keine WeihnachtsgeschichteHans Fallada: Weihnachten in BerlinSarah Khan: Weihnachten mit H\u00fcsniyeSelma Lagerl\u00f6f: Ein Weihnachtsgast","breadcrumb":{"@id":"https:\/\/novellix.com\/de\/produkt\/heilig-abend\/#breadcrumb"},"inLanguage":"de","potentialAction":[{"@type":"ReadAction","target":["https:\/\/novellix.com\/de\/produkt\/heilig-abend\/"]}]},{"@type":"ImageObject","inLanguage":"de","@id":"https:\/\/novellix.com\/de\/produkt\/heilig-abend\/#primaryimage","url":"https:\/\/novellix.com\/de\/wp-content\/uploads\/sites\/2\/2024\/08\/Helig-Abend-1.jpg","contentUrl":"https:\/\/novellix.com\/de\/wp-content\/uploads\/sites\/2\/2024\/08\/Helig-Abend-1.jpg","width":1065,"height":1500},{"@type":"BreadcrumbList","@id":"https:\/\/novellix.com\/de\/produkt\/heilig-abend\/#breadcrumb","itemListElement":[{"@type":"ListItem","position":1,"name":"Shop","item":"https:\/\/novellix.com\/de\/shop\/"},{"@type":"ListItem","position":2,"name":"Heilig Abend"}]},{"@type":"WebSite","@id":"https:\/\/novellix.com\/de\/#website","url":"https:\/\/novellix.com\/de\/","name":"NOVELLIX","description":"","potentialAction":[{"@type":"SearchAction","target":{"@type":"EntryPoint","urlTemplate":"https:\/\/novellix.com\/de\/?s={search_term_string}"},"query-input":{"@type":"PropertyValueSpecification","valueRequired":true,"valueName":"search_term_string"}}],"inLanguage":"de"}]}},"_links":{"self":[{"href":"https:\/\/novellix.com\/de\/wp-json\/wp\/v2\/product\/1303131","targetHints":{"allow":["GET"]}}],"collection":[{"href":"https:\/\/novellix.com\/de\/wp-json\/wp\/v2\/product"}],"about":[{"href":"https:\/\/novellix.com\/de\/wp-json\/wp\/v2\/types\/product"}],"wp:featuredmedia":[{"embeddable":true,"href":"https:\/\/novellix.com\/de\/wp-json\/wp\/v2\/media\/1303132"}],"wp:attachment":[{"href":"https:\/\/novellix.com\/de\/wp-json\/wp\/v2\/media?parent=1303131"}],"wp:term":[{"taxonomy":"product_brand","embeddable":true,"href":"https:\/\/novellix.com\/de\/wp-json\/wp\/v2\/product_brand?post=1303131"},{"taxonomy":"product_cat","embeddable":true,"href":"https:\/\/novellix.com\/de\/wp-json\/wp\/v2\/product_cat?post=1303131"},{"taxonomy":"product_tag","embeddable":true,"href":"https:\/\/novellix.com\/de\/wp-json\/wp\/v2\/product_tag?post=1303131"}],"curies":[{"name":"wp","href":"https:\/\/api.w.org\/{rel}","templated":true}]}}