{"id":1303134,"date":"2024-08-13T11:09:03","date_gmt":"2024-08-13T11:09:03","guid":{"rendered":"https:\/\/novellix.com\/de\/?post_type=product&#038;p=1303134"},"modified":"2025-03-10T08:08:20","modified_gmt":"2025-03-10T08:08:20","slug":"heilsversprechen","status":"publish","type":"product","link":"https:\/\/novellix.com\/de\/produkt\/heilsversprechen\/","title":{"rendered":"Heilsversprechen"},"content":{"rendered":"<p><em>Gloria hatte gut zwei Monate vor dem echten Jesuskind Geburtstag, aber es gab andere Parallelen. Wie beim echten Jesuskind war auch bei Gloria die Vaterschaft nicht endg\u00fcltig gekl\u00e4rt, denn Carina hatte seit vielen Jahren keine feste Beziehung mehr gehabt und niemand wusste, ob sie \u00fcberhaupt noch mit \u00adM\u00e4nnern schlief.<\/em><\/p>\n<p>Die Geburt eines Kindes ver\u00e4ndert nicht nur das Leben der Eltern. Auch Freunden, Kollegen, \u00adBekannten, Gro\u00dfeltern und deren Bekannten spendet sie Freude, Hoffnung und pure Lebens\u00adlust. Die gelungene Fortpflanzung ist das ultima\u00adtive Heilsversprechen! Auch in Carinas erweiterter Familie wird dabei vor Entz\u00fcckung so manche \u00adGrenze \u00fcberschritten und so manches neu verhandelt.<\/p>\n<p>Mit Humor und hohem Wiedererkennungswert beschreibt die mehrfach ausgezeichnete Autorin Anke Stelling unerwartete, anstrengende und nicht selten absurd komische Situationen, in denen sich junge Eltern im Kreise ihrer Lieben \u00adwiederfinden.<\/p>\n","protected":false},"excerpt":{"rendered":"<p>Gloria hatte gut zwei Monate vor dem echten Jesuskind Geburtstag, aber es gab andere Parallelen. Wie beim echten Jesuskind war auch bei Gloria die Vaterschaft nicht endg\u00fcltig gekl\u00e4rt, denn Carina hatte seit vielen Jahren keine feste Beziehung mehr gehabt und niemand wusste, ob sie \u00fcberhaupt noch mit \u00adM\u00e4nnern schlief. Die Geburt eines Kindes ver\u00e4ndert nicht [&#8230;]\n","protected":false},"featured_media":1303135,"template":"","meta":[],"product_brand":[],"product_cat":[79],"product_tag":[],"class_list":{"0":"post-1303134","1":"product","2":"type-product","3":"status-publish","4":"has-post-thumbnail","6":"product_cat-noveller","8":"first","9":"instock","10":"shipping-taxable","11":"product-type-simple"},"yoast_head":"<!-- This site is optimized with the Yoast SEO plugin v27.3 - https:\/\/yoast.com\/product\/yoast-seo-wordpress\/ -->\n<title>Heilsversprechen<\/title>\n<meta name=\"description\" content=\"Mit Humor und hohem Wiedererkennungswert beschreibt die mehrfach ausgezeichnete Autorin Anke Stelling unerwartete, anstrengende und nicht selten absurd komische Situationen, in denen sich junge Eltern im Kreise ihrer Lieben \u00adwiederfinden.\" \/>\n<meta name=\"robots\" content=\"index, follow, max-snippet:-1, max-image-preview:large, max-video-preview:-1\" \/>\n<link rel=\"canonical\" href=\"https:\/\/novellix.com\/de\/produkt\/heilsversprechen\/\" \/>\n<meta property=\"og:locale\" content=\"de_DE\" \/>\n<meta property=\"og:type\" content=\"article\" \/>\n<meta property=\"og:title\" content=\"Heilsversprechen\" \/>\n<meta property=\"og:description\" content=\"Mit Humor und hohem Wiedererkennungswert beschreibt die mehrfach ausgezeichnete Autorin Anke Stelling unerwartete, anstrengende und nicht selten absurd komische Situationen, in denen sich junge Eltern im Kreise ihrer Lieben \u00adwiederfinden.\" \/>\n<meta property=\"og:url\" content=\"https:\/\/novellix.com\/de\/produkt\/heilsversprechen\/\" \/>\n<meta property=\"og:site_name\" content=\"NOVELLIX\" \/>\n<meta property=\"article:modified_time\" content=\"2025-03-10T08:08:20+00:00\" \/>\n<meta property=\"og:image\" content=\"https:\/\/novellix.com\/de\/wp-content\/uploads\/sites\/2\/2024\/08\/Heilsversprechen_rgb.jpg\" \/>\n\t<meta property=\"og:image:width\" content=\"1240\" \/>\n\t<meta property=\"og:image:height\" content=\"1748\" \/>\n\t<meta property=\"og:image:type\" content=\"image\/jpeg\" \/>\n<meta name=\"twitter:card\" content=\"summary_large_image\" \/>\n<meta name=\"twitter:label1\" content=\"Gesch\u00e4tzte Lesezeit\" \/>\n\t<meta name=\"twitter:data1\" content=\"1\u00a0Minute\" \/>\n<script type=\"application\/ld+json\" class=\"yoast-schema-graph\">{\"@context\":\"https:\\\/\\\/schema.org\",\"@graph\":[{\"@type\":\"WebPage\",\"@id\":\"https:\\\/\\\/novellix.com\\\/de\\\/produkt\\\/heilsversprechen\\\/\",\"url\":\"https:\\\/\\\/novellix.com\\\/de\\\/produkt\\\/heilsversprechen\\\/\",\"name\":\"Heilsversprechen\",\"isPartOf\":{\"@id\":\"https:\\\/\\\/novellix.com\\\/de\\\/#website\"},\"primaryImageOfPage\":{\"@id\":\"https:\\\/\\\/novellix.com\\\/de\\\/produkt\\\/heilsversprechen\\\/#primaryimage\"},\"image\":{\"@id\":\"https:\\\/\\\/novellix.com\\\/de\\\/produkt\\\/heilsversprechen\\\/#primaryimage\"},\"thumbnailUrl\":\"https:\\\/\\\/novellix.com\\\/de\\\/wp-content\\\/uploads\\\/sites\\\/2\\\/2024\\\/08\\\/Heilsversprechen_rgb.jpg\",\"datePublished\":\"2024-08-13T11:09:03+00:00\",\"dateModified\":\"2025-03-10T08:08:20+00:00\",\"description\":\"Mit Humor und hohem Wiedererkennungswert beschreibt die mehrfach ausgezeichnete Autorin Anke Stelling unerwartete, anstrengende und nicht selten absurd komische Situationen, in denen sich junge Eltern im Kreise ihrer Lieben \u00adwiederfinden.\",\"breadcrumb\":{\"@id\":\"https:\\\/\\\/novellix.com\\\/de\\\/produkt\\\/heilsversprechen\\\/#breadcrumb\"},\"inLanguage\":\"de\",\"potentialAction\":[{\"@type\":\"ReadAction\",\"target\":[\"https:\\\/\\\/novellix.com\\\/de\\\/produkt\\\/heilsversprechen\\\/\"]}]},{\"@type\":\"ImageObject\",\"inLanguage\":\"de\",\"@id\":\"https:\\\/\\\/novellix.com\\\/de\\\/produkt\\\/heilsversprechen\\\/#primaryimage\",\"url\":\"https:\\\/\\\/novellix.com\\\/de\\\/wp-content\\\/uploads\\\/sites\\\/2\\\/2024\\\/08\\\/Heilsversprechen_rgb.jpg\",\"contentUrl\":\"https:\\\/\\\/novellix.com\\\/de\\\/wp-content\\\/uploads\\\/sites\\\/2\\\/2024\\\/08\\\/Heilsversprechen_rgb.jpg\",\"width\":1240,\"height\":1748},{\"@type\":\"BreadcrumbList\",\"@id\":\"https:\\\/\\\/novellix.com\\\/de\\\/produkt\\\/heilsversprechen\\\/#breadcrumb\",\"itemListElement\":[{\"@type\":\"ListItem\",\"position\":1,\"name\":\"Shop\",\"item\":\"https:\\\/\\\/novellix.com\\\/de\\\/shop\\\/\"},{\"@type\":\"ListItem\",\"position\":2,\"name\":\"Heilsversprechen\"}]},{\"@type\":\"WebSite\",\"@id\":\"https:\\\/\\\/novellix.com\\\/de\\\/#website\",\"url\":\"https:\\\/\\\/novellix.com\\\/de\\\/\",\"name\":\"NOVELLIX\",\"description\":\"\",\"potentialAction\":[{\"@type\":\"SearchAction\",\"target\":{\"@type\":\"EntryPoint\",\"urlTemplate\":\"https:\\\/\\\/novellix.com\\\/de\\\/?s={search_term_string}\"},\"query-input\":{\"@type\":\"PropertyValueSpecification\",\"valueRequired\":true,\"valueName\":\"search_term_string\"}}],\"inLanguage\":\"de\"}]}<\/script>\n<!-- \/ Yoast SEO plugin. -->","yoast_head_json":{"title":"Heilsversprechen","description":"Mit Humor und hohem Wiedererkennungswert beschreibt die mehrfach ausgezeichnete Autorin Anke Stelling unerwartete, anstrengende und nicht selten absurd komische Situationen, in denen sich junge Eltern im Kreise ihrer Lieben \u00adwiederfinden.","robots":{"index":"index","follow":"follow","max-snippet":"max-snippet:-1","max-image-preview":"max-image-preview:large","max-video-preview":"max-video-preview:-1"},"canonical":"https:\/\/novellix.com\/de\/produkt\/heilsversprechen\/","og_locale":"de_DE","og_type":"article","og_title":"Heilsversprechen","og_description":"Mit Humor und hohem Wiedererkennungswert beschreibt die mehrfach ausgezeichnete Autorin Anke Stelling unerwartete, anstrengende und nicht selten absurd komische Situationen, in denen sich junge Eltern im Kreise ihrer Lieben \u00adwiederfinden.","og_url":"https:\/\/novellix.com\/de\/produkt\/heilsversprechen\/","og_site_name":"NOVELLIX","article_modified_time":"2025-03-10T08:08:20+00:00","og_image":[{"width":1240,"height":1748,"url":"https:\/\/novellix.com\/de\/wp-content\/uploads\/sites\/2\/2024\/08\/Heilsversprechen_rgb.jpg","type":"image\/jpeg"}],"twitter_card":"summary_large_image","twitter_misc":{"Gesch\u00e4tzte Lesezeit":"1\u00a0Minute"},"schema":{"@context":"https:\/\/schema.org","@graph":[{"@type":"WebPage","@id":"https:\/\/novellix.com\/de\/produkt\/heilsversprechen\/","url":"https:\/\/novellix.com\/de\/produkt\/heilsversprechen\/","name":"Heilsversprechen","isPartOf":{"@id":"https:\/\/novellix.com\/de\/#website"},"primaryImageOfPage":{"@id":"https:\/\/novellix.com\/de\/produkt\/heilsversprechen\/#primaryimage"},"image":{"@id":"https:\/\/novellix.com\/de\/produkt\/heilsversprechen\/#primaryimage"},"thumbnailUrl":"https:\/\/novellix.com\/de\/wp-content\/uploads\/sites\/2\/2024\/08\/Heilsversprechen_rgb.jpg","datePublished":"2024-08-13T11:09:03+00:00","dateModified":"2025-03-10T08:08:20+00:00","description":"Mit Humor und hohem Wiedererkennungswert beschreibt die mehrfach ausgezeichnete Autorin Anke Stelling unerwartete, anstrengende und nicht selten absurd komische Situationen, in denen sich junge Eltern im Kreise ihrer Lieben \u00adwiederfinden.","breadcrumb":{"@id":"https:\/\/novellix.com\/de\/produkt\/heilsversprechen\/#breadcrumb"},"inLanguage":"de","potentialAction":[{"@type":"ReadAction","target":["https:\/\/novellix.com\/de\/produkt\/heilsversprechen\/"]}]},{"@type":"ImageObject","inLanguage":"de","@id":"https:\/\/novellix.com\/de\/produkt\/heilsversprechen\/#primaryimage","url":"https:\/\/novellix.com\/de\/wp-content\/uploads\/sites\/2\/2024\/08\/Heilsversprechen_rgb.jpg","contentUrl":"https:\/\/novellix.com\/de\/wp-content\/uploads\/sites\/2\/2024\/08\/Heilsversprechen_rgb.jpg","width":1240,"height":1748},{"@type":"BreadcrumbList","@id":"https:\/\/novellix.com\/de\/produkt\/heilsversprechen\/#breadcrumb","itemListElement":[{"@type":"ListItem","position":1,"name":"Shop","item":"https:\/\/novellix.com\/de\/shop\/"},{"@type":"ListItem","position":2,"name":"Heilsversprechen"}]},{"@type":"WebSite","@id":"https:\/\/novellix.com\/de\/#website","url":"https:\/\/novellix.com\/de\/","name":"NOVELLIX","description":"","potentialAction":[{"@type":"SearchAction","target":{"@type":"EntryPoint","urlTemplate":"https:\/\/novellix.com\/de\/?s={search_term_string}"},"query-input":{"@type":"PropertyValueSpecification","valueRequired":true,"valueName":"search_term_string"}}],"inLanguage":"de"}]}},"_links":{"self":[{"href":"https:\/\/novellix.com\/de\/wp-json\/wp\/v2\/product\/1303134","targetHints":{"allow":["GET"]}}],"collection":[{"href":"https:\/\/novellix.com\/de\/wp-json\/wp\/v2\/product"}],"about":[{"href":"https:\/\/novellix.com\/de\/wp-json\/wp\/v2\/types\/product"}],"wp:featuredmedia":[{"embeddable":true,"href":"https:\/\/novellix.com\/de\/wp-json\/wp\/v2\/media\/1303135"}],"wp:attachment":[{"href":"https:\/\/novellix.com\/de\/wp-json\/wp\/v2\/media?parent=1303134"}],"wp:term":[{"taxonomy":"product_brand","embeddable":true,"href":"https:\/\/novellix.com\/de\/wp-json\/wp\/v2\/product_brand?post=1303134"},{"taxonomy":"product_cat","embeddable":true,"href":"https:\/\/novellix.com\/de\/wp-json\/wp\/v2\/product_cat?post=1303134"},{"taxonomy":"product_tag","embeddable":true,"href":"https:\/\/novellix.com\/de\/wp-json\/wp\/v2\/product_tag?post=1303134"}],"curies":[{"name":"wp","href":"https:\/\/api.w.org\/{rel}","templated":true}]}}