{"id":1303136,"date":"2024-08-13T11:11:27","date_gmt":"2024-08-13T11:11:27","guid":{"rendered":"https:\/\/novellix.com\/de\/?post_type=product&#038;p=1303136"},"modified":"2025-03-10T08:11:00","modified_gmt":"2025-03-10T08:11:00","slug":"wir-waren-raubtiere","status":"publish","type":"product","link":"https:\/\/novellix.com\/de\/produkt\/wir-waren-raubtiere\/","title":{"rendered":"Wir waren Raubtiere"},"content":{"rendered":"<p><em>\u201eDarf ich vorstellen \u2026 deine Schwester.\u201c \u201eIch habe keine Schwester\u201c, sagte ich. \u201eJetzt schon. Ist sie nicht niedlich?\u201c, fragte mein Vater, und wir betrachteten sie wie durch ein Auge. Ihr Gesicht wurde allm\u00e4hlich rosa, und um ehrlich zu sein, hatte ich noch nie etwas Niedlicheres gesehen, aber das sagte ich nicht. Sie sah aus wie eine Puppe oder eine Blume. \u201eHat sie einen Namen?\u201c \u201eIch hei\u00dfe Johnny, wenn du es unbedingt wissen willst.\u201c<\/em><\/p>\n<p>Johns Tochter verbringt den Sommer 1982 mit \u00adihrem Vater unterwegs im l\u00e4ndlichen Schweden, vorbei an regennassen W\u00e4ldern und spiegelblanken Seen. Eines Tages sitzt im Auto ein mysteri\u00f6ses M\u00e4dchen, angeblich ihre Schwester. Es folgen Wochen zwischen Traum und Wirklichkeit, zwischen Angst und Zuneigung zwischen drei Menschen, die alles andere als eine normale \u00adFamilie sind.<\/p>\n<p>Meisterhaft gelingt es der vielfach preisgekr\u00f6nten Autorin Sara Stridsberg immer wieder, ihre Leser*innen mit einer Mischung aus poetisch geheimnisvoller Stimmung und \u00adunterschwelliger \u00adBedrohung zu fesseln. Wir waren Raubtiere \u00aderscheint erstmals auf Deutsch, in der \u00dcbersetzung von Ursel Allenstein.<\/p>\n","protected":false},"excerpt":{"rendered":"<p>\u201eDarf ich vorstellen \u2026 deine Schwester.\u201c \u201eIch habe keine Schwester\u201c, sagte ich. \u201eJetzt schon. Ist sie nicht niedlich?\u201c, fragte mein Vater, und wir betrachteten sie wie durch ein Auge. Ihr Gesicht wurde allm\u00e4hlich rosa, und um ehrlich zu sein, hatte ich noch nie etwas Niedlicheres gesehen, aber das sagte ich nicht. Sie sah aus wie [&#8230;]\n","protected":false},"featured_media":1303137,"template":"","meta":[],"product_brand":[],"product_cat":[79],"product_tag":[],"class_list":{"0":"post-1303136","1":"product","2":"type-product","3":"status-publish","4":"has-post-thumbnail","6":"product_cat-noveller","8":"first","9":"instock","10":"shipping-taxable","11":"product-type-simple"},"yoast_head":"<!-- This site is optimized with the Yoast SEO plugin v27.3 - https:\/\/yoast.com\/product\/yoast-seo-wordpress\/ -->\n<title>Wir waren Raubtiere - NOVELLIX<\/title>\n<meta name=\"robots\" content=\"index, follow, max-snippet:-1, max-image-preview:large, max-video-preview:-1\" \/>\n<link rel=\"canonical\" href=\"https:\/\/novellix.com\/de\/produkt\/wir-waren-raubtiere\/\" \/>\n<meta property=\"og:locale\" content=\"de_DE\" \/>\n<meta property=\"og:type\" content=\"article\" \/>\n<meta property=\"og:title\" content=\"Wir waren Raubtiere - NOVELLIX\" \/>\n<meta property=\"og:description\" content=\"\u201eDarf ich vorstellen \u2026 deine Schwester.\u201c \u201eIch habe keine Schwester\u201c, sagte ich. \u201eJetzt schon. Ist sie nicht niedlich?\u201c, fragte mein Vater, und wir betrachteten sie wie durch ein Auge. Ihr Gesicht wurde allm\u00e4hlich rosa, und um ehrlich zu sein, hatte ich noch nie etwas Niedlicheres gesehen, aber das sagte ich nicht. Sie sah aus wie [...]\" \/>\n<meta property=\"og:url\" content=\"https:\/\/novellix.com\/de\/produkt\/wir-waren-raubtiere\/\" \/>\n<meta property=\"og:site_name\" content=\"NOVELLIX\" \/>\n<meta property=\"article:modified_time\" content=\"2025-03-10T08:11:00+00:00\" \/>\n<meta property=\"og:image\" content=\"https:\/\/novellix.com\/de\/wp-content\/uploads\/sites\/2\/2024\/08\/Wir-waren-Raubtiere_rgb.jpg\" \/>\n\t<meta property=\"og:image:width\" content=\"1240\" \/>\n\t<meta property=\"og:image:height\" content=\"1748\" \/>\n\t<meta property=\"og:image:type\" content=\"image\/jpeg\" \/>\n<meta name=\"twitter:card\" content=\"summary_large_image\" \/>\n<meta name=\"twitter:label1\" content=\"Gesch\u00e4tzte Lesezeit\" \/>\n\t<meta name=\"twitter:data1\" content=\"1\u00a0Minute\" \/>\n<script type=\"application\/ld+json\" class=\"yoast-schema-graph\">{\"@context\":\"https:\\\/\\\/schema.org\",\"@graph\":[{\"@type\":\"WebPage\",\"@id\":\"https:\\\/\\\/novellix.com\\\/de\\\/produkt\\\/wir-waren-raubtiere\\\/\",\"url\":\"https:\\\/\\\/novellix.com\\\/de\\\/produkt\\\/wir-waren-raubtiere\\\/\",\"name\":\"Wir waren Raubtiere - NOVELLIX\",\"isPartOf\":{\"@id\":\"https:\\\/\\\/novellix.com\\\/de\\\/#website\"},\"primaryImageOfPage\":{\"@id\":\"https:\\\/\\\/novellix.com\\\/de\\\/produkt\\\/wir-waren-raubtiere\\\/#primaryimage\"},\"image\":{\"@id\":\"https:\\\/\\\/novellix.com\\\/de\\\/produkt\\\/wir-waren-raubtiere\\\/#primaryimage\"},\"thumbnailUrl\":\"https:\\\/\\\/novellix.com\\\/de\\\/wp-content\\\/uploads\\\/sites\\\/2\\\/2024\\\/08\\\/Wir-waren-Raubtiere_rgb.jpg\",\"datePublished\":\"2024-08-13T11:11:27+00:00\",\"dateModified\":\"2025-03-10T08:11:00+00:00\",\"breadcrumb\":{\"@id\":\"https:\\\/\\\/novellix.com\\\/de\\\/produkt\\\/wir-waren-raubtiere\\\/#breadcrumb\"},\"inLanguage\":\"de\",\"potentialAction\":[{\"@type\":\"ReadAction\",\"target\":[\"https:\\\/\\\/novellix.com\\\/de\\\/produkt\\\/wir-waren-raubtiere\\\/\"]}]},{\"@type\":\"ImageObject\",\"inLanguage\":\"de\",\"@id\":\"https:\\\/\\\/novellix.com\\\/de\\\/produkt\\\/wir-waren-raubtiere\\\/#primaryimage\",\"url\":\"https:\\\/\\\/novellix.com\\\/de\\\/wp-content\\\/uploads\\\/sites\\\/2\\\/2024\\\/08\\\/Wir-waren-Raubtiere_rgb.jpg\",\"contentUrl\":\"https:\\\/\\\/novellix.com\\\/de\\\/wp-content\\\/uploads\\\/sites\\\/2\\\/2024\\\/08\\\/Wir-waren-Raubtiere_rgb.jpg\",\"width\":1240,\"height\":1748},{\"@type\":\"BreadcrumbList\",\"@id\":\"https:\\\/\\\/novellix.com\\\/de\\\/produkt\\\/wir-waren-raubtiere\\\/#breadcrumb\",\"itemListElement\":[{\"@type\":\"ListItem\",\"position\":1,\"name\":\"Shop\",\"item\":\"https:\\\/\\\/novellix.com\\\/de\\\/shop\\\/\"},{\"@type\":\"ListItem\",\"position\":2,\"name\":\"Wir waren Raubtiere\"}]},{\"@type\":\"WebSite\",\"@id\":\"https:\\\/\\\/novellix.com\\\/de\\\/#website\",\"url\":\"https:\\\/\\\/novellix.com\\\/de\\\/\",\"name\":\"NOVELLIX\",\"description\":\"\",\"potentialAction\":[{\"@type\":\"SearchAction\",\"target\":{\"@type\":\"EntryPoint\",\"urlTemplate\":\"https:\\\/\\\/novellix.com\\\/de\\\/?s={search_term_string}\"},\"query-input\":{\"@type\":\"PropertyValueSpecification\",\"valueRequired\":true,\"valueName\":\"search_term_string\"}}],\"inLanguage\":\"de\"}]}<\/script>\n<!-- \/ Yoast SEO plugin. -->","yoast_head_json":{"title":"Wir waren Raubtiere - NOVELLIX","robots":{"index":"index","follow":"follow","max-snippet":"max-snippet:-1","max-image-preview":"max-image-preview:large","max-video-preview":"max-video-preview:-1"},"canonical":"https:\/\/novellix.com\/de\/produkt\/wir-waren-raubtiere\/","og_locale":"de_DE","og_type":"article","og_title":"Wir waren Raubtiere - NOVELLIX","og_description":"\u201eDarf ich vorstellen \u2026 deine Schwester.\u201c \u201eIch habe keine Schwester\u201c, sagte ich. \u201eJetzt schon. Ist sie nicht niedlich?\u201c, fragte mein Vater, und wir betrachteten sie wie durch ein Auge. Ihr Gesicht wurde allm\u00e4hlich rosa, und um ehrlich zu sein, hatte ich noch nie etwas Niedlicheres gesehen, aber das sagte ich nicht. Sie sah aus wie [...]","og_url":"https:\/\/novellix.com\/de\/produkt\/wir-waren-raubtiere\/","og_site_name":"NOVELLIX","article_modified_time":"2025-03-10T08:11:00+00:00","og_image":[{"width":1240,"height":1748,"url":"https:\/\/novellix.com\/de\/wp-content\/uploads\/sites\/2\/2024\/08\/Wir-waren-Raubtiere_rgb.jpg","type":"image\/jpeg"}],"twitter_card":"summary_large_image","twitter_misc":{"Gesch\u00e4tzte Lesezeit":"1\u00a0Minute"},"schema":{"@context":"https:\/\/schema.org","@graph":[{"@type":"WebPage","@id":"https:\/\/novellix.com\/de\/produkt\/wir-waren-raubtiere\/","url":"https:\/\/novellix.com\/de\/produkt\/wir-waren-raubtiere\/","name":"Wir waren Raubtiere - NOVELLIX","isPartOf":{"@id":"https:\/\/novellix.com\/de\/#website"},"primaryImageOfPage":{"@id":"https:\/\/novellix.com\/de\/produkt\/wir-waren-raubtiere\/#primaryimage"},"image":{"@id":"https:\/\/novellix.com\/de\/produkt\/wir-waren-raubtiere\/#primaryimage"},"thumbnailUrl":"https:\/\/novellix.com\/de\/wp-content\/uploads\/sites\/2\/2024\/08\/Wir-waren-Raubtiere_rgb.jpg","datePublished":"2024-08-13T11:11:27+00:00","dateModified":"2025-03-10T08:11:00+00:00","breadcrumb":{"@id":"https:\/\/novellix.com\/de\/produkt\/wir-waren-raubtiere\/#breadcrumb"},"inLanguage":"de","potentialAction":[{"@type":"ReadAction","target":["https:\/\/novellix.com\/de\/produkt\/wir-waren-raubtiere\/"]}]},{"@type":"ImageObject","inLanguage":"de","@id":"https:\/\/novellix.com\/de\/produkt\/wir-waren-raubtiere\/#primaryimage","url":"https:\/\/novellix.com\/de\/wp-content\/uploads\/sites\/2\/2024\/08\/Wir-waren-Raubtiere_rgb.jpg","contentUrl":"https:\/\/novellix.com\/de\/wp-content\/uploads\/sites\/2\/2024\/08\/Wir-waren-Raubtiere_rgb.jpg","width":1240,"height":1748},{"@type":"BreadcrumbList","@id":"https:\/\/novellix.com\/de\/produkt\/wir-waren-raubtiere\/#breadcrumb","itemListElement":[{"@type":"ListItem","position":1,"name":"Shop","item":"https:\/\/novellix.com\/de\/shop\/"},{"@type":"ListItem","position":2,"name":"Wir waren Raubtiere"}]},{"@type":"WebSite","@id":"https:\/\/novellix.com\/de\/#website","url":"https:\/\/novellix.com\/de\/","name":"NOVELLIX","description":"","potentialAction":[{"@type":"SearchAction","target":{"@type":"EntryPoint","urlTemplate":"https:\/\/novellix.com\/de\/?s={search_term_string}"},"query-input":{"@type":"PropertyValueSpecification","valueRequired":true,"valueName":"search_term_string"}}],"inLanguage":"de"}]}},"_links":{"self":[{"href":"https:\/\/novellix.com\/de\/wp-json\/wp\/v2\/product\/1303136","targetHints":{"allow":["GET"]}}],"collection":[{"href":"https:\/\/novellix.com\/de\/wp-json\/wp\/v2\/product"}],"about":[{"href":"https:\/\/novellix.com\/de\/wp-json\/wp\/v2\/types\/product"}],"wp:featuredmedia":[{"embeddable":true,"href":"https:\/\/novellix.com\/de\/wp-json\/wp\/v2\/media\/1303137"}],"wp:attachment":[{"href":"https:\/\/novellix.com\/de\/wp-json\/wp\/v2\/media?parent=1303136"}],"wp:term":[{"taxonomy":"product_brand","embeddable":true,"href":"https:\/\/novellix.com\/de\/wp-json\/wp\/v2\/product_brand?post=1303136"},{"taxonomy":"product_cat","embeddable":true,"href":"https:\/\/novellix.com\/de\/wp-json\/wp\/v2\/product_cat?post=1303136"},{"taxonomy":"product_tag","embeddable":true,"href":"https:\/\/novellix.com\/de\/wp-json\/wp\/v2\/product_tag?post=1303136"}],"curies":[{"name":"wp","href":"https:\/\/api.w.org\/{rel}","templated":true}]}}