{"id":1303138,"date":"2024-08-13T11:13:02","date_gmt":"2024-08-13T11:13:02","guid":{"rendered":"https:\/\/novellix.com\/de\/?post_type=product&#038;p=1303138"},"modified":"2025-03-10T08:02:14","modified_gmt":"2025-03-10T08:02:14","slug":"wir-koennen-nicht-allen-helfen","status":"publish","type":"product","link":"https:\/\/novellix.com\/de\/produkt\/wir-koennen-nicht-allen-helfen\/","title":{"rendered":"Wir k\u00f6nnen nicht allen helfen"},"content":{"rendered":"<p><em>\u201eAlexa\u201d, sage ich. \u201eIch habe geflunkert.\u201d<br \/>\n\u201eOh\u201d, sagt sie.<br \/>\n\u201eIch war sehr dumm\u201d, sage ich.<br \/>\n\u201eAber nein, Mama\u201d, sagt sie.<br \/>\n\u201eDoch\u201d, sage ich.\u201eIch kann mir das nicht leisten, wei\u00dft du. Ich kann mir keine neue Unterhose f\u00fcr dich leisten.<br \/>\n\u201eOh nein\u201d, sagt sie.<br \/>\n\u201eIch wollte nur lieb zu dir sein\u201d, sage ich.<br \/>\n\u201eDu bist ja lieb, Mama\u201d, sagt sie.<\/em><\/p>\n<p>Treffsicher und schonungslos, und gleichzeitig menschlich und vers\u00f6hnlich, schildert die mehrfach ausgezeichnete norwegische Autorin Ingvild H. Rish\u00f8i die bisweilen unm\u00f6gliche Balance zwischen dem Anspruch, alles f\u00fcr das eigene Kind zu tun und der harten Realit\u00e4t, sich kaum das \u00adN\u00f6tigste leisten zu k\u00f6nnen. Eine Erz\u00e4hlung \u00adgepr\u00e4gt von gro\u00dfer Verzweiflung und Hoffnung, von Liebe und Trost zwischen Mutter und Kind.<\/p>\n","protected":false},"excerpt":{"rendered":"<p>\u201eAlexa\u201d, sage ich. \u201eIch habe geflunkert.\u201d \u201eOh\u201d, sagt sie. \u201eIch war sehr dumm\u201d, sage ich. \u201eAber nein, Mama\u201d, sagt sie. \u201eDoch\u201d, sage ich.\u201eIch kann mir das nicht leisten, wei\u00dft du. Ich kann mir keine neue Unterhose f\u00fcr dich leisten. \u201eOh nein\u201d, sagt sie. \u201eIch wollte nur lieb zu dir sein\u201d, sage ich. \u201eDu bist ja [&#8230;]\n","protected":false},"featured_media":1303139,"template":"","meta":[],"product_brand":[],"product_cat":[79],"product_tag":[],"class_list":{"0":"post-1303138","1":"product","2":"type-product","3":"status-publish","4":"has-post-thumbnail","6":"product_cat-noveller","8":"first","9":"instock","10":"shipping-taxable","11":"product-type-simple"},"yoast_head":"<!-- This site is optimized with the Yoast SEO plugin v27.3 - https:\/\/yoast.com\/product\/yoast-seo-wordpress\/ -->\n<title>Wir k\u00f6nnen nicht allen helfen<\/title>\n<meta name=\"description\" content=\"Treffsicher und schonungslos, und gleichzeitig menschlich und vers\u00f6hnlich, schildert die mehrfach ausgezeichnete norwegische Autorin Ingvild H. Rish\u00f8i die bisweilen unm\u00f6gliche Balance zwischen dem Anspruch, alles f\u00fcr das eigene Kind zu tun und der harten Realit\u00e4t, sich kaum das \u00adN\u00f6tigste leisten zu k\u00f6nnen. Eine Erz\u00e4hlung \u00adgepr\u00e4gt von gro\u00dfer Verzweiflung und Hoffnung, von Liebe und Trost zwischen Mutter und Kind.\" \/>\n<meta name=\"robots\" content=\"index, follow, max-snippet:-1, max-image-preview:large, max-video-preview:-1\" \/>\n<link rel=\"canonical\" href=\"https:\/\/novellix.com\/de\/produkt\/wir-koennen-nicht-allen-helfen\/\" \/>\n<meta property=\"og:locale\" content=\"de_DE\" \/>\n<meta property=\"og:type\" content=\"article\" \/>\n<meta property=\"og:title\" content=\"Wir k\u00f6nnen nicht allen helfen\" \/>\n<meta property=\"og:description\" content=\"Treffsicher und schonungslos, und gleichzeitig menschlich und vers\u00f6hnlich, schildert die mehrfach ausgezeichnete norwegische Autorin Ingvild H. Rish\u00f8i die bisweilen unm\u00f6gliche Balance zwischen dem Anspruch, alles f\u00fcr das eigene Kind zu tun und der harten Realit\u00e4t, sich kaum das \u00adN\u00f6tigste leisten zu k\u00f6nnen. Eine Erz\u00e4hlung \u00adgepr\u00e4gt von gro\u00dfer Verzweiflung und Hoffnung, von Liebe und Trost zwischen Mutter und Kind.\" \/>\n<meta property=\"og:url\" content=\"https:\/\/novellix.com\/de\/produkt\/wir-koennen-nicht-allen-helfen\/\" \/>\n<meta property=\"og:site_name\" content=\"NOVELLIX\" \/>\n<meta property=\"article:modified_time\" content=\"2025-03-10T08:02:14+00:00\" \/>\n<meta property=\"og:image\" content=\"https:\/\/novellix.com\/de\/wp-content\/uploads\/sites\/2\/2024\/08\/Wir-koennen-nicht-allen-helfen_rgb.jpg\" \/>\n\t<meta property=\"og:image:width\" content=\"1240\" \/>\n\t<meta property=\"og:image:height\" content=\"1748\" \/>\n\t<meta property=\"og:image:type\" content=\"image\/jpeg\" \/>\n<meta name=\"twitter:card\" content=\"summary_large_image\" \/>\n<meta name=\"twitter:label1\" content=\"Gesch\u00e4tzte Lesezeit\" \/>\n\t<meta name=\"twitter:data1\" content=\"1\u00a0Minute\" \/>\n<script type=\"application\/ld+json\" class=\"yoast-schema-graph\">{\"@context\":\"https:\\\/\\\/schema.org\",\"@graph\":[{\"@type\":\"WebPage\",\"@id\":\"https:\\\/\\\/novellix.com\\\/de\\\/produkt\\\/wir-koennen-nicht-allen-helfen\\\/\",\"url\":\"https:\\\/\\\/novellix.com\\\/de\\\/produkt\\\/wir-koennen-nicht-allen-helfen\\\/\",\"name\":\"Wir k\u00f6nnen nicht allen helfen\",\"isPartOf\":{\"@id\":\"https:\\\/\\\/novellix.com\\\/de\\\/#website\"},\"primaryImageOfPage\":{\"@id\":\"https:\\\/\\\/novellix.com\\\/de\\\/produkt\\\/wir-koennen-nicht-allen-helfen\\\/#primaryimage\"},\"image\":{\"@id\":\"https:\\\/\\\/novellix.com\\\/de\\\/produkt\\\/wir-koennen-nicht-allen-helfen\\\/#primaryimage\"},\"thumbnailUrl\":\"https:\\\/\\\/novellix.com\\\/de\\\/wp-content\\\/uploads\\\/sites\\\/2\\\/2024\\\/08\\\/Wir-koennen-nicht-allen-helfen_rgb.jpg\",\"datePublished\":\"2024-08-13T11:13:02+00:00\",\"dateModified\":\"2025-03-10T08:02:14+00:00\",\"description\":\"Treffsicher und schonungslos, und gleichzeitig menschlich und vers\u00f6hnlich, schildert die mehrfach ausgezeichnete norwegische Autorin Ingvild H. Rish\u00f8i die bisweilen unm\u00f6gliche Balance zwischen dem Anspruch, alles f\u00fcr das eigene Kind zu tun und der harten Realit\u00e4t, sich kaum das \u00adN\u00f6tigste leisten zu k\u00f6nnen. Eine Erz\u00e4hlung \u00adgepr\u00e4gt von gro\u00dfer Verzweiflung und Hoffnung, von Liebe und Trost zwischen Mutter und Kind.\",\"breadcrumb\":{\"@id\":\"https:\\\/\\\/novellix.com\\\/de\\\/produkt\\\/wir-koennen-nicht-allen-helfen\\\/#breadcrumb\"},\"inLanguage\":\"de\",\"potentialAction\":[{\"@type\":\"ReadAction\",\"target\":[\"https:\\\/\\\/novellix.com\\\/de\\\/produkt\\\/wir-koennen-nicht-allen-helfen\\\/\"]}]},{\"@type\":\"ImageObject\",\"inLanguage\":\"de\",\"@id\":\"https:\\\/\\\/novellix.com\\\/de\\\/produkt\\\/wir-koennen-nicht-allen-helfen\\\/#primaryimage\",\"url\":\"https:\\\/\\\/novellix.com\\\/de\\\/wp-content\\\/uploads\\\/sites\\\/2\\\/2024\\\/08\\\/Wir-koennen-nicht-allen-helfen_rgb.jpg\",\"contentUrl\":\"https:\\\/\\\/novellix.com\\\/de\\\/wp-content\\\/uploads\\\/sites\\\/2\\\/2024\\\/08\\\/Wir-koennen-nicht-allen-helfen_rgb.jpg\",\"width\":1240,\"height\":1748},{\"@type\":\"BreadcrumbList\",\"@id\":\"https:\\\/\\\/novellix.com\\\/de\\\/produkt\\\/wir-koennen-nicht-allen-helfen\\\/#breadcrumb\",\"itemListElement\":[{\"@type\":\"ListItem\",\"position\":1,\"name\":\"Shop\",\"item\":\"https:\\\/\\\/novellix.com\\\/de\\\/shop\\\/\"},{\"@type\":\"ListItem\",\"position\":2,\"name\":\"Wir k\u00f6nnen nicht allen helfen\"}]},{\"@type\":\"WebSite\",\"@id\":\"https:\\\/\\\/novellix.com\\\/de\\\/#website\",\"url\":\"https:\\\/\\\/novellix.com\\\/de\\\/\",\"name\":\"NOVELLIX\",\"description\":\"\",\"potentialAction\":[{\"@type\":\"SearchAction\",\"target\":{\"@type\":\"EntryPoint\",\"urlTemplate\":\"https:\\\/\\\/novellix.com\\\/de\\\/?s={search_term_string}\"},\"query-input\":{\"@type\":\"PropertyValueSpecification\",\"valueRequired\":true,\"valueName\":\"search_term_string\"}}],\"inLanguage\":\"de\"}]}<\/script>\n<!-- \/ Yoast SEO plugin. -->","yoast_head_json":{"title":"Wir k\u00f6nnen nicht allen helfen","description":"Treffsicher und schonungslos, und gleichzeitig menschlich und vers\u00f6hnlich, schildert die mehrfach ausgezeichnete norwegische Autorin Ingvild H. Rish\u00f8i die bisweilen unm\u00f6gliche Balance zwischen dem Anspruch, alles f\u00fcr das eigene Kind zu tun und der harten Realit\u00e4t, sich kaum das \u00adN\u00f6tigste leisten zu k\u00f6nnen. Eine Erz\u00e4hlung \u00adgepr\u00e4gt von gro\u00dfer Verzweiflung und Hoffnung, von Liebe und Trost zwischen Mutter und Kind.","robots":{"index":"index","follow":"follow","max-snippet":"max-snippet:-1","max-image-preview":"max-image-preview:large","max-video-preview":"max-video-preview:-1"},"canonical":"https:\/\/novellix.com\/de\/produkt\/wir-koennen-nicht-allen-helfen\/","og_locale":"de_DE","og_type":"article","og_title":"Wir k\u00f6nnen nicht allen helfen","og_description":"Treffsicher und schonungslos, und gleichzeitig menschlich und vers\u00f6hnlich, schildert die mehrfach ausgezeichnete norwegische Autorin Ingvild H. Rish\u00f8i die bisweilen unm\u00f6gliche Balance zwischen dem Anspruch, alles f\u00fcr das eigene Kind zu tun und der harten Realit\u00e4t, sich kaum das \u00adN\u00f6tigste leisten zu k\u00f6nnen. Eine Erz\u00e4hlung \u00adgepr\u00e4gt von gro\u00dfer Verzweiflung und Hoffnung, von Liebe und Trost zwischen Mutter und Kind.","og_url":"https:\/\/novellix.com\/de\/produkt\/wir-koennen-nicht-allen-helfen\/","og_site_name":"NOVELLIX","article_modified_time":"2025-03-10T08:02:14+00:00","og_image":[{"width":1240,"height":1748,"url":"https:\/\/novellix.com\/de\/wp-content\/uploads\/sites\/2\/2024\/08\/Wir-koennen-nicht-allen-helfen_rgb.jpg","type":"image\/jpeg"}],"twitter_card":"summary_large_image","twitter_misc":{"Gesch\u00e4tzte Lesezeit":"1\u00a0Minute"},"schema":{"@context":"https:\/\/schema.org","@graph":[{"@type":"WebPage","@id":"https:\/\/novellix.com\/de\/produkt\/wir-koennen-nicht-allen-helfen\/","url":"https:\/\/novellix.com\/de\/produkt\/wir-koennen-nicht-allen-helfen\/","name":"Wir k\u00f6nnen nicht allen helfen","isPartOf":{"@id":"https:\/\/novellix.com\/de\/#website"},"primaryImageOfPage":{"@id":"https:\/\/novellix.com\/de\/produkt\/wir-koennen-nicht-allen-helfen\/#primaryimage"},"image":{"@id":"https:\/\/novellix.com\/de\/produkt\/wir-koennen-nicht-allen-helfen\/#primaryimage"},"thumbnailUrl":"https:\/\/novellix.com\/de\/wp-content\/uploads\/sites\/2\/2024\/08\/Wir-koennen-nicht-allen-helfen_rgb.jpg","datePublished":"2024-08-13T11:13:02+00:00","dateModified":"2025-03-10T08:02:14+00:00","description":"Treffsicher und schonungslos, und gleichzeitig menschlich und vers\u00f6hnlich, schildert die mehrfach ausgezeichnete norwegische Autorin Ingvild H. Rish\u00f8i die bisweilen unm\u00f6gliche Balance zwischen dem Anspruch, alles f\u00fcr das eigene Kind zu tun und der harten Realit\u00e4t, sich kaum das \u00adN\u00f6tigste leisten zu k\u00f6nnen. Eine Erz\u00e4hlung \u00adgepr\u00e4gt von gro\u00dfer Verzweiflung und Hoffnung, von Liebe und Trost zwischen Mutter und Kind.","breadcrumb":{"@id":"https:\/\/novellix.com\/de\/produkt\/wir-koennen-nicht-allen-helfen\/#breadcrumb"},"inLanguage":"de","potentialAction":[{"@type":"ReadAction","target":["https:\/\/novellix.com\/de\/produkt\/wir-koennen-nicht-allen-helfen\/"]}]},{"@type":"ImageObject","inLanguage":"de","@id":"https:\/\/novellix.com\/de\/produkt\/wir-koennen-nicht-allen-helfen\/#primaryimage","url":"https:\/\/novellix.com\/de\/wp-content\/uploads\/sites\/2\/2024\/08\/Wir-koennen-nicht-allen-helfen_rgb.jpg","contentUrl":"https:\/\/novellix.com\/de\/wp-content\/uploads\/sites\/2\/2024\/08\/Wir-koennen-nicht-allen-helfen_rgb.jpg","width":1240,"height":1748},{"@type":"BreadcrumbList","@id":"https:\/\/novellix.com\/de\/produkt\/wir-koennen-nicht-allen-helfen\/#breadcrumb","itemListElement":[{"@type":"ListItem","position":1,"name":"Shop","item":"https:\/\/novellix.com\/de\/shop\/"},{"@type":"ListItem","position":2,"name":"Wir k\u00f6nnen nicht allen helfen"}]},{"@type":"WebSite","@id":"https:\/\/novellix.com\/de\/#website","url":"https:\/\/novellix.com\/de\/","name":"NOVELLIX","description":"","potentialAction":[{"@type":"SearchAction","target":{"@type":"EntryPoint","urlTemplate":"https:\/\/novellix.com\/de\/?s={search_term_string}"},"query-input":{"@type":"PropertyValueSpecification","valueRequired":true,"valueName":"search_term_string"}}],"inLanguage":"de"}]}},"_links":{"self":[{"href":"https:\/\/novellix.com\/de\/wp-json\/wp\/v2\/product\/1303138","targetHints":{"allow":["GET"]}}],"collection":[{"href":"https:\/\/novellix.com\/de\/wp-json\/wp\/v2\/product"}],"about":[{"href":"https:\/\/novellix.com\/de\/wp-json\/wp\/v2\/types\/product"}],"wp:featuredmedia":[{"embeddable":true,"href":"https:\/\/novellix.com\/de\/wp-json\/wp\/v2\/media\/1303139"}],"wp:attachment":[{"href":"https:\/\/novellix.com\/de\/wp-json\/wp\/v2\/media?parent=1303138"}],"wp:term":[{"taxonomy":"product_brand","embeddable":true,"href":"https:\/\/novellix.com\/de\/wp-json\/wp\/v2\/product_brand?post=1303138"},{"taxonomy":"product_cat","embeddable":true,"href":"https:\/\/novellix.com\/de\/wp-json\/wp\/v2\/product_cat?post=1303138"},{"taxonomy":"product_tag","embeddable":true,"href":"https:\/\/novellix.com\/de\/wp-json\/wp\/v2\/product_tag?post=1303138"}],"curies":[{"name":"wp","href":"https:\/\/api.w.org\/{rel}","templated":true}]}}