{"id":1303140,"date":"2024-08-13T11:16:21","date_gmt":"2024-08-13T11:16:21","guid":{"rendered":"https:\/\/novellix.com\/de\/?post_type=product&#038;p=1303140"},"modified":"2025-03-10T08:06:38","modified_gmt":"2025-03-10T08:06:38","slug":"ophelia-mach-hinne","status":"publish","type":"product","link":"https:\/\/novellix.com\/de\/produkt\/ophelia-mach-hinne\/","title":{"rendered":"Ophelia, mach hinne"},"content":{"rendered":"<p><em>Die Tage am Strand zogen sich. Die Sonne verschwand in unbeirrbaren Abst\u00e4nden hinter Wolkenfeldern, und aus allen Dingen schielte die Abwesenheit der Mutter hervor. Wenn sie am Abend hinter den D\u00fcnen auftauchte, wirkte sie ersch\u00f6pft. Der Umstand, dass die anderen sich ungest\u00f6rt am Strand aufhalten konnten, verlangte ihr t\u00e4glich das Vort\u00e4uschen mehrst\u00fcndiger Spazierg\u00e4nge ab. <\/em><\/p>\n<p>Der letzte gemeinsame Urlaub der Familie liegt Jahre zur\u00fcck. In diesem ersten Sommer nach der Wende w\u00fcrde nun alles anders werden: Livs Mutter setzt sich mit ihren Reisepl\u00e4nen ins neue Ostdeutschland durch und zwischen dem politischen Aufruhr und jugendlicher Verzweiflung der T\u00f6chter und der tyrannischen Scham des Vaters zeichnet sich ein Aufbruch ab, aus einer Familien\u00addynamik und einem starren Regime in eine \u00adunsichere Freiheit.<\/p>\n<p>Daniela Dr\u00f6scher schildert meisterhaft die Befreiungsk\u00e4mpfe innerhalb einer Familie vor der Kulisse eines Landes im Wandel.<\/p>\n","protected":false},"excerpt":{"rendered":"<p>Die Tage am Strand zogen sich. Die Sonne verschwand in unbeirrbaren Abst\u00e4nden hinter Wolkenfeldern, und aus allen Dingen schielte die Abwesenheit der Mutter hervor. Wenn sie am Abend hinter den D\u00fcnen auftauchte, wirkte sie ersch\u00f6pft. Der Umstand, dass die anderen sich ungest\u00f6rt am Strand aufhalten konnten, verlangte ihr t\u00e4glich das Vort\u00e4uschen mehrst\u00fcndiger Spazierg\u00e4nge ab. Der [&#8230;]\n","protected":false},"featured_media":1303141,"template":"","meta":[],"product_brand":[],"product_cat":[79],"product_tag":[],"class_list":{"0":"post-1303140","1":"product","2":"type-product","3":"status-publish","4":"has-post-thumbnail","6":"product_cat-noveller","8":"first","9":"instock","10":"shipping-taxable","11":"product-type-simple"},"yoast_head":"<!-- This site is optimized with the Yoast SEO plugin v27.3 - https:\/\/yoast.com\/product\/yoast-seo-wordpress\/ -->\n<title>Ophelia, mach hinne<\/title>\n<meta name=\"description\" content=\"Der letzte gemeinsame Urlaub der Familie liegt Jahre zur\u00fcck. In diesem ersten Sommer nach der Wende w\u00fcrde nun alles anders werden: Livs Mutter setzt sich mit ihren Reisepl\u00e4nen ins neue Ostdeutschland durch und zwischen dem politischen Aufruhr und jugendlicher Verzweiflung der T\u00f6chter und der tyrannischen Scham des Vaters zeichnet sich ein Aufbruch ab, aus einer Familien\u00addynamik und einem starren Regime in eine \u00adunsichere Freiheit.\" \/>\n<meta name=\"robots\" content=\"index, follow, max-snippet:-1, max-image-preview:large, max-video-preview:-1\" \/>\n<link rel=\"canonical\" href=\"https:\/\/novellix.com\/de\/produkt\/ophelia-mach-hinne\/\" \/>\n<meta property=\"og:locale\" content=\"de_DE\" \/>\n<meta property=\"og:type\" content=\"article\" \/>\n<meta property=\"og:title\" content=\"Ophelia, mach hinne\" \/>\n<meta property=\"og:description\" content=\"Der letzte gemeinsame Urlaub der Familie liegt Jahre zur\u00fcck. In diesem ersten Sommer nach der Wende w\u00fcrde nun alles anders werden: Livs Mutter setzt sich mit ihren Reisepl\u00e4nen ins neue Ostdeutschland durch und zwischen dem politischen Aufruhr und jugendlicher Verzweiflung der T\u00f6chter und der tyrannischen Scham des Vaters zeichnet sich ein Aufbruch ab, aus einer Familien\u00addynamik und einem starren Regime in eine \u00adunsichere Freiheit.\" \/>\n<meta property=\"og:url\" content=\"https:\/\/novellix.com\/de\/produkt\/ophelia-mach-hinne\/\" \/>\n<meta property=\"og:site_name\" content=\"NOVELLIX\" \/>\n<meta property=\"article:modified_time\" content=\"2025-03-10T08:06:38+00:00\" \/>\n<meta property=\"og:image\" content=\"https:\/\/novellix.com\/de\/wp-content\/uploads\/sites\/2\/2024\/08\/Ophelia-mach-hinne_rgb.jpg\" \/>\n\t<meta property=\"og:image:width\" content=\"1240\" \/>\n\t<meta property=\"og:image:height\" content=\"1748\" \/>\n\t<meta property=\"og:image:type\" content=\"image\/jpeg\" \/>\n<meta name=\"twitter:card\" content=\"summary_large_image\" \/>\n<meta name=\"twitter:label1\" content=\"Gesch\u00e4tzte Lesezeit\" \/>\n\t<meta name=\"twitter:data1\" content=\"1\u00a0Minute\" \/>\n<script type=\"application\/ld+json\" class=\"yoast-schema-graph\">{\"@context\":\"https:\\\/\\\/schema.org\",\"@graph\":[{\"@type\":\"WebPage\",\"@id\":\"https:\\\/\\\/novellix.com\\\/de\\\/produkt\\\/ophelia-mach-hinne\\\/\",\"url\":\"https:\\\/\\\/novellix.com\\\/de\\\/produkt\\\/ophelia-mach-hinne\\\/\",\"name\":\"Ophelia, mach hinne\",\"isPartOf\":{\"@id\":\"https:\\\/\\\/novellix.com\\\/de\\\/#website\"},\"primaryImageOfPage\":{\"@id\":\"https:\\\/\\\/novellix.com\\\/de\\\/produkt\\\/ophelia-mach-hinne\\\/#primaryimage\"},\"image\":{\"@id\":\"https:\\\/\\\/novellix.com\\\/de\\\/produkt\\\/ophelia-mach-hinne\\\/#primaryimage\"},\"thumbnailUrl\":\"https:\\\/\\\/novellix.com\\\/de\\\/wp-content\\\/uploads\\\/sites\\\/2\\\/2024\\\/08\\\/Ophelia-mach-hinne_rgb.jpg\",\"datePublished\":\"2024-08-13T11:16:21+00:00\",\"dateModified\":\"2025-03-10T08:06:38+00:00\",\"description\":\"Der letzte gemeinsame Urlaub der Familie liegt Jahre zur\u00fcck. In diesem ersten Sommer nach der Wende w\u00fcrde nun alles anders werden: Livs Mutter setzt sich mit ihren Reisepl\u00e4nen ins neue Ostdeutschland durch und zwischen dem politischen Aufruhr und jugendlicher Verzweiflung der T\u00f6chter und der tyrannischen Scham des Vaters zeichnet sich ein Aufbruch ab, aus einer Familien\u00addynamik und einem starren Regime in eine \u00adunsichere Freiheit.\",\"breadcrumb\":{\"@id\":\"https:\\\/\\\/novellix.com\\\/de\\\/produkt\\\/ophelia-mach-hinne\\\/#breadcrumb\"},\"inLanguage\":\"de\",\"potentialAction\":[{\"@type\":\"ReadAction\",\"target\":[\"https:\\\/\\\/novellix.com\\\/de\\\/produkt\\\/ophelia-mach-hinne\\\/\"]}]},{\"@type\":\"ImageObject\",\"inLanguage\":\"de\",\"@id\":\"https:\\\/\\\/novellix.com\\\/de\\\/produkt\\\/ophelia-mach-hinne\\\/#primaryimage\",\"url\":\"https:\\\/\\\/novellix.com\\\/de\\\/wp-content\\\/uploads\\\/sites\\\/2\\\/2024\\\/08\\\/Ophelia-mach-hinne_rgb.jpg\",\"contentUrl\":\"https:\\\/\\\/novellix.com\\\/de\\\/wp-content\\\/uploads\\\/sites\\\/2\\\/2024\\\/08\\\/Ophelia-mach-hinne_rgb.jpg\",\"width\":1240,\"height\":1748},{\"@type\":\"BreadcrumbList\",\"@id\":\"https:\\\/\\\/novellix.com\\\/de\\\/produkt\\\/ophelia-mach-hinne\\\/#breadcrumb\",\"itemListElement\":[{\"@type\":\"ListItem\",\"position\":1,\"name\":\"Shop\",\"item\":\"https:\\\/\\\/novellix.com\\\/de\\\/shop\\\/\"},{\"@type\":\"ListItem\",\"position\":2,\"name\":\"Ophelia, mach hinne\"}]},{\"@type\":\"WebSite\",\"@id\":\"https:\\\/\\\/novellix.com\\\/de\\\/#website\",\"url\":\"https:\\\/\\\/novellix.com\\\/de\\\/\",\"name\":\"NOVELLIX\",\"description\":\"\",\"potentialAction\":[{\"@type\":\"SearchAction\",\"target\":{\"@type\":\"EntryPoint\",\"urlTemplate\":\"https:\\\/\\\/novellix.com\\\/de\\\/?s={search_term_string}\"},\"query-input\":{\"@type\":\"PropertyValueSpecification\",\"valueRequired\":true,\"valueName\":\"search_term_string\"}}],\"inLanguage\":\"de\"}]}<\/script>\n<!-- \/ Yoast SEO plugin. -->","yoast_head_json":{"title":"Ophelia, mach hinne","description":"Der letzte gemeinsame Urlaub der Familie liegt Jahre zur\u00fcck. In diesem ersten Sommer nach der Wende w\u00fcrde nun alles anders werden: Livs Mutter setzt sich mit ihren Reisepl\u00e4nen ins neue Ostdeutschland durch und zwischen dem politischen Aufruhr und jugendlicher Verzweiflung der T\u00f6chter und der tyrannischen Scham des Vaters zeichnet sich ein Aufbruch ab, aus einer Familien\u00addynamik und einem starren Regime in eine \u00adunsichere Freiheit.","robots":{"index":"index","follow":"follow","max-snippet":"max-snippet:-1","max-image-preview":"max-image-preview:large","max-video-preview":"max-video-preview:-1"},"canonical":"https:\/\/novellix.com\/de\/produkt\/ophelia-mach-hinne\/","og_locale":"de_DE","og_type":"article","og_title":"Ophelia, mach hinne","og_description":"Der letzte gemeinsame Urlaub der Familie liegt Jahre zur\u00fcck. In diesem ersten Sommer nach der Wende w\u00fcrde nun alles anders werden: Livs Mutter setzt sich mit ihren Reisepl\u00e4nen ins neue Ostdeutschland durch und zwischen dem politischen Aufruhr und jugendlicher Verzweiflung der T\u00f6chter und der tyrannischen Scham des Vaters zeichnet sich ein Aufbruch ab, aus einer Familien\u00addynamik und einem starren Regime in eine \u00adunsichere Freiheit.","og_url":"https:\/\/novellix.com\/de\/produkt\/ophelia-mach-hinne\/","og_site_name":"NOVELLIX","article_modified_time":"2025-03-10T08:06:38+00:00","og_image":[{"width":1240,"height":1748,"url":"https:\/\/novellix.com\/de\/wp-content\/uploads\/sites\/2\/2024\/08\/Ophelia-mach-hinne_rgb.jpg","type":"image\/jpeg"}],"twitter_card":"summary_large_image","twitter_misc":{"Gesch\u00e4tzte Lesezeit":"1\u00a0Minute"},"schema":{"@context":"https:\/\/schema.org","@graph":[{"@type":"WebPage","@id":"https:\/\/novellix.com\/de\/produkt\/ophelia-mach-hinne\/","url":"https:\/\/novellix.com\/de\/produkt\/ophelia-mach-hinne\/","name":"Ophelia, mach hinne","isPartOf":{"@id":"https:\/\/novellix.com\/de\/#website"},"primaryImageOfPage":{"@id":"https:\/\/novellix.com\/de\/produkt\/ophelia-mach-hinne\/#primaryimage"},"image":{"@id":"https:\/\/novellix.com\/de\/produkt\/ophelia-mach-hinne\/#primaryimage"},"thumbnailUrl":"https:\/\/novellix.com\/de\/wp-content\/uploads\/sites\/2\/2024\/08\/Ophelia-mach-hinne_rgb.jpg","datePublished":"2024-08-13T11:16:21+00:00","dateModified":"2025-03-10T08:06:38+00:00","description":"Der letzte gemeinsame Urlaub der Familie liegt Jahre zur\u00fcck. In diesem ersten Sommer nach der Wende w\u00fcrde nun alles anders werden: Livs Mutter setzt sich mit ihren Reisepl\u00e4nen ins neue Ostdeutschland durch und zwischen dem politischen Aufruhr und jugendlicher Verzweiflung der T\u00f6chter und der tyrannischen Scham des Vaters zeichnet sich ein Aufbruch ab, aus einer Familien\u00addynamik und einem starren Regime in eine \u00adunsichere Freiheit.","breadcrumb":{"@id":"https:\/\/novellix.com\/de\/produkt\/ophelia-mach-hinne\/#breadcrumb"},"inLanguage":"de","potentialAction":[{"@type":"ReadAction","target":["https:\/\/novellix.com\/de\/produkt\/ophelia-mach-hinne\/"]}]},{"@type":"ImageObject","inLanguage":"de","@id":"https:\/\/novellix.com\/de\/produkt\/ophelia-mach-hinne\/#primaryimage","url":"https:\/\/novellix.com\/de\/wp-content\/uploads\/sites\/2\/2024\/08\/Ophelia-mach-hinne_rgb.jpg","contentUrl":"https:\/\/novellix.com\/de\/wp-content\/uploads\/sites\/2\/2024\/08\/Ophelia-mach-hinne_rgb.jpg","width":1240,"height":1748},{"@type":"BreadcrumbList","@id":"https:\/\/novellix.com\/de\/produkt\/ophelia-mach-hinne\/#breadcrumb","itemListElement":[{"@type":"ListItem","position":1,"name":"Shop","item":"https:\/\/novellix.com\/de\/shop\/"},{"@type":"ListItem","position":2,"name":"Ophelia, mach hinne"}]},{"@type":"WebSite","@id":"https:\/\/novellix.com\/de\/#website","url":"https:\/\/novellix.com\/de\/","name":"NOVELLIX","description":"","potentialAction":[{"@type":"SearchAction","target":{"@type":"EntryPoint","urlTemplate":"https:\/\/novellix.com\/de\/?s={search_term_string}"},"query-input":{"@type":"PropertyValueSpecification","valueRequired":true,"valueName":"search_term_string"}}],"inLanguage":"de"}]}},"_links":{"self":[{"href":"https:\/\/novellix.com\/de\/wp-json\/wp\/v2\/product\/1303140","targetHints":{"allow":["GET"]}}],"collection":[{"href":"https:\/\/novellix.com\/de\/wp-json\/wp\/v2\/product"}],"about":[{"href":"https:\/\/novellix.com\/de\/wp-json\/wp\/v2\/types\/product"}],"wp:featuredmedia":[{"embeddable":true,"href":"https:\/\/novellix.com\/de\/wp-json\/wp\/v2\/media\/1303141"}],"wp:attachment":[{"href":"https:\/\/novellix.com\/de\/wp-json\/wp\/v2\/media?parent=1303140"}],"wp:term":[{"taxonomy":"product_brand","embeddable":true,"href":"https:\/\/novellix.com\/de\/wp-json\/wp\/v2\/product_brand?post=1303140"},{"taxonomy":"product_cat","embeddable":true,"href":"https:\/\/novellix.com\/de\/wp-json\/wp\/v2\/product_cat?post=1303140"},{"taxonomy":"product_tag","embeddable":true,"href":"https:\/\/novellix.com\/de\/wp-json\/wp\/v2\/product_tag?post=1303140"}],"curies":[{"name":"wp","href":"https:\/\/api.w.org\/{rel}","templated":true}]}}