{"id":1303143,"date":"2024-08-17T05:34:31","date_gmt":"2024-08-17T05:34:31","guid":{"rendered":"https:\/\/novellix.com\/de\/?post_type=product&#038;p=1303143"},"modified":"2024-08-19T10:52:57","modified_gmt":"2024-08-19T10:52:57","slug":"keine-weihnachtsgeschichte","status":"publish","type":"product","link":"https:\/\/novellix.com\/de\/produkt\/keine-weihnachtsgeschichte\/","title":{"rendered":"Keine Weihnachts\u00adgeschichte"},"content":{"rendered":"<p><i><span style=\"font-weight: 400;\">Das M\u00e4dchen versucht, sich die Menschen vorzustellen, die, ja \u2013 was genau tun? Um diesen Weihnachtsbaum herum sitzen? Packen sie Geschenke aus, die in dieses sch\u00f6ne Geschenkpapier eingepackt sind, mit Rentieren und Weihnachtsm\u00e4nnern und Schneeflocken bedruckt? Sitzen sie um einen Tisch herum, essen sie, lachen sie, beten vielleicht? Wie lange kann man das, essen? Wor\u00fcber sprechen sie, \u00fcber Jesus? Und was machen sie nach Heiligabend, was machen sie in den kommenden zwei Tagen, die man, das wei\u00df das M\u00e4dchen, Weihnachtsfeiertage nennt?<\/span><\/i><\/p>\n<p>&nbsp;<\/p>\n<p><span style=\"font-weight: 400;\">Ein M\u00e4dchen beobachtet zur Weihnachtszeit mit stillem Erstau\u00adnen, wie Klassenkameraden, Nachbarn und die Welt um sie herum in unerkl\u00e4rte Gesch\u00e4ftigkeit verfallen. Wie selbstver\u00adst\u00e4ndlich wird da gebastelt, verpackt, geschm\u00fcckt und gefeiert. Was genau, traut sich das M\u00e4dchen nicht zu fragen.\u00a0<\/span><\/p>\n<p><span style=\"font-weight: 400;\">Lena Gorelik erz\u00e4hlt schn\u00f6rkellos empathisch vom Versuch eines Kindes aus einer russischen, j\u00fcdischen Familie, sich in der neuen Heimat Deutschland zurechtzufinden, sich anzupas\u00adsen und dabei selbst treu zu bleiben. Und sie erz\u00e4hlt von einer Erwachsenen, die sich an den harten Versuch erinnert, von der Minderheit in die Mehrheit aufzusteigen, vom Trost der Einsicht, dass auch andere anders sind und von dem Leben, das daraus erw\u00e4chst.<\/span><\/p>\n","protected":false},"excerpt":{"rendered":"<p>Das M\u00e4dchen versucht, sich die Menschen vorzustellen, die, ja \u2013 was genau tun? Um diesen Weihnachtsbaum herum sitzen? Packen sie Geschenke aus, die in dieses sch\u00f6ne Geschenkpapier eingepackt sind, mit Rentieren und Weihnachtsm\u00e4nnern und Schneeflocken bedruckt? Sitzen sie um einen Tisch herum, essen sie, lachen sie, beten vielleicht? Wie lange kann man das, essen? Wor\u00fcber [&#8230;]\n","protected":false},"featured_media":1303148,"template":"","meta":[],"product_brand":[],"product_cat":[79],"product_tag":[],"class_list":{"0":"post-1303143","1":"product","2":"type-product","3":"status-publish","4":"has-post-thumbnail","6":"product_cat-noveller","8":"first","9":"instock","10":"shipping-taxable","11":"product-type-simple"},"yoast_head":"<!-- This site is optimized with the Yoast SEO plugin v27.3 - https:\/\/yoast.com\/product\/yoast-seo-wordpress\/ -->\n<title>Keine Weihnachts\u00adgeschichte - NOVELLIX<\/title>\n<meta name=\"robots\" content=\"index, follow, max-snippet:-1, max-image-preview:large, max-video-preview:-1\" \/>\n<link rel=\"canonical\" href=\"https:\/\/novellix.com\/de\/produkt\/keine-weihnachtsgeschichte\/\" \/>\n<meta property=\"og:locale\" content=\"de_DE\" \/>\n<meta property=\"og:type\" content=\"article\" \/>\n<meta property=\"og:title\" content=\"Keine Weihnachts\u00adgeschichte - NOVELLIX\" \/>\n<meta property=\"og:description\" content=\"Das M\u00e4dchen versucht, sich die Menschen vorzustellen, die, ja \u2013 was genau tun? Um diesen Weihnachtsbaum herum sitzen? Packen sie Geschenke aus, die in dieses sch\u00f6ne Geschenkpapier eingepackt sind, mit Rentieren und Weihnachtsm\u00e4nnern und Schneeflocken bedruckt? Sitzen sie um einen Tisch herum, essen sie, lachen sie, beten vielleicht? Wie lange kann man das, essen? Wor\u00fcber [...]\" \/>\n<meta property=\"og:url\" content=\"https:\/\/novellix.com\/de\/produkt\/keine-weihnachtsgeschichte\/\" \/>\n<meta property=\"og:site_name\" content=\"NOVELLIX\" \/>\n<meta property=\"article:modified_time\" content=\"2024-08-19T10:52:57+00:00\" \/>\n<meta property=\"og:image\" content=\"https:\/\/novellix.com\/de\/wp-content\/uploads\/sites\/2\/2024\/08\/Keine-Weihnachts_geschichte_rgb.jpg\" \/>\n\t<meta property=\"og:image:width\" content=\"1240\" \/>\n\t<meta property=\"og:image:height\" content=\"1748\" \/>\n\t<meta property=\"og:image:type\" content=\"image\/jpeg\" \/>\n<meta name=\"twitter:card\" content=\"summary_large_image\" \/>\n<meta name=\"twitter:label1\" content=\"Gesch\u00e4tzte Lesezeit\" \/>\n\t<meta name=\"twitter:data1\" content=\"1\u00a0Minute\" \/>\n<script type=\"application\/ld+json\" class=\"yoast-schema-graph\">{\"@context\":\"https:\\\/\\\/schema.org\",\"@graph\":[{\"@type\":\"WebPage\",\"@id\":\"https:\\\/\\\/novellix.com\\\/de\\\/produkt\\\/keine-weihnachtsgeschichte\\\/\",\"url\":\"https:\\\/\\\/novellix.com\\\/de\\\/produkt\\\/keine-weihnachtsgeschichte\\\/\",\"name\":\"Keine Weihnachts\u00adgeschichte - NOVELLIX\",\"isPartOf\":{\"@id\":\"https:\\\/\\\/novellix.com\\\/de\\\/#website\"},\"primaryImageOfPage\":{\"@id\":\"https:\\\/\\\/novellix.com\\\/de\\\/produkt\\\/keine-weihnachtsgeschichte\\\/#primaryimage\"},\"image\":{\"@id\":\"https:\\\/\\\/novellix.com\\\/de\\\/produkt\\\/keine-weihnachtsgeschichte\\\/#primaryimage\"},\"thumbnailUrl\":\"https:\\\/\\\/novellix.com\\\/de\\\/wp-content\\\/uploads\\\/sites\\\/2\\\/2024\\\/08\\\/Keine-Weihnachts_geschichte_rgb.jpg\",\"datePublished\":\"2024-08-17T05:34:31+00:00\",\"dateModified\":\"2024-08-19T10:52:57+00:00\",\"breadcrumb\":{\"@id\":\"https:\\\/\\\/novellix.com\\\/de\\\/produkt\\\/keine-weihnachtsgeschichte\\\/#breadcrumb\"},\"inLanguage\":\"de\",\"potentialAction\":[{\"@type\":\"ReadAction\",\"target\":[\"https:\\\/\\\/novellix.com\\\/de\\\/produkt\\\/keine-weihnachtsgeschichte\\\/\"]}]},{\"@type\":\"ImageObject\",\"inLanguage\":\"de\",\"@id\":\"https:\\\/\\\/novellix.com\\\/de\\\/produkt\\\/keine-weihnachtsgeschichte\\\/#primaryimage\",\"url\":\"https:\\\/\\\/novellix.com\\\/de\\\/wp-content\\\/uploads\\\/sites\\\/2\\\/2024\\\/08\\\/Keine-Weihnachts_geschichte_rgb.jpg\",\"contentUrl\":\"https:\\\/\\\/novellix.com\\\/de\\\/wp-content\\\/uploads\\\/sites\\\/2\\\/2024\\\/08\\\/Keine-Weihnachts_geschichte_rgb.jpg\",\"width\":1240,\"height\":1748},{\"@type\":\"BreadcrumbList\",\"@id\":\"https:\\\/\\\/novellix.com\\\/de\\\/produkt\\\/keine-weihnachtsgeschichte\\\/#breadcrumb\",\"itemListElement\":[{\"@type\":\"ListItem\",\"position\":1,\"name\":\"Shop\",\"item\":\"https:\\\/\\\/novellix.com\\\/de\\\/shop\\\/\"},{\"@type\":\"ListItem\",\"position\":2,\"name\":\"Keine Weihnachts\u00adgeschichte\"}]},{\"@type\":\"WebSite\",\"@id\":\"https:\\\/\\\/novellix.com\\\/de\\\/#website\",\"url\":\"https:\\\/\\\/novellix.com\\\/de\\\/\",\"name\":\"NOVELLIX\",\"description\":\"\",\"potentialAction\":[{\"@type\":\"SearchAction\",\"target\":{\"@type\":\"EntryPoint\",\"urlTemplate\":\"https:\\\/\\\/novellix.com\\\/de\\\/?s={search_term_string}\"},\"query-input\":{\"@type\":\"PropertyValueSpecification\",\"valueRequired\":true,\"valueName\":\"search_term_string\"}}],\"inLanguage\":\"de\"}]}<\/script>\n<!-- \/ Yoast SEO plugin. -->","yoast_head_json":{"title":"Keine Weihnachts\u00adgeschichte - NOVELLIX","robots":{"index":"index","follow":"follow","max-snippet":"max-snippet:-1","max-image-preview":"max-image-preview:large","max-video-preview":"max-video-preview:-1"},"canonical":"https:\/\/novellix.com\/de\/produkt\/keine-weihnachtsgeschichte\/","og_locale":"de_DE","og_type":"article","og_title":"Keine Weihnachts\u00adgeschichte - NOVELLIX","og_description":"Das M\u00e4dchen versucht, sich die Menschen vorzustellen, die, ja \u2013 was genau tun? Um diesen Weihnachtsbaum herum sitzen? Packen sie Geschenke aus, die in dieses sch\u00f6ne Geschenkpapier eingepackt sind, mit Rentieren und Weihnachtsm\u00e4nnern und Schneeflocken bedruckt? Sitzen sie um einen Tisch herum, essen sie, lachen sie, beten vielleicht? Wie lange kann man das, essen? Wor\u00fcber [...]","og_url":"https:\/\/novellix.com\/de\/produkt\/keine-weihnachtsgeschichte\/","og_site_name":"NOVELLIX","article_modified_time":"2024-08-19T10:52:57+00:00","og_image":[{"width":1240,"height":1748,"url":"https:\/\/novellix.com\/de\/wp-content\/uploads\/sites\/2\/2024\/08\/Keine-Weihnachts_geschichte_rgb.jpg","type":"image\/jpeg"}],"twitter_card":"summary_large_image","twitter_misc":{"Gesch\u00e4tzte Lesezeit":"1\u00a0Minute"},"schema":{"@context":"https:\/\/schema.org","@graph":[{"@type":"WebPage","@id":"https:\/\/novellix.com\/de\/produkt\/keine-weihnachtsgeschichte\/","url":"https:\/\/novellix.com\/de\/produkt\/keine-weihnachtsgeschichte\/","name":"Keine Weihnachts\u00adgeschichte - NOVELLIX","isPartOf":{"@id":"https:\/\/novellix.com\/de\/#website"},"primaryImageOfPage":{"@id":"https:\/\/novellix.com\/de\/produkt\/keine-weihnachtsgeschichte\/#primaryimage"},"image":{"@id":"https:\/\/novellix.com\/de\/produkt\/keine-weihnachtsgeschichte\/#primaryimage"},"thumbnailUrl":"https:\/\/novellix.com\/de\/wp-content\/uploads\/sites\/2\/2024\/08\/Keine-Weihnachts_geschichte_rgb.jpg","datePublished":"2024-08-17T05:34:31+00:00","dateModified":"2024-08-19T10:52:57+00:00","breadcrumb":{"@id":"https:\/\/novellix.com\/de\/produkt\/keine-weihnachtsgeschichte\/#breadcrumb"},"inLanguage":"de","potentialAction":[{"@type":"ReadAction","target":["https:\/\/novellix.com\/de\/produkt\/keine-weihnachtsgeschichte\/"]}]},{"@type":"ImageObject","inLanguage":"de","@id":"https:\/\/novellix.com\/de\/produkt\/keine-weihnachtsgeschichte\/#primaryimage","url":"https:\/\/novellix.com\/de\/wp-content\/uploads\/sites\/2\/2024\/08\/Keine-Weihnachts_geschichte_rgb.jpg","contentUrl":"https:\/\/novellix.com\/de\/wp-content\/uploads\/sites\/2\/2024\/08\/Keine-Weihnachts_geschichte_rgb.jpg","width":1240,"height":1748},{"@type":"BreadcrumbList","@id":"https:\/\/novellix.com\/de\/produkt\/keine-weihnachtsgeschichte\/#breadcrumb","itemListElement":[{"@type":"ListItem","position":1,"name":"Shop","item":"https:\/\/novellix.com\/de\/shop\/"},{"@type":"ListItem","position":2,"name":"Keine Weihnachts\u00adgeschichte"}]},{"@type":"WebSite","@id":"https:\/\/novellix.com\/de\/#website","url":"https:\/\/novellix.com\/de\/","name":"NOVELLIX","description":"","potentialAction":[{"@type":"SearchAction","target":{"@type":"EntryPoint","urlTemplate":"https:\/\/novellix.com\/de\/?s={search_term_string}"},"query-input":{"@type":"PropertyValueSpecification","valueRequired":true,"valueName":"search_term_string"}}],"inLanguage":"de"}]}},"_links":{"self":[{"href":"https:\/\/novellix.com\/de\/wp-json\/wp\/v2\/product\/1303143","targetHints":{"allow":["GET"]}}],"collection":[{"href":"https:\/\/novellix.com\/de\/wp-json\/wp\/v2\/product"}],"about":[{"href":"https:\/\/novellix.com\/de\/wp-json\/wp\/v2\/types\/product"}],"wp:featuredmedia":[{"embeddable":true,"href":"https:\/\/novellix.com\/de\/wp-json\/wp\/v2\/media\/1303148"}],"wp:attachment":[{"href":"https:\/\/novellix.com\/de\/wp-json\/wp\/v2\/media?parent=1303143"}],"wp:term":[{"taxonomy":"product_brand","embeddable":true,"href":"https:\/\/novellix.com\/de\/wp-json\/wp\/v2\/product_brand?post=1303143"},{"taxonomy":"product_cat","embeddable":true,"href":"https:\/\/novellix.com\/de\/wp-json\/wp\/v2\/product_cat?post=1303143"},{"taxonomy":"product_tag","embeddable":true,"href":"https:\/\/novellix.com\/de\/wp-json\/wp\/v2\/product_tag?post=1303143"}],"curies":[{"name":"wp","href":"https:\/\/api.w.org\/{rel}","templated":true}]}}