{"id":1303149,"date":"2024-08-17T05:35:48","date_gmt":"2024-08-17T05:35:48","guid":{"rendered":"https:\/\/novellix.com\/de\/?post_type=product&#038;p=1303149"},"modified":"2024-08-19T10:53:31","modified_gmt":"2024-08-19T10:53:31","slug":"weihnachten-mit-huesniye","status":"publish","type":"product","link":"https:\/\/novellix.com\/de\/produkt\/weihnachten-mit-huesniye\/","title":{"rendered":"Weihnachten mit H\u00fcsniye"},"content":{"rendered":"<p><i><span style=\"font-weight: 400;\">F\u00fcr mich gab es immer auch einen Stapel gut gemeinter Jugendb\u00fccher. Ich sehe meine Stiefoma direkt vor mir, wie sie in einer Buchhandlung etwas verloren in der Kinderbuchecke steht und von einer Buchh\u00e4ndlerin gestellt wird.<br \/>\n<\/span><\/i><i style=\"font-size: 14.4px;\"><span>\u201eSuchen Sie etwas Bestimmtes, meine Dame?\u201c<br \/>\n<\/span><\/i><i><span style=\"font-weight: 400;\">\u201e\u00c4h, haben Sie etwas \u00fcber M\u00e4dchen in Pakistan?\u201c<br \/>\n<\/span><\/i><i><span style=\"font-weight: 400;\">\u201eNein, Pakistan leider nicht, aber darf ich Ihnen dieses afghanische M\u00e4dchenschicksal, diesen indischen Waisenknaben oder den t\u00fcrkischen Stra\u00dfenjungen mit seinem Tanzb\u00e4ren empfehlen?\u201c<\/span><\/i><\/p>\n<p>&nbsp;<\/p>\n<p><span style=\"font-weight: 400;\">Sarah w\u00e4chst in Hamburg zur Zeit der fr\u00f6hlichen Grausamkeit gegen\u00fcber Gastarbeitern und ihren Kindern auf. Mit einer deutschen Mutter, die die Familie verlassen hat und einem bem\u00fchten, aber \u00fcberforderten, pakistanischen Vater, ist sie eine doppelte Au\u00dfenseiterin. Weihnachten in der Hamburger Pastorenfamilie ihrer Mutter ist f\u00fcr Sarah ein Sehnsuchtsort voller \u00adHerzlichkeit und Gemeinschaft, ein Ort an dem sie ein deutsches Kind wie alle anderen ist. Sarah Khans Erz\u00e4hlung trifft ins Herz, macht hilflos, l\u00e4sst einen schmunzeln und spendet Hoffnung, nicht nur f\u00fcr die kluge Sarah, die schreibend lernt, ihre Welt zu verstehen.<\/span><\/p>\n","protected":false},"excerpt":{"rendered":"<p>F\u00fcr mich gab es immer auch einen Stapel gut gemeinter Jugendb\u00fccher. Ich sehe meine Stiefoma direkt vor mir, wie sie in einer Buchhandlung etwas verloren in der Kinderbuchecke steht und von einer Buchh\u00e4ndlerin gestellt wird. \u201eSuchen Sie etwas Bestimmtes, meine Dame?\u201c \u201e\u00c4h, haben Sie etwas \u00fcber M\u00e4dchen in Pakistan?\u201c \u201eNein, Pakistan leider nicht, aber darf [&#8230;]\n","protected":false},"featured_media":1303147,"template":"","meta":[],"product_brand":[],"product_cat":[79],"product_tag":[],"class_list":{"0":"post-1303149","1":"product","2":"type-product","3":"status-publish","4":"has-post-thumbnail","6":"product_cat-noveller","8":"first","9":"instock","10":"shipping-taxable","11":"product-type-simple"},"yoast_head":"<!-- This site is optimized with the Yoast SEO plugin v27.3 - https:\/\/yoast.com\/product\/yoast-seo-wordpress\/ -->\n<title>Weihnachten mit H\u00fcsniye - NOVELLIX<\/title>\n<meta name=\"robots\" content=\"index, follow, max-snippet:-1, max-image-preview:large, max-video-preview:-1\" \/>\n<link rel=\"canonical\" href=\"https:\/\/novellix.com\/de\/produkt\/weihnachten-mit-huesniye\/\" \/>\n<meta property=\"og:locale\" content=\"de_DE\" \/>\n<meta property=\"og:type\" content=\"article\" \/>\n<meta property=\"og:title\" content=\"Weihnachten mit H\u00fcsniye - NOVELLIX\" \/>\n<meta property=\"og:description\" content=\"F\u00fcr mich gab es immer auch einen Stapel gut gemeinter Jugendb\u00fccher. Ich sehe meine Stiefoma direkt vor mir, wie sie in einer Buchhandlung etwas verloren in der Kinderbuchecke steht und von einer Buchh\u00e4ndlerin gestellt wird. \u201eSuchen Sie etwas Bestimmtes, meine Dame?\u201c \u201e\u00c4h, haben Sie etwas \u00fcber M\u00e4dchen in Pakistan?\u201c \u201eNein, Pakistan leider nicht, aber darf [...]\" \/>\n<meta property=\"og:url\" content=\"https:\/\/novellix.com\/de\/produkt\/weihnachten-mit-huesniye\/\" \/>\n<meta property=\"og:site_name\" content=\"NOVELLIX\" \/>\n<meta property=\"article:modified_time\" content=\"2024-08-19T10:53:31+00:00\" \/>\n<meta property=\"og:image\" content=\"https:\/\/novellix.com\/de\/wp-content\/uploads\/sites\/2\/2024\/08\/Weihnachten-mit-Huesniye_rgb.jpg\" \/>\n\t<meta property=\"og:image:width\" content=\"1240\" \/>\n\t<meta property=\"og:image:height\" content=\"1748\" \/>\n\t<meta property=\"og:image:type\" content=\"image\/jpeg\" \/>\n<meta name=\"twitter:card\" content=\"summary_large_image\" \/>\n<meta name=\"twitter:label1\" content=\"Gesch\u00e4tzte Lesezeit\" \/>\n\t<meta name=\"twitter:data1\" content=\"1\u00a0Minute\" \/>\n<script type=\"application\/ld+json\" class=\"yoast-schema-graph\">{\"@context\":\"https:\\\/\\\/schema.org\",\"@graph\":[{\"@type\":\"WebPage\",\"@id\":\"https:\\\/\\\/novellix.com\\\/de\\\/produkt\\\/weihnachten-mit-huesniye\\\/\",\"url\":\"https:\\\/\\\/novellix.com\\\/de\\\/produkt\\\/weihnachten-mit-huesniye\\\/\",\"name\":\"Weihnachten mit H\u00fcsniye - NOVELLIX\",\"isPartOf\":{\"@id\":\"https:\\\/\\\/novellix.com\\\/de\\\/#website\"},\"primaryImageOfPage\":{\"@id\":\"https:\\\/\\\/novellix.com\\\/de\\\/produkt\\\/weihnachten-mit-huesniye\\\/#primaryimage\"},\"image\":{\"@id\":\"https:\\\/\\\/novellix.com\\\/de\\\/produkt\\\/weihnachten-mit-huesniye\\\/#primaryimage\"},\"thumbnailUrl\":\"https:\\\/\\\/novellix.com\\\/de\\\/wp-content\\\/uploads\\\/sites\\\/2\\\/2024\\\/08\\\/Weihnachten-mit-Huesniye_rgb.jpg\",\"datePublished\":\"2024-08-17T05:35:48+00:00\",\"dateModified\":\"2024-08-19T10:53:31+00:00\",\"breadcrumb\":{\"@id\":\"https:\\\/\\\/novellix.com\\\/de\\\/produkt\\\/weihnachten-mit-huesniye\\\/#breadcrumb\"},\"inLanguage\":\"de\",\"potentialAction\":[{\"@type\":\"ReadAction\",\"target\":[\"https:\\\/\\\/novellix.com\\\/de\\\/produkt\\\/weihnachten-mit-huesniye\\\/\"]}]},{\"@type\":\"ImageObject\",\"inLanguage\":\"de\",\"@id\":\"https:\\\/\\\/novellix.com\\\/de\\\/produkt\\\/weihnachten-mit-huesniye\\\/#primaryimage\",\"url\":\"https:\\\/\\\/novellix.com\\\/de\\\/wp-content\\\/uploads\\\/sites\\\/2\\\/2024\\\/08\\\/Weihnachten-mit-Huesniye_rgb.jpg\",\"contentUrl\":\"https:\\\/\\\/novellix.com\\\/de\\\/wp-content\\\/uploads\\\/sites\\\/2\\\/2024\\\/08\\\/Weihnachten-mit-Huesniye_rgb.jpg\",\"width\":1240,\"height\":1748},{\"@type\":\"BreadcrumbList\",\"@id\":\"https:\\\/\\\/novellix.com\\\/de\\\/produkt\\\/weihnachten-mit-huesniye\\\/#breadcrumb\",\"itemListElement\":[{\"@type\":\"ListItem\",\"position\":1,\"name\":\"Shop\",\"item\":\"https:\\\/\\\/novellix.com\\\/de\\\/shop\\\/\"},{\"@type\":\"ListItem\",\"position\":2,\"name\":\"Weihnachten mit H\u00fcsniye\"}]},{\"@type\":\"WebSite\",\"@id\":\"https:\\\/\\\/novellix.com\\\/de\\\/#website\",\"url\":\"https:\\\/\\\/novellix.com\\\/de\\\/\",\"name\":\"NOVELLIX\",\"description\":\"\",\"potentialAction\":[{\"@type\":\"SearchAction\",\"target\":{\"@type\":\"EntryPoint\",\"urlTemplate\":\"https:\\\/\\\/novellix.com\\\/de\\\/?s={search_term_string}\"},\"query-input\":{\"@type\":\"PropertyValueSpecification\",\"valueRequired\":true,\"valueName\":\"search_term_string\"}}],\"inLanguage\":\"de\"}]}<\/script>\n<!-- \/ Yoast SEO plugin. -->","yoast_head_json":{"title":"Weihnachten mit H\u00fcsniye - NOVELLIX","robots":{"index":"index","follow":"follow","max-snippet":"max-snippet:-1","max-image-preview":"max-image-preview:large","max-video-preview":"max-video-preview:-1"},"canonical":"https:\/\/novellix.com\/de\/produkt\/weihnachten-mit-huesniye\/","og_locale":"de_DE","og_type":"article","og_title":"Weihnachten mit H\u00fcsniye - NOVELLIX","og_description":"F\u00fcr mich gab es immer auch einen Stapel gut gemeinter Jugendb\u00fccher. Ich sehe meine Stiefoma direkt vor mir, wie sie in einer Buchhandlung etwas verloren in der Kinderbuchecke steht und von einer Buchh\u00e4ndlerin gestellt wird. \u201eSuchen Sie etwas Bestimmtes, meine Dame?\u201c \u201e\u00c4h, haben Sie etwas \u00fcber M\u00e4dchen in Pakistan?\u201c \u201eNein, Pakistan leider nicht, aber darf [...]","og_url":"https:\/\/novellix.com\/de\/produkt\/weihnachten-mit-huesniye\/","og_site_name":"NOVELLIX","article_modified_time":"2024-08-19T10:53:31+00:00","og_image":[{"width":1240,"height":1748,"url":"https:\/\/novellix.com\/de\/wp-content\/uploads\/sites\/2\/2024\/08\/Weihnachten-mit-Huesniye_rgb.jpg","type":"image\/jpeg"}],"twitter_card":"summary_large_image","twitter_misc":{"Gesch\u00e4tzte Lesezeit":"1\u00a0Minute"},"schema":{"@context":"https:\/\/schema.org","@graph":[{"@type":"WebPage","@id":"https:\/\/novellix.com\/de\/produkt\/weihnachten-mit-huesniye\/","url":"https:\/\/novellix.com\/de\/produkt\/weihnachten-mit-huesniye\/","name":"Weihnachten mit H\u00fcsniye - NOVELLIX","isPartOf":{"@id":"https:\/\/novellix.com\/de\/#website"},"primaryImageOfPage":{"@id":"https:\/\/novellix.com\/de\/produkt\/weihnachten-mit-huesniye\/#primaryimage"},"image":{"@id":"https:\/\/novellix.com\/de\/produkt\/weihnachten-mit-huesniye\/#primaryimage"},"thumbnailUrl":"https:\/\/novellix.com\/de\/wp-content\/uploads\/sites\/2\/2024\/08\/Weihnachten-mit-Huesniye_rgb.jpg","datePublished":"2024-08-17T05:35:48+00:00","dateModified":"2024-08-19T10:53:31+00:00","breadcrumb":{"@id":"https:\/\/novellix.com\/de\/produkt\/weihnachten-mit-huesniye\/#breadcrumb"},"inLanguage":"de","potentialAction":[{"@type":"ReadAction","target":["https:\/\/novellix.com\/de\/produkt\/weihnachten-mit-huesniye\/"]}]},{"@type":"ImageObject","inLanguage":"de","@id":"https:\/\/novellix.com\/de\/produkt\/weihnachten-mit-huesniye\/#primaryimage","url":"https:\/\/novellix.com\/de\/wp-content\/uploads\/sites\/2\/2024\/08\/Weihnachten-mit-Huesniye_rgb.jpg","contentUrl":"https:\/\/novellix.com\/de\/wp-content\/uploads\/sites\/2\/2024\/08\/Weihnachten-mit-Huesniye_rgb.jpg","width":1240,"height":1748},{"@type":"BreadcrumbList","@id":"https:\/\/novellix.com\/de\/produkt\/weihnachten-mit-huesniye\/#breadcrumb","itemListElement":[{"@type":"ListItem","position":1,"name":"Shop","item":"https:\/\/novellix.com\/de\/shop\/"},{"@type":"ListItem","position":2,"name":"Weihnachten mit H\u00fcsniye"}]},{"@type":"WebSite","@id":"https:\/\/novellix.com\/de\/#website","url":"https:\/\/novellix.com\/de\/","name":"NOVELLIX","description":"","potentialAction":[{"@type":"SearchAction","target":{"@type":"EntryPoint","urlTemplate":"https:\/\/novellix.com\/de\/?s={search_term_string}"},"query-input":{"@type":"PropertyValueSpecification","valueRequired":true,"valueName":"search_term_string"}}],"inLanguage":"de"}]}},"_links":{"self":[{"href":"https:\/\/novellix.com\/de\/wp-json\/wp\/v2\/product\/1303149","targetHints":{"allow":["GET"]}}],"collection":[{"href":"https:\/\/novellix.com\/de\/wp-json\/wp\/v2\/product"}],"about":[{"href":"https:\/\/novellix.com\/de\/wp-json\/wp\/v2\/types\/product"}],"wp:featuredmedia":[{"embeddable":true,"href":"https:\/\/novellix.com\/de\/wp-json\/wp\/v2\/media\/1303147"}],"wp:attachment":[{"href":"https:\/\/novellix.com\/de\/wp-json\/wp\/v2\/media?parent=1303149"}],"wp:term":[{"taxonomy":"product_brand","embeddable":true,"href":"https:\/\/novellix.com\/de\/wp-json\/wp\/v2\/product_brand?post=1303149"},{"taxonomy":"product_cat","embeddable":true,"href":"https:\/\/novellix.com\/de\/wp-json\/wp\/v2\/product_cat?post=1303149"},{"taxonomy":"product_tag","embeddable":true,"href":"https:\/\/novellix.com\/de\/wp-json\/wp\/v2\/product_tag?post=1303149"}],"curies":[{"name":"wp","href":"https:\/\/api.w.org\/{rel}","templated":true}]}}