{"id":1303150,"date":"2024-08-17T05:36:53","date_gmt":"2024-08-17T05:36:53","guid":{"rendered":"https:\/\/novellix.com\/de\/?post_type=product&#038;p=1303150"},"modified":"2024-08-19T10:53:15","modified_gmt":"2024-08-19T10:53:15","slug":"weihnachten-in-berlin","status":"publish","type":"product","link":"https:\/\/novellix.com\/de\/produkt\/weihnachten-in-berlin\/","title":{"rendered":"Weihnachten in Berlin"},"content":{"rendered":"<p><i><span style=\"font-weight: 400;\">Unter all diesen Vorbereitungen nahte das Fest. Am 24. \u00adDezember stand Vater ungewohnt fr\u00fch auf und zog sich mit Mutter ins Weihnachtszimmer, wie nun sein Arbeitszimmer hie\u00df, zur\u00fcck. F\u00fcr alle F\u00e4lle versuchten wir die Schl\u00fcssell\u00f6cher, trotzdem wir Vaters Vorsicht kannten: Er verh\u00e4ngte sie immer zuerst. Geheimnisvoll verdeckte \u00adGegenst\u00e4nde wurden durch die Wohnung getragen. Alle l\u00e4chelten, sogar die meist brummige Minna.<\/span><\/i><span style=\"font-weight: 400;\">\u00a0<\/span><\/p>\n<p>&nbsp;<\/p>\n<p><span style=\"font-weight: 400;\">Hans Falladas Erz\u00e4hlung ist wie eine Erinnerung, die wir alle gerne h\u00e4tten: ein Weihnachten aus vergangener Zeit, voll aufgeregter Besch\u00e4ftigung und Vorbereitung, voll gespannter Vorfreude und liebevoller Gemeinsamkeit \u2013 und der rechten Balance aus Drama und Vers\u00f6hnung. Doch Fallada liefert keine gem\u00fctlich kitschige Utopie einer heilen Weihnachtswelt, vielmehr zeigt seine Erz\u00e4hlung uns den Wert von famili\u00e4ren Traditionen und vom liebevollen und r\u00fccksichtsvollen Um\u00adgang miteinander, sei es zu Weihnachten oder im Alltag.<\/span><\/p>\n","protected":false},"excerpt":{"rendered":"<p>Unter all diesen Vorbereitungen nahte das Fest. Am 24. \u00adDezember stand Vater ungewohnt fr\u00fch auf und zog sich mit Mutter ins Weihnachtszimmer, wie nun sein Arbeitszimmer hie\u00df, zur\u00fcck. F\u00fcr alle F\u00e4lle versuchten wir die Schl\u00fcssell\u00f6cher, trotzdem wir Vaters Vorsicht kannten: Er verh\u00e4ngte sie immer zuerst. Geheimnisvoll verdeckte \u00adGegenst\u00e4nde wurden durch die Wohnung getragen. Alle l\u00e4chelten, [&#8230;]\n","protected":false},"featured_media":1303145,"template":"","meta":[],"product_brand":[],"product_cat":[79],"product_tag":[],"class_list":{"0":"post-1303150","1":"product","2":"type-product","3":"status-publish","4":"has-post-thumbnail","6":"product_cat-noveller","8":"first","9":"instock","10":"shipping-taxable","11":"product-type-simple"},"yoast_head":"<!-- This site is optimized with the Yoast SEO plugin v27.3 - https:\/\/yoast.com\/product\/yoast-seo-wordpress\/ -->\n<title>Weihnachten in Berlin - NOVELLIX<\/title>\n<meta name=\"robots\" content=\"index, follow, max-snippet:-1, max-image-preview:large, max-video-preview:-1\" \/>\n<link rel=\"canonical\" href=\"https:\/\/novellix.com\/de\/produkt\/weihnachten-in-berlin\/\" \/>\n<meta property=\"og:locale\" content=\"de_DE\" \/>\n<meta property=\"og:type\" content=\"article\" \/>\n<meta property=\"og:title\" content=\"Weihnachten in Berlin - NOVELLIX\" \/>\n<meta property=\"og:description\" content=\"Unter all diesen Vorbereitungen nahte das Fest. Am 24. \u00adDezember stand Vater ungewohnt fr\u00fch auf und zog sich mit Mutter ins Weihnachtszimmer, wie nun sein Arbeitszimmer hie\u00df, zur\u00fcck. F\u00fcr alle F\u00e4lle versuchten wir die Schl\u00fcssell\u00f6cher, trotzdem wir Vaters Vorsicht kannten: Er verh\u00e4ngte sie immer zuerst. Geheimnisvoll verdeckte \u00adGegenst\u00e4nde wurden durch die Wohnung getragen. Alle l\u00e4chelten, [...]\" \/>\n<meta property=\"og:url\" content=\"https:\/\/novellix.com\/de\/produkt\/weihnachten-in-berlin\/\" \/>\n<meta property=\"og:site_name\" content=\"NOVELLIX\" \/>\n<meta property=\"article:modified_time\" content=\"2024-08-19T10:53:15+00:00\" \/>\n<meta property=\"og:image\" content=\"https:\/\/novellix.com\/de\/wp-content\/uploads\/sites\/2\/2024\/08\/Weihnachten-in-Berlin_rgb.jpg\" \/>\n\t<meta property=\"og:image:width\" content=\"1240\" \/>\n\t<meta property=\"og:image:height\" content=\"1748\" \/>\n\t<meta property=\"og:image:type\" content=\"image\/jpeg\" \/>\n<meta name=\"twitter:card\" content=\"summary_large_image\" \/>\n<meta name=\"twitter:label1\" content=\"Gesch\u00e4tzte Lesezeit\" \/>\n\t<meta name=\"twitter:data1\" content=\"1\u00a0Minute\" \/>\n<script type=\"application\/ld+json\" class=\"yoast-schema-graph\">{\"@context\":\"https:\\\/\\\/schema.org\",\"@graph\":[{\"@type\":\"WebPage\",\"@id\":\"https:\\\/\\\/novellix.com\\\/de\\\/produkt\\\/weihnachten-in-berlin\\\/\",\"url\":\"https:\\\/\\\/novellix.com\\\/de\\\/produkt\\\/weihnachten-in-berlin\\\/\",\"name\":\"Weihnachten in Berlin - NOVELLIX\",\"isPartOf\":{\"@id\":\"https:\\\/\\\/novellix.com\\\/de\\\/#website\"},\"primaryImageOfPage\":{\"@id\":\"https:\\\/\\\/novellix.com\\\/de\\\/produkt\\\/weihnachten-in-berlin\\\/#primaryimage\"},\"image\":{\"@id\":\"https:\\\/\\\/novellix.com\\\/de\\\/produkt\\\/weihnachten-in-berlin\\\/#primaryimage\"},\"thumbnailUrl\":\"https:\\\/\\\/novellix.com\\\/de\\\/wp-content\\\/uploads\\\/sites\\\/2\\\/2024\\\/08\\\/Weihnachten-in-Berlin_rgb.jpg\",\"datePublished\":\"2024-08-17T05:36:53+00:00\",\"dateModified\":\"2024-08-19T10:53:15+00:00\",\"breadcrumb\":{\"@id\":\"https:\\\/\\\/novellix.com\\\/de\\\/produkt\\\/weihnachten-in-berlin\\\/#breadcrumb\"},\"inLanguage\":\"de\",\"potentialAction\":[{\"@type\":\"ReadAction\",\"target\":[\"https:\\\/\\\/novellix.com\\\/de\\\/produkt\\\/weihnachten-in-berlin\\\/\"]}]},{\"@type\":\"ImageObject\",\"inLanguage\":\"de\",\"@id\":\"https:\\\/\\\/novellix.com\\\/de\\\/produkt\\\/weihnachten-in-berlin\\\/#primaryimage\",\"url\":\"https:\\\/\\\/novellix.com\\\/de\\\/wp-content\\\/uploads\\\/sites\\\/2\\\/2024\\\/08\\\/Weihnachten-in-Berlin_rgb.jpg\",\"contentUrl\":\"https:\\\/\\\/novellix.com\\\/de\\\/wp-content\\\/uploads\\\/sites\\\/2\\\/2024\\\/08\\\/Weihnachten-in-Berlin_rgb.jpg\",\"width\":1240,\"height\":1748},{\"@type\":\"BreadcrumbList\",\"@id\":\"https:\\\/\\\/novellix.com\\\/de\\\/produkt\\\/weihnachten-in-berlin\\\/#breadcrumb\",\"itemListElement\":[{\"@type\":\"ListItem\",\"position\":1,\"name\":\"Shop\",\"item\":\"https:\\\/\\\/novellix.com\\\/de\\\/shop\\\/\"},{\"@type\":\"ListItem\",\"position\":2,\"name\":\"Weihnachten in Berlin\"}]},{\"@type\":\"WebSite\",\"@id\":\"https:\\\/\\\/novellix.com\\\/de\\\/#website\",\"url\":\"https:\\\/\\\/novellix.com\\\/de\\\/\",\"name\":\"NOVELLIX\",\"description\":\"\",\"potentialAction\":[{\"@type\":\"SearchAction\",\"target\":{\"@type\":\"EntryPoint\",\"urlTemplate\":\"https:\\\/\\\/novellix.com\\\/de\\\/?s={search_term_string}\"},\"query-input\":{\"@type\":\"PropertyValueSpecification\",\"valueRequired\":true,\"valueName\":\"search_term_string\"}}],\"inLanguage\":\"de\"}]}<\/script>\n<!-- \/ Yoast SEO plugin. -->","yoast_head_json":{"title":"Weihnachten in Berlin - NOVELLIX","robots":{"index":"index","follow":"follow","max-snippet":"max-snippet:-1","max-image-preview":"max-image-preview:large","max-video-preview":"max-video-preview:-1"},"canonical":"https:\/\/novellix.com\/de\/produkt\/weihnachten-in-berlin\/","og_locale":"de_DE","og_type":"article","og_title":"Weihnachten in Berlin - NOVELLIX","og_description":"Unter all diesen Vorbereitungen nahte das Fest. Am 24. \u00adDezember stand Vater ungewohnt fr\u00fch auf und zog sich mit Mutter ins Weihnachtszimmer, wie nun sein Arbeitszimmer hie\u00df, zur\u00fcck. F\u00fcr alle F\u00e4lle versuchten wir die Schl\u00fcssell\u00f6cher, trotzdem wir Vaters Vorsicht kannten: Er verh\u00e4ngte sie immer zuerst. Geheimnisvoll verdeckte \u00adGegenst\u00e4nde wurden durch die Wohnung getragen. Alle l\u00e4chelten, [...]","og_url":"https:\/\/novellix.com\/de\/produkt\/weihnachten-in-berlin\/","og_site_name":"NOVELLIX","article_modified_time":"2024-08-19T10:53:15+00:00","og_image":[{"width":1240,"height":1748,"url":"https:\/\/novellix.com\/de\/wp-content\/uploads\/sites\/2\/2024\/08\/Weihnachten-in-Berlin_rgb.jpg","type":"image\/jpeg"}],"twitter_card":"summary_large_image","twitter_misc":{"Gesch\u00e4tzte Lesezeit":"1\u00a0Minute"},"schema":{"@context":"https:\/\/schema.org","@graph":[{"@type":"WebPage","@id":"https:\/\/novellix.com\/de\/produkt\/weihnachten-in-berlin\/","url":"https:\/\/novellix.com\/de\/produkt\/weihnachten-in-berlin\/","name":"Weihnachten in Berlin - NOVELLIX","isPartOf":{"@id":"https:\/\/novellix.com\/de\/#website"},"primaryImageOfPage":{"@id":"https:\/\/novellix.com\/de\/produkt\/weihnachten-in-berlin\/#primaryimage"},"image":{"@id":"https:\/\/novellix.com\/de\/produkt\/weihnachten-in-berlin\/#primaryimage"},"thumbnailUrl":"https:\/\/novellix.com\/de\/wp-content\/uploads\/sites\/2\/2024\/08\/Weihnachten-in-Berlin_rgb.jpg","datePublished":"2024-08-17T05:36:53+00:00","dateModified":"2024-08-19T10:53:15+00:00","breadcrumb":{"@id":"https:\/\/novellix.com\/de\/produkt\/weihnachten-in-berlin\/#breadcrumb"},"inLanguage":"de","potentialAction":[{"@type":"ReadAction","target":["https:\/\/novellix.com\/de\/produkt\/weihnachten-in-berlin\/"]}]},{"@type":"ImageObject","inLanguage":"de","@id":"https:\/\/novellix.com\/de\/produkt\/weihnachten-in-berlin\/#primaryimage","url":"https:\/\/novellix.com\/de\/wp-content\/uploads\/sites\/2\/2024\/08\/Weihnachten-in-Berlin_rgb.jpg","contentUrl":"https:\/\/novellix.com\/de\/wp-content\/uploads\/sites\/2\/2024\/08\/Weihnachten-in-Berlin_rgb.jpg","width":1240,"height":1748},{"@type":"BreadcrumbList","@id":"https:\/\/novellix.com\/de\/produkt\/weihnachten-in-berlin\/#breadcrumb","itemListElement":[{"@type":"ListItem","position":1,"name":"Shop","item":"https:\/\/novellix.com\/de\/shop\/"},{"@type":"ListItem","position":2,"name":"Weihnachten in Berlin"}]},{"@type":"WebSite","@id":"https:\/\/novellix.com\/de\/#website","url":"https:\/\/novellix.com\/de\/","name":"NOVELLIX","description":"","potentialAction":[{"@type":"SearchAction","target":{"@type":"EntryPoint","urlTemplate":"https:\/\/novellix.com\/de\/?s={search_term_string}"},"query-input":{"@type":"PropertyValueSpecification","valueRequired":true,"valueName":"search_term_string"}}],"inLanguage":"de"}]}},"_links":{"self":[{"href":"https:\/\/novellix.com\/de\/wp-json\/wp\/v2\/product\/1303150","targetHints":{"allow":["GET"]}}],"collection":[{"href":"https:\/\/novellix.com\/de\/wp-json\/wp\/v2\/product"}],"about":[{"href":"https:\/\/novellix.com\/de\/wp-json\/wp\/v2\/types\/product"}],"wp:featuredmedia":[{"embeddable":true,"href":"https:\/\/novellix.com\/de\/wp-json\/wp\/v2\/media\/1303145"}],"wp:attachment":[{"href":"https:\/\/novellix.com\/de\/wp-json\/wp\/v2\/media?parent=1303150"}],"wp:term":[{"taxonomy":"product_brand","embeddable":true,"href":"https:\/\/novellix.com\/de\/wp-json\/wp\/v2\/product_brand?post=1303150"},{"taxonomy":"product_cat","embeddable":true,"href":"https:\/\/novellix.com\/de\/wp-json\/wp\/v2\/product_cat?post=1303150"},{"taxonomy":"product_tag","embeddable":true,"href":"https:\/\/novellix.com\/de\/wp-json\/wp\/v2\/product_tag?post=1303150"}],"curies":[{"name":"wp","href":"https:\/\/api.w.org\/{rel}","templated":true}]}}