{"id":1303151,"date":"2024-08-17T05:39:12","date_gmt":"2024-08-17T05:39:12","guid":{"rendered":"https:\/\/novellix.com\/de\/?post_type=product&#038;p=1303151"},"modified":"2024-08-19T10:51:55","modified_gmt":"2024-08-19T10:51:55","slug":"ein-weihnachtsgast","status":"publish","type":"product","link":"https:\/\/novellix.com\/de\/produkt\/ein-weihnachtsgast\/","title":{"rendered":"Ein Weihnachtsgast"},"content":{"rendered":"<p><i><span style=\"font-weight: 400;\">Er spielte und erz\u00e4hlte abwechselnd, und alle Hausgenossen versammelten sich um ihn und h\u00f6rten zu. Das ganze Leben wurde stolz und sch\u00f6n, wenn der Reichtum dieser einen Seele es bestrahlte. Daher liebten sie ihn, wie sie das Weihnachtsfest, den Frohsinn und die Fr\u00fchlingssonne liebten. Und als der kleine Ruster kam, war ihr Weihnachtsfrieden gest\u00f6rt. Es war ungerecht, dass der S\u00e4ufer in einem frommen Hause am Weihnachtstische sitzen und alle Weihnachtsfreude verderben durfte.<\/span><\/i><\/p>\n<p>&nbsp;<\/p>\n<p><span style=\"font-weight: 400;\">Auf unverwechselbare Art und Weise entf\u00fchrt uns die erste weibliche Nobelpreistr\u00e4gerin f\u00fcr Literatur in das l\u00e4ndliche Schweden um die Jahrhundertwende: Im Haus des Geigen\u00adspielers Liljekrona herrscht feierliche Gesch\u00e4ftigkeit in froher Erwartung des Heiligabends \u2013 bis ein unerw\u00fcnschter Gast den Weihnachtsfrieden st\u00f6rt.\u00a0<\/span><\/p>\n<p><span style=\"font-weight: 400;\">Mit diesem scheinbaren M\u00e4rchen aus einer anderen Zeit h\u00e4lt Selma Lagerl\u00f6f auch uns einen Spiegel vor: Was erwarten wir eigentlich von Fremden und Hilfsbed\u00fcrftigen? Wer hat Zeit f\u00fcr N\u00e4chstenliebe in den stressigen Vorweihnachtswochen? Und wer steht au\u00dfen vor, wenn wir dann im Kreise der Familie Heiligabend feiern?<\/span><\/p>\n","protected":false},"excerpt":{"rendered":"<p>Er spielte und erz\u00e4hlte abwechselnd, und alle Hausgenossen versammelten sich um ihn und h\u00f6rten zu. Das ganze Leben wurde stolz und sch\u00f6n, wenn der Reichtum dieser einen Seele es bestrahlte. Daher liebten sie ihn, wie sie das Weihnachtsfest, den Frohsinn und die Fr\u00fchlingssonne liebten. Und als der kleine Ruster kam, war ihr Weihnachtsfrieden gest\u00f6rt. Es [&#8230;]\n","protected":false},"featured_media":1303144,"template":"","meta":[],"product_brand":[],"product_cat":[79],"product_tag":[],"class_list":{"0":"post-1303151","1":"product","2":"type-product","3":"status-publish","4":"has-post-thumbnail","6":"product_cat-noveller","8":"first","9":"instock","10":"shipping-taxable","11":"product-type-simple"},"yoast_head":"<!-- This site is optimized with the Yoast SEO plugin v27.3 - https:\/\/yoast.com\/product\/yoast-seo-wordpress\/ -->\n<title>Ein Weihnachtsgast - NOVELLIX<\/title>\n<meta name=\"robots\" content=\"index, follow, max-snippet:-1, max-image-preview:large, max-video-preview:-1\" \/>\n<link rel=\"canonical\" href=\"https:\/\/novellix.com\/de\/produkt\/ein-weihnachtsgast\/\" \/>\n<meta property=\"og:locale\" content=\"de_DE\" \/>\n<meta property=\"og:type\" content=\"article\" \/>\n<meta property=\"og:title\" content=\"Ein Weihnachtsgast - NOVELLIX\" \/>\n<meta property=\"og:description\" content=\"Er spielte und erz\u00e4hlte abwechselnd, und alle Hausgenossen versammelten sich um ihn und h\u00f6rten zu. Das ganze Leben wurde stolz und sch\u00f6n, wenn der Reichtum dieser einen Seele es bestrahlte. Daher liebten sie ihn, wie sie das Weihnachtsfest, den Frohsinn und die Fr\u00fchlingssonne liebten. Und als der kleine Ruster kam, war ihr Weihnachtsfrieden gest\u00f6rt. Es [...]\" \/>\n<meta property=\"og:url\" content=\"https:\/\/novellix.com\/de\/produkt\/ein-weihnachtsgast\/\" \/>\n<meta property=\"og:site_name\" content=\"NOVELLIX\" \/>\n<meta property=\"article:modified_time\" content=\"2024-08-19T10:51:55+00:00\" \/>\n<meta property=\"og:image\" content=\"https:\/\/novellix.com\/de\/wp-content\/uploads\/sites\/2\/2024\/08\/Ein-Weihnachtsgast_rgb.jpg\" \/>\n\t<meta property=\"og:image:width\" content=\"1240\" \/>\n\t<meta property=\"og:image:height\" content=\"1748\" \/>\n\t<meta property=\"og:image:type\" content=\"image\/jpeg\" \/>\n<meta name=\"twitter:card\" content=\"summary_large_image\" \/>\n<meta name=\"twitter:label1\" content=\"Gesch\u00e4tzte Lesezeit\" \/>\n\t<meta name=\"twitter:data1\" content=\"1\u00a0Minute\" \/>\n<script type=\"application\/ld+json\" class=\"yoast-schema-graph\">{\"@context\":\"https:\\\/\\\/schema.org\",\"@graph\":[{\"@type\":\"WebPage\",\"@id\":\"https:\\\/\\\/novellix.com\\\/de\\\/produkt\\\/ein-weihnachtsgast\\\/\",\"url\":\"https:\\\/\\\/novellix.com\\\/de\\\/produkt\\\/ein-weihnachtsgast\\\/\",\"name\":\"Ein Weihnachtsgast - NOVELLIX\",\"isPartOf\":{\"@id\":\"https:\\\/\\\/novellix.com\\\/de\\\/#website\"},\"primaryImageOfPage\":{\"@id\":\"https:\\\/\\\/novellix.com\\\/de\\\/produkt\\\/ein-weihnachtsgast\\\/#primaryimage\"},\"image\":{\"@id\":\"https:\\\/\\\/novellix.com\\\/de\\\/produkt\\\/ein-weihnachtsgast\\\/#primaryimage\"},\"thumbnailUrl\":\"https:\\\/\\\/novellix.com\\\/de\\\/wp-content\\\/uploads\\\/sites\\\/2\\\/2024\\\/08\\\/Ein-Weihnachtsgast_rgb.jpg\",\"datePublished\":\"2024-08-17T05:39:12+00:00\",\"dateModified\":\"2024-08-19T10:51:55+00:00\",\"breadcrumb\":{\"@id\":\"https:\\\/\\\/novellix.com\\\/de\\\/produkt\\\/ein-weihnachtsgast\\\/#breadcrumb\"},\"inLanguage\":\"de\",\"potentialAction\":[{\"@type\":\"ReadAction\",\"target\":[\"https:\\\/\\\/novellix.com\\\/de\\\/produkt\\\/ein-weihnachtsgast\\\/\"]}]},{\"@type\":\"ImageObject\",\"inLanguage\":\"de\",\"@id\":\"https:\\\/\\\/novellix.com\\\/de\\\/produkt\\\/ein-weihnachtsgast\\\/#primaryimage\",\"url\":\"https:\\\/\\\/novellix.com\\\/de\\\/wp-content\\\/uploads\\\/sites\\\/2\\\/2024\\\/08\\\/Ein-Weihnachtsgast_rgb.jpg\",\"contentUrl\":\"https:\\\/\\\/novellix.com\\\/de\\\/wp-content\\\/uploads\\\/sites\\\/2\\\/2024\\\/08\\\/Ein-Weihnachtsgast_rgb.jpg\",\"width\":1240,\"height\":1748},{\"@type\":\"BreadcrumbList\",\"@id\":\"https:\\\/\\\/novellix.com\\\/de\\\/produkt\\\/ein-weihnachtsgast\\\/#breadcrumb\",\"itemListElement\":[{\"@type\":\"ListItem\",\"position\":1,\"name\":\"Shop\",\"item\":\"https:\\\/\\\/novellix.com\\\/de\\\/shop\\\/\"},{\"@type\":\"ListItem\",\"position\":2,\"name\":\"Ein Weihnachtsgast\"}]},{\"@type\":\"WebSite\",\"@id\":\"https:\\\/\\\/novellix.com\\\/de\\\/#website\",\"url\":\"https:\\\/\\\/novellix.com\\\/de\\\/\",\"name\":\"NOVELLIX\",\"description\":\"\",\"potentialAction\":[{\"@type\":\"SearchAction\",\"target\":{\"@type\":\"EntryPoint\",\"urlTemplate\":\"https:\\\/\\\/novellix.com\\\/de\\\/?s={search_term_string}\"},\"query-input\":{\"@type\":\"PropertyValueSpecification\",\"valueRequired\":true,\"valueName\":\"search_term_string\"}}],\"inLanguage\":\"de\"}]}<\/script>\n<!-- \/ Yoast SEO plugin. -->","yoast_head_json":{"title":"Ein Weihnachtsgast - NOVELLIX","robots":{"index":"index","follow":"follow","max-snippet":"max-snippet:-1","max-image-preview":"max-image-preview:large","max-video-preview":"max-video-preview:-1"},"canonical":"https:\/\/novellix.com\/de\/produkt\/ein-weihnachtsgast\/","og_locale":"de_DE","og_type":"article","og_title":"Ein Weihnachtsgast - NOVELLIX","og_description":"Er spielte und erz\u00e4hlte abwechselnd, und alle Hausgenossen versammelten sich um ihn und h\u00f6rten zu. Das ganze Leben wurde stolz und sch\u00f6n, wenn der Reichtum dieser einen Seele es bestrahlte. Daher liebten sie ihn, wie sie das Weihnachtsfest, den Frohsinn und die Fr\u00fchlingssonne liebten. Und als der kleine Ruster kam, war ihr Weihnachtsfrieden gest\u00f6rt. Es [...]","og_url":"https:\/\/novellix.com\/de\/produkt\/ein-weihnachtsgast\/","og_site_name":"NOVELLIX","article_modified_time":"2024-08-19T10:51:55+00:00","og_image":[{"width":1240,"height":1748,"url":"https:\/\/novellix.com\/de\/wp-content\/uploads\/sites\/2\/2024\/08\/Ein-Weihnachtsgast_rgb.jpg","type":"image\/jpeg"}],"twitter_card":"summary_large_image","twitter_misc":{"Gesch\u00e4tzte Lesezeit":"1\u00a0Minute"},"schema":{"@context":"https:\/\/schema.org","@graph":[{"@type":"WebPage","@id":"https:\/\/novellix.com\/de\/produkt\/ein-weihnachtsgast\/","url":"https:\/\/novellix.com\/de\/produkt\/ein-weihnachtsgast\/","name":"Ein Weihnachtsgast - NOVELLIX","isPartOf":{"@id":"https:\/\/novellix.com\/de\/#website"},"primaryImageOfPage":{"@id":"https:\/\/novellix.com\/de\/produkt\/ein-weihnachtsgast\/#primaryimage"},"image":{"@id":"https:\/\/novellix.com\/de\/produkt\/ein-weihnachtsgast\/#primaryimage"},"thumbnailUrl":"https:\/\/novellix.com\/de\/wp-content\/uploads\/sites\/2\/2024\/08\/Ein-Weihnachtsgast_rgb.jpg","datePublished":"2024-08-17T05:39:12+00:00","dateModified":"2024-08-19T10:51:55+00:00","breadcrumb":{"@id":"https:\/\/novellix.com\/de\/produkt\/ein-weihnachtsgast\/#breadcrumb"},"inLanguage":"de","potentialAction":[{"@type":"ReadAction","target":["https:\/\/novellix.com\/de\/produkt\/ein-weihnachtsgast\/"]}]},{"@type":"ImageObject","inLanguage":"de","@id":"https:\/\/novellix.com\/de\/produkt\/ein-weihnachtsgast\/#primaryimage","url":"https:\/\/novellix.com\/de\/wp-content\/uploads\/sites\/2\/2024\/08\/Ein-Weihnachtsgast_rgb.jpg","contentUrl":"https:\/\/novellix.com\/de\/wp-content\/uploads\/sites\/2\/2024\/08\/Ein-Weihnachtsgast_rgb.jpg","width":1240,"height":1748},{"@type":"BreadcrumbList","@id":"https:\/\/novellix.com\/de\/produkt\/ein-weihnachtsgast\/#breadcrumb","itemListElement":[{"@type":"ListItem","position":1,"name":"Shop","item":"https:\/\/novellix.com\/de\/shop\/"},{"@type":"ListItem","position":2,"name":"Ein Weihnachtsgast"}]},{"@type":"WebSite","@id":"https:\/\/novellix.com\/de\/#website","url":"https:\/\/novellix.com\/de\/","name":"NOVELLIX","description":"","potentialAction":[{"@type":"SearchAction","target":{"@type":"EntryPoint","urlTemplate":"https:\/\/novellix.com\/de\/?s={search_term_string}"},"query-input":{"@type":"PropertyValueSpecification","valueRequired":true,"valueName":"search_term_string"}}],"inLanguage":"de"}]}},"_links":{"self":[{"href":"https:\/\/novellix.com\/de\/wp-json\/wp\/v2\/product\/1303151","targetHints":{"allow":["GET"]}}],"collection":[{"href":"https:\/\/novellix.com\/de\/wp-json\/wp\/v2\/product"}],"about":[{"href":"https:\/\/novellix.com\/de\/wp-json\/wp\/v2\/types\/product"}],"wp:featuredmedia":[{"embeddable":true,"href":"https:\/\/novellix.com\/de\/wp-json\/wp\/v2\/media\/1303144"}],"wp:attachment":[{"href":"https:\/\/novellix.com\/de\/wp-json\/wp\/v2\/media?parent=1303151"}],"wp:term":[{"taxonomy":"product_brand","embeddable":true,"href":"https:\/\/novellix.com\/de\/wp-json\/wp\/v2\/product_brand?post=1303151"},{"taxonomy":"product_cat","embeddable":true,"href":"https:\/\/novellix.com\/de\/wp-json\/wp\/v2\/product_cat?post=1303151"},{"taxonomy":"product_tag","embeddable":true,"href":"https:\/\/novellix.com\/de\/wp-json\/wp\/v2\/product_tag?post=1303151"}],"curies":[{"name":"wp","href":"https:\/\/api.w.org\/{rel}","templated":true}]}}