{"id":1303194,"date":"2025-01-17T10:04:11","date_gmt":"2025-01-17T10:04:11","guid":{"rendered":"https:\/\/novellix.com\/de\/?post_type=product&#038;p=1303194"},"modified":"2025-03-10T08:23:47","modified_gmt":"2025-03-10T08:23:47","slug":"sagrada-familia","status":"publish","type":"product","link":"https:\/\/novellix.com\/de\/produkt\/sagrada-familia\/","title":{"rendered":"Sagrada Familia"},"content":{"rendered":"<p><em>Er ist jetzt Tourist. Die zehn Jahre, die er hier verbracht hat, werden ihnen an diesem Wochenende keinen Vorteil verschaffen, das versteht er erst jetzt, als er \u00fcber Ottos Kopf hinweg Esther ansieht, die \u00aderwartungsvoll hinaus auf die auftauchende Stadt schaut. Es war ihre Idee, hierher zu kommen, an \u00adseinen Geburtsort, \u00fcber den er nur spricht, wenn man ihn danach fragt.<\/em><\/p>\n<p>Richard lebt schon lange nicht mehr in der Stadt, in der er geboren wurde. Mit eigener Familie l\u00e4uft er nun durch die Stra\u00dfen und Gegenden, mit denen er diffuse Kindheitserinnerungen und gleicherma\u00dfen das Gef\u00fchl m\u00fctterlicher Liebe und gro\u00dfer Einsamkeit verbindet.<\/p>\n<p>Meisterhaft gelingt es Jackie Thomae, eine \u00adAtmosph\u00e4re zu schaffen, in der sich melancholische Unsicherheit mit dem forschenden \u00adInteresse an den \u00adeigenen Wurzeln und der eigenen Identit\u00e4t mischt \u2013 und der Schwierigkeit, andere Menschen an dieser Ambivalenz teilhaben zu lassen.<\/p>\n","protected":false},"excerpt":{"rendered":"<p>Er ist jetzt Tourist. Die zehn Jahre, die er hier verbracht hat, werden ihnen an diesem Wochenende keinen Vorteil verschaffen, das versteht er erst jetzt, als er \u00fcber Ottos Kopf hinweg Esther ansieht, die \u00aderwartungsvoll hinaus auf die auftauchende Stadt schaut. Es war ihre Idee, hierher zu kommen, an \u00adseinen Geburtsort, \u00fcber den er nur [&#8230;]\n","protected":false},"featured_media":1303195,"template":"","meta":[],"product_brand":[],"product_cat":[79],"product_tag":[],"class_list":{"0":"post-1303194","1":"product","2":"type-product","3":"status-publish","4":"has-post-thumbnail","6":"product_cat-noveller","8":"first","9":"instock","10":"shipping-taxable","11":"product-type-simple"},"yoast_head":"<!-- This site is optimized with the Yoast SEO plugin v27.3 - https:\/\/yoast.com\/product\/yoast-seo-wordpress\/ -->\n<title>Sagrada Familia<\/title>\n<meta name=\"description\" content=\"Meisterhaft gelingt es Jackie Thomae, eine \u00adAtmosph\u00e4re zu schaffen, in der sich melancholische Unsicherheit mit dem forschenden \u00adInteresse an den \u00adeigenen Wurzeln und der eigenen Identit\u00e4t mischt \u2013 und der Schwierigkeit, andere Menschen an dieser Ambivalenz teilhaben zu lassen.\" \/>\n<meta name=\"robots\" content=\"index, follow, max-snippet:-1, max-image-preview:large, max-video-preview:-1\" \/>\n<link rel=\"canonical\" href=\"https:\/\/novellix.com\/de\/produkt\/sagrada-familia\/\" \/>\n<meta property=\"og:locale\" content=\"de_DE\" \/>\n<meta property=\"og:type\" content=\"article\" \/>\n<meta property=\"og:title\" content=\"Sagrada Familia\" \/>\n<meta property=\"og:description\" content=\"Meisterhaft gelingt es Jackie Thomae, eine \u00adAtmosph\u00e4re zu schaffen, in der sich melancholische Unsicherheit mit dem forschenden \u00adInteresse an den \u00adeigenen Wurzeln und der eigenen Identit\u00e4t mischt \u2013 und der Schwierigkeit, andere Menschen an dieser Ambivalenz teilhaben zu lassen.\" \/>\n<meta property=\"og:url\" content=\"https:\/\/novellix.com\/de\/produkt\/sagrada-familia\/\" \/>\n<meta property=\"og:site_name\" content=\"NOVELLIX\" \/>\n<meta property=\"article:modified_time\" content=\"2025-03-10T08:23:47+00:00\" \/>\n<meta property=\"og:image\" content=\"https:\/\/novellix.com\/de\/wp-content\/uploads\/sites\/2\/2025\/01\/Sagrada-Familia_rgb.jpg\" \/>\n\t<meta property=\"og:image:width\" content=\"1240\" \/>\n\t<meta property=\"og:image:height\" content=\"1748\" \/>\n\t<meta property=\"og:image:type\" content=\"image\/jpeg\" \/>\n<meta name=\"twitter:card\" content=\"summary_large_image\" \/>\n<meta name=\"twitter:label1\" content=\"Gesch\u00e4tzte Lesezeit\" \/>\n\t<meta name=\"twitter:data1\" content=\"1\u00a0Minute\" \/>\n<script type=\"application\/ld+json\" class=\"yoast-schema-graph\">{\"@context\":\"https:\\\/\\\/schema.org\",\"@graph\":[{\"@type\":\"WebPage\",\"@id\":\"https:\\\/\\\/novellix.com\\\/de\\\/produkt\\\/sagrada-familia\\\/\",\"url\":\"https:\\\/\\\/novellix.com\\\/de\\\/produkt\\\/sagrada-familia\\\/\",\"name\":\"Sagrada Familia\",\"isPartOf\":{\"@id\":\"https:\\\/\\\/novellix.com\\\/de\\\/#website\"},\"primaryImageOfPage\":{\"@id\":\"https:\\\/\\\/novellix.com\\\/de\\\/produkt\\\/sagrada-familia\\\/#primaryimage\"},\"image\":{\"@id\":\"https:\\\/\\\/novellix.com\\\/de\\\/produkt\\\/sagrada-familia\\\/#primaryimage\"},\"thumbnailUrl\":\"https:\\\/\\\/novellix.com\\\/de\\\/wp-content\\\/uploads\\\/sites\\\/2\\\/2025\\\/01\\\/Sagrada-Familia_rgb.jpg\",\"datePublished\":\"2025-01-17T10:04:11+00:00\",\"dateModified\":\"2025-03-10T08:23:47+00:00\",\"description\":\"Meisterhaft gelingt es Jackie Thomae, eine \u00adAtmosph\u00e4re zu schaffen, in der sich melancholische Unsicherheit mit dem forschenden \u00adInteresse an den \u00adeigenen Wurzeln und der eigenen Identit\u00e4t mischt \u2013 und der Schwierigkeit, andere Menschen an dieser Ambivalenz teilhaben zu lassen.\",\"breadcrumb\":{\"@id\":\"https:\\\/\\\/novellix.com\\\/de\\\/produkt\\\/sagrada-familia\\\/#breadcrumb\"},\"inLanguage\":\"de\",\"potentialAction\":[{\"@type\":\"ReadAction\",\"target\":[\"https:\\\/\\\/novellix.com\\\/de\\\/produkt\\\/sagrada-familia\\\/\"]}]},{\"@type\":\"ImageObject\",\"inLanguage\":\"de\",\"@id\":\"https:\\\/\\\/novellix.com\\\/de\\\/produkt\\\/sagrada-familia\\\/#primaryimage\",\"url\":\"https:\\\/\\\/novellix.com\\\/de\\\/wp-content\\\/uploads\\\/sites\\\/2\\\/2025\\\/01\\\/Sagrada-Familia_rgb.jpg\",\"contentUrl\":\"https:\\\/\\\/novellix.com\\\/de\\\/wp-content\\\/uploads\\\/sites\\\/2\\\/2025\\\/01\\\/Sagrada-Familia_rgb.jpg\",\"width\":1240,\"height\":1748},{\"@type\":\"BreadcrumbList\",\"@id\":\"https:\\\/\\\/novellix.com\\\/de\\\/produkt\\\/sagrada-familia\\\/#breadcrumb\",\"itemListElement\":[{\"@type\":\"ListItem\",\"position\":1,\"name\":\"Shop\",\"item\":\"https:\\\/\\\/novellix.com\\\/de\\\/shop\\\/\"},{\"@type\":\"ListItem\",\"position\":2,\"name\":\"Sagrada Familia\"}]},{\"@type\":\"WebSite\",\"@id\":\"https:\\\/\\\/novellix.com\\\/de\\\/#website\",\"url\":\"https:\\\/\\\/novellix.com\\\/de\\\/\",\"name\":\"NOVELLIX\",\"description\":\"\",\"potentialAction\":[{\"@type\":\"SearchAction\",\"target\":{\"@type\":\"EntryPoint\",\"urlTemplate\":\"https:\\\/\\\/novellix.com\\\/de\\\/?s={search_term_string}\"},\"query-input\":{\"@type\":\"PropertyValueSpecification\",\"valueRequired\":true,\"valueName\":\"search_term_string\"}}],\"inLanguage\":\"de\"}]}<\/script>\n<!-- \/ Yoast SEO plugin. -->","yoast_head_json":{"title":"Sagrada Familia","description":"Meisterhaft gelingt es Jackie Thomae, eine \u00adAtmosph\u00e4re zu schaffen, in der sich melancholische Unsicherheit mit dem forschenden \u00adInteresse an den \u00adeigenen Wurzeln und der eigenen Identit\u00e4t mischt \u2013 und der Schwierigkeit, andere Menschen an dieser Ambivalenz teilhaben zu lassen.","robots":{"index":"index","follow":"follow","max-snippet":"max-snippet:-1","max-image-preview":"max-image-preview:large","max-video-preview":"max-video-preview:-1"},"canonical":"https:\/\/novellix.com\/de\/produkt\/sagrada-familia\/","og_locale":"de_DE","og_type":"article","og_title":"Sagrada Familia","og_description":"Meisterhaft gelingt es Jackie Thomae, eine \u00adAtmosph\u00e4re zu schaffen, in der sich melancholische Unsicherheit mit dem forschenden \u00adInteresse an den \u00adeigenen Wurzeln und der eigenen Identit\u00e4t mischt \u2013 und der Schwierigkeit, andere Menschen an dieser Ambivalenz teilhaben zu lassen.","og_url":"https:\/\/novellix.com\/de\/produkt\/sagrada-familia\/","og_site_name":"NOVELLIX","article_modified_time":"2025-03-10T08:23:47+00:00","og_image":[{"width":1240,"height":1748,"url":"https:\/\/novellix.com\/de\/wp-content\/uploads\/sites\/2\/2025\/01\/Sagrada-Familia_rgb.jpg","type":"image\/jpeg"}],"twitter_card":"summary_large_image","twitter_misc":{"Gesch\u00e4tzte Lesezeit":"1\u00a0Minute"},"schema":{"@context":"https:\/\/schema.org","@graph":[{"@type":"WebPage","@id":"https:\/\/novellix.com\/de\/produkt\/sagrada-familia\/","url":"https:\/\/novellix.com\/de\/produkt\/sagrada-familia\/","name":"Sagrada Familia","isPartOf":{"@id":"https:\/\/novellix.com\/de\/#website"},"primaryImageOfPage":{"@id":"https:\/\/novellix.com\/de\/produkt\/sagrada-familia\/#primaryimage"},"image":{"@id":"https:\/\/novellix.com\/de\/produkt\/sagrada-familia\/#primaryimage"},"thumbnailUrl":"https:\/\/novellix.com\/de\/wp-content\/uploads\/sites\/2\/2025\/01\/Sagrada-Familia_rgb.jpg","datePublished":"2025-01-17T10:04:11+00:00","dateModified":"2025-03-10T08:23:47+00:00","description":"Meisterhaft gelingt es Jackie Thomae, eine \u00adAtmosph\u00e4re zu schaffen, in der sich melancholische Unsicherheit mit dem forschenden \u00adInteresse an den \u00adeigenen Wurzeln und der eigenen Identit\u00e4t mischt \u2013 und der Schwierigkeit, andere Menschen an dieser Ambivalenz teilhaben zu lassen.","breadcrumb":{"@id":"https:\/\/novellix.com\/de\/produkt\/sagrada-familia\/#breadcrumb"},"inLanguage":"de","potentialAction":[{"@type":"ReadAction","target":["https:\/\/novellix.com\/de\/produkt\/sagrada-familia\/"]}]},{"@type":"ImageObject","inLanguage":"de","@id":"https:\/\/novellix.com\/de\/produkt\/sagrada-familia\/#primaryimage","url":"https:\/\/novellix.com\/de\/wp-content\/uploads\/sites\/2\/2025\/01\/Sagrada-Familia_rgb.jpg","contentUrl":"https:\/\/novellix.com\/de\/wp-content\/uploads\/sites\/2\/2025\/01\/Sagrada-Familia_rgb.jpg","width":1240,"height":1748},{"@type":"BreadcrumbList","@id":"https:\/\/novellix.com\/de\/produkt\/sagrada-familia\/#breadcrumb","itemListElement":[{"@type":"ListItem","position":1,"name":"Shop","item":"https:\/\/novellix.com\/de\/shop\/"},{"@type":"ListItem","position":2,"name":"Sagrada Familia"}]},{"@type":"WebSite","@id":"https:\/\/novellix.com\/de\/#website","url":"https:\/\/novellix.com\/de\/","name":"NOVELLIX","description":"","potentialAction":[{"@type":"SearchAction","target":{"@type":"EntryPoint","urlTemplate":"https:\/\/novellix.com\/de\/?s={search_term_string}"},"query-input":{"@type":"PropertyValueSpecification","valueRequired":true,"valueName":"search_term_string"}}],"inLanguage":"de"}]}},"_links":{"self":[{"href":"https:\/\/novellix.com\/de\/wp-json\/wp\/v2\/product\/1303194","targetHints":{"allow":["GET"]}}],"collection":[{"href":"https:\/\/novellix.com\/de\/wp-json\/wp\/v2\/product"}],"about":[{"href":"https:\/\/novellix.com\/de\/wp-json\/wp\/v2\/types\/product"}],"wp:featuredmedia":[{"embeddable":true,"href":"https:\/\/novellix.com\/de\/wp-json\/wp\/v2\/media\/1303195"}],"wp:attachment":[{"href":"https:\/\/novellix.com\/de\/wp-json\/wp\/v2\/media?parent=1303194"}],"wp:term":[{"taxonomy":"product_brand","embeddable":true,"href":"https:\/\/novellix.com\/de\/wp-json\/wp\/v2\/product_brand?post=1303194"},{"taxonomy":"product_cat","embeddable":true,"href":"https:\/\/novellix.com\/de\/wp-json\/wp\/v2\/product_cat?post=1303194"},{"taxonomy":"product_tag","embeddable":true,"href":"https:\/\/novellix.com\/de\/wp-json\/wp\/v2\/product_tag?post=1303194"}],"curies":[{"name":"wp","href":"https:\/\/api.w.org\/{rel}","templated":true}]}}