{"id":1303196,"date":"2025-01-17T10:06:18","date_gmt":"2025-01-17T10:06:18","guid":{"rendered":"https:\/\/novellix.com\/de\/?post_type=product&#038;p=1303196"},"modified":"2025-03-10T08:17:48","modified_gmt":"2025-03-10T08:17:48","slug":"ueberm-strich","status":"publish","type":"product","link":"https:\/\/novellix.com\/de\/produkt\/ueberm-strich\/","title":{"rendered":"\u00dcberm Strich"},"content":{"rendered":"<p><em>Und ist nicht die H\u00e4rte ringsherum, der gnadenlose Gigantismus, das unaufh\u00f6rliche Weiterfunktionieren, die Anonymit\u00e4t einer Gro\u00dfstadt genau das, was eine Liebe in ihr so romantisch macht? All die Millionen Menschen \u00fcberall, doch ohne dich w\u00e4re sie leer. Warum sollte es uns nicht gelingen, auch diesen Ort zu romantisieren? Zumal mit Stuck!<\/em><\/p>\n<p>Ein junges Paar erlebt ein Wunder: eine eigene Wohnung in Berlin. Altbau. Bezahlbar. Der Lohn f\u00fcr alle M\u00fchen nach Jahren der Migration und \u00adIntegration, nach sozialem Aufstieg und beruflichem Erfolg. \u00adHoffnungsfroh und gewillt, die Wohnung und die Stadt in all ihrer Rohheit zu akzeptieren und zu lieben, \u00adbeziehen sie ihr neues Zuhause und sehen sich bald konfrontiert mit den eigenen Vorurteilen, \u00adWunschtr\u00e4umen und Grenzen. Doch wie wird man so ein Wunder wieder los?<\/p>\n<p>Dmitrij Kapitelman erz\u00e4hlt in der ihm typischen Mischung aus feiner Beobachtung und \u00adlakonischer \u00ad(Selbst-)Ironie vom Wohnungswahnsinn in der Haupt\u00adstadt und von der schwierigen Balance zwischen aufgekl\u00e4rtem Sozialbewusstsein und dem Bed\u00fcrfnis, sich schlichtweg wohlzuf\u00fchlen.<\/p>\n","protected":false},"excerpt":{"rendered":"<p>Und ist nicht die H\u00e4rte ringsherum, der gnadenlose Gigantismus, das unaufh\u00f6rliche Weiterfunktionieren, die Anonymit\u00e4t einer Gro\u00dfstadt genau das, was eine Liebe in ihr so romantisch macht? All die Millionen Menschen \u00fcberall, doch ohne dich w\u00e4re sie leer. Warum sollte es uns nicht gelingen, auch diesen Ort zu romantisieren? Zumal mit Stuck! Ein junges Paar erlebt [&#8230;]\n","protected":false},"featured_media":1303197,"template":"","meta":[],"product_brand":[],"product_cat":[79],"product_tag":[],"class_list":{"0":"post-1303196","1":"product","2":"type-product","3":"status-publish","4":"has-post-thumbnail","6":"product_cat-noveller","8":"first","9":"instock","10":"shipping-taxable","11":"product-type-simple"},"yoast_head":"<!-- This site is optimized with the Yoast SEO plugin v27.3 - https:\/\/yoast.com\/product\/yoast-seo-wordpress\/ -->\n<title>\u00dcberm Strich<\/title>\n<meta name=\"description\" content=\"Dmitrij Kapitelman erz\u00e4hlt in der ihm typischen Mischung aus feiner Beobachtung und \u00adlakonischer \u00ad(Selbst-)Ironie vom Wohnungswahnsinn in der Haupt\u00adstadt und von der schwierigen Balance zwischen aufgekl\u00e4rtem Sozialbewusstsein und dem Bed\u00fcrfnis, sich schlichtweg wohlzuf\u00fchlen.\" \/>\n<meta name=\"robots\" content=\"index, follow, max-snippet:-1, max-image-preview:large, max-video-preview:-1\" \/>\n<link rel=\"canonical\" href=\"https:\/\/novellix.com\/de\/produkt\/ueberm-strich\/\" \/>\n<meta property=\"og:locale\" content=\"de_DE\" \/>\n<meta property=\"og:type\" content=\"article\" \/>\n<meta property=\"og:title\" content=\"\u00dcberm Strich\" \/>\n<meta property=\"og:description\" content=\"Dmitrij Kapitelman erz\u00e4hlt in der ihm typischen Mischung aus feiner Beobachtung und \u00adlakonischer \u00ad(Selbst-)Ironie vom Wohnungswahnsinn in der Haupt\u00adstadt und von der schwierigen Balance zwischen aufgekl\u00e4rtem Sozialbewusstsein und dem Bed\u00fcrfnis, sich schlichtweg wohlzuf\u00fchlen.\" \/>\n<meta property=\"og:url\" content=\"https:\/\/novellix.com\/de\/produkt\/ueberm-strich\/\" \/>\n<meta property=\"og:site_name\" content=\"NOVELLIX\" \/>\n<meta property=\"article:modified_time\" content=\"2025-03-10T08:17:48+00:00\" \/>\n<meta property=\"og:image\" content=\"https:\/\/novellix.com\/de\/wp-content\/uploads\/sites\/2\/2025\/01\/Ueberm-Strich_rgb.jpg\" \/>\n\t<meta property=\"og:image:width\" content=\"1240\" \/>\n\t<meta property=\"og:image:height\" content=\"1748\" \/>\n\t<meta property=\"og:image:type\" content=\"image\/jpeg\" \/>\n<meta name=\"twitter:card\" content=\"summary_large_image\" \/>\n<meta name=\"twitter:label1\" content=\"Gesch\u00e4tzte Lesezeit\" \/>\n\t<meta name=\"twitter:data1\" content=\"1\u00a0Minute\" \/>\n<script type=\"application\/ld+json\" class=\"yoast-schema-graph\">{\"@context\":\"https:\\\/\\\/schema.org\",\"@graph\":[{\"@type\":\"WebPage\",\"@id\":\"https:\\\/\\\/novellix.com\\\/de\\\/produkt\\\/ueberm-strich\\\/\",\"url\":\"https:\\\/\\\/novellix.com\\\/de\\\/produkt\\\/ueberm-strich\\\/\",\"name\":\"\u00dcberm Strich\",\"isPartOf\":{\"@id\":\"https:\\\/\\\/novellix.com\\\/de\\\/#website\"},\"primaryImageOfPage\":{\"@id\":\"https:\\\/\\\/novellix.com\\\/de\\\/produkt\\\/ueberm-strich\\\/#primaryimage\"},\"image\":{\"@id\":\"https:\\\/\\\/novellix.com\\\/de\\\/produkt\\\/ueberm-strich\\\/#primaryimage\"},\"thumbnailUrl\":\"https:\\\/\\\/novellix.com\\\/de\\\/wp-content\\\/uploads\\\/sites\\\/2\\\/2025\\\/01\\\/Ueberm-Strich_rgb.jpg\",\"datePublished\":\"2025-01-17T10:06:18+00:00\",\"dateModified\":\"2025-03-10T08:17:48+00:00\",\"description\":\"Dmitrij Kapitelman erz\u00e4hlt in der ihm typischen Mischung aus feiner Beobachtung und \u00adlakonischer \u00ad(Selbst-)Ironie vom Wohnungswahnsinn in der Haupt\u00adstadt und von der schwierigen Balance zwischen aufgekl\u00e4rtem Sozialbewusstsein und dem Bed\u00fcrfnis, sich schlichtweg wohlzuf\u00fchlen.\",\"breadcrumb\":{\"@id\":\"https:\\\/\\\/novellix.com\\\/de\\\/produkt\\\/ueberm-strich\\\/#breadcrumb\"},\"inLanguage\":\"de\",\"potentialAction\":[{\"@type\":\"ReadAction\",\"target\":[\"https:\\\/\\\/novellix.com\\\/de\\\/produkt\\\/ueberm-strich\\\/\"]}]},{\"@type\":\"ImageObject\",\"inLanguage\":\"de\",\"@id\":\"https:\\\/\\\/novellix.com\\\/de\\\/produkt\\\/ueberm-strich\\\/#primaryimage\",\"url\":\"https:\\\/\\\/novellix.com\\\/de\\\/wp-content\\\/uploads\\\/sites\\\/2\\\/2025\\\/01\\\/Ueberm-Strich_rgb.jpg\",\"contentUrl\":\"https:\\\/\\\/novellix.com\\\/de\\\/wp-content\\\/uploads\\\/sites\\\/2\\\/2025\\\/01\\\/Ueberm-Strich_rgb.jpg\",\"width\":1240,\"height\":1748},{\"@type\":\"BreadcrumbList\",\"@id\":\"https:\\\/\\\/novellix.com\\\/de\\\/produkt\\\/ueberm-strich\\\/#breadcrumb\",\"itemListElement\":[{\"@type\":\"ListItem\",\"position\":1,\"name\":\"Shop\",\"item\":\"https:\\\/\\\/novellix.com\\\/de\\\/shop\\\/\"},{\"@type\":\"ListItem\",\"position\":2,\"name\":\"\u00dcberm Strich\"}]},{\"@type\":\"WebSite\",\"@id\":\"https:\\\/\\\/novellix.com\\\/de\\\/#website\",\"url\":\"https:\\\/\\\/novellix.com\\\/de\\\/\",\"name\":\"NOVELLIX\",\"description\":\"\",\"potentialAction\":[{\"@type\":\"SearchAction\",\"target\":{\"@type\":\"EntryPoint\",\"urlTemplate\":\"https:\\\/\\\/novellix.com\\\/de\\\/?s={search_term_string}\"},\"query-input\":{\"@type\":\"PropertyValueSpecification\",\"valueRequired\":true,\"valueName\":\"search_term_string\"}}],\"inLanguage\":\"de\"}]}<\/script>\n<!-- \/ Yoast SEO plugin. -->","yoast_head_json":{"title":"\u00dcberm Strich","description":"Dmitrij Kapitelman erz\u00e4hlt in der ihm typischen Mischung aus feiner Beobachtung und \u00adlakonischer \u00ad(Selbst-)Ironie vom Wohnungswahnsinn in der Haupt\u00adstadt und von der schwierigen Balance zwischen aufgekl\u00e4rtem Sozialbewusstsein und dem Bed\u00fcrfnis, sich schlichtweg wohlzuf\u00fchlen.","robots":{"index":"index","follow":"follow","max-snippet":"max-snippet:-1","max-image-preview":"max-image-preview:large","max-video-preview":"max-video-preview:-1"},"canonical":"https:\/\/novellix.com\/de\/produkt\/ueberm-strich\/","og_locale":"de_DE","og_type":"article","og_title":"\u00dcberm Strich","og_description":"Dmitrij Kapitelman erz\u00e4hlt in der ihm typischen Mischung aus feiner Beobachtung und \u00adlakonischer \u00ad(Selbst-)Ironie vom Wohnungswahnsinn in der Haupt\u00adstadt und von der schwierigen Balance zwischen aufgekl\u00e4rtem Sozialbewusstsein und dem Bed\u00fcrfnis, sich schlichtweg wohlzuf\u00fchlen.","og_url":"https:\/\/novellix.com\/de\/produkt\/ueberm-strich\/","og_site_name":"NOVELLIX","article_modified_time":"2025-03-10T08:17:48+00:00","og_image":[{"width":1240,"height":1748,"url":"https:\/\/novellix.com\/de\/wp-content\/uploads\/sites\/2\/2025\/01\/Ueberm-Strich_rgb.jpg","type":"image\/jpeg"}],"twitter_card":"summary_large_image","twitter_misc":{"Gesch\u00e4tzte Lesezeit":"1\u00a0Minute"},"schema":{"@context":"https:\/\/schema.org","@graph":[{"@type":"WebPage","@id":"https:\/\/novellix.com\/de\/produkt\/ueberm-strich\/","url":"https:\/\/novellix.com\/de\/produkt\/ueberm-strich\/","name":"\u00dcberm Strich","isPartOf":{"@id":"https:\/\/novellix.com\/de\/#website"},"primaryImageOfPage":{"@id":"https:\/\/novellix.com\/de\/produkt\/ueberm-strich\/#primaryimage"},"image":{"@id":"https:\/\/novellix.com\/de\/produkt\/ueberm-strich\/#primaryimage"},"thumbnailUrl":"https:\/\/novellix.com\/de\/wp-content\/uploads\/sites\/2\/2025\/01\/Ueberm-Strich_rgb.jpg","datePublished":"2025-01-17T10:06:18+00:00","dateModified":"2025-03-10T08:17:48+00:00","description":"Dmitrij Kapitelman erz\u00e4hlt in der ihm typischen Mischung aus feiner Beobachtung und \u00adlakonischer \u00ad(Selbst-)Ironie vom Wohnungswahnsinn in der Haupt\u00adstadt und von der schwierigen Balance zwischen aufgekl\u00e4rtem Sozialbewusstsein und dem Bed\u00fcrfnis, sich schlichtweg wohlzuf\u00fchlen.","breadcrumb":{"@id":"https:\/\/novellix.com\/de\/produkt\/ueberm-strich\/#breadcrumb"},"inLanguage":"de","potentialAction":[{"@type":"ReadAction","target":["https:\/\/novellix.com\/de\/produkt\/ueberm-strich\/"]}]},{"@type":"ImageObject","inLanguage":"de","@id":"https:\/\/novellix.com\/de\/produkt\/ueberm-strich\/#primaryimage","url":"https:\/\/novellix.com\/de\/wp-content\/uploads\/sites\/2\/2025\/01\/Ueberm-Strich_rgb.jpg","contentUrl":"https:\/\/novellix.com\/de\/wp-content\/uploads\/sites\/2\/2025\/01\/Ueberm-Strich_rgb.jpg","width":1240,"height":1748},{"@type":"BreadcrumbList","@id":"https:\/\/novellix.com\/de\/produkt\/ueberm-strich\/#breadcrumb","itemListElement":[{"@type":"ListItem","position":1,"name":"Shop","item":"https:\/\/novellix.com\/de\/shop\/"},{"@type":"ListItem","position":2,"name":"\u00dcberm Strich"}]},{"@type":"WebSite","@id":"https:\/\/novellix.com\/de\/#website","url":"https:\/\/novellix.com\/de\/","name":"NOVELLIX","description":"","potentialAction":[{"@type":"SearchAction","target":{"@type":"EntryPoint","urlTemplate":"https:\/\/novellix.com\/de\/?s={search_term_string}"},"query-input":{"@type":"PropertyValueSpecification","valueRequired":true,"valueName":"search_term_string"}}],"inLanguage":"de"}]}},"_links":{"self":[{"href":"https:\/\/novellix.com\/de\/wp-json\/wp\/v2\/product\/1303196","targetHints":{"allow":["GET"]}}],"collection":[{"href":"https:\/\/novellix.com\/de\/wp-json\/wp\/v2\/product"}],"about":[{"href":"https:\/\/novellix.com\/de\/wp-json\/wp\/v2\/types\/product"}],"wp:featuredmedia":[{"embeddable":true,"href":"https:\/\/novellix.com\/de\/wp-json\/wp\/v2\/media\/1303197"}],"wp:attachment":[{"href":"https:\/\/novellix.com\/de\/wp-json\/wp\/v2\/media?parent=1303196"}],"wp:term":[{"taxonomy":"product_brand","embeddable":true,"href":"https:\/\/novellix.com\/de\/wp-json\/wp\/v2\/product_brand?post=1303196"},{"taxonomy":"product_cat","embeddable":true,"href":"https:\/\/novellix.com\/de\/wp-json\/wp\/v2\/product_cat?post=1303196"},{"taxonomy":"product_tag","embeddable":true,"href":"https:\/\/novellix.com\/de\/wp-json\/wp\/v2\/product_tag?post=1303196"}],"curies":[{"name":"wp","href":"https:\/\/api.w.org\/{rel}","templated":true}]}}