{"id":1303198,"date":"2025-01-17T10:08:03","date_gmt":"2025-01-17T10:08:03","guid":{"rendered":"https:\/\/novellix.com\/de\/?post_type=product&#038;p=1303198"},"modified":"2025-03-10T08:15:50","modified_gmt":"2025-03-10T08:15:50","slug":"hauptsache-dir-gefaellts","status":"publish","type":"product","link":"https:\/\/novellix.com\/de\/produkt\/hauptsache-dir-gefaellts\/","title":{"rendered":"Hauptsache, dir gef\u00e4llt\u2019s"},"content":{"rendered":"<p><em>\u201eWo bist du denn jetzt? Wenn du nicht mehr in Berlin bist?\u201c, fragte Juliane, vielleicht, um den Abschied oder die Einladung zu sich nach Hause oder zu ihm ins Hotel hinauszuz\u00f6gern. \u201eFriederikenburg\u201c, sagte Carlo. \u201eDas klingt so nett, denke ich jedes Mal, wenn ich das in den Verkehrsmeldungen h\u00f6re. Wo ist das nochmal genau?\u201c \u201eS\u00fcdliches Niedersachen\u201c, sagte Carlo und musste selber lachen, weil es sich anh\u00f6rte, als w\u00e4re s\u00fcdliches Niedersachsen irgendwie besser als irgendein anderer Teil von Niedersachsen.<\/em><\/p>\n<p>Das Klassentreffen ist ein Drahtseilakt: Nat\u00fcrlich ist Carlo inzwischen erwachsen. Job, Kinder usw. Irgendwie f\u00fchlt sich alles aber auch so an wie fr\u00fcher. Die gleichen Jungs, die gleichen bl\u00f6den Spr\u00fcche. Dann ist da noch Juliane. Und auf einmal das Gef\u00fchl, vielleicht an das Gl\u00fcck vergangener Zeiten ankn\u00fcpfen zu k\u00f6nnen. Ein Neuanfang, in einer Stadt weit weg von Berlin? Till Raether schreibt mit Humor und gro\u00dfer Zuneigung von der kleinen Gro\u00dfstadt, von Zukunftstr\u00e4umen im Abendlicht und vom abgeschminkten Alltag. \u00adSchlichtweg: vom Zweifeln und vom Verteidigen der \u00adeigenen Entscheidungen, in der Mitte eines ganz \u00adnormalen Lebens, in einer ganz normalen Stadt.<\/p>\n","protected":false},"excerpt":{"rendered":"<p>\u201eWo bist du denn jetzt? Wenn du nicht mehr in Berlin bist?\u201c, fragte Juliane, vielleicht, um den Abschied oder die Einladung zu sich nach Hause oder zu ihm ins Hotel hinauszuz\u00f6gern. \u201eFriederikenburg\u201c, sagte Carlo. \u201eDas klingt so nett, denke ich jedes Mal, wenn ich das in den Verkehrsmeldungen h\u00f6re. Wo ist das nochmal genau?\u201c \u201eS\u00fcdliches [&#8230;]\n","protected":false},"featured_media":1303199,"template":"","meta":[],"product_brand":[],"product_cat":[79],"product_tag":[],"class_list":{"0":"post-1303198","1":"product","2":"type-product","3":"status-publish","4":"has-post-thumbnail","6":"product_cat-noveller","8":"first","9":"instock","10":"shipping-taxable","11":"product-type-simple"},"yoast_head":"<!-- This site is optimized with the Yoast SEO plugin v27.3 - https:\/\/yoast.com\/product\/yoast-seo-wordpress\/ -->\n<title>Hauptsache, dir gef\u00e4llt\u2019s<\/title>\n<meta name=\"description\" content=\"Till Raether schreibt mit Humor und gro\u00dfer Zuneigung von der kleinen Gro\u00dfstadt, von Zukunftstr\u00e4umen im Abendlicht und vom abgeschminkten Alltag. \u00adSchlichtweg: vom Zweifeln und vom Verteidigen der \u00adeigenen Entscheidungen, in der Mitte eines ganz \u00adnormalen Lebens, in einer ganz normalen Stadt.\" \/>\n<meta name=\"robots\" content=\"index, follow, max-snippet:-1, max-image-preview:large, max-video-preview:-1\" \/>\n<link rel=\"canonical\" href=\"https:\/\/novellix.com\/de\/produkt\/hauptsache-dir-gefaellts\/\" \/>\n<meta property=\"og:locale\" content=\"de_DE\" \/>\n<meta property=\"og:type\" content=\"article\" \/>\n<meta property=\"og:title\" content=\"Hauptsache, dir gef\u00e4llt\u2019s\" \/>\n<meta property=\"og:description\" content=\"Till Raether schreibt mit Humor und gro\u00dfer Zuneigung von der kleinen Gro\u00dfstadt, von Zukunftstr\u00e4umen im Abendlicht und vom abgeschminkten Alltag. \u00adSchlichtweg: vom Zweifeln und vom Verteidigen der \u00adeigenen Entscheidungen, in der Mitte eines ganz \u00adnormalen Lebens, in einer ganz normalen Stadt.\" \/>\n<meta property=\"og:url\" content=\"https:\/\/novellix.com\/de\/produkt\/hauptsache-dir-gefaellts\/\" \/>\n<meta property=\"og:site_name\" content=\"NOVELLIX\" \/>\n<meta property=\"article:modified_time\" content=\"2025-03-10T08:15:50+00:00\" \/>\n<meta property=\"og:image\" content=\"https:\/\/novellix.com\/de\/wp-content\/uploads\/sites\/2\/2025\/01\/Hauptsache-dir-gefaellts_rgb.jpg\" \/>\n\t<meta property=\"og:image:width\" content=\"1240\" \/>\n\t<meta property=\"og:image:height\" content=\"1748\" \/>\n\t<meta property=\"og:image:type\" content=\"image\/jpeg\" \/>\n<meta name=\"twitter:card\" content=\"summary_large_image\" \/>\n<meta name=\"twitter:label1\" content=\"Gesch\u00e4tzte Lesezeit\" \/>\n\t<meta name=\"twitter:data1\" content=\"1\u00a0Minute\" \/>\n<script type=\"application\/ld+json\" class=\"yoast-schema-graph\">{\"@context\":\"https:\\\/\\\/schema.org\",\"@graph\":[{\"@type\":\"WebPage\",\"@id\":\"https:\\\/\\\/novellix.com\\\/de\\\/produkt\\\/hauptsache-dir-gefaellts\\\/\",\"url\":\"https:\\\/\\\/novellix.com\\\/de\\\/produkt\\\/hauptsache-dir-gefaellts\\\/\",\"name\":\"Hauptsache, dir gef\u00e4llt\u2019s\",\"isPartOf\":{\"@id\":\"https:\\\/\\\/novellix.com\\\/de\\\/#website\"},\"primaryImageOfPage\":{\"@id\":\"https:\\\/\\\/novellix.com\\\/de\\\/produkt\\\/hauptsache-dir-gefaellts\\\/#primaryimage\"},\"image\":{\"@id\":\"https:\\\/\\\/novellix.com\\\/de\\\/produkt\\\/hauptsache-dir-gefaellts\\\/#primaryimage\"},\"thumbnailUrl\":\"https:\\\/\\\/novellix.com\\\/de\\\/wp-content\\\/uploads\\\/sites\\\/2\\\/2025\\\/01\\\/Hauptsache-dir-gefaellts_rgb.jpg\",\"datePublished\":\"2025-01-17T10:08:03+00:00\",\"dateModified\":\"2025-03-10T08:15:50+00:00\",\"description\":\"Till Raether schreibt mit Humor und gro\u00dfer Zuneigung von der kleinen Gro\u00dfstadt, von Zukunftstr\u00e4umen im Abendlicht und vom abgeschminkten Alltag. \u00adSchlichtweg: vom Zweifeln und vom Verteidigen der \u00adeigenen Entscheidungen, in der Mitte eines ganz \u00adnormalen Lebens, in einer ganz normalen Stadt.\",\"breadcrumb\":{\"@id\":\"https:\\\/\\\/novellix.com\\\/de\\\/produkt\\\/hauptsache-dir-gefaellts\\\/#breadcrumb\"},\"inLanguage\":\"de\",\"potentialAction\":[{\"@type\":\"ReadAction\",\"target\":[\"https:\\\/\\\/novellix.com\\\/de\\\/produkt\\\/hauptsache-dir-gefaellts\\\/\"]}]},{\"@type\":\"ImageObject\",\"inLanguage\":\"de\",\"@id\":\"https:\\\/\\\/novellix.com\\\/de\\\/produkt\\\/hauptsache-dir-gefaellts\\\/#primaryimage\",\"url\":\"https:\\\/\\\/novellix.com\\\/de\\\/wp-content\\\/uploads\\\/sites\\\/2\\\/2025\\\/01\\\/Hauptsache-dir-gefaellts_rgb.jpg\",\"contentUrl\":\"https:\\\/\\\/novellix.com\\\/de\\\/wp-content\\\/uploads\\\/sites\\\/2\\\/2025\\\/01\\\/Hauptsache-dir-gefaellts_rgb.jpg\",\"width\":1240,\"height\":1748},{\"@type\":\"BreadcrumbList\",\"@id\":\"https:\\\/\\\/novellix.com\\\/de\\\/produkt\\\/hauptsache-dir-gefaellts\\\/#breadcrumb\",\"itemListElement\":[{\"@type\":\"ListItem\",\"position\":1,\"name\":\"Shop\",\"item\":\"https:\\\/\\\/novellix.com\\\/de\\\/shop\\\/\"},{\"@type\":\"ListItem\",\"position\":2,\"name\":\"Hauptsache, dir gef\u00e4llt\u2019s\"}]},{\"@type\":\"WebSite\",\"@id\":\"https:\\\/\\\/novellix.com\\\/de\\\/#website\",\"url\":\"https:\\\/\\\/novellix.com\\\/de\\\/\",\"name\":\"NOVELLIX\",\"description\":\"\",\"potentialAction\":[{\"@type\":\"SearchAction\",\"target\":{\"@type\":\"EntryPoint\",\"urlTemplate\":\"https:\\\/\\\/novellix.com\\\/de\\\/?s={search_term_string}\"},\"query-input\":{\"@type\":\"PropertyValueSpecification\",\"valueRequired\":true,\"valueName\":\"search_term_string\"}}],\"inLanguage\":\"de\"}]}<\/script>\n<!-- \/ Yoast SEO plugin. -->","yoast_head_json":{"title":"Hauptsache, dir gef\u00e4llt\u2019s","description":"Till Raether schreibt mit Humor und gro\u00dfer Zuneigung von der kleinen Gro\u00dfstadt, von Zukunftstr\u00e4umen im Abendlicht und vom abgeschminkten Alltag. \u00adSchlichtweg: vom Zweifeln und vom Verteidigen der \u00adeigenen Entscheidungen, in der Mitte eines ganz \u00adnormalen Lebens, in einer ganz normalen Stadt.","robots":{"index":"index","follow":"follow","max-snippet":"max-snippet:-1","max-image-preview":"max-image-preview:large","max-video-preview":"max-video-preview:-1"},"canonical":"https:\/\/novellix.com\/de\/produkt\/hauptsache-dir-gefaellts\/","og_locale":"de_DE","og_type":"article","og_title":"Hauptsache, dir gef\u00e4llt\u2019s","og_description":"Till Raether schreibt mit Humor und gro\u00dfer Zuneigung von der kleinen Gro\u00dfstadt, von Zukunftstr\u00e4umen im Abendlicht und vom abgeschminkten Alltag. \u00adSchlichtweg: vom Zweifeln und vom Verteidigen der \u00adeigenen Entscheidungen, in der Mitte eines ganz \u00adnormalen Lebens, in einer ganz normalen Stadt.","og_url":"https:\/\/novellix.com\/de\/produkt\/hauptsache-dir-gefaellts\/","og_site_name":"NOVELLIX","article_modified_time":"2025-03-10T08:15:50+00:00","og_image":[{"width":1240,"height":1748,"url":"https:\/\/novellix.com\/de\/wp-content\/uploads\/sites\/2\/2025\/01\/Hauptsache-dir-gefaellts_rgb.jpg","type":"image\/jpeg"}],"twitter_card":"summary_large_image","twitter_misc":{"Gesch\u00e4tzte Lesezeit":"1\u00a0Minute"},"schema":{"@context":"https:\/\/schema.org","@graph":[{"@type":"WebPage","@id":"https:\/\/novellix.com\/de\/produkt\/hauptsache-dir-gefaellts\/","url":"https:\/\/novellix.com\/de\/produkt\/hauptsache-dir-gefaellts\/","name":"Hauptsache, dir gef\u00e4llt\u2019s","isPartOf":{"@id":"https:\/\/novellix.com\/de\/#website"},"primaryImageOfPage":{"@id":"https:\/\/novellix.com\/de\/produkt\/hauptsache-dir-gefaellts\/#primaryimage"},"image":{"@id":"https:\/\/novellix.com\/de\/produkt\/hauptsache-dir-gefaellts\/#primaryimage"},"thumbnailUrl":"https:\/\/novellix.com\/de\/wp-content\/uploads\/sites\/2\/2025\/01\/Hauptsache-dir-gefaellts_rgb.jpg","datePublished":"2025-01-17T10:08:03+00:00","dateModified":"2025-03-10T08:15:50+00:00","description":"Till Raether schreibt mit Humor und gro\u00dfer Zuneigung von der kleinen Gro\u00dfstadt, von Zukunftstr\u00e4umen im Abendlicht und vom abgeschminkten Alltag. \u00adSchlichtweg: vom Zweifeln und vom Verteidigen der \u00adeigenen Entscheidungen, in der Mitte eines ganz \u00adnormalen Lebens, in einer ganz normalen Stadt.","breadcrumb":{"@id":"https:\/\/novellix.com\/de\/produkt\/hauptsache-dir-gefaellts\/#breadcrumb"},"inLanguage":"de","potentialAction":[{"@type":"ReadAction","target":["https:\/\/novellix.com\/de\/produkt\/hauptsache-dir-gefaellts\/"]}]},{"@type":"ImageObject","inLanguage":"de","@id":"https:\/\/novellix.com\/de\/produkt\/hauptsache-dir-gefaellts\/#primaryimage","url":"https:\/\/novellix.com\/de\/wp-content\/uploads\/sites\/2\/2025\/01\/Hauptsache-dir-gefaellts_rgb.jpg","contentUrl":"https:\/\/novellix.com\/de\/wp-content\/uploads\/sites\/2\/2025\/01\/Hauptsache-dir-gefaellts_rgb.jpg","width":1240,"height":1748},{"@type":"BreadcrumbList","@id":"https:\/\/novellix.com\/de\/produkt\/hauptsache-dir-gefaellts\/#breadcrumb","itemListElement":[{"@type":"ListItem","position":1,"name":"Shop","item":"https:\/\/novellix.com\/de\/shop\/"},{"@type":"ListItem","position":2,"name":"Hauptsache, dir gef\u00e4llt\u2019s"}]},{"@type":"WebSite","@id":"https:\/\/novellix.com\/de\/#website","url":"https:\/\/novellix.com\/de\/","name":"NOVELLIX","description":"","potentialAction":[{"@type":"SearchAction","target":{"@type":"EntryPoint","urlTemplate":"https:\/\/novellix.com\/de\/?s={search_term_string}"},"query-input":{"@type":"PropertyValueSpecification","valueRequired":true,"valueName":"search_term_string"}}],"inLanguage":"de"}]}},"_links":{"self":[{"href":"https:\/\/novellix.com\/de\/wp-json\/wp\/v2\/product\/1303198","targetHints":{"allow":["GET"]}}],"collection":[{"href":"https:\/\/novellix.com\/de\/wp-json\/wp\/v2\/product"}],"about":[{"href":"https:\/\/novellix.com\/de\/wp-json\/wp\/v2\/types\/product"}],"wp:featuredmedia":[{"embeddable":true,"href":"https:\/\/novellix.com\/de\/wp-json\/wp\/v2\/media\/1303199"}],"wp:attachment":[{"href":"https:\/\/novellix.com\/de\/wp-json\/wp\/v2\/media?parent=1303198"}],"wp:term":[{"taxonomy":"product_brand","embeddable":true,"href":"https:\/\/novellix.com\/de\/wp-json\/wp\/v2\/product_brand?post=1303198"},{"taxonomy":"product_cat","embeddable":true,"href":"https:\/\/novellix.com\/de\/wp-json\/wp\/v2\/product_cat?post=1303198"},{"taxonomy":"product_tag","embeddable":true,"href":"https:\/\/novellix.com\/de\/wp-json\/wp\/v2\/product_tag?post=1303198"}],"curies":[{"name":"wp","href":"https:\/\/api.w.org\/{rel}","templated":true}]}}