{"id":1303200,"date":"2025-01-17T10:12:32","date_gmt":"2025-01-17T10:12:32","guid":{"rendered":"https:\/\/novellix.com\/de\/?post_type=product&#038;p=1303200"},"modified":"2025-03-10T08:21:45","modified_gmt":"2025-03-10T08:21:45","slug":"stadt-der-fuechse","status":"publish","type":"product","link":"https:\/\/novellix.com\/de\/produkt\/stadt-der-fuechse\/","title":{"rendered":"Stadt der F\u00fcchse"},"content":{"rendered":"<p><em>S. schl\u00e4ft so laut, dass ich wieder nicht schlafen kann. Die Menschen schlafen, die F\u00fcchse ziehen durch ihre Reviere. Schn\u00fcren zwischen den \u00adgeparkten Autos, von Brombeerhecke zu Brombeer\u00adhecke. Den F\u00fcchsen, denke ich, geht es wie uns Menschen. Sie werden immer mehr, ziehen in die St\u00e4dte, essen immer \u00adopulenter, von dem was wir wegschmei\u00dfen. Wir essen vom selben Teller. Und wenn wir Menschen dem Fuchs begegnen, erz\u00e4hlen wir uns ein M\u00e4rchen vom wilden Tier. <\/em><\/p>\n<p>Eine Frau begegnet in der Stadt einem Fuchs. Die Begegnung hinterl\u00e4sst Spuren, eine Faszination f\u00fcr das Fremde und das Verwandte im Gegen\u00fcber. Wie von allein folgt sie diesen Spuren in eine ganz andere Welt.<\/p>\n<p>Mit ihrer fantastischen Gabe, die Leser auf eine F\u00e4hrte zu f\u00fchren und gleichzeitig der eigenen Fantasie zu \u00fcberlassen, erz\u00e4hlt Katrin Schumacher von einer Begegnung zweier Welten, die in unseren St\u00e4dten vielleicht enger miteinander verbunden sind, als wir glauben.<\/p>\n","protected":false},"excerpt":{"rendered":"<p>S. schl\u00e4ft so laut, dass ich wieder nicht schlafen kann. Die Menschen schlafen, die F\u00fcchse ziehen durch ihre Reviere. Schn\u00fcren zwischen den \u00adgeparkten Autos, von Brombeerhecke zu Brombeer\u00adhecke. Den F\u00fcchsen, denke ich, geht es wie uns Menschen. Sie werden immer mehr, ziehen in die St\u00e4dte, essen immer \u00adopulenter, von dem was wir wegschmei\u00dfen. Wir essen [&#8230;]\n","protected":false},"featured_media":1303201,"template":"","meta":[],"product_brand":[],"product_cat":[79],"product_tag":[],"class_list":{"0":"post-1303200","1":"product","2":"type-product","3":"status-publish","4":"has-post-thumbnail","6":"product_cat-noveller","8":"first","9":"instock","10":"shipping-taxable","11":"product-type-simple"},"yoast_head":"<!-- This site is optimized with the Yoast SEO plugin v27.3 - https:\/\/yoast.com\/product\/yoast-seo-wordpress\/ -->\n<title>Stadt der F\u00fcchse<\/title>\n<meta name=\"description\" content=\"Eine Frau begegnet in der Stadt einem Fuchs. Die Begegnung hinterl\u00e4sst Spuren, eine Faszination f\u00fcr das Fremde und das Verwandte im Gegen\u00fcber. Wie von allein folgt sie diesen Spuren in eine ganz andere Welt. Mit ihrer fantastischen Gabe, die Leser auf eine F\u00e4hrte zu f\u00fchren und gleichzeitig der eigenen Fantasie zu \u00fcberlassen, erz\u00e4hlt Katrin Schumacher von einer Begegnung zweier Welten, die in unseren St\u00e4dten vielleicht enger miteinander verbunden sind, als wir glauben.\" \/>\n<meta name=\"robots\" content=\"index, follow, max-snippet:-1, max-image-preview:large, max-video-preview:-1\" \/>\n<link rel=\"canonical\" href=\"https:\/\/novellix.com\/de\/produkt\/stadt-der-fuechse\/\" \/>\n<meta property=\"og:locale\" content=\"de_DE\" \/>\n<meta property=\"og:type\" content=\"article\" \/>\n<meta property=\"og:title\" content=\"Stadt der F\u00fcchse\" \/>\n<meta property=\"og:description\" content=\"Eine Frau begegnet in der Stadt einem Fuchs. Die Begegnung hinterl\u00e4sst Spuren, eine Faszination f\u00fcr das Fremde und das Verwandte im Gegen\u00fcber. Wie von allein folgt sie diesen Spuren in eine ganz andere Welt. Mit ihrer fantastischen Gabe, die Leser auf eine F\u00e4hrte zu f\u00fchren und gleichzeitig der eigenen Fantasie zu \u00fcberlassen, erz\u00e4hlt Katrin Schumacher von einer Begegnung zweier Welten, die in unseren St\u00e4dten vielleicht enger miteinander verbunden sind, als wir glauben.\" \/>\n<meta property=\"og:url\" content=\"https:\/\/novellix.com\/de\/produkt\/stadt-der-fuechse\/\" \/>\n<meta property=\"og:site_name\" content=\"NOVELLIX\" \/>\n<meta property=\"article:modified_time\" content=\"2025-03-10T08:21:45+00:00\" \/>\n<meta property=\"og:image\" content=\"https:\/\/novellix.com\/de\/wp-content\/uploads\/sites\/2\/2025\/01\/Stadt-der-Fuechse_rgb.jpg\" \/>\n\t<meta property=\"og:image:width\" content=\"1240\" \/>\n\t<meta property=\"og:image:height\" content=\"1748\" \/>\n\t<meta property=\"og:image:type\" content=\"image\/jpeg\" \/>\n<meta name=\"twitter:card\" content=\"summary_large_image\" \/>\n<meta name=\"twitter:label1\" content=\"Gesch\u00e4tzte Lesezeit\" \/>\n\t<meta name=\"twitter:data1\" content=\"1\u00a0Minute\" \/>\n<script type=\"application\/ld+json\" class=\"yoast-schema-graph\">{\"@context\":\"https:\\\/\\\/schema.org\",\"@graph\":[{\"@type\":\"WebPage\",\"@id\":\"https:\\\/\\\/novellix.com\\\/de\\\/produkt\\\/stadt-der-fuechse\\\/\",\"url\":\"https:\\\/\\\/novellix.com\\\/de\\\/produkt\\\/stadt-der-fuechse\\\/\",\"name\":\"Stadt der F\u00fcchse\",\"isPartOf\":{\"@id\":\"https:\\\/\\\/novellix.com\\\/de\\\/#website\"},\"primaryImageOfPage\":{\"@id\":\"https:\\\/\\\/novellix.com\\\/de\\\/produkt\\\/stadt-der-fuechse\\\/#primaryimage\"},\"image\":{\"@id\":\"https:\\\/\\\/novellix.com\\\/de\\\/produkt\\\/stadt-der-fuechse\\\/#primaryimage\"},\"thumbnailUrl\":\"https:\\\/\\\/novellix.com\\\/de\\\/wp-content\\\/uploads\\\/sites\\\/2\\\/2025\\\/01\\\/Stadt-der-Fuechse_rgb.jpg\",\"datePublished\":\"2025-01-17T10:12:32+00:00\",\"dateModified\":\"2025-03-10T08:21:45+00:00\",\"description\":\"Eine Frau begegnet in der Stadt einem Fuchs. Die Begegnung hinterl\u00e4sst Spuren, eine Faszination f\u00fcr das Fremde und das Verwandte im Gegen\u00fcber. Wie von allein folgt sie diesen Spuren in eine ganz andere Welt. Mit ihrer fantastischen Gabe, die Leser auf eine F\u00e4hrte zu f\u00fchren und gleichzeitig der eigenen Fantasie zu \u00fcberlassen, erz\u00e4hlt Katrin Schumacher von einer Begegnung zweier Welten, die in unseren St\u00e4dten vielleicht enger miteinander verbunden sind, als wir glauben.\",\"breadcrumb\":{\"@id\":\"https:\\\/\\\/novellix.com\\\/de\\\/produkt\\\/stadt-der-fuechse\\\/#breadcrumb\"},\"inLanguage\":\"de\",\"potentialAction\":[{\"@type\":\"ReadAction\",\"target\":[\"https:\\\/\\\/novellix.com\\\/de\\\/produkt\\\/stadt-der-fuechse\\\/\"]}]},{\"@type\":\"ImageObject\",\"inLanguage\":\"de\",\"@id\":\"https:\\\/\\\/novellix.com\\\/de\\\/produkt\\\/stadt-der-fuechse\\\/#primaryimage\",\"url\":\"https:\\\/\\\/novellix.com\\\/de\\\/wp-content\\\/uploads\\\/sites\\\/2\\\/2025\\\/01\\\/Stadt-der-Fuechse_rgb.jpg\",\"contentUrl\":\"https:\\\/\\\/novellix.com\\\/de\\\/wp-content\\\/uploads\\\/sites\\\/2\\\/2025\\\/01\\\/Stadt-der-Fuechse_rgb.jpg\",\"width\":1240,\"height\":1748},{\"@type\":\"BreadcrumbList\",\"@id\":\"https:\\\/\\\/novellix.com\\\/de\\\/produkt\\\/stadt-der-fuechse\\\/#breadcrumb\",\"itemListElement\":[{\"@type\":\"ListItem\",\"position\":1,\"name\":\"Shop\",\"item\":\"https:\\\/\\\/novellix.com\\\/de\\\/shop\\\/\"},{\"@type\":\"ListItem\",\"position\":2,\"name\":\"Stadt der F\u00fcchse\"}]},{\"@type\":\"WebSite\",\"@id\":\"https:\\\/\\\/novellix.com\\\/de\\\/#website\",\"url\":\"https:\\\/\\\/novellix.com\\\/de\\\/\",\"name\":\"NOVELLIX\",\"description\":\"\",\"potentialAction\":[{\"@type\":\"SearchAction\",\"target\":{\"@type\":\"EntryPoint\",\"urlTemplate\":\"https:\\\/\\\/novellix.com\\\/de\\\/?s={search_term_string}\"},\"query-input\":{\"@type\":\"PropertyValueSpecification\",\"valueRequired\":true,\"valueName\":\"search_term_string\"}}],\"inLanguage\":\"de\"}]}<\/script>\n<!-- \/ Yoast SEO plugin. -->","yoast_head_json":{"title":"Stadt der F\u00fcchse","description":"Eine Frau begegnet in der Stadt einem Fuchs. Die Begegnung hinterl\u00e4sst Spuren, eine Faszination f\u00fcr das Fremde und das Verwandte im Gegen\u00fcber. Wie von allein folgt sie diesen Spuren in eine ganz andere Welt. Mit ihrer fantastischen Gabe, die Leser auf eine F\u00e4hrte zu f\u00fchren und gleichzeitig der eigenen Fantasie zu \u00fcberlassen, erz\u00e4hlt Katrin Schumacher von einer Begegnung zweier Welten, die in unseren St\u00e4dten vielleicht enger miteinander verbunden sind, als wir glauben.","robots":{"index":"index","follow":"follow","max-snippet":"max-snippet:-1","max-image-preview":"max-image-preview:large","max-video-preview":"max-video-preview:-1"},"canonical":"https:\/\/novellix.com\/de\/produkt\/stadt-der-fuechse\/","og_locale":"de_DE","og_type":"article","og_title":"Stadt der F\u00fcchse","og_description":"Eine Frau begegnet in der Stadt einem Fuchs. Die Begegnung hinterl\u00e4sst Spuren, eine Faszination f\u00fcr das Fremde und das Verwandte im Gegen\u00fcber. Wie von allein folgt sie diesen Spuren in eine ganz andere Welt. Mit ihrer fantastischen Gabe, die Leser auf eine F\u00e4hrte zu f\u00fchren und gleichzeitig der eigenen Fantasie zu \u00fcberlassen, erz\u00e4hlt Katrin Schumacher von einer Begegnung zweier Welten, die in unseren St\u00e4dten vielleicht enger miteinander verbunden sind, als wir glauben.","og_url":"https:\/\/novellix.com\/de\/produkt\/stadt-der-fuechse\/","og_site_name":"NOVELLIX","article_modified_time":"2025-03-10T08:21:45+00:00","og_image":[{"width":1240,"height":1748,"url":"https:\/\/novellix.com\/de\/wp-content\/uploads\/sites\/2\/2025\/01\/Stadt-der-Fuechse_rgb.jpg","type":"image\/jpeg"}],"twitter_card":"summary_large_image","twitter_misc":{"Gesch\u00e4tzte Lesezeit":"1\u00a0Minute"},"schema":{"@context":"https:\/\/schema.org","@graph":[{"@type":"WebPage","@id":"https:\/\/novellix.com\/de\/produkt\/stadt-der-fuechse\/","url":"https:\/\/novellix.com\/de\/produkt\/stadt-der-fuechse\/","name":"Stadt der F\u00fcchse","isPartOf":{"@id":"https:\/\/novellix.com\/de\/#website"},"primaryImageOfPage":{"@id":"https:\/\/novellix.com\/de\/produkt\/stadt-der-fuechse\/#primaryimage"},"image":{"@id":"https:\/\/novellix.com\/de\/produkt\/stadt-der-fuechse\/#primaryimage"},"thumbnailUrl":"https:\/\/novellix.com\/de\/wp-content\/uploads\/sites\/2\/2025\/01\/Stadt-der-Fuechse_rgb.jpg","datePublished":"2025-01-17T10:12:32+00:00","dateModified":"2025-03-10T08:21:45+00:00","description":"Eine Frau begegnet in der Stadt einem Fuchs. Die Begegnung hinterl\u00e4sst Spuren, eine Faszination f\u00fcr das Fremde und das Verwandte im Gegen\u00fcber. Wie von allein folgt sie diesen Spuren in eine ganz andere Welt. Mit ihrer fantastischen Gabe, die Leser auf eine F\u00e4hrte zu f\u00fchren und gleichzeitig der eigenen Fantasie zu \u00fcberlassen, erz\u00e4hlt Katrin Schumacher von einer Begegnung zweier Welten, die in unseren St\u00e4dten vielleicht enger miteinander verbunden sind, als wir glauben.","breadcrumb":{"@id":"https:\/\/novellix.com\/de\/produkt\/stadt-der-fuechse\/#breadcrumb"},"inLanguage":"de","potentialAction":[{"@type":"ReadAction","target":["https:\/\/novellix.com\/de\/produkt\/stadt-der-fuechse\/"]}]},{"@type":"ImageObject","inLanguage":"de","@id":"https:\/\/novellix.com\/de\/produkt\/stadt-der-fuechse\/#primaryimage","url":"https:\/\/novellix.com\/de\/wp-content\/uploads\/sites\/2\/2025\/01\/Stadt-der-Fuechse_rgb.jpg","contentUrl":"https:\/\/novellix.com\/de\/wp-content\/uploads\/sites\/2\/2025\/01\/Stadt-der-Fuechse_rgb.jpg","width":1240,"height":1748},{"@type":"BreadcrumbList","@id":"https:\/\/novellix.com\/de\/produkt\/stadt-der-fuechse\/#breadcrumb","itemListElement":[{"@type":"ListItem","position":1,"name":"Shop","item":"https:\/\/novellix.com\/de\/shop\/"},{"@type":"ListItem","position":2,"name":"Stadt der F\u00fcchse"}]},{"@type":"WebSite","@id":"https:\/\/novellix.com\/de\/#website","url":"https:\/\/novellix.com\/de\/","name":"NOVELLIX","description":"","potentialAction":[{"@type":"SearchAction","target":{"@type":"EntryPoint","urlTemplate":"https:\/\/novellix.com\/de\/?s={search_term_string}"},"query-input":{"@type":"PropertyValueSpecification","valueRequired":true,"valueName":"search_term_string"}}],"inLanguage":"de"}]}},"_links":{"self":[{"href":"https:\/\/novellix.com\/de\/wp-json\/wp\/v2\/product\/1303200","targetHints":{"allow":["GET"]}}],"collection":[{"href":"https:\/\/novellix.com\/de\/wp-json\/wp\/v2\/product"}],"about":[{"href":"https:\/\/novellix.com\/de\/wp-json\/wp\/v2\/types\/product"}],"wp:featuredmedia":[{"embeddable":true,"href":"https:\/\/novellix.com\/de\/wp-json\/wp\/v2\/media\/1303201"}],"wp:attachment":[{"href":"https:\/\/novellix.com\/de\/wp-json\/wp\/v2\/media?parent=1303200"}],"wp:term":[{"taxonomy":"product_brand","embeddable":true,"href":"https:\/\/novellix.com\/de\/wp-json\/wp\/v2\/product_brand?post=1303200"},{"taxonomy":"product_cat","embeddable":true,"href":"https:\/\/novellix.com\/de\/wp-json\/wp\/v2\/product_cat?post=1303200"},{"taxonomy":"product_tag","embeddable":true,"href":"https:\/\/novellix.com\/de\/wp-json\/wp\/v2\/product_tag?post=1303200"}],"curies":[{"name":"wp","href":"https:\/\/api.w.org\/{rel}","templated":true}]}}