{"id":1303204,"date":"2025-01-17T10:20:27","date_gmt":"2025-01-17T10:20:27","guid":{"rendered":"https:\/\/novellix.com\/de\/?post_type=product&#038;p=1303204"},"modified":"2025-02-12T10:17:15","modified_gmt":"2025-02-12T10:17:15","slug":"schwedische-klassiker","status":"publish","type":"product","link":"https:\/\/novellix.com\/de\/produkt\/schwedische-klassiker\/","title":{"rendered":"Schwedische Klassiker"},"content":{"rendered":"<p>Schweden und der hohe Norden \u00fcben eine besondere Faszination aus: Dunkle Winter und helle Sommern\u00e4chte, rote H\u00e4uschen auf sonnigen Sch\u00e4reninseln, unendliche W\u00e4lder und die charmante Altstadt Stockholms. Vier weit \u00fcber die Landesgrenzen ber\u00fchmte schwedische Autorinnen und Autoren erz\u00e4hlen hier von besonderen Menschen, von Schicksalen und Tr\u00e4umen, von Sehnsucht und Lebenskraft. Dabei nehmen Astrid Lindgren, August Strindberg, Stig Dagerman und Selma Lagerl\u00f6f uns mit auf eine literarische Reise und bringen uns ihre Welt, auch jenseits der Idylle, auf eindr\u00fcckliche Weise nahe.<\/p>\n<p><strong>Schwedische klassiker enth\u00e4lt folgende Erz\u00e4hlungen: <\/strong><br \/>\n<a href=\"https:\/\/novellix.com\/de\/produkt\/allerliebste-schwester-die-puppe-mirabell\/\">Astrid Lindgren \u2013 Allerliebste Schwester &amp; Die Puppe Mirabell<\/a><br \/>\n<a href=\"https:\/\/novellix.com\/de\/produkt\/ein-puppenheim\/\">August Strindberg \u2013 Ein Puppenheim<\/a><br \/>\n<a href=\"https:\/\/novellix.com\/de\/produkt\/die-kaelte-der-mittsommernacht-ist-hart\/\">Stig Dagerman \u2013 Die K\u00e4lte der Mittsommernacht ist hart<\/a><br \/>\n<a href=\"https:\/\/novellix.com\/de\/produkt\/ein-stueck-lebensgeschichte\/\">Selma Lagerl\u00f6f \u2013 Ein St\u00fcck Lebensgeschichte<\/a><\/p>\n<article class=\"w-full scroll-mb-[var(--thread-trailing-height,150px)] text-token-text-primary focus-visible:outline-2 focus-visible:outline-offset-[-4px]\" dir=\"auto\" data-testid=\"conversation-turn-42\" data-scroll-anchor=\"false\">\n<div class=\"m-auto text-base py-[18px] px-3 md:px-4 w-full md:px-5 lg:px-4 xl:px-5\">\n<div class=\"mx-auto flex flex-1 gap-4 text-base md:gap-5 lg:gap-6 md:max-w-3xl lg:max-w-[40rem] xl:max-w-[48rem]\">\n<div class=\"group\/conversation-turn relative flex w-full min-w-0 flex-col\">\n<div class=\"flex-col gap-1 md:gap-3\">\n<div class=\"flex max-w-full flex-col flex-grow\">\n<div class=\"min-h-8 text-message flex w-full flex-col items-end gap-2 whitespace-normal break-words text-start [.text-message+&amp;]:mt-5\" dir=\"auto\" data-message-author-role=\"user\" data-message-id=\"aaa2e078-5004-4d75-a208-adaefb902ceb\">\n<div class=\"flex w-full flex-col gap-1 empty:hidden items-end rtl:items-start\">\n<div class=\"relative max-w-[var(--user-chat-width,70%)] rounded-3xl bg-token-message-surface px-5 py-2.5\">\n<div class=\"whitespace-pre-wrap\"><\/div>\n<\/div>\n<\/div>\n<\/div>\n<\/div>\n<\/div>\n<\/div>\n<\/div>\n<\/div>\n<\/article>\n","protected":false},"excerpt":{"rendered":"<p>Schweden und der hohe Norden \u00fcben eine besondere Faszination aus: Dunkle Winter und helle Sommern\u00e4chte, rote H\u00e4uschen auf sonnigen Sch\u00e4reninseln, unendliche W\u00e4lder und die charmante Altstadt Stockholms. Vier weit \u00fcber die Landesgrenzen ber\u00fchmte schwedische Autorinnen und Autoren erz\u00e4hlen hier von besonderen Menschen, von Schicksalen und Tr\u00e4umen, von Sehnsucht und Lebenskraft. Dabei nehmen Astrid Lindgren, August [&#8230;]\n","protected":false},"featured_media":1303205,"template":"","meta":[],"product_brand":[],"product_cat":[73],"product_tag":[],"class_list":{"0":"post-1303204","1":"product","2":"type-product","3":"status-publish","4":"has-post-thumbnail","6":"product_cat-buchboxen","8":"first","9":"instock","10":"shipping-taxable","11":"product-type-simple"},"yoast_head":"<!-- This site is optimized with the Yoast SEO plugin v27.3 - https:\/\/yoast.com\/product\/yoast-seo-wordpress\/ -->\n<title>Schwedische Klassiker - NOVELLIX<\/title>\n<meta name=\"robots\" content=\"index, follow, max-snippet:-1, max-image-preview:large, max-video-preview:-1\" \/>\n<link rel=\"canonical\" href=\"https:\/\/novellix.com\/de\/produkt\/schwedische-klassiker\/\" \/>\n<meta property=\"og:locale\" content=\"de_DE\" \/>\n<meta property=\"og:type\" content=\"article\" \/>\n<meta property=\"og:title\" content=\"Schwedische Klassiker - NOVELLIX\" \/>\n<meta property=\"og:description\" content=\"Schweden und der hohe Norden \u00fcben eine besondere Faszination aus: Dunkle Winter und helle Sommern\u00e4chte, rote H\u00e4uschen auf sonnigen Sch\u00e4reninseln, unendliche W\u00e4lder und die charmante Altstadt Stockholms. Vier weit \u00fcber die Landesgrenzen ber\u00fchmte schwedische Autorinnen und Autoren erz\u00e4hlen hier von besonderen Menschen, von Schicksalen und Tr\u00e4umen, von Sehnsucht und Lebenskraft. Dabei nehmen Astrid Lindgren, August [...]\" \/>\n<meta property=\"og:url\" content=\"https:\/\/novellix.com\/de\/produkt\/schwedische-klassiker\/\" \/>\n<meta property=\"og:site_name\" content=\"NOVELLIX\" \/>\n<meta property=\"article:modified_time\" content=\"2025-02-12T10:17:15+00:00\" \/>\n<meta property=\"og:image\" content=\"https:\/\/novellix.com\/de\/wp-content\/uploads\/sites\/2\/2025\/01\/Schwedische_Klassiker_liggande.jpg\" \/>\n\t<meta property=\"og:image:width\" content=\"1065\" \/>\n\t<meta property=\"og:image:height\" content=\"1500\" \/>\n\t<meta property=\"og:image:type\" content=\"image\/jpeg\" \/>\n<meta name=\"twitter:card\" content=\"summary_large_image\" \/>\n<meta name=\"twitter:label1\" content=\"Gesch\u00e4tzte Lesezeit\" \/>\n\t<meta name=\"twitter:data1\" content=\"1\u00a0Minute\" \/>\n<script type=\"application\/ld+json\" class=\"yoast-schema-graph\">{\"@context\":\"https:\\\/\\\/schema.org\",\"@graph\":[{\"@type\":\"WebPage\",\"@id\":\"https:\\\/\\\/novellix.com\\\/de\\\/produkt\\\/schwedische-klassiker\\\/\",\"url\":\"https:\\\/\\\/novellix.com\\\/de\\\/produkt\\\/schwedische-klassiker\\\/\",\"name\":\"Schwedische Klassiker - NOVELLIX\",\"isPartOf\":{\"@id\":\"https:\\\/\\\/novellix.com\\\/de\\\/#website\"},\"primaryImageOfPage\":{\"@id\":\"https:\\\/\\\/novellix.com\\\/de\\\/produkt\\\/schwedische-klassiker\\\/#primaryimage\"},\"image\":{\"@id\":\"https:\\\/\\\/novellix.com\\\/de\\\/produkt\\\/schwedische-klassiker\\\/#primaryimage\"},\"thumbnailUrl\":\"https:\\\/\\\/novellix.com\\\/de\\\/wp-content\\\/uploads\\\/sites\\\/2\\\/2025\\\/01\\\/Schwedische_Klassiker_liggande.jpg\",\"datePublished\":\"2025-01-17T10:20:27+00:00\",\"dateModified\":\"2025-02-12T10:17:15+00:00\",\"breadcrumb\":{\"@id\":\"https:\\\/\\\/novellix.com\\\/de\\\/produkt\\\/schwedische-klassiker\\\/#breadcrumb\"},\"inLanguage\":\"de\",\"potentialAction\":[{\"@type\":\"ReadAction\",\"target\":[\"https:\\\/\\\/novellix.com\\\/de\\\/produkt\\\/schwedische-klassiker\\\/\"]}]},{\"@type\":\"ImageObject\",\"inLanguage\":\"de\",\"@id\":\"https:\\\/\\\/novellix.com\\\/de\\\/produkt\\\/schwedische-klassiker\\\/#primaryimage\",\"url\":\"https:\\\/\\\/novellix.com\\\/de\\\/wp-content\\\/uploads\\\/sites\\\/2\\\/2025\\\/01\\\/Schwedische_Klassiker_liggande.jpg\",\"contentUrl\":\"https:\\\/\\\/novellix.com\\\/de\\\/wp-content\\\/uploads\\\/sites\\\/2\\\/2025\\\/01\\\/Schwedische_Klassiker_liggande.jpg\",\"width\":1065,\"height\":1500},{\"@type\":\"BreadcrumbList\",\"@id\":\"https:\\\/\\\/novellix.com\\\/de\\\/produkt\\\/schwedische-klassiker\\\/#breadcrumb\",\"itemListElement\":[{\"@type\":\"ListItem\",\"position\":1,\"name\":\"Shop\",\"item\":\"https:\\\/\\\/novellix.com\\\/de\\\/shop\\\/\"},{\"@type\":\"ListItem\",\"position\":2,\"name\":\"Schwedische Klassiker\"}]},{\"@type\":\"WebSite\",\"@id\":\"https:\\\/\\\/novellix.com\\\/de\\\/#website\",\"url\":\"https:\\\/\\\/novellix.com\\\/de\\\/\",\"name\":\"NOVELLIX\",\"description\":\"\",\"potentialAction\":[{\"@type\":\"SearchAction\",\"target\":{\"@type\":\"EntryPoint\",\"urlTemplate\":\"https:\\\/\\\/novellix.com\\\/de\\\/?s={search_term_string}\"},\"query-input\":{\"@type\":\"PropertyValueSpecification\",\"valueRequired\":true,\"valueName\":\"search_term_string\"}}],\"inLanguage\":\"de\"}]}<\/script>\n<!-- \/ Yoast SEO plugin. -->","yoast_head_json":{"title":"Schwedische Klassiker - NOVELLIX","robots":{"index":"index","follow":"follow","max-snippet":"max-snippet:-1","max-image-preview":"max-image-preview:large","max-video-preview":"max-video-preview:-1"},"canonical":"https:\/\/novellix.com\/de\/produkt\/schwedische-klassiker\/","og_locale":"de_DE","og_type":"article","og_title":"Schwedische Klassiker - NOVELLIX","og_description":"Schweden und der hohe Norden \u00fcben eine besondere Faszination aus: Dunkle Winter und helle Sommern\u00e4chte, rote H\u00e4uschen auf sonnigen Sch\u00e4reninseln, unendliche W\u00e4lder und die charmante Altstadt Stockholms. Vier weit \u00fcber die Landesgrenzen ber\u00fchmte schwedische Autorinnen und Autoren erz\u00e4hlen hier von besonderen Menschen, von Schicksalen und Tr\u00e4umen, von Sehnsucht und Lebenskraft. Dabei nehmen Astrid Lindgren, August [...]","og_url":"https:\/\/novellix.com\/de\/produkt\/schwedische-klassiker\/","og_site_name":"NOVELLIX","article_modified_time":"2025-02-12T10:17:15+00:00","og_image":[{"width":1065,"height":1500,"url":"https:\/\/novellix.com\/de\/wp-content\/uploads\/sites\/2\/2025\/01\/Schwedische_Klassiker_liggande.jpg","type":"image\/jpeg"}],"twitter_card":"summary_large_image","twitter_misc":{"Gesch\u00e4tzte Lesezeit":"1\u00a0Minute"},"schema":{"@context":"https:\/\/schema.org","@graph":[{"@type":"WebPage","@id":"https:\/\/novellix.com\/de\/produkt\/schwedische-klassiker\/","url":"https:\/\/novellix.com\/de\/produkt\/schwedische-klassiker\/","name":"Schwedische Klassiker - NOVELLIX","isPartOf":{"@id":"https:\/\/novellix.com\/de\/#website"},"primaryImageOfPage":{"@id":"https:\/\/novellix.com\/de\/produkt\/schwedische-klassiker\/#primaryimage"},"image":{"@id":"https:\/\/novellix.com\/de\/produkt\/schwedische-klassiker\/#primaryimage"},"thumbnailUrl":"https:\/\/novellix.com\/de\/wp-content\/uploads\/sites\/2\/2025\/01\/Schwedische_Klassiker_liggande.jpg","datePublished":"2025-01-17T10:20:27+00:00","dateModified":"2025-02-12T10:17:15+00:00","breadcrumb":{"@id":"https:\/\/novellix.com\/de\/produkt\/schwedische-klassiker\/#breadcrumb"},"inLanguage":"de","potentialAction":[{"@type":"ReadAction","target":["https:\/\/novellix.com\/de\/produkt\/schwedische-klassiker\/"]}]},{"@type":"ImageObject","inLanguage":"de","@id":"https:\/\/novellix.com\/de\/produkt\/schwedische-klassiker\/#primaryimage","url":"https:\/\/novellix.com\/de\/wp-content\/uploads\/sites\/2\/2025\/01\/Schwedische_Klassiker_liggande.jpg","contentUrl":"https:\/\/novellix.com\/de\/wp-content\/uploads\/sites\/2\/2025\/01\/Schwedische_Klassiker_liggande.jpg","width":1065,"height":1500},{"@type":"BreadcrumbList","@id":"https:\/\/novellix.com\/de\/produkt\/schwedische-klassiker\/#breadcrumb","itemListElement":[{"@type":"ListItem","position":1,"name":"Shop","item":"https:\/\/novellix.com\/de\/shop\/"},{"@type":"ListItem","position":2,"name":"Schwedische Klassiker"}]},{"@type":"WebSite","@id":"https:\/\/novellix.com\/de\/#website","url":"https:\/\/novellix.com\/de\/","name":"NOVELLIX","description":"","potentialAction":[{"@type":"SearchAction","target":{"@type":"EntryPoint","urlTemplate":"https:\/\/novellix.com\/de\/?s={search_term_string}"},"query-input":{"@type":"PropertyValueSpecification","valueRequired":true,"valueName":"search_term_string"}}],"inLanguage":"de"}]}},"_links":{"self":[{"href":"https:\/\/novellix.com\/de\/wp-json\/wp\/v2\/product\/1303204","targetHints":{"allow":["GET"]}}],"collection":[{"href":"https:\/\/novellix.com\/de\/wp-json\/wp\/v2\/product"}],"about":[{"href":"https:\/\/novellix.com\/de\/wp-json\/wp\/v2\/types\/product"}],"wp:featuredmedia":[{"embeddable":true,"href":"https:\/\/novellix.com\/de\/wp-json\/wp\/v2\/media\/1303205"}],"wp:attachment":[{"href":"https:\/\/novellix.com\/de\/wp-json\/wp\/v2\/media?parent=1303204"}],"wp:term":[{"taxonomy":"product_brand","embeddable":true,"href":"https:\/\/novellix.com\/de\/wp-json\/wp\/v2\/product_brand?post=1303204"},{"taxonomy":"product_cat","embeddable":true,"href":"https:\/\/novellix.com\/de\/wp-json\/wp\/v2\/product_cat?post=1303204"},{"taxonomy":"product_tag","embeddable":true,"href":"https:\/\/novellix.com\/de\/wp-json\/wp\/v2\/product_tag?post=1303204"}],"curies":[{"name":"wp","href":"https:\/\/api.w.org\/{rel}","templated":true}]}}