{"id":1303207,"date":"2025-01-17T10:25:13","date_gmt":"2025-01-17T10:25:13","guid":{"rendered":"https:\/\/novellix.com\/de\/?post_type=product&#038;p=1303207"},"modified":"2025-03-10T11:19:23","modified_gmt":"2025-03-10T11:19:23","slug":"allerliebste-schwester-die-puppe-mirabell","status":"publish","type":"product","link":"https:\/\/novellix.com\/de\/produkt\/allerliebste-schwester-die-puppe-mirabell\/","title":{"rendered":"Allerliebste Schwester  &#038; Die Puppe Mirabell"},"content":{"rendered":"<p><em>Jetzt will ich ein Geheimnis erz\u00e4hlen, das kein Mensch au\u00dfer mir kennt: Ich habe eine Zwillingsschwester. Erz\u00e4hlt es niemandem! Nicht einmal Mama und Papa wissen davon.<\/em><\/p>\n<p>Zwei Kinder, die bei scheinbar imagin\u00e4ren Wegbegleitern Zuflucht und Freude finden, zeigen, was die seit Jahrzehnten geliebte Kinderbuchautorin Astrid Lindgren gegen\u00fcber vielen Autor*innen \u2013 und Erwachsenen ganz grunds\u00e4tzlich \u2013 auszeichnet: Sie nimmt Kinder ernst und traut ihnen etwas zu. Immer wieder finden Kinder in ihren \u00adErz\u00e4hlungen Hoffnung und Kraft in der eigenen Fantasie. Eine Eigenschaft, die Leser*innen weltweit mit ins Leben nehmen und mit der Lindgrens Texte auch Erwachsene immer wieder inspirieren.<\/p>\n","protected":false},"excerpt":{"rendered":"<p>Jetzt will ich ein Geheimnis erz\u00e4hlen, das kein Mensch au\u00dfer mir kennt: Ich habe eine Zwillingsschwester. Erz\u00e4hlt es niemandem! Nicht einmal Mama und Papa wissen davon. Zwei Kinder, die bei scheinbar imagin\u00e4ren Wegbegleitern Zuflucht und Freude finden, zeigen, was die seit Jahrzehnten geliebte Kinderbuchautorin Astrid Lindgren gegen\u00fcber vielen Autor*innen \u2013 und Erwachsenen ganz grunds\u00e4tzlich \u2013 [&#8230;]\n","protected":false},"featured_media":1303208,"template":"","meta":[],"product_brand":[],"product_cat":[79],"product_tag":[],"class_list":{"0":"post-1303207","1":"product","2":"type-product","3":"status-publish","4":"has-post-thumbnail","6":"product_cat-noveller","8":"first","9":"instock","10":"shipping-taxable","11":"product-type-simple"},"yoast_head":"<!-- This site is optimized with the Yoast SEO plugin v27.3 - https:\/\/yoast.com\/product\/yoast-seo-wordpress\/ -->\n<title>Astrid Lindgren Allerliebste Schwester &amp; Die Puppe Mirabell<\/title>\n<meta name=\"description\" content=\"Zwei Kinder, die bei scheinbar imagin\u00e4ren Wegbegleitern Zuflucht und Freude finden, zeigen, was die seit Jahrzehnten geliebte Kinderbuchautorin Astrid Lindgren gegen\u00fcber vielen Autor*innen \u2013 und Erwachsenen ganz grunds\u00e4tzlich \u2013 auszeichnet: Sie nimmt Kinder ernst und traut ihnen etwas zu. Immer wieder finden Kinder in ihren \u00adErz\u00e4hlungen Hoffnung und Kraft in der eigenen Fantasie. Eine Eigenschaft, die Leser*innen weltweit mit ins Leben nehmen und mit der Lindgrens Texte auch Erwachsene immer wieder inspirieren.\" \/>\n<meta name=\"robots\" content=\"index, follow, max-snippet:-1, max-image-preview:large, max-video-preview:-1\" \/>\n<link rel=\"canonical\" href=\"https:\/\/novellix.com\/de\/produkt\/allerliebste-schwester-die-puppe-mirabell\/\" \/>\n<meta property=\"og:locale\" content=\"de_DE\" \/>\n<meta property=\"og:type\" content=\"article\" \/>\n<meta property=\"og:title\" content=\"Astrid Lindgren Allerliebste Schwester &amp; Die Puppe Mirabell\" \/>\n<meta property=\"og:description\" content=\"Zwei Kinder, die bei scheinbar imagin\u00e4ren Wegbegleitern Zuflucht und Freude finden, zeigen, was die seit Jahrzehnten geliebte Kinderbuchautorin Astrid Lindgren gegen\u00fcber vielen Autor*innen \u2013 und Erwachsenen ganz grunds\u00e4tzlich \u2013 auszeichnet: Sie nimmt Kinder ernst und traut ihnen etwas zu. Immer wieder finden Kinder in ihren \u00adErz\u00e4hlungen Hoffnung und Kraft in der eigenen Fantasie. Eine Eigenschaft, die Leser*innen weltweit mit ins Leben nehmen und mit der Lindgrens Texte auch Erwachsene immer wieder inspirieren.\" \/>\n<meta property=\"og:url\" content=\"https:\/\/novellix.com\/de\/produkt\/allerliebste-schwester-die-puppe-mirabell\/\" \/>\n<meta property=\"og:site_name\" content=\"NOVELLIX\" \/>\n<meta property=\"article:modified_time\" content=\"2025-03-10T11:19:23+00:00\" \/>\n<meta property=\"og:image\" content=\"https:\/\/novellix.com\/de\/wp-content\/uploads\/sites\/2\/2025\/01\/Allerliebste-Schwester_rgb.jpg\" \/>\n\t<meta property=\"og:image:width\" content=\"1240\" \/>\n\t<meta property=\"og:image:height\" content=\"1748\" \/>\n\t<meta property=\"og:image:type\" content=\"image\/jpeg\" \/>\n<meta name=\"twitter:card\" content=\"summary_large_image\" \/>\n<meta name=\"twitter:label1\" content=\"Gesch\u00e4tzte Lesezeit\" \/>\n\t<meta name=\"twitter:data1\" content=\"1\u00a0Minute\" \/>\n<script type=\"application\/ld+json\" class=\"yoast-schema-graph\">{\"@context\":\"https:\\\/\\\/schema.org\",\"@graph\":[{\"@type\":\"WebPage\",\"@id\":\"https:\\\/\\\/novellix.com\\\/de\\\/produkt\\\/allerliebste-schwester-die-puppe-mirabell\\\/\",\"url\":\"https:\\\/\\\/novellix.com\\\/de\\\/produkt\\\/allerliebste-schwester-die-puppe-mirabell\\\/\",\"name\":\"Astrid Lindgren Allerliebste Schwester & Die Puppe Mirabell\",\"isPartOf\":{\"@id\":\"https:\\\/\\\/novellix.com\\\/de\\\/#website\"},\"primaryImageOfPage\":{\"@id\":\"https:\\\/\\\/novellix.com\\\/de\\\/produkt\\\/allerliebste-schwester-die-puppe-mirabell\\\/#primaryimage\"},\"image\":{\"@id\":\"https:\\\/\\\/novellix.com\\\/de\\\/produkt\\\/allerliebste-schwester-die-puppe-mirabell\\\/#primaryimage\"},\"thumbnailUrl\":\"https:\\\/\\\/novellix.com\\\/de\\\/wp-content\\\/uploads\\\/sites\\\/2\\\/2025\\\/01\\\/Allerliebste-Schwester_rgb.jpg\",\"datePublished\":\"2025-01-17T10:25:13+00:00\",\"dateModified\":\"2025-03-10T11:19:23+00:00\",\"description\":\"Zwei Kinder, die bei scheinbar imagin\u00e4ren Wegbegleitern Zuflucht und Freude finden, zeigen, was die seit Jahrzehnten geliebte Kinderbuchautorin Astrid Lindgren gegen\u00fcber vielen Autor*innen \u2013 und Erwachsenen ganz grunds\u00e4tzlich \u2013 auszeichnet: Sie nimmt Kinder ernst und traut ihnen etwas zu. Immer wieder finden Kinder in ihren \u00adErz\u00e4hlungen Hoffnung und Kraft in der eigenen Fantasie. Eine Eigenschaft, die Leser*innen weltweit mit ins Leben nehmen und mit der Lindgrens Texte auch Erwachsene immer wieder inspirieren.\",\"breadcrumb\":{\"@id\":\"https:\\\/\\\/novellix.com\\\/de\\\/produkt\\\/allerliebste-schwester-die-puppe-mirabell\\\/#breadcrumb\"},\"inLanguage\":\"de\",\"potentialAction\":[{\"@type\":\"ReadAction\",\"target\":[\"https:\\\/\\\/novellix.com\\\/de\\\/produkt\\\/allerliebste-schwester-die-puppe-mirabell\\\/\"]}]},{\"@type\":\"ImageObject\",\"inLanguage\":\"de\",\"@id\":\"https:\\\/\\\/novellix.com\\\/de\\\/produkt\\\/allerliebste-schwester-die-puppe-mirabell\\\/#primaryimage\",\"url\":\"https:\\\/\\\/novellix.com\\\/de\\\/wp-content\\\/uploads\\\/sites\\\/2\\\/2025\\\/01\\\/Allerliebste-Schwester_rgb.jpg\",\"contentUrl\":\"https:\\\/\\\/novellix.com\\\/de\\\/wp-content\\\/uploads\\\/sites\\\/2\\\/2025\\\/01\\\/Allerliebste-Schwester_rgb.jpg\",\"width\":1240,\"height\":1748},{\"@type\":\"BreadcrumbList\",\"@id\":\"https:\\\/\\\/novellix.com\\\/de\\\/produkt\\\/allerliebste-schwester-die-puppe-mirabell\\\/#breadcrumb\",\"itemListElement\":[{\"@type\":\"ListItem\",\"position\":1,\"name\":\"Shop\",\"item\":\"https:\\\/\\\/novellix.com\\\/de\\\/shop\\\/\"},{\"@type\":\"ListItem\",\"position\":2,\"name\":\"Allerliebste Schwester &#038; Die Puppe Mirabell\"}]},{\"@type\":\"WebSite\",\"@id\":\"https:\\\/\\\/novellix.com\\\/de\\\/#website\",\"url\":\"https:\\\/\\\/novellix.com\\\/de\\\/\",\"name\":\"NOVELLIX\",\"description\":\"\",\"potentialAction\":[{\"@type\":\"SearchAction\",\"target\":{\"@type\":\"EntryPoint\",\"urlTemplate\":\"https:\\\/\\\/novellix.com\\\/de\\\/?s={search_term_string}\"},\"query-input\":{\"@type\":\"PropertyValueSpecification\",\"valueRequired\":true,\"valueName\":\"search_term_string\"}}],\"inLanguage\":\"de\"}]}<\/script>\n<!-- \/ Yoast SEO plugin. -->","yoast_head_json":{"title":"Astrid Lindgren Allerliebste Schwester & Die Puppe Mirabell","description":"Zwei Kinder, die bei scheinbar imagin\u00e4ren Wegbegleitern Zuflucht und Freude finden, zeigen, was die seit Jahrzehnten geliebte Kinderbuchautorin Astrid Lindgren gegen\u00fcber vielen Autor*innen \u2013 und Erwachsenen ganz grunds\u00e4tzlich \u2013 auszeichnet: Sie nimmt Kinder ernst und traut ihnen etwas zu. Immer wieder finden Kinder in ihren \u00adErz\u00e4hlungen Hoffnung und Kraft in der eigenen Fantasie. Eine Eigenschaft, die Leser*innen weltweit mit ins Leben nehmen und mit der Lindgrens Texte auch Erwachsene immer wieder inspirieren.","robots":{"index":"index","follow":"follow","max-snippet":"max-snippet:-1","max-image-preview":"max-image-preview:large","max-video-preview":"max-video-preview:-1"},"canonical":"https:\/\/novellix.com\/de\/produkt\/allerliebste-schwester-die-puppe-mirabell\/","og_locale":"de_DE","og_type":"article","og_title":"Astrid Lindgren Allerliebste Schwester & Die Puppe Mirabell","og_description":"Zwei Kinder, die bei scheinbar imagin\u00e4ren Wegbegleitern Zuflucht und Freude finden, zeigen, was die seit Jahrzehnten geliebte Kinderbuchautorin Astrid Lindgren gegen\u00fcber vielen Autor*innen \u2013 und Erwachsenen ganz grunds\u00e4tzlich \u2013 auszeichnet: Sie nimmt Kinder ernst und traut ihnen etwas zu. Immer wieder finden Kinder in ihren \u00adErz\u00e4hlungen Hoffnung und Kraft in der eigenen Fantasie. Eine Eigenschaft, die Leser*innen weltweit mit ins Leben nehmen und mit der Lindgrens Texte auch Erwachsene immer wieder inspirieren.","og_url":"https:\/\/novellix.com\/de\/produkt\/allerliebste-schwester-die-puppe-mirabell\/","og_site_name":"NOVELLIX","article_modified_time":"2025-03-10T11:19:23+00:00","og_image":[{"width":1240,"height":1748,"url":"https:\/\/novellix.com\/de\/wp-content\/uploads\/sites\/2\/2025\/01\/Allerliebste-Schwester_rgb.jpg","type":"image\/jpeg"}],"twitter_card":"summary_large_image","twitter_misc":{"Gesch\u00e4tzte Lesezeit":"1\u00a0Minute"},"schema":{"@context":"https:\/\/schema.org","@graph":[{"@type":"WebPage","@id":"https:\/\/novellix.com\/de\/produkt\/allerliebste-schwester-die-puppe-mirabell\/","url":"https:\/\/novellix.com\/de\/produkt\/allerliebste-schwester-die-puppe-mirabell\/","name":"Astrid Lindgren Allerliebste Schwester & Die Puppe Mirabell","isPartOf":{"@id":"https:\/\/novellix.com\/de\/#website"},"primaryImageOfPage":{"@id":"https:\/\/novellix.com\/de\/produkt\/allerliebste-schwester-die-puppe-mirabell\/#primaryimage"},"image":{"@id":"https:\/\/novellix.com\/de\/produkt\/allerliebste-schwester-die-puppe-mirabell\/#primaryimage"},"thumbnailUrl":"https:\/\/novellix.com\/de\/wp-content\/uploads\/sites\/2\/2025\/01\/Allerliebste-Schwester_rgb.jpg","datePublished":"2025-01-17T10:25:13+00:00","dateModified":"2025-03-10T11:19:23+00:00","description":"Zwei Kinder, die bei scheinbar imagin\u00e4ren Wegbegleitern Zuflucht und Freude finden, zeigen, was die seit Jahrzehnten geliebte Kinderbuchautorin Astrid Lindgren gegen\u00fcber vielen Autor*innen \u2013 und Erwachsenen ganz grunds\u00e4tzlich \u2013 auszeichnet: Sie nimmt Kinder ernst und traut ihnen etwas zu. Immer wieder finden Kinder in ihren \u00adErz\u00e4hlungen Hoffnung und Kraft in der eigenen Fantasie. Eine Eigenschaft, die Leser*innen weltweit mit ins Leben nehmen und mit der Lindgrens Texte auch Erwachsene immer wieder inspirieren.","breadcrumb":{"@id":"https:\/\/novellix.com\/de\/produkt\/allerliebste-schwester-die-puppe-mirabell\/#breadcrumb"},"inLanguage":"de","potentialAction":[{"@type":"ReadAction","target":["https:\/\/novellix.com\/de\/produkt\/allerliebste-schwester-die-puppe-mirabell\/"]}]},{"@type":"ImageObject","inLanguage":"de","@id":"https:\/\/novellix.com\/de\/produkt\/allerliebste-schwester-die-puppe-mirabell\/#primaryimage","url":"https:\/\/novellix.com\/de\/wp-content\/uploads\/sites\/2\/2025\/01\/Allerliebste-Schwester_rgb.jpg","contentUrl":"https:\/\/novellix.com\/de\/wp-content\/uploads\/sites\/2\/2025\/01\/Allerliebste-Schwester_rgb.jpg","width":1240,"height":1748},{"@type":"BreadcrumbList","@id":"https:\/\/novellix.com\/de\/produkt\/allerliebste-schwester-die-puppe-mirabell\/#breadcrumb","itemListElement":[{"@type":"ListItem","position":1,"name":"Shop","item":"https:\/\/novellix.com\/de\/shop\/"},{"@type":"ListItem","position":2,"name":"Allerliebste Schwester &#038; Die Puppe Mirabell"}]},{"@type":"WebSite","@id":"https:\/\/novellix.com\/de\/#website","url":"https:\/\/novellix.com\/de\/","name":"NOVELLIX","description":"","potentialAction":[{"@type":"SearchAction","target":{"@type":"EntryPoint","urlTemplate":"https:\/\/novellix.com\/de\/?s={search_term_string}"},"query-input":{"@type":"PropertyValueSpecification","valueRequired":true,"valueName":"search_term_string"}}],"inLanguage":"de"}]}},"_links":{"self":[{"href":"https:\/\/novellix.com\/de\/wp-json\/wp\/v2\/product\/1303207","targetHints":{"allow":["GET"]}}],"collection":[{"href":"https:\/\/novellix.com\/de\/wp-json\/wp\/v2\/product"}],"about":[{"href":"https:\/\/novellix.com\/de\/wp-json\/wp\/v2\/types\/product"}],"wp:featuredmedia":[{"embeddable":true,"href":"https:\/\/novellix.com\/de\/wp-json\/wp\/v2\/media\/1303208"}],"wp:attachment":[{"href":"https:\/\/novellix.com\/de\/wp-json\/wp\/v2\/media?parent=1303207"}],"wp:term":[{"taxonomy":"product_brand","embeddable":true,"href":"https:\/\/novellix.com\/de\/wp-json\/wp\/v2\/product_brand?post=1303207"},{"taxonomy":"product_cat","embeddable":true,"href":"https:\/\/novellix.com\/de\/wp-json\/wp\/v2\/product_cat?post=1303207"},{"taxonomy":"product_tag","embeddable":true,"href":"https:\/\/novellix.com\/de\/wp-json\/wp\/v2\/product_tag?post=1303207"}],"curies":[{"name":"wp","href":"https:\/\/api.w.org\/{rel}","templated":true}]}}