{"id":1303209,"date":"2025-01-17T10:27:24","date_gmt":"2025-01-17T10:27:24","guid":{"rendered":"https:\/\/novellix.com\/de\/?post_type=product&#038;p=1303209"},"modified":"2025-03-10T11:20:51","modified_gmt":"2025-03-10T11:20:51","slug":"ein-puppenheim","status":"publish","type":"product","link":"https:\/\/novellix.com\/de\/produkt\/ein-puppenheim\/","title":{"rendered":"Ein Puppenheim"},"content":{"rendered":"<p><em>\u201eHast Du etwas nachgedacht \u00fcber unsere Ehe?\u201c, begann sie. \u201eNein\u201c, sagte er, als w\u00e4re er auf diese Frage schon vorbereitet gewesen. \u201eIch habe es nur gef\u00fchlt, ich glaube n\u00e4mlich, dass die Liebe eine Gef\u00fchlssache ist. Wenn man beim Segeln die Gegend aus Erfahrung kennt, dann kommt man in den Hafen, verl\u00e4sst man sich nur auf Kompass und Karte, dann geht man zugrunde.\u201c<\/em><\/p>\n<p>Kapit\u00e4n Pall und seine Frau Gurli f\u00fchren auch nach Jahren noch ein erf\u00fclltes und liebevolles Eheleben. Doch mit dem Auftauchen einer neuen Freundin in Gurlis Leben ger\u00e4t etwas in \u00adSchieflage. August Strindberg, der literarische Shootingstar der vorigen Jahrhundertwende, liefert mit dieser Erz\u00e4hlung nicht nur eine Replik auf Henrik Ibsens gleichnamiges Drama und die zeitgen\u00f6ssischen Gleichstellungsideen \u2013 vor allem erz\u00e4hlt er zeitlos und meisterhaft am\u00fcsant von zwischenmenschlichen Beziehungen, Liebe, Eifersucht und Selbstaufgabe.<\/p>\n","protected":false},"excerpt":{"rendered":"<p>\u201eHast Du etwas nachgedacht \u00fcber unsere Ehe?\u201c, begann sie. \u201eNein\u201c, sagte er, als w\u00e4re er auf diese Frage schon vorbereitet gewesen. \u201eIch habe es nur gef\u00fchlt, ich glaube n\u00e4mlich, dass die Liebe eine Gef\u00fchlssache ist. Wenn man beim Segeln die Gegend aus Erfahrung kennt, dann kommt man in den Hafen, verl\u00e4sst man sich nur auf [&#8230;]\n","protected":false},"featured_media":1303210,"template":"","meta":[],"product_brand":[],"product_cat":[79],"product_tag":[],"class_list":{"0":"post-1303209","1":"product","2":"type-product","3":"status-publish","4":"has-post-thumbnail","6":"product_cat-noveller","8":"first","9":"instock","10":"shipping-taxable","11":"product-type-simple"},"yoast_head":"<!-- This site is optimized with the Yoast SEO plugin v27.3 - https:\/\/yoast.com\/product\/yoast-seo-wordpress\/ -->\n<title>August Strindberg Ein Puppenheim<\/title>\n<meta name=\"description\" content=\"Kapit\u00e4n Pall und seine Frau Gurli f\u00fchren auch nach Jahren noch ein erf\u00fclltes und liebevolles Eheleben. Doch mit dem Auftauchen einer neuen Freundin in Gurlis Leben ger\u00e4t etwas in \u00adSchieflage. August Strindberg, der literarische Shootingstar der vorigen Jahrhundertwende, liefert mit dieser Erz\u00e4hlung nicht nur eine Replik auf Henrik Ibsens gleichnamiges Drama und die zeitgen\u00f6ssischen Gleichstellungsideen \u2013 vor allem erz\u00e4hlt er zeitlos und meisterhaft am\u00fcsant von zwischenmenschlichen Beziehungen, Liebe, Eifersucht und Selbstaufgabe.\" \/>\n<meta name=\"robots\" content=\"index, follow, max-snippet:-1, max-image-preview:large, max-video-preview:-1\" \/>\n<link rel=\"canonical\" href=\"https:\/\/novellix.com\/de\/produkt\/ein-puppenheim\/\" \/>\n<meta property=\"og:locale\" content=\"de_DE\" \/>\n<meta property=\"og:type\" content=\"article\" \/>\n<meta property=\"og:title\" content=\"August Strindberg Ein Puppenheim\" \/>\n<meta property=\"og:description\" content=\"Kapit\u00e4n Pall und seine Frau Gurli f\u00fchren auch nach Jahren noch ein erf\u00fclltes und liebevolles Eheleben. Doch mit dem Auftauchen einer neuen Freundin in Gurlis Leben ger\u00e4t etwas in \u00adSchieflage. August Strindberg, der literarische Shootingstar der vorigen Jahrhundertwende, liefert mit dieser Erz\u00e4hlung nicht nur eine Replik auf Henrik Ibsens gleichnamiges Drama und die zeitgen\u00f6ssischen Gleichstellungsideen \u2013 vor allem erz\u00e4hlt er zeitlos und meisterhaft am\u00fcsant von zwischenmenschlichen Beziehungen, Liebe, Eifersucht und Selbstaufgabe.\" \/>\n<meta property=\"og:url\" content=\"https:\/\/novellix.com\/de\/produkt\/ein-puppenheim\/\" \/>\n<meta property=\"og:site_name\" content=\"NOVELLIX\" \/>\n<meta property=\"article:modified_time\" content=\"2025-03-10T11:20:51+00:00\" \/>\n<meta property=\"og:image\" content=\"https:\/\/novellix.com\/de\/wp-content\/uploads\/sites\/2\/2025\/01\/Ein-Puppenheim_rgb.jpg\" \/>\n\t<meta property=\"og:image:width\" content=\"1240\" \/>\n\t<meta property=\"og:image:height\" content=\"1748\" \/>\n\t<meta property=\"og:image:type\" content=\"image\/jpeg\" \/>\n<meta name=\"twitter:card\" content=\"summary_large_image\" \/>\n<meta name=\"twitter:label1\" content=\"Gesch\u00e4tzte Lesezeit\" \/>\n\t<meta name=\"twitter:data1\" content=\"1\u00a0Minute\" \/>\n<script type=\"application\/ld+json\" class=\"yoast-schema-graph\">{\"@context\":\"https:\\\/\\\/schema.org\",\"@graph\":[{\"@type\":\"WebPage\",\"@id\":\"https:\\\/\\\/novellix.com\\\/de\\\/produkt\\\/ein-puppenheim\\\/\",\"url\":\"https:\\\/\\\/novellix.com\\\/de\\\/produkt\\\/ein-puppenheim\\\/\",\"name\":\"August Strindberg Ein Puppenheim\",\"isPartOf\":{\"@id\":\"https:\\\/\\\/novellix.com\\\/de\\\/#website\"},\"primaryImageOfPage\":{\"@id\":\"https:\\\/\\\/novellix.com\\\/de\\\/produkt\\\/ein-puppenheim\\\/#primaryimage\"},\"image\":{\"@id\":\"https:\\\/\\\/novellix.com\\\/de\\\/produkt\\\/ein-puppenheim\\\/#primaryimage\"},\"thumbnailUrl\":\"https:\\\/\\\/novellix.com\\\/de\\\/wp-content\\\/uploads\\\/sites\\\/2\\\/2025\\\/01\\\/Ein-Puppenheim_rgb.jpg\",\"datePublished\":\"2025-01-17T10:27:24+00:00\",\"dateModified\":\"2025-03-10T11:20:51+00:00\",\"description\":\"Kapit\u00e4n Pall und seine Frau Gurli f\u00fchren auch nach Jahren noch ein erf\u00fclltes und liebevolles Eheleben. Doch mit dem Auftauchen einer neuen Freundin in Gurlis Leben ger\u00e4t etwas in \u00adSchieflage. August Strindberg, der literarische Shootingstar der vorigen Jahrhundertwende, liefert mit dieser Erz\u00e4hlung nicht nur eine Replik auf Henrik Ibsens gleichnamiges Drama und die zeitgen\u00f6ssischen Gleichstellungsideen \u2013 vor allem erz\u00e4hlt er zeitlos und meisterhaft am\u00fcsant von zwischenmenschlichen Beziehungen, Liebe, Eifersucht und Selbstaufgabe.\",\"breadcrumb\":{\"@id\":\"https:\\\/\\\/novellix.com\\\/de\\\/produkt\\\/ein-puppenheim\\\/#breadcrumb\"},\"inLanguage\":\"de\",\"potentialAction\":[{\"@type\":\"ReadAction\",\"target\":[\"https:\\\/\\\/novellix.com\\\/de\\\/produkt\\\/ein-puppenheim\\\/\"]}]},{\"@type\":\"ImageObject\",\"inLanguage\":\"de\",\"@id\":\"https:\\\/\\\/novellix.com\\\/de\\\/produkt\\\/ein-puppenheim\\\/#primaryimage\",\"url\":\"https:\\\/\\\/novellix.com\\\/de\\\/wp-content\\\/uploads\\\/sites\\\/2\\\/2025\\\/01\\\/Ein-Puppenheim_rgb.jpg\",\"contentUrl\":\"https:\\\/\\\/novellix.com\\\/de\\\/wp-content\\\/uploads\\\/sites\\\/2\\\/2025\\\/01\\\/Ein-Puppenheim_rgb.jpg\",\"width\":1240,\"height\":1748},{\"@type\":\"BreadcrumbList\",\"@id\":\"https:\\\/\\\/novellix.com\\\/de\\\/produkt\\\/ein-puppenheim\\\/#breadcrumb\",\"itemListElement\":[{\"@type\":\"ListItem\",\"position\":1,\"name\":\"Shop\",\"item\":\"https:\\\/\\\/novellix.com\\\/de\\\/shop\\\/\"},{\"@type\":\"ListItem\",\"position\":2,\"name\":\"Ein Puppenheim\"}]},{\"@type\":\"WebSite\",\"@id\":\"https:\\\/\\\/novellix.com\\\/de\\\/#website\",\"url\":\"https:\\\/\\\/novellix.com\\\/de\\\/\",\"name\":\"NOVELLIX\",\"description\":\"\",\"potentialAction\":[{\"@type\":\"SearchAction\",\"target\":{\"@type\":\"EntryPoint\",\"urlTemplate\":\"https:\\\/\\\/novellix.com\\\/de\\\/?s={search_term_string}\"},\"query-input\":{\"@type\":\"PropertyValueSpecification\",\"valueRequired\":true,\"valueName\":\"search_term_string\"}}],\"inLanguage\":\"de\"}]}<\/script>\n<!-- \/ Yoast SEO plugin. -->","yoast_head_json":{"title":"August Strindberg Ein Puppenheim","description":"Kapit\u00e4n Pall und seine Frau Gurli f\u00fchren auch nach Jahren noch ein erf\u00fclltes und liebevolles Eheleben. Doch mit dem Auftauchen einer neuen Freundin in Gurlis Leben ger\u00e4t etwas in \u00adSchieflage. August Strindberg, der literarische Shootingstar der vorigen Jahrhundertwende, liefert mit dieser Erz\u00e4hlung nicht nur eine Replik auf Henrik Ibsens gleichnamiges Drama und die zeitgen\u00f6ssischen Gleichstellungsideen \u2013 vor allem erz\u00e4hlt er zeitlos und meisterhaft am\u00fcsant von zwischenmenschlichen Beziehungen, Liebe, Eifersucht und Selbstaufgabe.","robots":{"index":"index","follow":"follow","max-snippet":"max-snippet:-1","max-image-preview":"max-image-preview:large","max-video-preview":"max-video-preview:-1"},"canonical":"https:\/\/novellix.com\/de\/produkt\/ein-puppenheim\/","og_locale":"de_DE","og_type":"article","og_title":"August Strindberg Ein Puppenheim","og_description":"Kapit\u00e4n Pall und seine Frau Gurli f\u00fchren auch nach Jahren noch ein erf\u00fclltes und liebevolles Eheleben. Doch mit dem Auftauchen einer neuen Freundin in Gurlis Leben ger\u00e4t etwas in \u00adSchieflage. August Strindberg, der literarische Shootingstar der vorigen Jahrhundertwende, liefert mit dieser Erz\u00e4hlung nicht nur eine Replik auf Henrik Ibsens gleichnamiges Drama und die zeitgen\u00f6ssischen Gleichstellungsideen \u2013 vor allem erz\u00e4hlt er zeitlos und meisterhaft am\u00fcsant von zwischenmenschlichen Beziehungen, Liebe, Eifersucht und Selbstaufgabe.","og_url":"https:\/\/novellix.com\/de\/produkt\/ein-puppenheim\/","og_site_name":"NOVELLIX","article_modified_time":"2025-03-10T11:20:51+00:00","og_image":[{"width":1240,"height":1748,"url":"https:\/\/novellix.com\/de\/wp-content\/uploads\/sites\/2\/2025\/01\/Ein-Puppenheim_rgb.jpg","type":"image\/jpeg"}],"twitter_card":"summary_large_image","twitter_misc":{"Gesch\u00e4tzte Lesezeit":"1\u00a0Minute"},"schema":{"@context":"https:\/\/schema.org","@graph":[{"@type":"WebPage","@id":"https:\/\/novellix.com\/de\/produkt\/ein-puppenheim\/","url":"https:\/\/novellix.com\/de\/produkt\/ein-puppenheim\/","name":"August Strindberg Ein Puppenheim","isPartOf":{"@id":"https:\/\/novellix.com\/de\/#website"},"primaryImageOfPage":{"@id":"https:\/\/novellix.com\/de\/produkt\/ein-puppenheim\/#primaryimage"},"image":{"@id":"https:\/\/novellix.com\/de\/produkt\/ein-puppenheim\/#primaryimage"},"thumbnailUrl":"https:\/\/novellix.com\/de\/wp-content\/uploads\/sites\/2\/2025\/01\/Ein-Puppenheim_rgb.jpg","datePublished":"2025-01-17T10:27:24+00:00","dateModified":"2025-03-10T11:20:51+00:00","description":"Kapit\u00e4n Pall und seine Frau Gurli f\u00fchren auch nach Jahren noch ein erf\u00fclltes und liebevolles Eheleben. Doch mit dem Auftauchen einer neuen Freundin in Gurlis Leben ger\u00e4t etwas in \u00adSchieflage. August Strindberg, der literarische Shootingstar der vorigen Jahrhundertwende, liefert mit dieser Erz\u00e4hlung nicht nur eine Replik auf Henrik Ibsens gleichnamiges Drama und die zeitgen\u00f6ssischen Gleichstellungsideen \u2013 vor allem erz\u00e4hlt er zeitlos und meisterhaft am\u00fcsant von zwischenmenschlichen Beziehungen, Liebe, Eifersucht und Selbstaufgabe.","breadcrumb":{"@id":"https:\/\/novellix.com\/de\/produkt\/ein-puppenheim\/#breadcrumb"},"inLanguage":"de","potentialAction":[{"@type":"ReadAction","target":["https:\/\/novellix.com\/de\/produkt\/ein-puppenheim\/"]}]},{"@type":"ImageObject","inLanguage":"de","@id":"https:\/\/novellix.com\/de\/produkt\/ein-puppenheim\/#primaryimage","url":"https:\/\/novellix.com\/de\/wp-content\/uploads\/sites\/2\/2025\/01\/Ein-Puppenheim_rgb.jpg","contentUrl":"https:\/\/novellix.com\/de\/wp-content\/uploads\/sites\/2\/2025\/01\/Ein-Puppenheim_rgb.jpg","width":1240,"height":1748},{"@type":"BreadcrumbList","@id":"https:\/\/novellix.com\/de\/produkt\/ein-puppenheim\/#breadcrumb","itemListElement":[{"@type":"ListItem","position":1,"name":"Shop","item":"https:\/\/novellix.com\/de\/shop\/"},{"@type":"ListItem","position":2,"name":"Ein Puppenheim"}]},{"@type":"WebSite","@id":"https:\/\/novellix.com\/de\/#website","url":"https:\/\/novellix.com\/de\/","name":"NOVELLIX","description":"","potentialAction":[{"@type":"SearchAction","target":{"@type":"EntryPoint","urlTemplate":"https:\/\/novellix.com\/de\/?s={search_term_string}"},"query-input":{"@type":"PropertyValueSpecification","valueRequired":true,"valueName":"search_term_string"}}],"inLanguage":"de"}]}},"_links":{"self":[{"href":"https:\/\/novellix.com\/de\/wp-json\/wp\/v2\/product\/1303209","targetHints":{"allow":["GET"]}}],"collection":[{"href":"https:\/\/novellix.com\/de\/wp-json\/wp\/v2\/product"}],"about":[{"href":"https:\/\/novellix.com\/de\/wp-json\/wp\/v2\/types\/product"}],"wp:featuredmedia":[{"embeddable":true,"href":"https:\/\/novellix.com\/de\/wp-json\/wp\/v2\/media\/1303210"}],"wp:attachment":[{"href":"https:\/\/novellix.com\/de\/wp-json\/wp\/v2\/media?parent=1303209"}],"wp:term":[{"taxonomy":"product_brand","embeddable":true,"href":"https:\/\/novellix.com\/de\/wp-json\/wp\/v2\/product_brand?post=1303209"},{"taxonomy":"product_cat","embeddable":true,"href":"https:\/\/novellix.com\/de\/wp-json\/wp\/v2\/product_cat?post=1303209"},{"taxonomy":"product_tag","embeddable":true,"href":"https:\/\/novellix.com\/de\/wp-json\/wp\/v2\/product_tag?post=1303209"}],"curies":[{"name":"wp","href":"https:\/\/api.w.org\/{rel}","templated":true}]}}