{"id":1303213,"date":"2025-01-17T10:32:04","date_gmt":"2025-01-17T10:32:04","guid":{"rendered":"https:\/\/novellix.com\/de\/?post_type=product&#038;p=1303213"},"modified":"2025-03-10T11:18:39","modified_gmt":"2025-03-10T11:18:39","slug":"ein-stueck-lebensgeschichte","status":"publish","type":"product","link":"https:\/\/novellix.com\/de\/produkt\/ein-stueck-lebensgeschichte\/","title":{"rendered":"Ein St\u00fcck Lebensgeschichte"},"content":{"rendered":"<p><em>Sie konnte nicht begreifen, woher es kam, dass das Gl\u00fcck sich gar nicht einfinden wollte. Vielleicht fehlten ihr Kenntnisse; sie m\u00fcsste auch wohl ein wenig mehr von der Welt zu Gesicht bekommen als das elterliche Haus. Und da es so lange w\u00e4hrte, bis sie ihren Unter- halt als Schriftstellerin verdienen konnte, musste sie etwas lernen, sich eine Lebensstellung schaffen, damit sie einen Broterwerb h\u00e4tte, davon zu leben, w\u00e4hrend sie auf sich selbst wartete. <\/em><\/p>\n<p>Das Schreiben war f\u00fcr die erste weibliche \u00adLiteratur-Nobelpreistr\u00e4gerin Selma Lagerl\u00f6f keine selbstverst\u00e4ndliche Berufswahl. Gleich einem M\u00e4rchen erz\u00e4hlt sie hier, wie es schlie\u00dflich doch dazu kam und wie es die Geschichten selbst wa- r\u00aden, die gegen jeden Zweifel und jede Konvention daran festhielten, geschrieben werden zu wollen.<\/p>\n","protected":false},"excerpt":{"rendered":"<p>Sie konnte nicht begreifen, woher es kam, dass das Gl\u00fcck sich gar nicht einfinden wollte. Vielleicht fehlten ihr Kenntnisse; sie m\u00fcsste auch wohl ein wenig mehr von der Welt zu Gesicht bekommen als das elterliche Haus. Und da es so lange w\u00e4hrte, bis sie ihren Unter- halt als Schriftstellerin verdienen konnte, musste sie etwas lernen, [&#8230;]\n","protected":false},"featured_media":1303214,"template":"","meta":[],"product_brand":[],"product_cat":[79],"product_tag":[],"class_list":{"0":"post-1303213","1":"product","2":"type-product","3":"status-publish","4":"has-post-thumbnail","6":"product_cat-noveller","8":"first","9":"instock","10":"shipping-taxable","11":"product-type-simple"},"yoast_head":"<!-- This site is optimized with the Yoast SEO plugin v27.3 - https:\/\/yoast.com\/product\/yoast-seo-wordpress\/ -->\n<title>Selma Lagerl\u00f6f Ein St\u00fcck Lebensgeschichte<\/title>\n<meta name=\"description\" content=\"Das Schreiben war f\u00fcr die erste weibliche \u00adLiteratur-Nobelpreistr\u00e4gerin Selma Lagerl\u00f6f keine selbstverst\u00e4ndliche Berufswahl. Gleich einem M\u00e4rchen erz\u00e4hlt sie hier, wie es schlie\u00dflich doch dazu kam und wie es die Geschichten selbst wa- r\u00aden, die gegen jeden Zweifel und jede Konvention daran festhielten, geschrieben werden zu wollen.\" \/>\n<meta name=\"robots\" content=\"index, follow, max-snippet:-1, max-image-preview:large, max-video-preview:-1\" \/>\n<link rel=\"canonical\" href=\"https:\/\/novellix.com\/de\/produkt\/ein-stueck-lebensgeschichte\/\" \/>\n<meta property=\"og:locale\" content=\"de_DE\" \/>\n<meta property=\"og:type\" content=\"article\" \/>\n<meta property=\"og:title\" content=\"Selma Lagerl\u00f6f Ein St\u00fcck Lebensgeschichte\" \/>\n<meta property=\"og:description\" content=\"Das Schreiben war f\u00fcr die erste weibliche \u00adLiteratur-Nobelpreistr\u00e4gerin Selma Lagerl\u00f6f keine selbstverst\u00e4ndliche Berufswahl. Gleich einem M\u00e4rchen erz\u00e4hlt sie hier, wie es schlie\u00dflich doch dazu kam und wie es die Geschichten selbst wa- r\u00aden, die gegen jeden Zweifel und jede Konvention daran festhielten, geschrieben werden zu wollen.\" \/>\n<meta property=\"og:url\" content=\"https:\/\/novellix.com\/de\/produkt\/ein-stueck-lebensgeschichte\/\" \/>\n<meta property=\"og:site_name\" content=\"NOVELLIX\" \/>\n<meta property=\"article:modified_time\" content=\"2025-03-10T11:18:39+00:00\" \/>\n<meta property=\"og:image\" content=\"https:\/\/novellix.com\/de\/wp-content\/uploads\/sites\/2\/2025\/01\/Ein-Stueck-Lebensgeschichte_rgb.jpg\" \/>\n\t<meta property=\"og:image:width\" content=\"1240\" \/>\n\t<meta property=\"og:image:height\" content=\"1748\" \/>\n\t<meta property=\"og:image:type\" content=\"image\/jpeg\" \/>\n<meta name=\"twitter:card\" content=\"summary_large_image\" \/>\n<meta name=\"twitter:label1\" content=\"Gesch\u00e4tzte Lesezeit\" \/>\n\t<meta name=\"twitter:data1\" content=\"1\u00a0Minute\" \/>\n<script type=\"application\/ld+json\" class=\"yoast-schema-graph\">{\"@context\":\"https:\\\/\\\/schema.org\",\"@graph\":[{\"@type\":\"WebPage\",\"@id\":\"https:\\\/\\\/novellix.com\\\/de\\\/produkt\\\/ein-stueck-lebensgeschichte\\\/\",\"url\":\"https:\\\/\\\/novellix.com\\\/de\\\/produkt\\\/ein-stueck-lebensgeschichte\\\/\",\"name\":\"Selma Lagerl\u00f6f Ein St\u00fcck Lebensgeschichte\",\"isPartOf\":{\"@id\":\"https:\\\/\\\/novellix.com\\\/de\\\/#website\"},\"primaryImageOfPage\":{\"@id\":\"https:\\\/\\\/novellix.com\\\/de\\\/produkt\\\/ein-stueck-lebensgeschichte\\\/#primaryimage\"},\"image\":{\"@id\":\"https:\\\/\\\/novellix.com\\\/de\\\/produkt\\\/ein-stueck-lebensgeschichte\\\/#primaryimage\"},\"thumbnailUrl\":\"https:\\\/\\\/novellix.com\\\/de\\\/wp-content\\\/uploads\\\/sites\\\/2\\\/2025\\\/01\\\/Ein-Stueck-Lebensgeschichte_rgb.jpg\",\"datePublished\":\"2025-01-17T10:32:04+00:00\",\"dateModified\":\"2025-03-10T11:18:39+00:00\",\"description\":\"Das Schreiben war f\u00fcr die erste weibliche \u00adLiteratur-Nobelpreistr\u00e4gerin Selma Lagerl\u00f6f keine selbstverst\u00e4ndliche Berufswahl. Gleich einem M\u00e4rchen erz\u00e4hlt sie hier, wie es schlie\u00dflich doch dazu kam und wie es die Geschichten selbst wa- r\u00aden, die gegen jeden Zweifel und jede Konvention daran festhielten, geschrieben werden zu wollen.\",\"breadcrumb\":{\"@id\":\"https:\\\/\\\/novellix.com\\\/de\\\/produkt\\\/ein-stueck-lebensgeschichte\\\/#breadcrumb\"},\"inLanguage\":\"de\",\"potentialAction\":[{\"@type\":\"ReadAction\",\"target\":[\"https:\\\/\\\/novellix.com\\\/de\\\/produkt\\\/ein-stueck-lebensgeschichte\\\/\"]}]},{\"@type\":\"ImageObject\",\"inLanguage\":\"de\",\"@id\":\"https:\\\/\\\/novellix.com\\\/de\\\/produkt\\\/ein-stueck-lebensgeschichte\\\/#primaryimage\",\"url\":\"https:\\\/\\\/novellix.com\\\/de\\\/wp-content\\\/uploads\\\/sites\\\/2\\\/2025\\\/01\\\/Ein-Stueck-Lebensgeschichte_rgb.jpg\",\"contentUrl\":\"https:\\\/\\\/novellix.com\\\/de\\\/wp-content\\\/uploads\\\/sites\\\/2\\\/2025\\\/01\\\/Ein-Stueck-Lebensgeschichte_rgb.jpg\",\"width\":1240,\"height\":1748},{\"@type\":\"BreadcrumbList\",\"@id\":\"https:\\\/\\\/novellix.com\\\/de\\\/produkt\\\/ein-stueck-lebensgeschichte\\\/#breadcrumb\",\"itemListElement\":[{\"@type\":\"ListItem\",\"position\":1,\"name\":\"Shop\",\"item\":\"https:\\\/\\\/novellix.com\\\/de\\\/shop\\\/\"},{\"@type\":\"ListItem\",\"position\":2,\"name\":\"Ein St\u00fcck Lebensgeschichte\"}]},{\"@type\":\"WebSite\",\"@id\":\"https:\\\/\\\/novellix.com\\\/de\\\/#website\",\"url\":\"https:\\\/\\\/novellix.com\\\/de\\\/\",\"name\":\"NOVELLIX\",\"description\":\"\",\"potentialAction\":[{\"@type\":\"SearchAction\",\"target\":{\"@type\":\"EntryPoint\",\"urlTemplate\":\"https:\\\/\\\/novellix.com\\\/de\\\/?s={search_term_string}\"},\"query-input\":{\"@type\":\"PropertyValueSpecification\",\"valueRequired\":true,\"valueName\":\"search_term_string\"}}],\"inLanguage\":\"de\"}]}<\/script>\n<!-- \/ Yoast SEO plugin. -->","yoast_head_json":{"title":"Selma Lagerl\u00f6f Ein St\u00fcck Lebensgeschichte","description":"Das Schreiben war f\u00fcr die erste weibliche \u00adLiteratur-Nobelpreistr\u00e4gerin Selma Lagerl\u00f6f keine selbstverst\u00e4ndliche Berufswahl. Gleich einem M\u00e4rchen erz\u00e4hlt sie hier, wie es schlie\u00dflich doch dazu kam und wie es die Geschichten selbst wa- r\u00aden, die gegen jeden Zweifel und jede Konvention daran festhielten, geschrieben werden zu wollen.","robots":{"index":"index","follow":"follow","max-snippet":"max-snippet:-1","max-image-preview":"max-image-preview:large","max-video-preview":"max-video-preview:-1"},"canonical":"https:\/\/novellix.com\/de\/produkt\/ein-stueck-lebensgeschichte\/","og_locale":"de_DE","og_type":"article","og_title":"Selma Lagerl\u00f6f Ein St\u00fcck Lebensgeschichte","og_description":"Das Schreiben war f\u00fcr die erste weibliche \u00adLiteratur-Nobelpreistr\u00e4gerin Selma Lagerl\u00f6f keine selbstverst\u00e4ndliche Berufswahl. Gleich einem M\u00e4rchen erz\u00e4hlt sie hier, wie es schlie\u00dflich doch dazu kam und wie es die Geschichten selbst wa- r\u00aden, die gegen jeden Zweifel und jede Konvention daran festhielten, geschrieben werden zu wollen.","og_url":"https:\/\/novellix.com\/de\/produkt\/ein-stueck-lebensgeschichte\/","og_site_name":"NOVELLIX","article_modified_time":"2025-03-10T11:18:39+00:00","og_image":[{"width":1240,"height":1748,"url":"https:\/\/novellix.com\/de\/wp-content\/uploads\/sites\/2\/2025\/01\/Ein-Stueck-Lebensgeschichte_rgb.jpg","type":"image\/jpeg"}],"twitter_card":"summary_large_image","twitter_misc":{"Gesch\u00e4tzte Lesezeit":"1\u00a0Minute"},"schema":{"@context":"https:\/\/schema.org","@graph":[{"@type":"WebPage","@id":"https:\/\/novellix.com\/de\/produkt\/ein-stueck-lebensgeschichte\/","url":"https:\/\/novellix.com\/de\/produkt\/ein-stueck-lebensgeschichte\/","name":"Selma Lagerl\u00f6f Ein St\u00fcck Lebensgeschichte","isPartOf":{"@id":"https:\/\/novellix.com\/de\/#website"},"primaryImageOfPage":{"@id":"https:\/\/novellix.com\/de\/produkt\/ein-stueck-lebensgeschichte\/#primaryimage"},"image":{"@id":"https:\/\/novellix.com\/de\/produkt\/ein-stueck-lebensgeschichte\/#primaryimage"},"thumbnailUrl":"https:\/\/novellix.com\/de\/wp-content\/uploads\/sites\/2\/2025\/01\/Ein-Stueck-Lebensgeschichte_rgb.jpg","datePublished":"2025-01-17T10:32:04+00:00","dateModified":"2025-03-10T11:18:39+00:00","description":"Das Schreiben war f\u00fcr die erste weibliche \u00adLiteratur-Nobelpreistr\u00e4gerin Selma Lagerl\u00f6f keine selbstverst\u00e4ndliche Berufswahl. Gleich einem M\u00e4rchen erz\u00e4hlt sie hier, wie es schlie\u00dflich doch dazu kam und wie es die Geschichten selbst wa- r\u00aden, die gegen jeden Zweifel und jede Konvention daran festhielten, geschrieben werden zu wollen.","breadcrumb":{"@id":"https:\/\/novellix.com\/de\/produkt\/ein-stueck-lebensgeschichte\/#breadcrumb"},"inLanguage":"de","potentialAction":[{"@type":"ReadAction","target":["https:\/\/novellix.com\/de\/produkt\/ein-stueck-lebensgeschichte\/"]}]},{"@type":"ImageObject","inLanguage":"de","@id":"https:\/\/novellix.com\/de\/produkt\/ein-stueck-lebensgeschichte\/#primaryimage","url":"https:\/\/novellix.com\/de\/wp-content\/uploads\/sites\/2\/2025\/01\/Ein-Stueck-Lebensgeschichte_rgb.jpg","contentUrl":"https:\/\/novellix.com\/de\/wp-content\/uploads\/sites\/2\/2025\/01\/Ein-Stueck-Lebensgeschichte_rgb.jpg","width":1240,"height":1748},{"@type":"BreadcrumbList","@id":"https:\/\/novellix.com\/de\/produkt\/ein-stueck-lebensgeschichte\/#breadcrumb","itemListElement":[{"@type":"ListItem","position":1,"name":"Shop","item":"https:\/\/novellix.com\/de\/shop\/"},{"@type":"ListItem","position":2,"name":"Ein St\u00fcck Lebensgeschichte"}]},{"@type":"WebSite","@id":"https:\/\/novellix.com\/de\/#website","url":"https:\/\/novellix.com\/de\/","name":"NOVELLIX","description":"","potentialAction":[{"@type":"SearchAction","target":{"@type":"EntryPoint","urlTemplate":"https:\/\/novellix.com\/de\/?s={search_term_string}"},"query-input":{"@type":"PropertyValueSpecification","valueRequired":true,"valueName":"search_term_string"}}],"inLanguage":"de"}]}},"_links":{"self":[{"href":"https:\/\/novellix.com\/de\/wp-json\/wp\/v2\/product\/1303213","targetHints":{"allow":["GET"]}}],"collection":[{"href":"https:\/\/novellix.com\/de\/wp-json\/wp\/v2\/product"}],"about":[{"href":"https:\/\/novellix.com\/de\/wp-json\/wp\/v2\/types\/product"}],"wp:featuredmedia":[{"embeddable":true,"href":"https:\/\/novellix.com\/de\/wp-json\/wp\/v2\/media\/1303214"}],"wp:attachment":[{"href":"https:\/\/novellix.com\/de\/wp-json\/wp\/v2\/media?parent=1303213"}],"wp:term":[{"taxonomy":"product_brand","embeddable":true,"href":"https:\/\/novellix.com\/de\/wp-json\/wp\/v2\/product_brand?post=1303213"},{"taxonomy":"product_cat","embeddable":true,"href":"https:\/\/novellix.com\/de\/wp-json\/wp\/v2\/product_cat?post=1303213"},{"taxonomy":"product_tag","embeddable":true,"href":"https:\/\/novellix.com\/de\/wp-json\/wp\/v2\/product_tag?post=1303213"}],"curies":[{"name":"wp","href":"https:\/\/api.w.org\/{rel}","templated":true}]}}