{"id":1303272,"date":"2025-05-21T11:30:37","date_gmt":"2025-05-21T11:30:37","guid":{"rendered":"https:\/\/novellix.com\/de\/?post_type=product&#038;p=1303272"},"modified":"2025-05-21T12:02:12","modified_gmt":"2025-05-21T12:02:12","slug":"thomas-mann","status":"publish","type":"product","link":"https:\/\/novellix.com\/de\/produkt\/thomas-mann\/","title":{"rendered":"Thomas Mann"},"content":{"rendered":"<div id=\"C06M6HQ5MMF-1747826256.897449-thread-list-Thread_1747827182.564249\" class=\"c-virtual_list__item\" tabindex=\"0\" role=\"listitem\" aria-setsize=\"-1\" data-qa=\"virtual-list-item\" data-item-key=\"1747827182.564249\">\n<div class=\"c-message_kit__background c-message_kit__message c-message_kit__thread_message\" role=\"presentation\" data-qa=\"message_container\" data-qa-unprocessed=\"false\" data-qa-placeholder=\"false\">\n<div class=\"c-message_kit__hover\" role=\"document\" aria-roledescription=\"message\" data-qa-hover=\"true\">\n<div class=\"c-message_kit__actions c-message_kit__actions--default\">\n<div class=\"c-message_kit__gutter\">\n<div class=\"c-message_kit__gutter__right\" role=\"presentation\" data-qa=\"message_content\">\n<div class=\"c-message_kit__blocks c-message_kit__blocks--rich_text\">\n<div class=\"c-message__message_blocks c-message__message_blocks--rich_text\" data-qa=\"message-text\">\n<div class=\"p-block_kit_renderer\" data-qa=\"block-kit-renderer\">\n<div class=\"p-block_kit_renderer__block_wrapper p-block_kit_renderer__block_wrapper--first\">\n<div class=\"p-rich_text_block\" dir=\"auto\">\n<div class=\"p-rich_text_section\"><strong>Thomas Mann<\/strong> (1875\u20131955) ist einer der gro\u00dfen deutschen Autoren des 20. Jahrhunderts. Ausgezeichnet mit dem Nobelpreis f\u00fcr Literatur (1929), geh\u00f6ren seine Romane, Erz\u00e4hlungen und Essays weltweit zum Literaturkanon. W\u00e4hrend der NS-Zeit geh\u00f6rte er zu den prominentesten Stimmen der deutschen Autoren im Exil. Seine letzten Jahre verbrachte er in der Schweiz.<br \/>\nDas Oberhaupt der auch durch ihre weiteren Mitglieder ber\u00fchmten Schriftstellerfamilie Mann bietet auch aus heutiger Sicht Grundlage f\u00fcr vielf\u00e4ltige Diskussionen und Analysen. Seinem 150. Geburtstag im Jahr 2025 feiert Novellix mit der Buchst\u00fctze seines unverkennbaren ikonischen Profils.<\/div>\n<\/div>\n<\/div>\n<\/div>\n<\/div>\n<\/div>\n<\/div>\n<\/div>\n<\/div>\n<\/div>\n<\/div>\n<\/div>\n<div id=\"C06M6HQ5MMF-1747826256.897449-thread-list-Thread_input\" class=\"c-virtual_list__item\" tabindex=\"-1\" role=\"listitem\" aria-setsize=\"-1\" data-qa=\"virtual-list-item\" data-item-key=\"input\">\n<div class=\"p-threads_footer__input_container p-threads_footer__input_container--sticky_composer\" data-qa=\"reply_container\">\n<div><\/div>\n<div class=\"p-threads_footer__input p-message_input_unstyled p-message_input_unstyled--attachments-visible\" role=\"group\" aria-label=\"composer\">\n<div class=\"p-message_input__input_container_unstyled c-wysiwyg_container c-wysiwyg_container--theme_light c-wysiwyg_container--with_footer c-wysiwyg_container--theme_light_bordered c-basic_container c-basic_container--size_medium\">\n<div class=\"c-basic_container__body\">\n<div class=\"c-wysiwyg_container__formatting\" role=\"toolbar\" aria-orientation=\"horizontal\" aria-label=\"Formatting\" data-qa=\"wysiwyg-container_formatting-enabled\">\n<div class=\"p-texty_sticky_formatting_bar\">\n<div>\n<div class=\"p-composer__body p-composer__body--visible p-composer__body--unstyled\"><\/div>\n<\/div>\n<\/div>\n<\/div>\n<\/div>\n<\/div>\n<\/div>\n<\/div>\n<\/div>\n","protected":false},"excerpt":{"rendered":"<p>Thomas Mann (1875\u20131955) ist einer der gro\u00dfen deutschen Autoren des 20. Jahrhunderts. Ausgezeichnet mit dem Nobelpreis f\u00fcr Literatur (1929), geh\u00f6ren seine Romane, Erz\u00e4hlungen und Essays weltweit zum Literaturkanon. W\u00e4hrend der NS-Zeit geh\u00f6rte er zu den prominentesten Stimmen der deutschen Autoren im Exil. Seine letzten Jahre verbrachte er in der Schweiz. Das Oberhaupt der auch durch [&#8230;]\n","protected":false},"featured_media":1303273,"template":"","meta":[],"product_brand":[],"product_cat":[98],"product_tag":[],"class_list":{"0":"post-1303272","1":"product","2":"type-product","3":"status-publish","4":"has-post-thumbnail","6":"product_cat-buchstutzen","8":"first","9":"instock","10":"shipping-taxable","11":"product-type-simple"},"yoast_head":"<!-- This site is optimized with the Yoast SEO plugin v27.3 - https:\/\/yoast.com\/product\/yoast-seo-wordpress\/ -->\n<title>Thomas Mann - NOVELLIX<\/title>\n<meta name=\"robots\" content=\"index, follow, max-snippet:-1, max-image-preview:large, max-video-preview:-1\" \/>\n<link rel=\"canonical\" href=\"https:\/\/novellix.com\/de\/produkt\/thomas-mann\/\" \/>\n<meta property=\"og:locale\" content=\"de_DE\" \/>\n<meta property=\"og:type\" content=\"article\" \/>\n<meta property=\"og:title\" content=\"Thomas Mann - NOVELLIX\" \/>\n<meta property=\"og:description\" content=\"Thomas Mann (1875\u20131955) ist einer der gro\u00dfen deutschen Autoren des 20. Jahrhunderts. Ausgezeichnet mit dem Nobelpreis f\u00fcr Literatur (1929), geh\u00f6ren seine Romane, Erz\u00e4hlungen und Essays weltweit zum Literaturkanon. W\u00e4hrend der NS-Zeit geh\u00f6rte er zu den prominentesten Stimmen der deutschen Autoren im Exil. Seine letzten Jahre verbrachte er in der Schweiz. Das Oberhaupt der auch durch [...]\" \/>\n<meta property=\"og:url\" content=\"https:\/\/novellix.com\/de\/produkt\/thomas-mann\/\" \/>\n<meta property=\"og:site_name\" content=\"NOVELLIX\" \/>\n<meta property=\"article:modified_time\" content=\"2025-05-21T12:02:12+00:00\" \/>\n<meta property=\"og:image\" content=\"https:\/\/novellix.com\/de\/wp-content\/uploads\/sites\/2\/2025\/05\/thomas-mann.png\" \/>\n\t<meta property=\"og:image:width\" content=\"730\" \/>\n\t<meta property=\"og:image:height\" content=\"1030\" \/>\n\t<meta property=\"og:image:type\" content=\"image\/png\" \/>\n<meta name=\"twitter:card\" content=\"summary_large_image\" \/>\n<script type=\"application\/ld+json\" class=\"yoast-schema-graph\">{\"@context\":\"https:\\\/\\\/schema.org\",\"@graph\":[{\"@type\":\"WebPage\",\"@id\":\"https:\\\/\\\/novellix.com\\\/de\\\/produkt\\\/thomas-mann\\\/\",\"url\":\"https:\\\/\\\/novellix.com\\\/de\\\/produkt\\\/thomas-mann\\\/\",\"name\":\"Thomas Mann - NOVELLIX\",\"isPartOf\":{\"@id\":\"https:\\\/\\\/novellix.com\\\/de\\\/#website\"},\"primaryImageOfPage\":{\"@id\":\"https:\\\/\\\/novellix.com\\\/de\\\/produkt\\\/thomas-mann\\\/#primaryimage\"},\"image\":{\"@id\":\"https:\\\/\\\/novellix.com\\\/de\\\/produkt\\\/thomas-mann\\\/#primaryimage\"},\"thumbnailUrl\":\"https:\\\/\\\/novellix.com\\\/de\\\/wp-content\\\/uploads\\\/sites\\\/2\\\/2025\\\/05\\\/thomas-mann.png\",\"datePublished\":\"2025-05-21T11:30:37+00:00\",\"dateModified\":\"2025-05-21T12:02:12+00:00\",\"breadcrumb\":{\"@id\":\"https:\\\/\\\/novellix.com\\\/de\\\/produkt\\\/thomas-mann\\\/#breadcrumb\"},\"inLanguage\":\"de\",\"potentialAction\":[{\"@type\":\"ReadAction\",\"target\":[\"https:\\\/\\\/novellix.com\\\/de\\\/produkt\\\/thomas-mann\\\/\"]}]},{\"@type\":\"ImageObject\",\"inLanguage\":\"de\",\"@id\":\"https:\\\/\\\/novellix.com\\\/de\\\/produkt\\\/thomas-mann\\\/#primaryimage\",\"url\":\"https:\\\/\\\/novellix.com\\\/de\\\/wp-content\\\/uploads\\\/sites\\\/2\\\/2025\\\/05\\\/thomas-mann.png\",\"contentUrl\":\"https:\\\/\\\/novellix.com\\\/de\\\/wp-content\\\/uploads\\\/sites\\\/2\\\/2025\\\/05\\\/thomas-mann.png\",\"width\":730,\"height\":1030,\"caption\":\"thomas-mann\"},{\"@type\":\"BreadcrumbList\",\"@id\":\"https:\\\/\\\/novellix.com\\\/de\\\/produkt\\\/thomas-mann\\\/#breadcrumb\",\"itemListElement\":[{\"@type\":\"ListItem\",\"position\":1,\"name\":\"Shop\",\"item\":\"https:\\\/\\\/novellix.com\\\/de\\\/shop\\\/\"},{\"@type\":\"ListItem\",\"position\":2,\"name\":\"Thomas Mann\"}]},{\"@type\":\"WebSite\",\"@id\":\"https:\\\/\\\/novellix.com\\\/de\\\/#website\",\"url\":\"https:\\\/\\\/novellix.com\\\/de\\\/\",\"name\":\"NOVELLIX\",\"description\":\"\",\"potentialAction\":[{\"@type\":\"SearchAction\",\"target\":{\"@type\":\"EntryPoint\",\"urlTemplate\":\"https:\\\/\\\/novellix.com\\\/de\\\/?s={search_term_string}\"},\"query-input\":{\"@type\":\"PropertyValueSpecification\",\"valueRequired\":true,\"valueName\":\"search_term_string\"}}],\"inLanguage\":\"de\"}]}<\/script>\n<!-- \/ Yoast SEO plugin. -->","yoast_head_json":{"title":"Thomas Mann - NOVELLIX","robots":{"index":"index","follow":"follow","max-snippet":"max-snippet:-1","max-image-preview":"max-image-preview:large","max-video-preview":"max-video-preview:-1"},"canonical":"https:\/\/novellix.com\/de\/produkt\/thomas-mann\/","og_locale":"de_DE","og_type":"article","og_title":"Thomas Mann - NOVELLIX","og_description":"Thomas Mann (1875\u20131955) ist einer der gro\u00dfen deutschen Autoren des 20. Jahrhunderts. Ausgezeichnet mit dem Nobelpreis f\u00fcr Literatur (1929), geh\u00f6ren seine Romane, Erz\u00e4hlungen und Essays weltweit zum Literaturkanon. W\u00e4hrend der NS-Zeit geh\u00f6rte er zu den prominentesten Stimmen der deutschen Autoren im Exil. Seine letzten Jahre verbrachte er in der Schweiz. Das Oberhaupt der auch durch [...]","og_url":"https:\/\/novellix.com\/de\/produkt\/thomas-mann\/","og_site_name":"NOVELLIX","article_modified_time":"2025-05-21T12:02:12+00:00","og_image":[{"width":730,"height":1030,"url":"https:\/\/novellix.com\/de\/wp-content\/uploads\/sites\/2\/2025\/05\/thomas-mann.png","type":"image\/png"}],"twitter_card":"summary_large_image","schema":{"@context":"https:\/\/schema.org","@graph":[{"@type":"WebPage","@id":"https:\/\/novellix.com\/de\/produkt\/thomas-mann\/","url":"https:\/\/novellix.com\/de\/produkt\/thomas-mann\/","name":"Thomas Mann - NOVELLIX","isPartOf":{"@id":"https:\/\/novellix.com\/de\/#website"},"primaryImageOfPage":{"@id":"https:\/\/novellix.com\/de\/produkt\/thomas-mann\/#primaryimage"},"image":{"@id":"https:\/\/novellix.com\/de\/produkt\/thomas-mann\/#primaryimage"},"thumbnailUrl":"https:\/\/novellix.com\/de\/wp-content\/uploads\/sites\/2\/2025\/05\/thomas-mann.png","datePublished":"2025-05-21T11:30:37+00:00","dateModified":"2025-05-21T12:02:12+00:00","breadcrumb":{"@id":"https:\/\/novellix.com\/de\/produkt\/thomas-mann\/#breadcrumb"},"inLanguage":"de","potentialAction":[{"@type":"ReadAction","target":["https:\/\/novellix.com\/de\/produkt\/thomas-mann\/"]}]},{"@type":"ImageObject","inLanguage":"de","@id":"https:\/\/novellix.com\/de\/produkt\/thomas-mann\/#primaryimage","url":"https:\/\/novellix.com\/de\/wp-content\/uploads\/sites\/2\/2025\/05\/thomas-mann.png","contentUrl":"https:\/\/novellix.com\/de\/wp-content\/uploads\/sites\/2\/2025\/05\/thomas-mann.png","width":730,"height":1030,"caption":"thomas-mann"},{"@type":"BreadcrumbList","@id":"https:\/\/novellix.com\/de\/produkt\/thomas-mann\/#breadcrumb","itemListElement":[{"@type":"ListItem","position":1,"name":"Shop","item":"https:\/\/novellix.com\/de\/shop\/"},{"@type":"ListItem","position":2,"name":"Thomas Mann"}]},{"@type":"WebSite","@id":"https:\/\/novellix.com\/de\/#website","url":"https:\/\/novellix.com\/de\/","name":"NOVELLIX","description":"","potentialAction":[{"@type":"SearchAction","target":{"@type":"EntryPoint","urlTemplate":"https:\/\/novellix.com\/de\/?s={search_term_string}"},"query-input":{"@type":"PropertyValueSpecification","valueRequired":true,"valueName":"search_term_string"}}],"inLanguage":"de"}]}},"_links":{"self":[{"href":"https:\/\/novellix.com\/de\/wp-json\/wp\/v2\/product\/1303272","targetHints":{"allow":["GET"]}}],"collection":[{"href":"https:\/\/novellix.com\/de\/wp-json\/wp\/v2\/product"}],"about":[{"href":"https:\/\/novellix.com\/de\/wp-json\/wp\/v2\/types\/product"}],"wp:featuredmedia":[{"embeddable":true,"href":"https:\/\/novellix.com\/de\/wp-json\/wp\/v2\/media\/1303273"}],"wp:attachment":[{"href":"https:\/\/novellix.com\/de\/wp-json\/wp\/v2\/media?parent=1303272"}],"wp:term":[{"taxonomy":"product_brand","embeddable":true,"href":"https:\/\/novellix.com\/de\/wp-json\/wp\/v2\/product_brand?post=1303272"},{"taxonomy":"product_cat","embeddable":true,"href":"https:\/\/novellix.com\/de\/wp-json\/wp\/v2\/product_cat?post=1303272"},{"taxonomy":"product_tag","embeddable":true,"href":"https:\/\/novellix.com\/de\/wp-json\/wp\/v2\/product_tag?post=1303272"}],"curies":[{"name":"wp","href":"https:\/\/api.w.org\/{rel}","templated":true}]}}