{"id":1303283,"date":"2025-07-14T09:05:45","date_gmt":"2025-07-14T09:05:45","guid":{"rendered":"https:\/\/novellix.com\/de\/?post_type=product&#038;p=1303283"},"modified":"2025-08-28T11:35:11","modified_gmt":"2025-08-28T11:35:11","slug":"land","status":"publish","type":"product","link":"https:\/\/novellix.com\/de\/produkt\/land\/","title":{"rendered":"Land"},"content":{"rendered":"<p data-start=\"88\" data-end=\"398\"><strong data-start=\"88\" data-end=\"120\">Frische Luft und Vorurteile!<\/strong> Der vermeintliche Gegenentwurf zum Leben in der Stadt ist das Leben auf dem Land \u2013 k\u00f6nnte man meinen. Dabei ist weder die beste Dorfgemeinschaft noch die sch\u00f6nste Landschaft automatisch ein Rezept gegen Entfremdung und Einsamkeit. Genauso wenig wie die Flucht in die Gro\u00dfstadt.<\/p>\n<p data-start=\"400\" data-end=\"643\">Alena Schr\u00f6der, Mareice Kaiser, Din\u00e7er G\u00fc\u00e7yeter und Markus Thielemann erz\u00e4hlen von Sinnsuche, Selbstbestimmung, Heimat und Sehnsucht und zeigen dabei vor allem eins: Die gro\u00dfen und kleinen Sorgen, W\u00fcnsche und Wunder des Lebens gibt es \u00fcberall.<\/p>\n<p data-start=\"645\" data-end=\"683\"><strong data-start=\"645\" data-end=\"653\">LAND<\/strong> enth\u00e4lt folgende Erz\u00e4hlungen:<br \/>\n<a href=\"https:\/\/novellix.com\/de\/produkt\/elli-wird-kompliziert\/\">Alena Schr\u00f6der: Elli wird kompliziert<\/a><br \/>\n<a href=\"https:\/\/novellix.com\/de\/produkt\/so-sehr-vom-land\/\">Mareice Kaiser: So sehr vom Land<\/a><br \/>\n<a href=\"https:\/\/novellix.com\/de\/produkt\/puzzle-in-vier-lebenszeiten\/\">Din\u00e7er G\u00fc\u00e7yeter: Puzzle in vier Lebenszeiten<\/a><br \/>\n<a href=\"https:\/\/novellix.com\/de\/produkt\/markus-thielemann\/\">Markus Thielemann: Komm, gro\u00dfer schwarzer Vogel<\/a><\/p>\n","protected":false},"excerpt":{"rendered":"<p>Frische Luft und Vorurteile! Der vermeintliche Gegenentwurf zum Leben in der Stadt ist das Leben auf dem Land \u2013 k\u00f6nnte man meinen. Dabei ist weder die beste Dorfgemeinschaft noch die sch\u00f6nste Landschaft automatisch ein Rezept gegen Entfremdung und Einsamkeit. Genauso wenig wie die Flucht in die Gro\u00dfstadt. Alena Schr\u00f6der, Mareice Kaiser, Din\u00e7er G\u00fc\u00e7yeter und Markus [&#8230;]\n","protected":false},"featured_media":1303284,"template":"","meta":[],"product_brand":[],"product_cat":[73],"product_tag":[],"class_list":{"0":"post-1303283","1":"product","2":"type-product","3":"status-publish","4":"has-post-thumbnail","6":"product_cat-buchboxen","8":"first","9":"instock","10":"shipping-taxable","11":"product-type-simple"},"yoast_head":"<!-- This site is optimized with the Yoast SEO plugin v27.3 - https:\/\/yoast.com\/product\/yoast-seo-wordpress\/ -->\n<title>Land - NOVELLIX<\/title>\n<meta name=\"robots\" content=\"index, follow, max-snippet:-1, max-image-preview:large, max-video-preview:-1\" \/>\n<link rel=\"canonical\" href=\"https:\/\/novellix.com\/de\/produkt\/land\/\" \/>\n<meta property=\"og:locale\" content=\"de_DE\" \/>\n<meta property=\"og:type\" content=\"article\" \/>\n<meta property=\"og:title\" content=\"Land - NOVELLIX\" \/>\n<meta property=\"og:description\" content=\"Frische Luft und Vorurteile! Der vermeintliche Gegenentwurf zum Leben in der Stadt ist das Leben auf dem Land \u2013 k\u00f6nnte man meinen. Dabei ist weder die beste Dorfgemeinschaft noch die sch\u00f6nste Landschaft automatisch ein Rezept gegen Entfremdung und Einsamkeit. Genauso wenig wie die Flucht in die Gro\u00dfstadt. Alena Schr\u00f6der, Mareice Kaiser, Din\u00e7er G\u00fc\u00e7yeter und Markus [...]\" \/>\n<meta property=\"og:url\" content=\"https:\/\/novellix.com\/de\/produkt\/land\/\" \/>\n<meta property=\"og:site_name\" content=\"NOVELLIX\" \/>\n<meta property=\"article:modified_time\" content=\"2025-08-28T11:35:11+00:00\" \/>\n<meta property=\"og:image\" content=\"https:\/\/novellix.com\/de\/wp-content\/uploads\/sites\/2\/2025\/07\/Land_ask_liggande.jpg\" \/>\n\t<meta property=\"og:image:width\" content=\"1065\" \/>\n\t<meta property=\"og:image:height\" content=\"1500\" \/>\n\t<meta property=\"og:image:type\" content=\"image\/jpeg\" \/>\n<meta name=\"twitter:card\" content=\"summary_large_image\" \/>\n<meta name=\"twitter:label1\" content=\"Gesch\u00e4tzte Lesezeit\" \/>\n\t<meta name=\"twitter:data1\" content=\"1\u00a0Minute\" \/>\n<script type=\"application\/ld+json\" class=\"yoast-schema-graph\">{\"@context\":\"https:\\\/\\\/schema.org\",\"@graph\":[{\"@type\":\"WebPage\",\"@id\":\"https:\\\/\\\/novellix.com\\\/de\\\/produkt\\\/land\\\/\",\"url\":\"https:\\\/\\\/novellix.com\\\/de\\\/produkt\\\/land\\\/\",\"name\":\"Land - NOVELLIX\",\"isPartOf\":{\"@id\":\"https:\\\/\\\/novellix.com\\\/de\\\/#website\"},\"primaryImageOfPage\":{\"@id\":\"https:\\\/\\\/novellix.com\\\/de\\\/produkt\\\/land\\\/#primaryimage\"},\"image\":{\"@id\":\"https:\\\/\\\/novellix.com\\\/de\\\/produkt\\\/land\\\/#primaryimage\"},\"thumbnailUrl\":\"https:\\\/\\\/novellix.com\\\/de\\\/wp-content\\\/uploads\\\/sites\\\/2\\\/2025\\\/07\\\/Land_ask_liggande.jpg\",\"datePublished\":\"2025-07-14T09:05:45+00:00\",\"dateModified\":\"2025-08-28T11:35:11+00:00\",\"breadcrumb\":{\"@id\":\"https:\\\/\\\/novellix.com\\\/de\\\/produkt\\\/land\\\/#breadcrumb\"},\"inLanguage\":\"de\",\"potentialAction\":[{\"@type\":\"ReadAction\",\"target\":[\"https:\\\/\\\/novellix.com\\\/de\\\/produkt\\\/land\\\/\"]}]},{\"@type\":\"ImageObject\",\"inLanguage\":\"de\",\"@id\":\"https:\\\/\\\/novellix.com\\\/de\\\/produkt\\\/land\\\/#primaryimage\",\"url\":\"https:\\\/\\\/novellix.com\\\/de\\\/wp-content\\\/uploads\\\/sites\\\/2\\\/2025\\\/07\\\/Land_ask_liggande.jpg\",\"contentUrl\":\"https:\\\/\\\/novellix.com\\\/de\\\/wp-content\\\/uploads\\\/sites\\\/2\\\/2025\\\/07\\\/Land_ask_liggande.jpg\",\"width\":1065,\"height\":1500},{\"@type\":\"BreadcrumbList\",\"@id\":\"https:\\\/\\\/novellix.com\\\/de\\\/produkt\\\/land\\\/#breadcrumb\",\"itemListElement\":[{\"@type\":\"ListItem\",\"position\":1,\"name\":\"Shop\",\"item\":\"https:\\\/\\\/novellix.com\\\/de\\\/shop\\\/\"},{\"@type\":\"ListItem\",\"position\":2,\"name\":\"Land\"}]},{\"@type\":\"WebSite\",\"@id\":\"https:\\\/\\\/novellix.com\\\/de\\\/#website\",\"url\":\"https:\\\/\\\/novellix.com\\\/de\\\/\",\"name\":\"NOVELLIX\",\"description\":\"\",\"potentialAction\":[{\"@type\":\"SearchAction\",\"target\":{\"@type\":\"EntryPoint\",\"urlTemplate\":\"https:\\\/\\\/novellix.com\\\/de\\\/?s={search_term_string}\"},\"query-input\":{\"@type\":\"PropertyValueSpecification\",\"valueRequired\":true,\"valueName\":\"search_term_string\"}}],\"inLanguage\":\"de\"}]}<\/script>\n<!-- \/ Yoast SEO plugin. -->","yoast_head_json":{"title":"Land - NOVELLIX","robots":{"index":"index","follow":"follow","max-snippet":"max-snippet:-1","max-image-preview":"max-image-preview:large","max-video-preview":"max-video-preview:-1"},"canonical":"https:\/\/novellix.com\/de\/produkt\/land\/","og_locale":"de_DE","og_type":"article","og_title":"Land - NOVELLIX","og_description":"Frische Luft und Vorurteile! Der vermeintliche Gegenentwurf zum Leben in der Stadt ist das Leben auf dem Land \u2013 k\u00f6nnte man meinen. Dabei ist weder die beste Dorfgemeinschaft noch die sch\u00f6nste Landschaft automatisch ein Rezept gegen Entfremdung und Einsamkeit. Genauso wenig wie die Flucht in die Gro\u00dfstadt. Alena Schr\u00f6der, Mareice Kaiser, Din\u00e7er G\u00fc\u00e7yeter und Markus [...]","og_url":"https:\/\/novellix.com\/de\/produkt\/land\/","og_site_name":"NOVELLIX","article_modified_time":"2025-08-28T11:35:11+00:00","og_image":[{"width":1065,"height":1500,"url":"https:\/\/novellix.com\/de\/wp-content\/uploads\/sites\/2\/2025\/07\/Land_ask_liggande.jpg","type":"image\/jpeg"}],"twitter_card":"summary_large_image","twitter_misc":{"Gesch\u00e4tzte Lesezeit":"1\u00a0Minute"},"schema":{"@context":"https:\/\/schema.org","@graph":[{"@type":"WebPage","@id":"https:\/\/novellix.com\/de\/produkt\/land\/","url":"https:\/\/novellix.com\/de\/produkt\/land\/","name":"Land - NOVELLIX","isPartOf":{"@id":"https:\/\/novellix.com\/de\/#website"},"primaryImageOfPage":{"@id":"https:\/\/novellix.com\/de\/produkt\/land\/#primaryimage"},"image":{"@id":"https:\/\/novellix.com\/de\/produkt\/land\/#primaryimage"},"thumbnailUrl":"https:\/\/novellix.com\/de\/wp-content\/uploads\/sites\/2\/2025\/07\/Land_ask_liggande.jpg","datePublished":"2025-07-14T09:05:45+00:00","dateModified":"2025-08-28T11:35:11+00:00","breadcrumb":{"@id":"https:\/\/novellix.com\/de\/produkt\/land\/#breadcrumb"},"inLanguage":"de","potentialAction":[{"@type":"ReadAction","target":["https:\/\/novellix.com\/de\/produkt\/land\/"]}]},{"@type":"ImageObject","inLanguage":"de","@id":"https:\/\/novellix.com\/de\/produkt\/land\/#primaryimage","url":"https:\/\/novellix.com\/de\/wp-content\/uploads\/sites\/2\/2025\/07\/Land_ask_liggande.jpg","contentUrl":"https:\/\/novellix.com\/de\/wp-content\/uploads\/sites\/2\/2025\/07\/Land_ask_liggande.jpg","width":1065,"height":1500},{"@type":"BreadcrumbList","@id":"https:\/\/novellix.com\/de\/produkt\/land\/#breadcrumb","itemListElement":[{"@type":"ListItem","position":1,"name":"Shop","item":"https:\/\/novellix.com\/de\/shop\/"},{"@type":"ListItem","position":2,"name":"Land"}]},{"@type":"WebSite","@id":"https:\/\/novellix.com\/de\/#website","url":"https:\/\/novellix.com\/de\/","name":"NOVELLIX","description":"","potentialAction":[{"@type":"SearchAction","target":{"@type":"EntryPoint","urlTemplate":"https:\/\/novellix.com\/de\/?s={search_term_string}"},"query-input":{"@type":"PropertyValueSpecification","valueRequired":true,"valueName":"search_term_string"}}],"inLanguage":"de"}]}},"_links":{"self":[{"href":"https:\/\/novellix.com\/de\/wp-json\/wp\/v2\/product\/1303283","targetHints":{"allow":["GET"]}}],"collection":[{"href":"https:\/\/novellix.com\/de\/wp-json\/wp\/v2\/product"}],"about":[{"href":"https:\/\/novellix.com\/de\/wp-json\/wp\/v2\/types\/product"}],"wp:featuredmedia":[{"embeddable":true,"href":"https:\/\/novellix.com\/de\/wp-json\/wp\/v2\/media\/1303284"}],"wp:attachment":[{"href":"https:\/\/novellix.com\/de\/wp-json\/wp\/v2\/media?parent=1303283"}],"wp:term":[{"taxonomy":"product_brand","embeddable":true,"href":"https:\/\/novellix.com\/de\/wp-json\/wp\/v2\/product_brand?post=1303283"},{"taxonomy":"product_cat","embeddable":true,"href":"https:\/\/novellix.com\/de\/wp-json\/wp\/v2\/product_cat?post=1303283"},{"taxonomy":"product_tag","embeddable":true,"href":"https:\/\/novellix.com\/de\/wp-json\/wp\/v2\/product_tag?post=1303283"}],"curies":[{"name":"wp","href":"https:\/\/api.w.org\/{rel}","templated":true}]}}