{"id":1303288,"date":"2025-07-14T10:55:41","date_gmt":"2025-07-14T10:55:41","guid":{"rendered":"https:\/\/novellix.com\/de\/?post_type=product&#038;p=1303288"},"modified":"2025-07-14T10:58:44","modified_gmt":"2025-07-14T10:58:44","slug":"katzen","status":"publish","type":"product","link":"https:\/\/novellix.com\/de\/produkt\/katzen\/","title":{"rendered":"Katzen"},"content":{"rendered":"<p data-start=\"93\" data-end=\"515\"><strong data-start=\"93\" data-end=\"224\">Der Hund mag der beste Freund des Menschen sein \u2013 die Katze ist zweifellos der beste Freund des Schriftstellers. Und der Leser!<\/strong> Stolz, eigenst\u00e4ndig und oft etwas r\u00e4tselhaft zieht sie durch zahlreiche Erz\u00e4hlungen der Weltliteratur, l\u00e4sst uns das Leben durch ihre Augen sehen und stellt ganz nebenbei alles infrage. Bisweilen streichen sie aber auch schnurrend um unsere Beine und spenden W\u00e4rme, Trost und Kameradschaft.<\/p>\n<p data-start=\"517\" data-end=\"770\">Von vier Katzen und ihren Auswirkungen auf das Leben sehr unterschiedlicher Menschen schreiben Doris Lessing, Patricia Highsmith, Tove Ditlevsen und Sarah Raich \u2013 mit viel Humor, Ernst und gro\u00dfer Liebe zu diesen unbestechlichen Freunden auf vier Pfoten.<\/p>\n<p data-start=\"772\" data-end=\"812\"><strong data-start=\"772\" data-end=\"782\">KATZEN<\/strong> enth\u00e4lt folgende Erz\u00e4hlungen:<br \/>\nPatricia Highsmith: Mings fetteste Beute<br \/>\nSarah Raich: Dorothy Parker<br \/>\nTove Ditlevsen: Die Katze<br \/>\nDoris Lessing: El Magnifico am Ende seiner Tage<\/p>\n","protected":false},"excerpt":{"rendered":"<p>Der Hund mag der beste Freund des Menschen sein \u2013 die Katze ist zweifellos der beste Freund des Schriftstellers. Und der Leser! Stolz, eigenst\u00e4ndig und oft etwas r\u00e4tselhaft zieht sie durch zahlreiche Erz\u00e4hlungen der Weltliteratur, l\u00e4sst uns das Leben durch ihre Augen sehen und stellt ganz nebenbei alles infrage. Bisweilen streichen sie aber auch schnurrend [&#8230;]\n","protected":false},"featured_media":1303289,"template":"","meta":[],"product_brand":[],"product_cat":[73],"product_tag":[],"class_list":{"0":"post-1303288","1":"product","2":"type-product","3":"status-publish","4":"has-post-thumbnail","6":"product_cat-buchboxen","8":"first","9":"instock","10":"shipping-taxable","11":"product-type-simple"},"yoast_head":"<!-- This site is optimized with the Yoast SEO plugin v27.3 - https:\/\/yoast.com\/product\/yoast-seo-wordpress\/ -->\n<title>Katzen - NOVELLIX<\/title>\n<meta name=\"robots\" content=\"index, follow, max-snippet:-1, max-image-preview:large, max-video-preview:-1\" \/>\n<link rel=\"canonical\" href=\"https:\/\/novellix.com\/de\/produkt\/katzen\/\" \/>\n<meta property=\"og:locale\" content=\"de_DE\" \/>\n<meta property=\"og:type\" content=\"article\" \/>\n<meta property=\"og:title\" content=\"Katzen - NOVELLIX\" \/>\n<meta property=\"og:description\" content=\"Der Hund mag der beste Freund des Menschen sein \u2013 die Katze ist zweifellos der beste Freund des Schriftstellers. Und der Leser! Stolz, eigenst\u00e4ndig und oft etwas r\u00e4tselhaft zieht sie durch zahlreiche Erz\u00e4hlungen der Weltliteratur, l\u00e4sst uns das Leben durch ihre Augen sehen und stellt ganz nebenbei alles infrage. Bisweilen streichen sie aber auch schnurrend [...]\" \/>\n<meta property=\"og:url\" content=\"https:\/\/novellix.com\/de\/produkt\/katzen\/\" \/>\n<meta property=\"og:site_name\" content=\"NOVELLIX\" \/>\n<meta property=\"article:modified_time\" content=\"2025-07-14T10:58:44+00:00\" \/>\n<meta property=\"og:image\" content=\"https:\/\/novellix.com\/de\/wp-content\/uploads\/sites\/2\/2025\/07\/Katzen_ask_liggande-1.jpg\" \/>\n\t<meta property=\"og:image:width\" content=\"1065\" \/>\n\t<meta property=\"og:image:height\" content=\"1500\" \/>\n\t<meta property=\"og:image:type\" content=\"image\/jpeg\" \/>\n<meta name=\"twitter:card\" content=\"summary_large_image\" \/>\n<meta name=\"twitter:label1\" content=\"Gesch\u00e4tzte Lesezeit\" \/>\n\t<meta name=\"twitter:data1\" content=\"1\u00a0Minute\" \/>\n<script type=\"application\/ld+json\" class=\"yoast-schema-graph\">{\"@context\":\"https:\\\/\\\/schema.org\",\"@graph\":[{\"@type\":\"WebPage\",\"@id\":\"https:\\\/\\\/novellix.com\\\/de\\\/produkt\\\/katzen\\\/\",\"url\":\"https:\\\/\\\/novellix.com\\\/de\\\/produkt\\\/katzen\\\/\",\"name\":\"Katzen - NOVELLIX\",\"isPartOf\":{\"@id\":\"https:\\\/\\\/novellix.com\\\/de\\\/#website\"},\"primaryImageOfPage\":{\"@id\":\"https:\\\/\\\/novellix.com\\\/de\\\/produkt\\\/katzen\\\/#primaryimage\"},\"image\":{\"@id\":\"https:\\\/\\\/novellix.com\\\/de\\\/produkt\\\/katzen\\\/#primaryimage\"},\"thumbnailUrl\":\"https:\\\/\\\/novellix.com\\\/de\\\/wp-content\\\/uploads\\\/sites\\\/2\\\/2025\\\/07\\\/Katzen_ask_liggande-1.jpg\",\"datePublished\":\"2025-07-14T10:55:41+00:00\",\"dateModified\":\"2025-07-14T10:58:44+00:00\",\"breadcrumb\":{\"@id\":\"https:\\\/\\\/novellix.com\\\/de\\\/produkt\\\/katzen\\\/#breadcrumb\"},\"inLanguage\":\"de\",\"potentialAction\":[{\"@type\":\"ReadAction\",\"target\":[\"https:\\\/\\\/novellix.com\\\/de\\\/produkt\\\/katzen\\\/\"]}]},{\"@type\":\"ImageObject\",\"inLanguage\":\"de\",\"@id\":\"https:\\\/\\\/novellix.com\\\/de\\\/produkt\\\/katzen\\\/#primaryimage\",\"url\":\"https:\\\/\\\/novellix.com\\\/de\\\/wp-content\\\/uploads\\\/sites\\\/2\\\/2025\\\/07\\\/Katzen_ask_liggande-1.jpg\",\"contentUrl\":\"https:\\\/\\\/novellix.com\\\/de\\\/wp-content\\\/uploads\\\/sites\\\/2\\\/2025\\\/07\\\/Katzen_ask_liggande-1.jpg\",\"width\":1065,\"height\":1500},{\"@type\":\"BreadcrumbList\",\"@id\":\"https:\\\/\\\/novellix.com\\\/de\\\/produkt\\\/katzen\\\/#breadcrumb\",\"itemListElement\":[{\"@type\":\"ListItem\",\"position\":1,\"name\":\"Shop\",\"item\":\"https:\\\/\\\/novellix.com\\\/de\\\/shop\\\/\"},{\"@type\":\"ListItem\",\"position\":2,\"name\":\"Katzen\"}]},{\"@type\":\"WebSite\",\"@id\":\"https:\\\/\\\/novellix.com\\\/de\\\/#website\",\"url\":\"https:\\\/\\\/novellix.com\\\/de\\\/\",\"name\":\"NOVELLIX\",\"description\":\"\",\"potentialAction\":[{\"@type\":\"SearchAction\",\"target\":{\"@type\":\"EntryPoint\",\"urlTemplate\":\"https:\\\/\\\/novellix.com\\\/de\\\/?s={search_term_string}\"},\"query-input\":{\"@type\":\"PropertyValueSpecification\",\"valueRequired\":true,\"valueName\":\"search_term_string\"}}],\"inLanguage\":\"de\"}]}<\/script>\n<!-- \/ Yoast SEO plugin. -->","yoast_head_json":{"title":"Katzen - NOVELLIX","robots":{"index":"index","follow":"follow","max-snippet":"max-snippet:-1","max-image-preview":"max-image-preview:large","max-video-preview":"max-video-preview:-1"},"canonical":"https:\/\/novellix.com\/de\/produkt\/katzen\/","og_locale":"de_DE","og_type":"article","og_title":"Katzen - NOVELLIX","og_description":"Der Hund mag der beste Freund des Menschen sein \u2013 die Katze ist zweifellos der beste Freund des Schriftstellers. Und der Leser! Stolz, eigenst\u00e4ndig und oft etwas r\u00e4tselhaft zieht sie durch zahlreiche Erz\u00e4hlungen der Weltliteratur, l\u00e4sst uns das Leben durch ihre Augen sehen und stellt ganz nebenbei alles infrage. Bisweilen streichen sie aber auch schnurrend [...]","og_url":"https:\/\/novellix.com\/de\/produkt\/katzen\/","og_site_name":"NOVELLIX","article_modified_time":"2025-07-14T10:58:44+00:00","og_image":[{"width":1065,"height":1500,"url":"https:\/\/novellix.com\/de\/wp-content\/uploads\/sites\/2\/2025\/07\/Katzen_ask_liggande-1.jpg","type":"image\/jpeg"}],"twitter_card":"summary_large_image","twitter_misc":{"Gesch\u00e4tzte Lesezeit":"1\u00a0Minute"},"schema":{"@context":"https:\/\/schema.org","@graph":[{"@type":"WebPage","@id":"https:\/\/novellix.com\/de\/produkt\/katzen\/","url":"https:\/\/novellix.com\/de\/produkt\/katzen\/","name":"Katzen - NOVELLIX","isPartOf":{"@id":"https:\/\/novellix.com\/de\/#website"},"primaryImageOfPage":{"@id":"https:\/\/novellix.com\/de\/produkt\/katzen\/#primaryimage"},"image":{"@id":"https:\/\/novellix.com\/de\/produkt\/katzen\/#primaryimage"},"thumbnailUrl":"https:\/\/novellix.com\/de\/wp-content\/uploads\/sites\/2\/2025\/07\/Katzen_ask_liggande-1.jpg","datePublished":"2025-07-14T10:55:41+00:00","dateModified":"2025-07-14T10:58:44+00:00","breadcrumb":{"@id":"https:\/\/novellix.com\/de\/produkt\/katzen\/#breadcrumb"},"inLanguage":"de","potentialAction":[{"@type":"ReadAction","target":["https:\/\/novellix.com\/de\/produkt\/katzen\/"]}]},{"@type":"ImageObject","inLanguage":"de","@id":"https:\/\/novellix.com\/de\/produkt\/katzen\/#primaryimage","url":"https:\/\/novellix.com\/de\/wp-content\/uploads\/sites\/2\/2025\/07\/Katzen_ask_liggande-1.jpg","contentUrl":"https:\/\/novellix.com\/de\/wp-content\/uploads\/sites\/2\/2025\/07\/Katzen_ask_liggande-1.jpg","width":1065,"height":1500},{"@type":"BreadcrumbList","@id":"https:\/\/novellix.com\/de\/produkt\/katzen\/#breadcrumb","itemListElement":[{"@type":"ListItem","position":1,"name":"Shop","item":"https:\/\/novellix.com\/de\/shop\/"},{"@type":"ListItem","position":2,"name":"Katzen"}]},{"@type":"WebSite","@id":"https:\/\/novellix.com\/de\/#website","url":"https:\/\/novellix.com\/de\/","name":"NOVELLIX","description":"","potentialAction":[{"@type":"SearchAction","target":{"@type":"EntryPoint","urlTemplate":"https:\/\/novellix.com\/de\/?s={search_term_string}"},"query-input":{"@type":"PropertyValueSpecification","valueRequired":true,"valueName":"search_term_string"}}],"inLanguage":"de"}]}},"_links":{"self":[{"href":"https:\/\/novellix.com\/de\/wp-json\/wp\/v2\/product\/1303288","targetHints":{"allow":["GET"]}}],"collection":[{"href":"https:\/\/novellix.com\/de\/wp-json\/wp\/v2\/product"}],"about":[{"href":"https:\/\/novellix.com\/de\/wp-json\/wp\/v2\/types\/product"}],"wp:featuredmedia":[{"embeddable":true,"href":"https:\/\/novellix.com\/de\/wp-json\/wp\/v2\/media\/1303289"}],"wp:attachment":[{"href":"https:\/\/novellix.com\/de\/wp-json\/wp\/v2\/media?parent=1303288"}],"wp:term":[{"taxonomy":"product_brand","embeddable":true,"href":"https:\/\/novellix.com\/de\/wp-json\/wp\/v2\/product_brand?post=1303288"},{"taxonomy":"product_cat","embeddable":true,"href":"https:\/\/novellix.com\/de\/wp-json\/wp\/v2\/product_cat?post=1303288"},{"taxonomy":"product_tag","embeddable":true,"href":"https:\/\/novellix.com\/de\/wp-json\/wp\/v2\/product_tag?post=1303288"}],"curies":[{"name":"wp","href":"https:\/\/api.w.org\/{rel}","templated":true}]}}