{"id":1303313,"date":"2025-08-28T10:15:12","date_gmt":"2025-08-28T10:15:12","guid":{"rendered":"https:\/\/novellix.com\/de\/?post_type=product&#038;p=1303313"},"modified":"2025-08-28T11:34:13","modified_gmt":"2025-08-28T11:34:13","slug":"markus-thielemann","status":"publish","type":"product","link":"https:\/\/novellix.com\/de\/produkt\/markus-thielemann\/","title":{"rendered":"Komm, gro\u00dfer schwarzer Vogel"},"content":{"rendered":"<p><em>Und dann sieht er tats\u00e4chlich etwas. Er atmet laut ein, vergisst sich fast. Eine physische Reaktion, es schickt einen Ruck durch seinen K\u00f6rper. Ein Vogel, regungslos und gro\u00df wie ein Reiher, gr\u00f6\u00dfer sogar und sein Gefieder ist so pechschwarz, dass er ihn dort im Schatten beim ersten Mal \u00fcbersehen haben musste.<\/em><\/p>\n<p>Carsten Schulte lebt ein gepflegtes Leben auf dem Land: Die Kinder sind aus dem Haus, die Ehe ist stabil und er k\u00f6nnte nun den wohlverdienten Vorruhestand genie\u00dfen. Blo\u00df sinnerf\u00fcllt, inspiriert oder gl\u00fccklich f\u00fchlt er sich dabei nicht. Bis er im eigenen Garten den seltenen Schwarzstorch erblickt. Carsten Schulte ergreift eine Obsession, die weit gr\u00f6\u00dfere Fragen aufwirft, als es die ungl\u00e4ubige Konkurrenz der Birdwatching-Foren tut, und die ihn auf weit gr\u00f6\u00dfere Ausfl\u00fcge als bisher unbekannte Waldst\u00fccke und Sperrgebiete f\u00fchrt.<\/p>\n<p><strong>Markus Thielemann<\/strong> erz\u00e4hlt von Land und Leuten mit einer gro\u00dfartigen Mischung aus schonungsloser Beobachtung, ehrlicher Zuneigung und einer Prise existentieller Mystik.<\/p>\n","protected":false},"excerpt":{"rendered":"<p>Und dann sieht er tats\u00e4chlich etwas. Er atmet laut ein, vergisst sich fast. Eine physische Reaktion, es schickt einen Ruck durch seinen K\u00f6rper. Ein Vogel, regungslos und gro\u00df wie ein Reiher, gr\u00f6\u00dfer sogar und sein Gefieder ist so pechschwarz, dass er ihn dort im Schatten beim ersten Mal \u00fcbersehen haben musste. Carsten Schulte lebt ein [&#8230;]\n","protected":false},"featured_media":1303314,"template":"","meta":[],"product_brand":[],"product_cat":[79],"product_tag":[],"class_list":{"0":"post-1303313","1":"product","2":"type-product","3":"status-publish","4":"has-post-thumbnail","6":"product_cat-noveller","8":"first","9":"instock","10":"shipping-taxable","11":"product-type-simple"},"yoast_head":"<!-- This site is optimized with the Yoast SEO plugin v27.3 - https:\/\/yoast.com\/product\/yoast-seo-wordpress\/ -->\n<title>Komm, gro\u00dfer schwarzer Vogel - NOVELLIX<\/title>\n<meta name=\"robots\" content=\"index, follow, max-snippet:-1, max-image-preview:large, max-video-preview:-1\" \/>\n<link rel=\"canonical\" href=\"https:\/\/novellix.com\/de\/produkt\/markus-thielemann\/\" \/>\n<meta property=\"og:locale\" content=\"de_DE\" \/>\n<meta property=\"og:type\" content=\"article\" \/>\n<meta property=\"og:title\" content=\"Komm, gro\u00dfer schwarzer Vogel - NOVELLIX\" \/>\n<meta property=\"og:description\" content=\"Und dann sieht er tats\u00e4chlich etwas. Er atmet laut ein, vergisst sich fast. Eine physische Reaktion, es schickt einen Ruck durch seinen K\u00f6rper. Ein Vogel, regungslos und gro\u00df wie ein Reiher, gr\u00f6\u00dfer sogar und sein Gefieder ist so pechschwarz, dass er ihn dort im Schatten beim ersten Mal \u00fcbersehen haben musste. Carsten Schulte lebt ein [...]\" \/>\n<meta property=\"og:url\" content=\"https:\/\/novellix.com\/de\/produkt\/markus-thielemann\/\" \/>\n<meta property=\"og:site_name\" content=\"NOVELLIX\" \/>\n<meta property=\"article:modified_time\" content=\"2025-08-28T11:34:13+00:00\" \/>\n<meta property=\"og:image\" content=\"https:\/\/novellix.com\/de\/wp-content\/uploads\/sites\/2\/2025\/08\/MarkusThielemann_KommGrosserSchwarzerVogel_rgb-562x800.jpg\" \/>\n\t<meta property=\"og:image:width\" content=\"562\" \/>\n\t<meta property=\"og:image:height\" content=\"800\" \/>\n\t<meta property=\"og:image:type\" content=\"image\/jpeg\" \/>\n<meta name=\"twitter:card\" content=\"summary_large_image\" \/>\n<meta name=\"twitter:label1\" content=\"Gesch\u00e4tzte Lesezeit\" \/>\n\t<meta name=\"twitter:data1\" content=\"1\u00a0Minute\" \/>\n<script type=\"application\/ld+json\" class=\"yoast-schema-graph\">{\"@context\":\"https:\\\/\\\/schema.org\",\"@graph\":[{\"@type\":\"WebPage\",\"@id\":\"https:\\\/\\\/novellix.com\\\/de\\\/produkt\\\/markus-thielemann\\\/\",\"url\":\"https:\\\/\\\/novellix.com\\\/de\\\/produkt\\\/markus-thielemann\\\/\",\"name\":\"Komm, gro\u00dfer schwarzer Vogel - NOVELLIX\",\"isPartOf\":{\"@id\":\"https:\\\/\\\/novellix.com\\\/de\\\/#website\"},\"primaryImageOfPage\":{\"@id\":\"https:\\\/\\\/novellix.com\\\/de\\\/produkt\\\/markus-thielemann\\\/#primaryimage\"},\"image\":{\"@id\":\"https:\\\/\\\/novellix.com\\\/de\\\/produkt\\\/markus-thielemann\\\/#primaryimage\"},\"thumbnailUrl\":\"https:\\\/\\\/novellix.com\\\/de\\\/wp-content\\\/uploads\\\/sites\\\/2\\\/2025\\\/08\\\/MarkusThielemann_KommGrosserSchwarzerVogel_rgb.jpg\",\"datePublished\":\"2025-08-28T10:15:12+00:00\",\"dateModified\":\"2025-08-28T11:34:13+00:00\",\"breadcrumb\":{\"@id\":\"https:\\\/\\\/novellix.com\\\/de\\\/produkt\\\/markus-thielemann\\\/#breadcrumb\"},\"inLanguage\":\"de\",\"potentialAction\":[{\"@type\":\"ReadAction\",\"target\":[\"https:\\\/\\\/novellix.com\\\/de\\\/produkt\\\/markus-thielemann\\\/\"]}]},{\"@type\":\"ImageObject\",\"inLanguage\":\"de\",\"@id\":\"https:\\\/\\\/novellix.com\\\/de\\\/produkt\\\/markus-thielemann\\\/#primaryimage\",\"url\":\"https:\\\/\\\/novellix.com\\\/de\\\/wp-content\\\/uploads\\\/sites\\\/2\\\/2025\\\/08\\\/MarkusThielemann_KommGrosserSchwarzerVogel_rgb.jpg\",\"contentUrl\":\"https:\\\/\\\/novellix.com\\\/de\\\/wp-content\\\/uploads\\\/sites\\\/2\\\/2025\\\/08\\\/MarkusThielemann_KommGrosserSchwarzerVogel_rgb.jpg\",\"width\":1229,\"height\":1748},{\"@type\":\"BreadcrumbList\",\"@id\":\"https:\\\/\\\/novellix.com\\\/de\\\/produkt\\\/markus-thielemann\\\/#breadcrumb\",\"itemListElement\":[{\"@type\":\"ListItem\",\"position\":1,\"name\":\"Shop\",\"item\":\"https:\\\/\\\/novellix.com\\\/de\\\/shop\\\/\"},{\"@type\":\"ListItem\",\"position\":2,\"name\":\"Komm, gro\u00dfer schwarzer Vogel\"}]},{\"@type\":\"WebSite\",\"@id\":\"https:\\\/\\\/novellix.com\\\/de\\\/#website\",\"url\":\"https:\\\/\\\/novellix.com\\\/de\\\/\",\"name\":\"NOVELLIX\",\"description\":\"\",\"potentialAction\":[{\"@type\":\"SearchAction\",\"target\":{\"@type\":\"EntryPoint\",\"urlTemplate\":\"https:\\\/\\\/novellix.com\\\/de\\\/?s={search_term_string}\"},\"query-input\":{\"@type\":\"PropertyValueSpecification\",\"valueRequired\":true,\"valueName\":\"search_term_string\"}}],\"inLanguage\":\"de\"}]}<\/script>\n<!-- \/ Yoast SEO plugin. -->","yoast_head_json":{"title":"Komm, gro\u00dfer schwarzer Vogel - NOVELLIX","robots":{"index":"index","follow":"follow","max-snippet":"max-snippet:-1","max-image-preview":"max-image-preview:large","max-video-preview":"max-video-preview:-1"},"canonical":"https:\/\/novellix.com\/de\/produkt\/markus-thielemann\/","og_locale":"de_DE","og_type":"article","og_title":"Komm, gro\u00dfer schwarzer Vogel - NOVELLIX","og_description":"Und dann sieht er tats\u00e4chlich etwas. Er atmet laut ein, vergisst sich fast. Eine physische Reaktion, es schickt einen Ruck durch seinen K\u00f6rper. Ein Vogel, regungslos und gro\u00df wie ein Reiher, gr\u00f6\u00dfer sogar und sein Gefieder ist so pechschwarz, dass er ihn dort im Schatten beim ersten Mal \u00fcbersehen haben musste. Carsten Schulte lebt ein [...]","og_url":"https:\/\/novellix.com\/de\/produkt\/markus-thielemann\/","og_site_name":"NOVELLIX","article_modified_time":"2025-08-28T11:34:13+00:00","og_image":[{"width":562,"height":800,"url":"https:\/\/novellix.com\/de\/wp-content\/uploads\/sites\/2\/2025\/08\/MarkusThielemann_KommGrosserSchwarzerVogel_rgb-562x800.jpg","type":"image\/jpeg"}],"twitter_card":"summary_large_image","twitter_misc":{"Gesch\u00e4tzte Lesezeit":"1\u00a0Minute"},"schema":{"@context":"https:\/\/schema.org","@graph":[{"@type":"WebPage","@id":"https:\/\/novellix.com\/de\/produkt\/markus-thielemann\/","url":"https:\/\/novellix.com\/de\/produkt\/markus-thielemann\/","name":"Komm, gro\u00dfer schwarzer Vogel - NOVELLIX","isPartOf":{"@id":"https:\/\/novellix.com\/de\/#website"},"primaryImageOfPage":{"@id":"https:\/\/novellix.com\/de\/produkt\/markus-thielemann\/#primaryimage"},"image":{"@id":"https:\/\/novellix.com\/de\/produkt\/markus-thielemann\/#primaryimage"},"thumbnailUrl":"https:\/\/novellix.com\/de\/wp-content\/uploads\/sites\/2\/2025\/08\/MarkusThielemann_KommGrosserSchwarzerVogel_rgb.jpg","datePublished":"2025-08-28T10:15:12+00:00","dateModified":"2025-08-28T11:34:13+00:00","breadcrumb":{"@id":"https:\/\/novellix.com\/de\/produkt\/markus-thielemann\/#breadcrumb"},"inLanguage":"de","potentialAction":[{"@type":"ReadAction","target":["https:\/\/novellix.com\/de\/produkt\/markus-thielemann\/"]}]},{"@type":"ImageObject","inLanguage":"de","@id":"https:\/\/novellix.com\/de\/produkt\/markus-thielemann\/#primaryimage","url":"https:\/\/novellix.com\/de\/wp-content\/uploads\/sites\/2\/2025\/08\/MarkusThielemann_KommGrosserSchwarzerVogel_rgb.jpg","contentUrl":"https:\/\/novellix.com\/de\/wp-content\/uploads\/sites\/2\/2025\/08\/MarkusThielemann_KommGrosserSchwarzerVogel_rgb.jpg","width":1229,"height":1748},{"@type":"BreadcrumbList","@id":"https:\/\/novellix.com\/de\/produkt\/markus-thielemann\/#breadcrumb","itemListElement":[{"@type":"ListItem","position":1,"name":"Shop","item":"https:\/\/novellix.com\/de\/shop\/"},{"@type":"ListItem","position":2,"name":"Komm, gro\u00dfer schwarzer Vogel"}]},{"@type":"WebSite","@id":"https:\/\/novellix.com\/de\/#website","url":"https:\/\/novellix.com\/de\/","name":"NOVELLIX","description":"","potentialAction":[{"@type":"SearchAction","target":{"@type":"EntryPoint","urlTemplate":"https:\/\/novellix.com\/de\/?s={search_term_string}"},"query-input":{"@type":"PropertyValueSpecification","valueRequired":true,"valueName":"search_term_string"}}],"inLanguage":"de"}]}},"_links":{"self":[{"href":"https:\/\/novellix.com\/de\/wp-json\/wp\/v2\/product\/1303313","targetHints":{"allow":["GET"]}}],"collection":[{"href":"https:\/\/novellix.com\/de\/wp-json\/wp\/v2\/product"}],"about":[{"href":"https:\/\/novellix.com\/de\/wp-json\/wp\/v2\/types\/product"}],"wp:featuredmedia":[{"embeddable":true,"href":"https:\/\/novellix.com\/de\/wp-json\/wp\/v2\/media\/1303314"}],"wp:attachment":[{"href":"https:\/\/novellix.com\/de\/wp-json\/wp\/v2\/media?parent=1303313"}],"wp:term":[{"taxonomy":"product_brand","embeddable":true,"href":"https:\/\/novellix.com\/de\/wp-json\/wp\/v2\/product_brand?post=1303313"},{"taxonomy":"product_cat","embeddable":true,"href":"https:\/\/novellix.com\/de\/wp-json\/wp\/v2\/product_cat?post=1303313"},{"taxonomy":"product_tag","embeddable":true,"href":"https:\/\/novellix.com\/de\/wp-json\/wp\/v2\/product_tag?post=1303313"}],"curies":[{"name":"wp","href":"https:\/\/api.w.org\/{rel}","templated":true}]}}