{"id":1303315,"date":"2025-08-28T11:13:15","date_gmt":"2025-08-28T11:13:15","guid":{"rendered":"https:\/\/novellix.com\/de\/?post_type=product&#038;p=1303315"},"modified":"2025-08-28T11:13:15","modified_gmt":"2025-08-28T11:13:15","slug":"elli-wird-kompliziert","status":"publish","type":"product","link":"https:\/\/novellix.com\/de\/produkt\/elli-wird-kompliziert\/","title":{"rendered":"Elli wird kompliziert"},"content":{"rendered":"<p><em>Also das h\u00e4tte der Elli ja wirklich keiner zugetraut, das passt gar nicht zu ihr. Da denkst du, du kennst jemanden dein ganzes Leben, lebst T\u00fcr an T\u00fcr, seit der Kindheit. Aber man kann den Leuten immer nur vor den Kopf gucken. Das ahnt man ja manchmal nicht, was sich da im Innersten abspielt. Aber von der Elli h\u00e4tten wir das alle nicht gedacht, sowas. <\/em><\/p>\n<p>Elli ist eine Seele von Mensch, engagiert und umsichtig, hilfsbereit und immer zufrieden. So hat sie ihre Kinder erzogen, ihre Ehe gef\u00fchrt und sich in die Dorfgemeinschaft eingebracht. Als sie eines Tages beschlie\u00dft, all das zu verlassen, sind Familie und Bekannte vor allem eins: \u00fcberrascht.<\/p>\n<p>Die wahren Fragen, die dem bissigen Humor in <strong>Alena Schr\u00f6ders<\/strong> Erz\u00e4hlung seine Kraft verleihen, klingen lange nach: Wie sehr halten wir andere Menschen f\u00fcr selbstverst\u00e4ndlich? Wo h\u00f6rt Hilfsbereitschaft auf und f\u00e4ngt Selbstaufgabe an? Ist es je zu sp\u00e4t, sein Leben in die eigenen H\u00e4nde zu nehmen?<\/p>\n","protected":false},"excerpt":{"rendered":"<p>Also das h\u00e4tte der Elli ja wirklich keiner zugetraut, das passt gar nicht zu ihr. Da denkst du, du kennst jemanden dein ganzes Leben, lebst T\u00fcr an T\u00fcr, seit der Kindheit. Aber man kann den Leuten immer nur vor den Kopf gucken. Das ahnt man ja manchmal nicht, was sich da im Innersten abspielt. Aber [&#8230;]\n","protected":false},"featured_media":1303316,"template":"","meta":[],"product_brand":[],"product_cat":[79],"product_tag":[],"class_list":{"0":"post-1303315","1":"product","2":"type-product","3":"status-publish","4":"has-post-thumbnail","6":"product_cat-noveller","8":"first","9":"instock","10":"shipping-taxable","11":"product-type-simple"},"yoast_head":"<!-- This site is optimized with the Yoast SEO plugin v27.3 - https:\/\/yoast.com\/product\/yoast-seo-wordpress\/ -->\n<title>Elli wird kompliziert - NOVELLIX<\/title>\n<meta name=\"robots\" content=\"index, follow, max-snippet:-1, max-image-preview:large, max-video-preview:-1\" \/>\n<link rel=\"canonical\" href=\"https:\/\/novellix.com\/de\/produkt\/elli-wird-kompliziert\/\" \/>\n<meta property=\"og:locale\" content=\"de_DE\" \/>\n<meta property=\"og:type\" content=\"article\" \/>\n<meta property=\"og:title\" content=\"Elli wird kompliziert - NOVELLIX\" \/>\n<meta property=\"og:description\" content=\"Also das h\u00e4tte der Elli ja wirklich keiner zugetraut, das passt gar nicht zu ihr. Da denkst du, du kennst jemanden dein ganzes Leben, lebst T\u00fcr an T\u00fcr, seit der Kindheit. Aber man kann den Leuten immer nur vor den Kopf gucken. Das ahnt man ja manchmal nicht, was sich da im Innersten abspielt. Aber [...]\" \/>\n<meta property=\"og:url\" content=\"https:\/\/novellix.com\/de\/produkt\/elli-wird-kompliziert\/\" \/>\n<meta property=\"og:site_name\" content=\"NOVELLIX\" \/>\n<meta property=\"og:image\" content=\"https:\/\/novellix.com\/de\/wp-content\/uploads\/sites\/2\/2025\/08\/AlenaSchroeder_ElliWirdKompliziert_rgb-565x800.jpg\" \/>\n\t<meta property=\"og:image:width\" content=\"565\" \/>\n\t<meta property=\"og:image:height\" content=\"800\" \/>\n\t<meta property=\"og:image:type\" content=\"image\/jpeg\" \/>\n<meta name=\"twitter:card\" content=\"summary_large_image\" \/>\n<meta name=\"twitter:label1\" content=\"Gesch\u00e4tzte Lesezeit\" \/>\n\t<meta name=\"twitter:data1\" content=\"1\u00a0Minute\" \/>\n<script type=\"application\/ld+json\" class=\"yoast-schema-graph\">{\"@context\":\"https:\\\/\\\/schema.org\",\"@graph\":[{\"@type\":\"WebPage\",\"@id\":\"https:\\\/\\\/novellix.com\\\/de\\\/produkt\\\/elli-wird-kompliziert\\\/\",\"url\":\"https:\\\/\\\/novellix.com\\\/de\\\/produkt\\\/elli-wird-kompliziert\\\/\",\"name\":\"Elli wird kompliziert - NOVELLIX\",\"isPartOf\":{\"@id\":\"https:\\\/\\\/novellix.com\\\/de\\\/#website\"},\"primaryImageOfPage\":{\"@id\":\"https:\\\/\\\/novellix.com\\\/de\\\/produkt\\\/elli-wird-kompliziert\\\/#primaryimage\"},\"image\":{\"@id\":\"https:\\\/\\\/novellix.com\\\/de\\\/produkt\\\/elli-wird-kompliziert\\\/#primaryimage\"},\"thumbnailUrl\":\"https:\\\/\\\/novellix.com\\\/de\\\/wp-content\\\/uploads\\\/sites\\\/2\\\/2025\\\/08\\\/AlenaSchroeder_ElliWirdKompliziert_rgb.jpg\",\"datePublished\":\"2025-08-28T11:13:15+00:00\",\"breadcrumb\":{\"@id\":\"https:\\\/\\\/novellix.com\\\/de\\\/produkt\\\/elli-wird-kompliziert\\\/#breadcrumb\"},\"inLanguage\":\"de\",\"potentialAction\":[{\"@type\":\"ReadAction\",\"target\":[\"https:\\\/\\\/novellix.com\\\/de\\\/produkt\\\/elli-wird-kompliziert\\\/\"]}]},{\"@type\":\"ImageObject\",\"inLanguage\":\"de\",\"@id\":\"https:\\\/\\\/novellix.com\\\/de\\\/produkt\\\/elli-wird-kompliziert\\\/#primaryimage\",\"url\":\"https:\\\/\\\/novellix.com\\\/de\\\/wp-content\\\/uploads\\\/sites\\\/2\\\/2025\\\/08\\\/AlenaSchroeder_ElliWirdKompliziert_rgb.jpg\",\"contentUrl\":\"https:\\\/\\\/novellix.com\\\/de\\\/wp-content\\\/uploads\\\/sites\\\/2\\\/2025\\\/08\\\/AlenaSchroeder_ElliWirdKompliziert_rgb.jpg\",\"width\":1234,\"height\":1748},{\"@type\":\"BreadcrumbList\",\"@id\":\"https:\\\/\\\/novellix.com\\\/de\\\/produkt\\\/elli-wird-kompliziert\\\/#breadcrumb\",\"itemListElement\":[{\"@type\":\"ListItem\",\"position\":1,\"name\":\"Shop\",\"item\":\"https:\\\/\\\/novellix.com\\\/de\\\/shop\\\/\"},{\"@type\":\"ListItem\",\"position\":2,\"name\":\"Elli wird kompliziert\"}]},{\"@type\":\"WebSite\",\"@id\":\"https:\\\/\\\/novellix.com\\\/de\\\/#website\",\"url\":\"https:\\\/\\\/novellix.com\\\/de\\\/\",\"name\":\"NOVELLIX\",\"description\":\"\",\"potentialAction\":[{\"@type\":\"SearchAction\",\"target\":{\"@type\":\"EntryPoint\",\"urlTemplate\":\"https:\\\/\\\/novellix.com\\\/de\\\/?s={search_term_string}\"},\"query-input\":{\"@type\":\"PropertyValueSpecification\",\"valueRequired\":true,\"valueName\":\"search_term_string\"}}],\"inLanguage\":\"de\"}]}<\/script>\n<!-- \/ Yoast SEO plugin. -->","yoast_head_json":{"title":"Elli wird kompliziert - NOVELLIX","robots":{"index":"index","follow":"follow","max-snippet":"max-snippet:-1","max-image-preview":"max-image-preview:large","max-video-preview":"max-video-preview:-1"},"canonical":"https:\/\/novellix.com\/de\/produkt\/elli-wird-kompliziert\/","og_locale":"de_DE","og_type":"article","og_title":"Elli wird kompliziert - NOVELLIX","og_description":"Also das h\u00e4tte der Elli ja wirklich keiner zugetraut, das passt gar nicht zu ihr. Da denkst du, du kennst jemanden dein ganzes Leben, lebst T\u00fcr an T\u00fcr, seit der Kindheit. Aber man kann den Leuten immer nur vor den Kopf gucken. Das ahnt man ja manchmal nicht, was sich da im Innersten abspielt. Aber [...]","og_url":"https:\/\/novellix.com\/de\/produkt\/elli-wird-kompliziert\/","og_site_name":"NOVELLIX","og_image":[{"width":565,"height":800,"url":"https:\/\/novellix.com\/de\/wp-content\/uploads\/sites\/2\/2025\/08\/AlenaSchroeder_ElliWirdKompliziert_rgb-565x800.jpg","type":"image\/jpeg"}],"twitter_card":"summary_large_image","twitter_misc":{"Gesch\u00e4tzte Lesezeit":"1\u00a0Minute"},"schema":{"@context":"https:\/\/schema.org","@graph":[{"@type":"WebPage","@id":"https:\/\/novellix.com\/de\/produkt\/elli-wird-kompliziert\/","url":"https:\/\/novellix.com\/de\/produkt\/elli-wird-kompliziert\/","name":"Elli wird kompliziert - NOVELLIX","isPartOf":{"@id":"https:\/\/novellix.com\/de\/#website"},"primaryImageOfPage":{"@id":"https:\/\/novellix.com\/de\/produkt\/elli-wird-kompliziert\/#primaryimage"},"image":{"@id":"https:\/\/novellix.com\/de\/produkt\/elli-wird-kompliziert\/#primaryimage"},"thumbnailUrl":"https:\/\/novellix.com\/de\/wp-content\/uploads\/sites\/2\/2025\/08\/AlenaSchroeder_ElliWirdKompliziert_rgb.jpg","datePublished":"2025-08-28T11:13:15+00:00","breadcrumb":{"@id":"https:\/\/novellix.com\/de\/produkt\/elli-wird-kompliziert\/#breadcrumb"},"inLanguage":"de","potentialAction":[{"@type":"ReadAction","target":["https:\/\/novellix.com\/de\/produkt\/elli-wird-kompliziert\/"]}]},{"@type":"ImageObject","inLanguage":"de","@id":"https:\/\/novellix.com\/de\/produkt\/elli-wird-kompliziert\/#primaryimage","url":"https:\/\/novellix.com\/de\/wp-content\/uploads\/sites\/2\/2025\/08\/AlenaSchroeder_ElliWirdKompliziert_rgb.jpg","contentUrl":"https:\/\/novellix.com\/de\/wp-content\/uploads\/sites\/2\/2025\/08\/AlenaSchroeder_ElliWirdKompliziert_rgb.jpg","width":1234,"height":1748},{"@type":"BreadcrumbList","@id":"https:\/\/novellix.com\/de\/produkt\/elli-wird-kompliziert\/#breadcrumb","itemListElement":[{"@type":"ListItem","position":1,"name":"Shop","item":"https:\/\/novellix.com\/de\/shop\/"},{"@type":"ListItem","position":2,"name":"Elli wird kompliziert"}]},{"@type":"WebSite","@id":"https:\/\/novellix.com\/de\/#website","url":"https:\/\/novellix.com\/de\/","name":"NOVELLIX","description":"","potentialAction":[{"@type":"SearchAction","target":{"@type":"EntryPoint","urlTemplate":"https:\/\/novellix.com\/de\/?s={search_term_string}"},"query-input":{"@type":"PropertyValueSpecification","valueRequired":true,"valueName":"search_term_string"}}],"inLanguage":"de"}]}},"_links":{"self":[{"href":"https:\/\/novellix.com\/de\/wp-json\/wp\/v2\/product\/1303315","targetHints":{"allow":["GET"]}}],"collection":[{"href":"https:\/\/novellix.com\/de\/wp-json\/wp\/v2\/product"}],"about":[{"href":"https:\/\/novellix.com\/de\/wp-json\/wp\/v2\/types\/product"}],"wp:featuredmedia":[{"embeddable":true,"href":"https:\/\/novellix.com\/de\/wp-json\/wp\/v2\/media\/1303316"}],"wp:attachment":[{"href":"https:\/\/novellix.com\/de\/wp-json\/wp\/v2\/media?parent=1303315"}],"wp:term":[{"taxonomy":"product_brand","embeddable":true,"href":"https:\/\/novellix.com\/de\/wp-json\/wp\/v2\/product_brand?post=1303315"},{"taxonomy":"product_cat","embeddable":true,"href":"https:\/\/novellix.com\/de\/wp-json\/wp\/v2\/product_cat?post=1303315"},{"taxonomy":"product_tag","embeddable":true,"href":"https:\/\/novellix.com\/de\/wp-json\/wp\/v2\/product_tag?post=1303315"}],"curies":[{"name":"wp","href":"https:\/\/api.w.org\/{rel}","templated":true}]}}