{"id":1303317,"date":"2025-08-28T11:17:38","date_gmt":"2025-08-28T11:17:38","guid":{"rendered":"https:\/\/novellix.com\/de\/?post_type=product&#038;p=1303317"},"modified":"2025-08-28T11:21:02","modified_gmt":"2025-08-28T11:21:02","slug":"puzzle-in-vier-lebenszeiten","status":"publish","type":"product","link":"https:\/\/novellix.com\/de\/produkt\/puzzle-in-vier-lebenszeiten\/","title":{"rendered":"Puzzle in vier Lebenszeiten"},"content":{"rendered":"<p data-start=\"3793\" data-end=\"4179\"><em>Hinter dieser Gardine sehe ich den jungen Mann, der durch den Nebel \u00fcber rasierte Felder spaziert. Die beiden Kabel von seinem Kopfh\u00f6rer m\u00fcnden in seiner Jackentasche. Da hat er eine N\u00e4he zur Welt, eine Ferne zur eigenen Erde, da hat er eine Discokugel versteckt. Wer darf gehen, wer muss bleiben, diese Frage stellt er sich vor jedem Schlaf, nach jedem Aufwachen.<\/em><\/p>\n<p data-start=\"4181\" data-end=\"4595\"><strong>Din\u00e7er G\u00fc\u00e7yeter<\/strong> erz\u00e4hlt leise und doch eindringlich von einer erlebten Kindheit auf dem Land und dem Deutungswandel der Erinnerungen im Laufe des Lebens. Poetische Momentaufnahmen f\u00fcgen sich hier zu einem Ganzen, das so konkret und so abstrakt, so schmerzhaft und phantastisch ist, wie es nur das richtige Leben sein kann; und wie es nur Din\u00e7er G\u00fc\u00e7yeter zu formulieren wei\u00df.<\/p>\n","protected":false},"excerpt":{"rendered":"<p>Hinter dieser Gardine sehe ich den jungen Mann, der durch den Nebel \u00fcber rasierte Felder spaziert. Die beiden Kabel von seinem Kopfh\u00f6rer m\u00fcnden in seiner Jackentasche. Da hat er eine N\u00e4he zur Welt, eine Ferne zur eigenen Erde, da hat er eine Discokugel versteckt. Wer darf gehen, wer muss bleiben, diese Frage stellt er sich [&#8230;]\n","protected":false},"featured_media":1303318,"template":"","meta":[],"product_brand":[],"product_cat":[79],"product_tag":[],"class_list":{"0":"post-1303317","1":"product","2":"type-product","3":"status-publish","4":"has-post-thumbnail","6":"product_cat-noveller","8":"first","9":"instock","10":"shipping-taxable","11":"product-type-simple"},"yoast_head":"<!-- This site is optimized with the Yoast SEO plugin v27.3 - https:\/\/yoast.com\/product\/yoast-seo-wordpress\/ -->\n<title>Puzzle in vier Lebenszeiten - NOVELLIX<\/title>\n<meta name=\"robots\" content=\"index, follow, max-snippet:-1, max-image-preview:large, max-video-preview:-1\" \/>\n<link rel=\"canonical\" href=\"https:\/\/novellix.com\/de\/produkt\/puzzle-in-vier-lebenszeiten\/\" \/>\n<meta property=\"og:locale\" content=\"de_DE\" \/>\n<meta property=\"og:type\" content=\"article\" \/>\n<meta property=\"og:title\" content=\"Puzzle in vier Lebenszeiten - NOVELLIX\" \/>\n<meta property=\"og:description\" content=\"Hinter dieser Gardine sehe ich den jungen Mann, der durch den Nebel \u00fcber rasierte Felder spaziert. Die beiden Kabel von seinem Kopfh\u00f6rer m\u00fcnden in seiner Jackentasche. Da hat er eine N\u00e4he zur Welt, eine Ferne zur eigenen Erde, da hat er eine Discokugel versteckt. Wer darf gehen, wer muss bleiben, diese Frage stellt er sich [...]\" \/>\n<meta property=\"og:url\" content=\"https:\/\/novellix.com\/de\/produkt\/puzzle-in-vier-lebenszeiten\/\" \/>\n<meta property=\"og:site_name\" content=\"NOVELLIX\" \/>\n<meta property=\"article:modified_time\" content=\"2025-08-28T11:21:02+00:00\" \/>\n<meta property=\"og:image\" content=\"https:\/\/novellix.com\/de\/wp-content\/uploads\/sites\/2\/2025\/08\/DincerGuecyeter_PuzzleInVierLebenszeiten_rgb-563x800.jpg\" \/>\n\t<meta property=\"og:image:width\" content=\"563\" \/>\n\t<meta property=\"og:image:height\" content=\"800\" \/>\n\t<meta property=\"og:image:type\" content=\"image\/jpeg\" \/>\n<meta name=\"twitter:card\" content=\"summary_large_image\" \/>\n<meta name=\"twitter:label1\" content=\"Gesch\u00e4tzte Lesezeit\" \/>\n\t<meta name=\"twitter:data1\" content=\"1\u00a0Minute\" \/>\n<script type=\"application\/ld+json\" class=\"yoast-schema-graph\">{\"@context\":\"https:\\\/\\\/schema.org\",\"@graph\":[{\"@type\":\"WebPage\",\"@id\":\"https:\\\/\\\/novellix.com\\\/de\\\/produkt\\\/puzzle-in-vier-lebenszeiten\\\/\",\"url\":\"https:\\\/\\\/novellix.com\\\/de\\\/produkt\\\/puzzle-in-vier-lebenszeiten\\\/\",\"name\":\"Puzzle in vier Lebenszeiten - NOVELLIX\",\"isPartOf\":{\"@id\":\"https:\\\/\\\/novellix.com\\\/de\\\/#website\"},\"primaryImageOfPage\":{\"@id\":\"https:\\\/\\\/novellix.com\\\/de\\\/produkt\\\/puzzle-in-vier-lebenszeiten\\\/#primaryimage\"},\"image\":{\"@id\":\"https:\\\/\\\/novellix.com\\\/de\\\/produkt\\\/puzzle-in-vier-lebenszeiten\\\/#primaryimage\"},\"thumbnailUrl\":\"https:\\\/\\\/novellix.com\\\/de\\\/wp-content\\\/uploads\\\/sites\\\/2\\\/2025\\\/08\\\/DincerGuecyeter_PuzzleInVierLebenszeiten_rgb.jpg\",\"datePublished\":\"2025-08-28T11:17:38+00:00\",\"dateModified\":\"2025-08-28T11:21:02+00:00\",\"breadcrumb\":{\"@id\":\"https:\\\/\\\/novellix.com\\\/de\\\/produkt\\\/puzzle-in-vier-lebenszeiten\\\/#breadcrumb\"},\"inLanguage\":\"de\",\"potentialAction\":[{\"@type\":\"ReadAction\",\"target\":[\"https:\\\/\\\/novellix.com\\\/de\\\/produkt\\\/puzzle-in-vier-lebenszeiten\\\/\"]}]},{\"@type\":\"ImageObject\",\"inLanguage\":\"de\",\"@id\":\"https:\\\/\\\/novellix.com\\\/de\\\/produkt\\\/puzzle-in-vier-lebenszeiten\\\/#primaryimage\",\"url\":\"https:\\\/\\\/novellix.com\\\/de\\\/wp-content\\\/uploads\\\/sites\\\/2\\\/2025\\\/08\\\/DincerGuecyeter_PuzzleInVierLebenszeiten_rgb.jpg\",\"contentUrl\":\"https:\\\/\\\/novellix.com\\\/de\\\/wp-content\\\/uploads\\\/sites\\\/2\\\/2025\\\/08\\\/DincerGuecyeter_PuzzleInVierLebenszeiten_rgb.jpg\",\"width\":1230,\"height\":1748},{\"@type\":\"BreadcrumbList\",\"@id\":\"https:\\\/\\\/novellix.com\\\/de\\\/produkt\\\/puzzle-in-vier-lebenszeiten\\\/#breadcrumb\",\"itemListElement\":[{\"@type\":\"ListItem\",\"position\":1,\"name\":\"Shop\",\"item\":\"https:\\\/\\\/novellix.com\\\/de\\\/shop\\\/\"},{\"@type\":\"ListItem\",\"position\":2,\"name\":\"Puzzle in vier Lebenszeiten\"}]},{\"@type\":\"WebSite\",\"@id\":\"https:\\\/\\\/novellix.com\\\/de\\\/#website\",\"url\":\"https:\\\/\\\/novellix.com\\\/de\\\/\",\"name\":\"NOVELLIX\",\"description\":\"\",\"potentialAction\":[{\"@type\":\"SearchAction\",\"target\":{\"@type\":\"EntryPoint\",\"urlTemplate\":\"https:\\\/\\\/novellix.com\\\/de\\\/?s={search_term_string}\"},\"query-input\":{\"@type\":\"PropertyValueSpecification\",\"valueRequired\":true,\"valueName\":\"search_term_string\"}}],\"inLanguage\":\"de\"}]}<\/script>\n<!-- \/ Yoast SEO plugin. -->","yoast_head_json":{"title":"Puzzle in vier Lebenszeiten - NOVELLIX","robots":{"index":"index","follow":"follow","max-snippet":"max-snippet:-1","max-image-preview":"max-image-preview:large","max-video-preview":"max-video-preview:-1"},"canonical":"https:\/\/novellix.com\/de\/produkt\/puzzle-in-vier-lebenszeiten\/","og_locale":"de_DE","og_type":"article","og_title":"Puzzle in vier Lebenszeiten - NOVELLIX","og_description":"Hinter dieser Gardine sehe ich den jungen Mann, der durch den Nebel \u00fcber rasierte Felder spaziert. Die beiden Kabel von seinem Kopfh\u00f6rer m\u00fcnden in seiner Jackentasche. Da hat er eine N\u00e4he zur Welt, eine Ferne zur eigenen Erde, da hat er eine Discokugel versteckt. Wer darf gehen, wer muss bleiben, diese Frage stellt er sich [...]","og_url":"https:\/\/novellix.com\/de\/produkt\/puzzle-in-vier-lebenszeiten\/","og_site_name":"NOVELLIX","article_modified_time":"2025-08-28T11:21:02+00:00","og_image":[{"width":563,"height":800,"url":"https:\/\/novellix.com\/de\/wp-content\/uploads\/sites\/2\/2025\/08\/DincerGuecyeter_PuzzleInVierLebenszeiten_rgb-563x800.jpg","type":"image\/jpeg"}],"twitter_card":"summary_large_image","twitter_misc":{"Gesch\u00e4tzte Lesezeit":"1\u00a0Minute"},"schema":{"@context":"https:\/\/schema.org","@graph":[{"@type":"WebPage","@id":"https:\/\/novellix.com\/de\/produkt\/puzzle-in-vier-lebenszeiten\/","url":"https:\/\/novellix.com\/de\/produkt\/puzzle-in-vier-lebenszeiten\/","name":"Puzzle in vier Lebenszeiten - NOVELLIX","isPartOf":{"@id":"https:\/\/novellix.com\/de\/#website"},"primaryImageOfPage":{"@id":"https:\/\/novellix.com\/de\/produkt\/puzzle-in-vier-lebenszeiten\/#primaryimage"},"image":{"@id":"https:\/\/novellix.com\/de\/produkt\/puzzle-in-vier-lebenszeiten\/#primaryimage"},"thumbnailUrl":"https:\/\/novellix.com\/de\/wp-content\/uploads\/sites\/2\/2025\/08\/DincerGuecyeter_PuzzleInVierLebenszeiten_rgb.jpg","datePublished":"2025-08-28T11:17:38+00:00","dateModified":"2025-08-28T11:21:02+00:00","breadcrumb":{"@id":"https:\/\/novellix.com\/de\/produkt\/puzzle-in-vier-lebenszeiten\/#breadcrumb"},"inLanguage":"de","potentialAction":[{"@type":"ReadAction","target":["https:\/\/novellix.com\/de\/produkt\/puzzle-in-vier-lebenszeiten\/"]}]},{"@type":"ImageObject","inLanguage":"de","@id":"https:\/\/novellix.com\/de\/produkt\/puzzle-in-vier-lebenszeiten\/#primaryimage","url":"https:\/\/novellix.com\/de\/wp-content\/uploads\/sites\/2\/2025\/08\/DincerGuecyeter_PuzzleInVierLebenszeiten_rgb.jpg","contentUrl":"https:\/\/novellix.com\/de\/wp-content\/uploads\/sites\/2\/2025\/08\/DincerGuecyeter_PuzzleInVierLebenszeiten_rgb.jpg","width":1230,"height":1748},{"@type":"BreadcrumbList","@id":"https:\/\/novellix.com\/de\/produkt\/puzzle-in-vier-lebenszeiten\/#breadcrumb","itemListElement":[{"@type":"ListItem","position":1,"name":"Shop","item":"https:\/\/novellix.com\/de\/shop\/"},{"@type":"ListItem","position":2,"name":"Puzzle in vier Lebenszeiten"}]},{"@type":"WebSite","@id":"https:\/\/novellix.com\/de\/#website","url":"https:\/\/novellix.com\/de\/","name":"NOVELLIX","description":"","potentialAction":[{"@type":"SearchAction","target":{"@type":"EntryPoint","urlTemplate":"https:\/\/novellix.com\/de\/?s={search_term_string}"},"query-input":{"@type":"PropertyValueSpecification","valueRequired":true,"valueName":"search_term_string"}}],"inLanguage":"de"}]}},"_links":{"self":[{"href":"https:\/\/novellix.com\/de\/wp-json\/wp\/v2\/product\/1303317","targetHints":{"allow":["GET"]}}],"collection":[{"href":"https:\/\/novellix.com\/de\/wp-json\/wp\/v2\/product"}],"about":[{"href":"https:\/\/novellix.com\/de\/wp-json\/wp\/v2\/types\/product"}],"wp:featuredmedia":[{"embeddable":true,"href":"https:\/\/novellix.com\/de\/wp-json\/wp\/v2\/media\/1303318"}],"wp:attachment":[{"href":"https:\/\/novellix.com\/de\/wp-json\/wp\/v2\/media?parent=1303317"}],"wp:term":[{"taxonomy":"product_brand","embeddable":true,"href":"https:\/\/novellix.com\/de\/wp-json\/wp\/v2\/product_brand?post=1303317"},{"taxonomy":"product_cat","embeddable":true,"href":"https:\/\/novellix.com\/de\/wp-json\/wp\/v2\/product_cat?post=1303317"},{"taxonomy":"product_tag","embeddable":true,"href":"https:\/\/novellix.com\/de\/wp-json\/wp\/v2\/product_tag?post=1303317"}],"curies":[{"name":"wp","href":"https:\/\/api.w.org\/{rel}","templated":true}]}}