{"id":1303319,"date":"2025-08-28T11:19:55","date_gmt":"2025-08-28T11:19:55","guid":{"rendered":"https:\/\/novellix.com\/de\/?post_type=product&#038;p=1303319"},"modified":"2025-08-28T11:19:55","modified_gmt":"2025-08-28T11:19:55","slug":"so-sehr-vom-land","status":"publish","type":"product","link":"https:\/\/novellix.com\/de\/produkt\/so-sehr-vom-land\/","title":{"rendered":"So sehr vom Land"},"content":{"rendered":"<p data-start=\"2071\" data-end=\"2377\"><em>Ein Dorf nach dem anderen, gleich sind wir da. Mein Dorf ist das kleinste. 240 Einwohner*innen, 240 K\u00fche, viele Schweine, Hauptstra\u00dfe und zwei Nebenstra\u00dfen, eine runter ins Dorf, eine hoch. Wir fahren hoch. Die Menschen, die an dieser Stra\u00dfe wohnen, k\u00f6nnen Autos am Ger\u00e4usch erkennen.<\/em><\/p>\n<p data-start=\"2379\" data-end=\"2709\">Eine Kindheit im Dorf bringt mindestens so viele Herausforderungen wie idyllische Erinnerungen mit sich. Was sich in der Kindheit irgendwie normal anf\u00fchlt, kann in der Jugend wie ein Gef\u00e4ngnis wirken und viele Jahre sp\u00e4ter wieder zum Sehnsuchtsort werden \u2013 oder bei jedem Besuch die Entscheidung, weggezogen zu sein, best\u00e4tigen.<\/p>\n<p data-start=\"2711\" data-end=\"2963\"><strong>Mareice Kaiser<\/strong> kommt vom Land und schildert unsentimental und ohne zu verurteilen eine nicht immer einfache Beziehung zur Heimat und gleicherma\u00dfen eine vers\u00f6hnliche Einstellung zur Herkunft und dem eigenen Leben.<\/p>\n<p data-start=\"2965\" data-end=\"3605\">\n","protected":false},"excerpt":{"rendered":"<p>Ein Dorf nach dem anderen, gleich sind wir da. Mein Dorf ist das kleinste. 240 Einwohner*innen, 240 K\u00fche, viele Schweine, Hauptstra\u00dfe und zwei Nebenstra\u00dfen, eine runter ins Dorf, eine hoch. Wir fahren hoch. Die Menschen, die an dieser Stra\u00dfe wohnen, k\u00f6nnen Autos am Ger\u00e4usch erkennen. Eine Kindheit im Dorf bringt mindestens so viele Herausforderungen wie [&#8230;]\n","protected":false},"featured_media":1303320,"template":"","meta":[],"product_brand":[],"product_cat":[79],"product_tag":[],"class_list":{"0":"post-1303319","1":"product","2":"type-product","3":"status-publish","4":"has-post-thumbnail","6":"product_cat-noveller","8":"first","9":"instock","10":"shipping-taxable","11":"product-type-simple"},"yoast_head":"<!-- This site is optimized with the Yoast SEO plugin v27.3 - https:\/\/yoast.com\/product\/yoast-seo-wordpress\/ -->\n<title>So sehr vom Land - NOVELLIX<\/title>\n<meta name=\"robots\" content=\"index, follow, max-snippet:-1, max-image-preview:large, max-video-preview:-1\" \/>\n<link rel=\"canonical\" href=\"https:\/\/novellix.com\/de\/produkt\/so-sehr-vom-land\/\" \/>\n<meta property=\"og:locale\" content=\"de_DE\" \/>\n<meta property=\"og:type\" content=\"article\" \/>\n<meta property=\"og:title\" content=\"So sehr vom Land - NOVELLIX\" \/>\n<meta property=\"og:description\" content=\"Ein Dorf nach dem anderen, gleich sind wir da. Mein Dorf ist das kleinste. 240 Einwohner*innen, 240 K\u00fche, viele Schweine, Hauptstra\u00dfe und zwei Nebenstra\u00dfen, eine runter ins Dorf, eine hoch. Wir fahren hoch. Die Menschen, die an dieser Stra\u00dfe wohnen, k\u00f6nnen Autos am Ger\u00e4usch erkennen. Eine Kindheit im Dorf bringt mindestens so viele Herausforderungen wie [...]\" \/>\n<meta property=\"og:url\" content=\"https:\/\/novellix.com\/de\/produkt\/so-sehr-vom-land\/\" \/>\n<meta property=\"og:site_name\" content=\"NOVELLIX\" \/>\n<meta property=\"og:image\" content=\"https:\/\/novellix.com\/de\/wp-content\/uploads\/sites\/2\/2025\/08\/MareiceKaiser_SoSehrVomLand_rgb-561x800.jpg\" \/>\n\t<meta property=\"og:image:width\" content=\"561\" \/>\n\t<meta property=\"og:image:height\" content=\"800\" \/>\n\t<meta property=\"og:image:type\" content=\"image\/jpeg\" \/>\n<meta name=\"twitter:card\" content=\"summary_large_image\" \/>\n<meta name=\"twitter:label1\" content=\"Gesch\u00e4tzte Lesezeit\" \/>\n\t<meta name=\"twitter:data1\" content=\"1\u00a0Minute\" \/>\n<script type=\"application\/ld+json\" class=\"yoast-schema-graph\">{\"@context\":\"https:\\\/\\\/schema.org\",\"@graph\":[{\"@type\":\"WebPage\",\"@id\":\"https:\\\/\\\/novellix.com\\\/de\\\/produkt\\\/so-sehr-vom-land\\\/\",\"url\":\"https:\\\/\\\/novellix.com\\\/de\\\/produkt\\\/so-sehr-vom-land\\\/\",\"name\":\"So sehr vom Land - NOVELLIX\",\"isPartOf\":{\"@id\":\"https:\\\/\\\/novellix.com\\\/de\\\/#website\"},\"primaryImageOfPage\":{\"@id\":\"https:\\\/\\\/novellix.com\\\/de\\\/produkt\\\/so-sehr-vom-land\\\/#primaryimage\"},\"image\":{\"@id\":\"https:\\\/\\\/novellix.com\\\/de\\\/produkt\\\/so-sehr-vom-land\\\/#primaryimage\"},\"thumbnailUrl\":\"https:\\\/\\\/novellix.com\\\/de\\\/wp-content\\\/uploads\\\/sites\\\/2\\\/2025\\\/08\\\/MareiceKaiser_SoSehrVomLand_rgb.jpg\",\"datePublished\":\"2025-08-28T11:19:55+00:00\",\"breadcrumb\":{\"@id\":\"https:\\\/\\\/novellix.com\\\/de\\\/produkt\\\/so-sehr-vom-land\\\/#breadcrumb\"},\"inLanguage\":\"de\",\"potentialAction\":[{\"@type\":\"ReadAction\",\"target\":[\"https:\\\/\\\/novellix.com\\\/de\\\/produkt\\\/so-sehr-vom-land\\\/\"]}]},{\"@type\":\"ImageObject\",\"inLanguage\":\"de\",\"@id\":\"https:\\\/\\\/novellix.com\\\/de\\\/produkt\\\/so-sehr-vom-land\\\/#primaryimage\",\"url\":\"https:\\\/\\\/novellix.com\\\/de\\\/wp-content\\\/uploads\\\/sites\\\/2\\\/2025\\\/08\\\/MareiceKaiser_SoSehrVomLand_rgb.jpg\",\"contentUrl\":\"https:\\\/\\\/novellix.com\\\/de\\\/wp-content\\\/uploads\\\/sites\\\/2\\\/2025\\\/08\\\/MareiceKaiser_SoSehrVomLand_rgb.jpg\",\"width\":1226,\"height\":1748},{\"@type\":\"BreadcrumbList\",\"@id\":\"https:\\\/\\\/novellix.com\\\/de\\\/produkt\\\/so-sehr-vom-land\\\/#breadcrumb\",\"itemListElement\":[{\"@type\":\"ListItem\",\"position\":1,\"name\":\"Shop\",\"item\":\"https:\\\/\\\/novellix.com\\\/de\\\/shop\\\/\"},{\"@type\":\"ListItem\",\"position\":2,\"name\":\"So sehr vom Land\"}]},{\"@type\":\"WebSite\",\"@id\":\"https:\\\/\\\/novellix.com\\\/de\\\/#website\",\"url\":\"https:\\\/\\\/novellix.com\\\/de\\\/\",\"name\":\"NOVELLIX\",\"description\":\"\",\"potentialAction\":[{\"@type\":\"SearchAction\",\"target\":{\"@type\":\"EntryPoint\",\"urlTemplate\":\"https:\\\/\\\/novellix.com\\\/de\\\/?s={search_term_string}\"},\"query-input\":{\"@type\":\"PropertyValueSpecification\",\"valueRequired\":true,\"valueName\":\"search_term_string\"}}],\"inLanguage\":\"de\"}]}<\/script>\n<!-- \/ Yoast SEO plugin. -->","yoast_head_json":{"title":"So sehr vom Land - NOVELLIX","robots":{"index":"index","follow":"follow","max-snippet":"max-snippet:-1","max-image-preview":"max-image-preview:large","max-video-preview":"max-video-preview:-1"},"canonical":"https:\/\/novellix.com\/de\/produkt\/so-sehr-vom-land\/","og_locale":"de_DE","og_type":"article","og_title":"So sehr vom Land - NOVELLIX","og_description":"Ein Dorf nach dem anderen, gleich sind wir da. Mein Dorf ist das kleinste. 240 Einwohner*innen, 240 K\u00fche, viele Schweine, Hauptstra\u00dfe und zwei Nebenstra\u00dfen, eine runter ins Dorf, eine hoch. Wir fahren hoch. Die Menschen, die an dieser Stra\u00dfe wohnen, k\u00f6nnen Autos am Ger\u00e4usch erkennen. Eine Kindheit im Dorf bringt mindestens so viele Herausforderungen wie [...]","og_url":"https:\/\/novellix.com\/de\/produkt\/so-sehr-vom-land\/","og_site_name":"NOVELLIX","og_image":[{"width":561,"height":800,"url":"https:\/\/novellix.com\/de\/wp-content\/uploads\/sites\/2\/2025\/08\/MareiceKaiser_SoSehrVomLand_rgb-561x800.jpg","type":"image\/jpeg"}],"twitter_card":"summary_large_image","twitter_misc":{"Gesch\u00e4tzte Lesezeit":"1\u00a0Minute"},"schema":{"@context":"https:\/\/schema.org","@graph":[{"@type":"WebPage","@id":"https:\/\/novellix.com\/de\/produkt\/so-sehr-vom-land\/","url":"https:\/\/novellix.com\/de\/produkt\/so-sehr-vom-land\/","name":"So sehr vom Land - NOVELLIX","isPartOf":{"@id":"https:\/\/novellix.com\/de\/#website"},"primaryImageOfPage":{"@id":"https:\/\/novellix.com\/de\/produkt\/so-sehr-vom-land\/#primaryimage"},"image":{"@id":"https:\/\/novellix.com\/de\/produkt\/so-sehr-vom-land\/#primaryimage"},"thumbnailUrl":"https:\/\/novellix.com\/de\/wp-content\/uploads\/sites\/2\/2025\/08\/MareiceKaiser_SoSehrVomLand_rgb.jpg","datePublished":"2025-08-28T11:19:55+00:00","breadcrumb":{"@id":"https:\/\/novellix.com\/de\/produkt\/so-sehr-vom-land\/#breadcrumb"},"inLanguage":"de","potentialAction":[{"@type":"ReadAction","target":["https:\/\/novellix.com\/de\/produkt\/so-sehr-vom-land\/"]}]},{"@type":"ImageObject","inLanguage":"de","@id":"https:\/\/novellix.com\/de\/produkt\/so-sehr-vom-land\/#primaryimage","url":"https:\/\/novellix.com\/de\/wp-content\/uploads\/sites\/2\/2025\/08\/MareiceKaiser_SoSehrVomLand_rgb.jpg","contentUrl":"https:\/\/novellix.com\/de\/wp-content\/uploads\/sites\/2\/2025\/08\/MareiceKaiser_SoSehrVomLand_rgb.jpg","width":1226,"height":1748},{"@type":"BreadcrumbList","@id":"https:\/\/novellix.com\/de\/produkt\/so-sehr-vom-land\/#breadcrumb","itemListElement":[{"@type":"ListItem","position":1,"name":"Shop","item":"https:\/\/novellix.com\/de\/shop\/"},{"@type":"ListItem","position":2,"name":"So sehr vom Land"}]},{"@type":"WebSite","@id":"https:\/\/novellix.com\/de\/#website","url":"https:\/\/novellix.com\/de\/","name":"NOVELLIX","description":"","potentialAction":[{"@type":"SearchAction","target":{"@type":"EntryPoint","urlTemplate":"https:\/\/novellix.com\/de\/?s={search_term_string}"},"query-input":{"@type":"PropertyValueSpecification","valueRequired":true,"valueName":"search_term_string"}}],"inLanguage":"de"}]}},"_links":{"self":[{"href":"https:\/\/novellix.com\/de\/wp-json\/wp\/v2\/product\/1303319","targetHints":{"allow":["GET"]}}],"collection":[{"href":"https:\/\/novellix.com\/de\/wp-json\/wp\/v2\/product"}],"about":[{"href":"https:\/\/novellix.com\/de\/wp-json\/wp\/v2\/types\/product"}],"wp:featuredmedia":[{"embeddable":true,"href":"https:\/\/novellix.com\/de\/wp-json\/wp\/v2\/media\/1303320"}],"wp:attachment":[{"href":"https:\/\/novellix.com\/de\/wp-json\/wp\/v2\/media?parent=1303319"}],"wp:term":[{"taxonomy":"product_brand","embeddable":true,"href":"https:\/\/novellix.com\/de\/wp-json\/wp\/v2\/product_brand?post=1303319"},{"taxonomy":"product_cat","embeddable":true,"href":"https:\/\/novellix.com\/de\/wp-json\/wp\/v2\/product_cat?post=1303319"},{"taxonomy":"product_tag","embeddable":true,"href":"https:\/\/novellix.com\/de\/wp-json\/wp\/v2\/product_tag?post=1303319"}],"curies":[{"name":"wp","href":"https:\/\/api.w.org\/{rel}","templated":true}]}}