{"id":1303321,"date":"2025-08-28T11:47:29","date_gmt":"2025-08-28T11:47:29","guid":{"rendered":"https:\/\/novellix.com\/de\/?post_type=product&#038;p=1303321"},"modified":"2025-08-28T12:02:12","modified_gmt":"2025-08-28T12:02:12","slug":"mings-fetteste-beute","status":"publish","type":"product","link":"https:\/\/novellix.com\/de\/produkt\/mings-fetteste-beute\/","title":{"rendered":"Mings fetteste Beute"},"content":{"rendered":"<p data-start=\"415\" data-end=\"706\"><em>Ming gefiel es nicht, wie Teddie ihn be\u00e4ugte, wenn Elaine nicht zusah. Und manchmal murmelte Teddie, wenn Elaine nicht zuh\u00f6rte, Worte, die, wie Ming wusste, eine Drohung waren. Oder ein Befehl, den Raum zu verlassen. Ming nahm das gelassen. Es galt die W\u00fcrde zu wahren.<\/em><\/p>\n<p data-start=\"708\" data-end=\"1024\">Ming und Elaine sind ein eingespieltes Team, seitdem sie ihn als Katzenbaby gerettet und zu sich genommen hat. Die Anwesenheit anderer Menschen st\u00f6rt die gem\u00fctliche Zweisamkeit nur unn\u00f6tig. Besonders gegen die neuerdings st\u00e4ndige Anwesenheit eines gewissen Teddie ist Ming bereit, sich mit allen Mitteln zu wehren.<\/p>\n<p data-start=\"1026\" data-end=\"1283\">Mit ihrem unverwechselbaren Ton liefert Patricia Highsmith, die gefeierte Meisterin der Spannung, einen rasanten Plot, der nebenbei jede Vorstellung von naturgegebener Unterw\u00fcrfigkeit von Haustieren aus dem Weg r\u00e4umt.<\/p>\n","protected":false},"excerpt":{"rendered":"<p>Ming gefiel es nicht, wie Teddie ihn be\u00e4ugte, wenn Elaine nicht zusah. Und manchmal murmelte Teddie, wenn Elaine nicht zuh\u00f6rte, Worte, die, wie Ming wusste, eine Drohung waren. Oder ein Befehl, den Raum zu verlassen. Ming nahm das gelassen. Es galt die W\u00fcrde zu wahren. Ming und Elaine sind ein eingespieltes Team, seitdem sie ihn [&#8230;]\n","protected":false},"featured_media":1303323,"template":"","meta":[],"product_brand":[],"product_cat":[79],"product_tag":[],"class_list":{"0":"post-1303321","1":"product","2":"type-product","3":"status-publish","4":"has-post-thumbnail","6":"product_cat-noveller","8":"first","9":"instock","10":"shipping-taxable","11":"product-type-simple"},"yoast_head":"<!-- This site is optimized with the Yoast SEO plugin v27.3 - https:\/\/yoast.com\/product\/yoast-seo-wordpress\/ -->\n<title>Mings fetteste Beute - NOVELLIX<\/title>\n<meta name=\"robots\" content=\"index, follow, max-snippet:-1, max-image-preview:large, max-video-preview:-1\" \/>\n<link rel=\"canonical\" href=\"https:\/\/novellix.com\/de\/produkt\/mings-fetteste-beute\/\" \/>\n<meta property=\"og:locale\" content=\"de_DE\" \/>\n<meta property=\"og:type\" content=\"article\" \/>\n<meta property=\"og:title\" content=\"Mings fetteste Beute - NOVELLIX\" \/>\n<meta property=\"og:description\" content=\"Ming gefiel es nicht, wie Teddie ihn be\u00e4ugte, wenn Elaine nicht zusah. Und manchmal murmelte Teddie, wenn Elaine nicht zuh\u00f6rte, Worte, die, wie Ming wusste, eine Drohung waren. Oder ein Befehl, den Raum zu verlassen. Ming nahm das gelassen. Es galt die W\u00fcrde zu wahren. Ming und Elaine sind ein eingespieltes Team, seitdem sie ihn [...]\" \/>\n<meta property=\"og:url\" content=\"https:\/\/novellix.com\/de\/produkt\/mings-fetteste-beute\/\" \/>\n<meta property=\"og:site_name\" content=\"NOVELLIX\" \/>\n<meta property=\"article:modified_time\" content=\"2025-08-28T12:02:12+00:00\" \/>\n<meta property=\"og:image\" content=\"https:\/\/novellix.com\/de\/wp-content\/uploads\/sites\/2\/2025\/08\/PatriciaHighsmith_MingsFettesteBeute_rgb.jpg\" \/>\n\t<meta property=\"og:image:width\" content=\"1230\" \/>\n\t<meta property=\"og:image:height\" content=\"1748\" \/>\n\t<meta property=\"og:image:type\" content=\"image\/jpeg\" \/>\n<meta name=\"twitter:card\" content=\"summary_large_image\" \/>\n<meta name=\"twitter:label1\" content=\"Gesch\u00e4tzte Lesezeit\" \/>\n\t<meta name=\"twitter:data1\" content=\"1\u00a0Minute\" \/>\n<script type=\"application\/ld+json\" class=\"yoast-schema-graph\">{\"@context\":\"https:\\\/\\\/schema.org\",\"@graph\":[{\"@type\":\"WebPage\",\"@id\":\"https:\\\/\\\/novellix.com\\\/de\\\/produkt\\\/mings-fetteste-beute\\\/\",\"url\":\"https:\\\/\\\/novellix.com\\\/de\\\/produkt\\\/mings-fetteste-beute\\\/\",\"name\":\"Mings fetteste Beute - NOVELLIX\",\"isPartOf\":{\"@id\":\"https:\\\/\\\/novellix.com\\\/de\\\/#website\"},\"primaryImageOfPage\":{\"@id\":\"https:\\\/\\\/novellix.com\\\/de\\\/produkt\\\/mings-fetteste-beute\\\/#primaryimage\"},\"image\":{\"@id\":\"https:\\\/\\\/novellix.com\\\/de\\\/produkt\\\/mings-fetteste-beute\\\/#primaryimage\"},\"thumbnailUrl\":\"https:\\\/\\\/novellix.com\\\/de\\\/wp-content\\\/uploads\\\/sites\\\/2\\\/2025\\\/08\\\/PatriciaHighsmith_MingsFettesteBeute_rgb.jpg\",\"datePublished\":\"2025-08-28T11:47:29+00:00\",\"dateModified\":\"2025-08-28T12:02:12+00:00\",\"breadcrumb\":{\"@id\":\"https:\\\/\\\/novellix.com\\\/de\\\/produkt\\\/mings-fetteste-beute\\\/#breadcrumb\"},\"inLanguage\":\"de\",\"potentialAction\":[{\"@type\":\"ReadAction\",\"target\":[\"https:\\\/\\\/novellix.com\\\/de\\\/produkt\\\/mings-fetteste-beute\\\/\"]}]},{\"@type\":\"ImageObject\",\"inLanguage\":\"de\",\"@id\":\"https:\\\/\\\/novellix.com\\\/de\\\/produkt\\\/mings-fetteste-beute\\\/#primaryimage\",\"url\":\"https:\\\/\\\/novellix.com\\\/de\\\/wp-content\\\/uploads\\\/sites\\\/2\\\/2025\\\/08\\\/PatriciaHighsmith_MingsFettesteBeute_rgb.jpg\",\"contentUrl\":\"https:\\\/\\\/novellix.com\\\/de\\\/wp-content\\\/uploads\\\/sites\\\/2\\\/2025\\\/08\\\/PatriciaHighsmith_MingsFettesteBeute_rgb.jpg\",\"width\":1230,\"height\":1748},{\"@type\":\"BreadcrumbList\",\"@id\":\"https:\\\/\\\/novellix.com\\\/de\\\/produkt\\\/mings-fetteste-beute\\\/#breadcrumb\",\"itemListElement\":[{\"@type\":\"ListItem\",\"position\":1,\"name\":\"Shop\",\"item\":\"https:\\\/\\\/novellix.com\\\/de\\\/shop\\\/\"},{\"@type\":\"ListItem\",\"position\":2,\"name\":\"Mings fetteste Beute\"}]},{\"@type\":\"WebSite\",\"@id\":\"https:\\\/\\\/novellix.com\\\/de\\\/#website\",\"url\":\"https:\\\/\\\/novellix.com\\\/de\\\/\",\"name\":\"NOVELLIX\",\"description\":\"\",\"potentialAction\":[{\"@type\":\"SearchAction\",\"target\":{\"@type\":\"EntryPoint\",\"urlTemplate\":\"https:\\\/\\\/novellix.com\\\/de\\\/?s={search_term_string}\"},\"query-input\":{\"@type\":\"PropertyValueSpecification\",\"valueRequired\":true,\"valueName\":\"search_term_string\"}}],\"inLanguage\":\"de\"}]}<\/script>\n<!-- \/ Yoast SEO plugin. -->","yoast_head_json":{"title":"Mings fetteste Beute - NOVELLIX","robots":{"index":"index","follow":"follow","max-snippet":"max-snippet:-1","max-image-preview":"max-image-preview:large","max-video-preview":"max-video-preview:-1"},"canonical":"https:\/\/novellix.com\/de\/produkt\/mings-fetteste-beute\/","og_locale":"de_DE","og_type":"article","og_title":"Mings fetteste Beute - NOVELLIX","og_description":"Ming gefiel es nicht, wie Teddie ihn be\u00e4ugte, wenn Elaine nicht zusah. Und manchmal murmelte Teddie, wenn Elaine nicht zuh\u00f6rte, Worte, die, wie Ming wusste, eine Drohung waren. Oder ein Befehl, den Raum zu verlassen. Ming nahm das gelassen. Es galt die W\u00fcrde zu wahren. Ming und Elaine sind ein eingespieltes Team, seitdem sie ihn [...]","og_url":"https:\/\/novellix.com\/de\/produkt\/mings-fetteste-beute\/","og_site_name":"NOVELLIX","article_modified_time":"2025-08-28T12:02:12+00:00","og_image":[{"width":1230,"height":1748,"url":"https:\/\/novellix.com\/de\/wp-content\/uploads\/sites\/2\/2025\/08\/PatriciaHighsmith_MingsFettesteBeute_rgb.jpg","type":"image\/jpeg"}],"twitter_card":"summary_large_image","twitter_misc":{"Gesch\u00e4tzte Lesezeit":"1\u00a0Minute"},"schema":{"@context":"https:\/\/schema.org","@graph":[{"@type":"WebPage","@id":"https:\/\/novellix.com\/de\/produkt\/mings-fetteste-beute\/","url":"https:\/\/novellix.com\/de\/produkt\/mings-fetteste-beute\/","name":"Mings fetteste Beute - NOVELLIX","isPartOf":{"@id":"https:\/\/novellix.com\/de\/#website"},"primaryImageOfPage":{"@id":"https:\/\/novellix.com\/de\/produkt\/mings-fetteste-beute\/#primaryimage"},"image":{"@id":"https:\/\/novellix.com\/de\/produkt\/mings-fetteste-beute\/#primaryimage"},"thumbnailUrl":"https:\/\/novellix.com\/de\/wp-content\/uploads\/sites\/2\/2025\/08\/PatriciaHighsmith_MingsFettesteBeute_rgb.jpg","datePublished":"2025-08-28T11:47:29+00:00","dateModified":"2025-08-28T12:02:12+00:00","breadcrumb":{"@id":"https:\/\/novellix.com\/de\/produkt\/mings-fetteste-beute\/#breadcrumb"},"inLanguage":"de","potentialAction":[{"@type":"ReadAction","target":["https:\/\/novellix.com\/de\/produkt\/mings-fetteste-beute\/"]}]},{"@type":"ImageObject","inLanguage":"de","@id":"https:\/\/novellix.com\/de\/produkt\/mings-fetteste-beute\/#primaryimage","url":"https:\/\/novellix.com\/de\/wp-content\/uploads\/sites\/2\/2025\/08\/PatriciaHighsmith_MingsFettesteBeute_rgb.jpg","contentUrl":"https:\/\/novellix.com\/de\/wp-content\/uploads\/sites\/2\/2025\/08\/PatriciaHighsmith_MingsFettesteBeute_rgb.jpg","width":1230,"height":1748},{"@type":"BreadcrumbList","@id":"https:\/\/novellix.com\/de\/produkt\/mings-fetteste-beute\/#breadcrumb","itemListElement":[{"@type":"ListItem","position":1,"name":"Shop","item":"https:\/\/novellix.com\/de\/shop\/"},{"@type":"ListItem","position":2,"name":"Mings fetteste Beute"}]},{"@type":"WebSite","@id":"https:\/\/novellix.com\/de\/#website","url":"https:\/\/novellix.com\/de\/","name":"NOVELLIX","description":"","potentialAction":[{"@type":"SearchAction","target":{"@type":"EntryPoint","urlTemplate":"https:\/\/novellix.com\/de\/?s={search_term_string}"},"query-input":{"@type":"PropertyValueSpecification","valueRequired":true,"valueName":"search_term_string"}}],"inLanguage":"de"}]}},"_links":{"self":[{"href":"https:\/\/novellix.com\/de\/wp-json\/wp\/v2\/product\/1303321","targetHints":{"allow":["GET"]}}],"collection":[{"href":"https:\/\/novellix.com\/de\/wp-json\/wp\/v2\/product"}],"about":[{"href":"https:\/\/novellix.com\/de\/wp-json\/wp\/v2\/types\/product"}],"wp:featuredmedia":[{"embeddable":true,"href":"https:\/\/novellix.com\/de\/wp-json\/wp\/v2\/media\/1303323"}],"wp:attachment":[{"href":"https:\/\/novellix.com\/de\/wp-json\/wp\/v2\/media?parent=1303321"}],"wp:term":[{"taxonomy":"product_brand","embeddable":true,"href":"https:\/\/novellix.com\/de\/wp-json\/wp\/v2\/product_brand?post=1303321"},{"taxonomy":"product_cat","embeddable":true,"href":"https:\/\/novellix.com\/de\/wp-json\/wp\/v2\/product_cat?post=1303321"},{"taxonomy":"product_tag","embeddable":true,"href":"https:\/\/novellix.com\/de\/wp-json\/wp\/v2\/product_tag?post=1303321"}],"curies":[{"name":"wp","href":"https:\/\/api.w.org\/{rel}","templated":true}]}}