{"id":1303325,"date":"2025-08-28T11:49:50","date_gmt":"2025-08-28T11:49:50","guid":{"rendered":"https:\/\/novellix.com\/de\/?post_type=product&#038;p=1303325"},"modified":"2025-08-28T12:01:13","modified_gmt":"2025-08-28T12:01:13","slug":"dorothy-parker","status":"publish","type":"product","link":"https:\/\/novellix.com\/de\/produkt\/dorothy-parker\/","title":{"rendered":"Dorothy Parker"},"content":{"rendered":"<p data-start=\"2173\" data-end=\"2651\"><em>Eigentlich hie\u00df die Katze Dorothy Parker. Sie hatte sie mit Champagner getauft, ein paar Tropfen davon auf die Stirn getr\u00f6pfelt, den Rest hatte sie getrunken, auf dem Boden sitzend, die schnurrende Katze neben sich. Aber der Name wollte ihr danach nie so recht \u00fcber die Lippen kommen. Dorothy Parker. Was hatte das mit ihr zu tun. In New York war sie nie gewesen, Alkohol trank sie wenn dann allein und selten auf Partys. Sie schrieb nicht einmal Tagebuch.<\/em><\/p>\n<p data-start=\"2653\" data-end=\"2988\">Noras Katze Doro ist verschwunden. Wenn sie ehrlich ist, wei\u00df sie nicht genau, wie lange schon. Das Tier ist zwar Teil ihres Lebens, bleibt ihr dabei aber dennoch fremd. Irgendwie f\u00fchlt sich Nora \u00fcberhaupt ein bisschen fremd in ihrem Leben. Die vorwurfsvollen Tipps der beauftragten Expertin f\u00fcr verschwundene Katzen helfen da wenig.<\/p>\n<p data-start=\"2990\" data-end=\"3220\">Am\u00fcsant lakonisch und zugleich nachdenklich schreibt Sarah Raich \u00fcber die Beziehungen zu geliebten Katzen und unbekannten Nachbarn, \u00fcber den Sinn des Lebens und die Absurdit\u00e4ten des Alltags.<\/p>\n","protected":false},"excerpt":{"rendered":"<p>Eigentlich hie\u00df die Katze Dorothy Parker. Sie hatte sie mit Champagner getauft, ein paar Tropfen davon auf die Stirn getr\u00f6pfelt, den Rest hatte sie getrunken, auf dem Boden sitzend, die schnurrende Katze neben sich. Aber der Name wollte ihr danach nie so recht \u00fcber die Lippen kommen. Dorothy Parker. Was hatte das mit ihr zu [&#8230;]\n","protected":false},"featured_media":1303326,"template":"","meta":[],"product_brand":[],"product_cat":[79],"product_tag":[],"class_list":{"0":"post-1303325","1":"product","2":"type-product","3":"status-publish","4":"has-post-thumbnail","6":"product_cat-noveller","8":"first","9":"instock","10":"shipping-taxable","11":"product-type-simple"},"yoast_head":"<!-- This site is optimized with the Yoast SEO plugin v27.3 - https:\/\/yoast.com\/product\/yoast-seo-wordpress\/ -->\n<title>Dorothy Parker - NOVELLIX<\/title>\n<meta name=\"robots\" content=\"index, follow, max-snippet:-1, max-image-preview:large, max-video-preview:-1\" \/>\n<link rel=\"canonical\" href=\"https:\/\/novellix.com\/de\/produkt\/dorothy-parker\/\" \/>\n<meta property=\"og:locale\" content=\"de_DE\" \/>\n<meta property=\"og:type\" content=\"article\" \/>\n<meta property=\"og:title\" content=\"Dorothy Parker - NOVELLIX\" \/>\n<meta property=\"og:description\" content=\"Eigentlich hie\u00df die Katze Dorothy Parker. Sie hatte sie mit Champagner getauft, ein paar Tropfen davon auf die Stirn getr\u00f6pfelt, den Rest hatte sie getrunken, auf dem Boden sitzend, die schnurrende Katze neben sich. Aber der Name wollte ihr danach nie so recht \u00fcber die Lippen kommen. Dorothy Parker. Was hatte das mit ihr zu [...]\" \/>\n<meta property=\"og:url\" content=\"https:\/\/novellix.com\/de\/produkt\/dorothy-parker\/\" \/>\n<meta property=\"og:site_name\" content=\"NOVELLIX\" \/>\n<meta property=\"article:modified_time\" content=\"2025-08-28T12:01:13+00:00\" \/>\n<meta property=\"og:image\" content=\"https:\/\/novellix.com\/de\/wp-content\/uploads\/sites\/2\/2025\/08\/SarahRaich_DorothyParker_rgb.jpg\" \/>\n\t<meta property=\"og:image:width\" content=\"1230\" \/>\n\t<meta property=\"og:image:height\" content=\"1748\" \/>\n\t<meta property=\"og:image:type\" content=\"image\/jpeg\" \/>\n<meta name=\"twitter:card\" content=\"summary_large_image\" \/>\n<meta name=\"twitter:label1\" content=\"Gesch\u00e4tzte Lesezeit\" \/>\n\t<meta name=\"twitter:data1\" content=\"1\u00a0Minute\" \/>\n<script type=\"application\/ld+json\" class=\"yoast-schema-graph\">{\"@context\":\"https:\\\/\\\/schema.org\",\"@graph\":[{\"@type\":\"WebPage\",\"@id\":\"https:\\\/\\\/novellix.com\\\/de\\\/produkt\\\/dorothy-parker\\\/\",\"url\":\"https:\\\/\\\/novellix.com\\\/de\\\/produkt\\\/dorothy-parker\\\/\",\"name\":\"Dorothy Parker - NOVELLIX\",\"isPartOf\":{\"@id\":\"https:\\\/\\\/novellix.com\\\/de\\\/#website\"},\"primaryImageOfPage\":{\"@id\":\"https:\\\/\\\/novellix.com\\\/de\\\/produkt\\\/dorothy-parker\\\/#primaryimage\"},\"image\":{\"@id\":\"https:\\\/\\\/novellix.com\\\/de\\\/produkt\\\/dorothy-parker\\\/#primaryimage\"},\"thumbnailUrl\":\"https:\\\/\\\/novellix.com\\\/de\\\/wp-content\\\/uploads\\\/sites\\\/2\\\/2025\\\/08\\\/SarahRaich_DorothyParker_rgb.jpg\",\"datePublished\":\"2025-08-28T11:49:50+00:00\",\"dateModified\":\"2025-08-28T12:01:13+00:00\",\"breadcrumb\":{\"@id\":\"https:\\\/\\\/novellix.com\\\/de\\\/produkt\\\/dorothy-parker\\\/#breadcrumb\"},\"inLanguage\":\"de\",\"potentialAction\":[{\"@type\":\"ReadAction\",\"target\":[\"https:\\\/\\\/novellix.com\\\/de\\\/produkt\\\/dorothy-parker\\\/\"]}]},{\"@type\":\"ImageObject\",\"inLanguage\":\"de\",\"@id\":\"https:\\\/\\\/novellix.com\\\/de\\\/produkt\\\/dorothy-parker\\\/#primaryimage\",\"url\":\"https:\\\/\\\/novellix.com\\\/de\\\/wp-content\\\/uploads\\\/sites\\\/2\\\/2025\\\/08\\\/SarahRaich_DorothyParker_rgb.jpg\",\"contentUrl\":\"https:\\\/\\\/novellix.com\\\/de\\\/wp-content\\\/uploads\\\/sites\\\/2\\\/2025\\\/08\\\/SarahRaich_DorothyParker_rgb.jpg\",\"width\":1230,\"height\":1748},{\"@type\":\"BreadcrumbList\",\"@id\":\"https:\\\/\\\/novellix.com\\\/de\\\/produkt\\\/dorothy-parker\\\/#breadcrumb\",\"itemListElement\":[{\"@type\":\"ListItem\",\"position\":1,\"name\":\"Shop\",\"item\":\"https:\\\/\\\/novellix.com\\\/de\\\/shop\\\/\"},{\"@type\":\"ListItem\",\"position\":2,\"name\":\"Dorothy Parker\"}]},{\"@type\":\"WebSite\",\"@id\":\"https:\\\/\\\/novellix.com\\\/de\\\/#website\",\"url\":\"https:\\\/\\\/novellix.com\\\/de\\\/\",\"name\":\"NOVELLIX\",\"description\":\"\",\"potentialAction\":[{\"@type\":\"SearchAction\",\"target\":{\"@type\":\"EntryPoint\",\"urlTemplate\":\"https:\\\/\\\/novellix.com\\\/de\\\/?s={search_term_string}\"},\"query-input\":{\"@type\":\"PropertyValueSpecification\",\"valueRequired\":true,\"valueName\":\"search_term_string\"}}],\"inLanguage\":\"de\"}]}<\/script>\n<!-- \/ Yoast SEO plugin. -->","yoast_head_json":{"title":"Dorothy Parker - NOVELLIX","robots":{"index":"index","follow":"follow","max-snippet":"max-snippet:-1","max-image-preview":"max-image-preview:large","max-video-preview":"max-video-preview:-1"},"canonical":"https:\/\/novellix.com\/de\/produkt\/dorothy-parker\/","og_locale":"de_DE","og_type":"article","og_title":"Dorothy Parker - NOVELLIX","og_description":"Eigentlich hie\u00df die Katze Dorothy Parker. Sie hatte sie mit Champagner getauft, ein paar Tropfen davon auf die Stirn getr\u00f6pfelt, den Rest hatte sie getrunken, auf dem Boden sitzend, die schnurrende Katze neben sich. Aber der Name wollte ihr danach nie so recht \u00fcber die Lippen kommen. Dorothy Parker. Was hatte das mit ihr zu [...]","og_url":"https:\/\/novellix.com\/de\/produkt\/dorothy-parker\/","og_site_name":"NOVELLIX","article_modified_time":"2025-08-28T12:01:13+00:00","og_image":[{"width":1230,"height":1748,"url":"https:\/\/novellix.com\/de\/wp-content\/uploads\/sites\/2\/2025\/08\/SarahRaich_DorothyParker_rgb.jpg","type":"image\/jpeg"}],"twitter_card":"summary_large_image","twitter_misc":{"Gesch\u00e4tzte Lesezeit":"1\u00a0Minute"},"schema":{"@context":"https:\/\/schema.org","@graph":[{"@type":"WebPage","@id":"https:\/\/novellix.com\/de\/produkt\/dorothy-parker\/","url":"https:\/\/novellix.com\/de\/produkt\/dorothy-parker\/","name":"Dorothy Parker - NOVELLIX","isPartOf":{"@id":"https:\/\/novellix.com\/de\/#website"},"primaryImageOfPage":{"@id":"https:\/\/novellix.com\/de\/produkt\/dorothy-parker\/#primaryimage"},"image":{"@id":"https:\/\/novellix.com\/de\/produkt\/dorothy-parker\/#primaryimage"},"thumbnailUrl":"https:\/\/novellix.com\/de\/wp-content\/uploads\/sites\/2\/2025\/08\/SarahRaich_DorothyParker_rgb.jpg","datePublished":"2025-08-28T11:49:50+00:00","dateModified":"2025-08-28T12:01:13+00:00","breadcrumb":{"@id":"https:\/\/novellix.com\/de\/produkt\/dorothy-parker\/#breadcrumb"},"inLanguage":"de","potentialAction":[{"@type":"ReadAction","target":["https:\/\/novellix.com\/de\/produkt\/dorothy-parker\/"]}]},{"@type":"ImageObject","inLanguage":"de","@id":"https:\/\/novellix.com\/de\/produkt\/dorothy-parker\/#primaryimage","url":"https:\/\/novellix.com\/de\/wp-content\/uploads\/sites\/2\/2025\/08\/SarahRaich_DorothyParker_rgb.jpg","contentUrl":"https:\/\/novellix.com\/de\/wp-content\/uploads\/sites\/2\/2025\/08\/SarahRaich_DorothyParker_rgb.jpg","width":1230,"height":1748},{"@type":"BreadcrumbList","@id":"https:\/\/novellix.com\/de\/produkt\/dorothy-parker\/#breadcrumb","itemListElement":[{"@type":"ListItem","position":1,"name":"Shop","item":"https:\/\/novellix.com\/de\/shop\/"},{"@type":"ListItem","position":2,"name":"Dorothy Parker"}]},{"@type":"WebSite","@id":"https:\/\/novellix.com\/de\/#website","url":"https:\/\/novellix.com\/de\/","name":"NOVELLIX","description":"","potentialAction":[{"@type":"SearchAction","target":{"@type":"EntryPoint","urlTemplate":"https:\/\/novellix.com\/de\/?s={search_term_string}"},"query-input":{"@type":"PropertyValueSpecification","valueRequired":true,"valueName":"search_term_string"}}],"inLanguage":"de"}]}},"_links":{"self":[{"href":"https:\/\/novellix.com\/de\/wp-json\/wp\/v2\/product\/1303325","targetHints":{"allow":["GET"]}}],"collection":[{"href":"https:\/\/novellix.com\/de\/wp-json\/wp\/v2\/product"}],"about":[{"href":"https:\/\/novellix.com\/de\/wp-json\/wp\/v2\/types\/product"}],"wp:featuredmedia":[{"embeddable":true,"href":"https:\/\/novellix.com\/de\/wp-json\/wp\/v2\/media\/1303326"}],"wp:attachment":[{"href":"https:\/\/novellix.com\/de\/wp-json\/wp\/v2\/media?parent=1303325"}],"wp:term":[{"taxonomy":"product_brand","embeddable":true,"href":"https:\/\/novellix.com\/de\/wp-json\/wp\/v2\/product_brand?post=1303325"},{"taxonomy":"product_cat","embeddable":true,"href":"https:\/\/novellix.com\/de\/wp-json\/wp\/v2\/product_cat?post=1303325"},{"taxonomy":"product_tag","embeddable":true,"href":"https:\/\/novellix.com\/de\/wp-json\/wp\/v2\/product_tag?post=1303325"}],"curies":[{"name":"wp","href":"https:\/\/api.w.org\/{rel}","templated":true}]}}