{"id":1303327,"date":"2025-08-28T11:54:29","date_gmt":"2025-08-28T11:54:29","guid":{"rendered":"https:\/\/novellix.com\/de\/?post_type=product&#038;p=1303327"},"modified":"2025-08-28T11:54:29","modified_gmt":"2025-08-28T11:54:29","slug":"die-katze","status":"publish","type":"product","link":"https:\/\/novellix.com\/de\/produkt\/die-katze\/","title":{"rendered":"Die Katze"},"content":{"rendered":"<p data-start=\"3942\" data-end=\"4382\"><em>Damit begann der Streit um die Katze. Er sperrte sie aus, sie lie\u00df sie wieder herein. Wenn sie abends im Bett lagen, h\u00f6rten sie das schwache Maunzen vor der Haust\u00fcr, und sie stand auf, um die Katze zu f\u00fcttern, w\u00e4hrend ein r\u00e4tselhafter Zorn in ihm aufstieg. \u201eLass sie auf keinen Fall rein\u201d, rief er ihr nach. Doch am Morgen war die Katze trotzdem unten im Wohnzimmer und sprang mit einem eleganten Satz auf ihren Scho\u00df.<\/em><\/p>\n<p data-start=\"4384\" data-end=\"4719\">Ein Schicksalsschlag wie der Verlust eines ungeborenen Kindes kann eine Ehe und ihren Alltag aus der Balance bringen. Auch ohne Worte suchen sich Sorge, Trauer, \u00c4ngste, W\u00fcnsche und Wut ihren Weg an die Oberfl\u00e4che. Eine Katze kann dabei Trost spenden \u2013 oder zur Projektionsfl\u00e4che werden f\u00fcr all das, was nur schwer gesagt werden kann.<\/p>\n<p data-start=\"4384\" data-end=\"4719\">Typisch f\u00fcr die d\u00e4nische Autorin und literarische Pionierin Tove Ditlevsen, kreist diese kurze Erz\u00e4hlung um eine Frau, die zwar leise, aber beharrlich ihre eigenen Bed\u00fcrfnisse und ein selbstbestimmtes Leben einfordert<\/p>\n","protected":false},"excerpt":{"rendered":"<p>Damit begann der Streit um die Katze. Er sperrte sie aus, sie lie\u00df sie wieder herein. Wenn sie abends im Bett lagen, h\u00f6rten sie das schwache Maunzen vor der Haust\u00fcr, und sie stand auf, um die Katze zu f\u00fcttern, w\u00e4hrend ein r\u00e4tselhafter Zorn in ihm aufstieg. \u201eLass sie auf keinen Fall rein\u201d, rief er ihr [&#8230;]\n","protected":false},"featured_media":1303328,"template":"","meta":[],"product_brand":[],"product_cat":[79],"product_tag":[],"class_list":{"0":"post-1303327","1":"product","2":"type-product","3":"status-publish","4":"has-post-thumbnail","6":"product_cat-noveller","8":"first","9":"instock","10":"shipping-taxable","11":"product-type-simple"},"yoast_head":"<!-- This site is optimized with the Yoast SEO plugin v27.3 - https:\/\/yoast.com\/product\/yoast-seo-wordpress\/ -->\n<title>Die Katze - NOVELLIX<\/title>\n<meta name=\"robots\" content=\"index, follow, max-snippet:-1, max-image-preview:large, max-video-preview:-1\" \/>\n<link rel=\"canonical\" href=\"https:\/\/novellix.com\/de\/produkt\/die-katze\/\" \/>\n<meta property=\"og:locale\" content=\"de_DE\" \/>\n<meta property=\"og:type\" content=\"article\" \/>\n<meta property=\"og:title\" content=\"Die Katze - NOVELLIX\" \/>\n<meta property=\"og:description\" content=\"Damit begann der Streit um die Katze. Er sperrte sie aus, sie lie\u00df sie wieder herein. Wenn sie abends im Bett lagen, h\u00f6rten sie das schwache Maunzen vor der Haust\u00fcr, und sie stand auf, um die Katze zu f\u00fcttern, w\u00e4hrend ein r\u00e4tselhafter Zorn in ihm aufstieg. \u201eLass sie auf keinen Fall rein\u201d, rief er ihr [...]\" \/>\n<meta property=\"og:url\" content=\"https:\/\/novellix.com\/de\/produkt\/die-katze\/\" \/>\n<meta property=\"og:site_name\" content=\"NOVELLIX\" \/>\n<meta property=\"og:image\" content=\"https:\/\/novellix.com\/de\/wp-content\/uploads\/sites\/2\/2025\/08\/ToveDitlevsen_DieKatze_rgb.jpg\" \/>\n\t<meta property=\"og:image:width\" content=\"1234\" \/>\n\t<meta property=\"og:image:height\" content=\"1748\" \/>\n\t<meta property=\"og:image:type\" content=\"image\/jpeg\" \/>\n<meta name=\"twitter:card\" content=\"summary_large_image\" \/>\n<meta name=\"twitter:label1\" content=\"Gesch\u00e4tzte Lesezeit\" \/>\n\t<meta name=\"twitter:data1\" content=\"1\u00a0Minute\" \/>\n<script type=\"application\/ld+json\" class=\"yoast-schema-graph\">{\"@context\":\"https:\\\/\\\/schema.org\",\"@graph\":[{\"@type\":\"WebPage\",\"@id\":\"https:\\\/\\\/novellix.com\\\/de\\\/produkt\\\/die-katze\\\/\",\"url\":\"https:\\\/\\\/novellix.com\\\/de\\\/produkt\\\/die-katze\\\/\",\"name\":\"Die Katze - NOVELLIX\",\"isPartOf\":{\"@id\":\"https:\\\/\\\/novellix.com\\\/de\\\/#website\"},\"primaryImageOfPage\":{\"@id\":\"https:\\\/\\\/novellix.com\\\/de\\\/produkt\\\/die-katze\\\/#primaryimage\"},\"image\":{\"@id\":\"https:\\\/\\\/novellix.com\\\/de\\\/produkt\\\/die-katze\\\/#primaryimage\"},\"thumbnailUrl\":\"https:\\\/\\\/novellix.com\\\/de\\\/wp-content\\\/uploads\\\/sites\\\/2\\\/2025\\\/08\\\/ToveDitlevsen_DieKatze_rgb.jpg\",\"datePublished\":\"2025-08-28T11:54:29+00:00\",\"breadcrumb\":{\"@id\":\"https:\\\/\\\/novellix.com\\\/de\\\/produkt\\\/die-katze\\\/#breadcrumb\"},\"inLanguage\":\"de\",\"potentialAction\":[{\"@type\":\"ReadAction\",\"target\":[\"https:\\\/\\\/novellix.com\\\/de\\\/produkt\\\/die-katze\\\/\"]}]},{\"@type\":\"ImageObject\",\"inLanguage\":\"de\",\"@id\":\"https:\\\/\\\/novellix.com\\\/de\\\/produkt\\\/die-katze\\\/#primaryimage\",\"url\":\"https:\\\/\\\/novellix.com\\\/de\\\/wp-content\\\/uploads\\\/sites\\\/2\\\/2025\\\/08\\\/ToveDitlevsen_DieKatze_rgb.jpg\",\"contentUrl\":\"https:\\\/\\\/novellix.com\\\/de\\\/wp-content\\\/uploads\\\/sites\\\/2\\\/2025\\\/08\\\/ToveDitlevsen_DieKatze_rgb.jpg\",\"width\":1234,\"height\":1748},{\"@type\":\"BreadcrumbList\",\"@id\":\"https:\\\/\\\/novellix.com\\\/de\\\/produkt\\\/die-katze\\\/#breadcrumb\",\"itemListElement\":[{\"@type\":\"ListItem\",\"position\":1,\"name\":\"Shop\",\"item\":\"https:\\\/\\\/novellix.com\\\/de\\\/shop\\\/\"},{\"@type\":\"ListItem\",\"position\":2,\"name\":\"Die Katze\"}]},{\"@type\":\"WebSite\",\"@id\":\"https:\\\/\\\/novellix.com\\\/de\\\/#website\",\"url\":\"https:\\\/\\\/novellix.com\\\/de\\\/\",\"name\":\"NOVELLIX\",\"description\":\"\",\"potentialAction\":[{\"@type\":\"SearchAction\",\"target\":{\"@type\":\"EntryPoint\",\"urlTemplate\":\"https:\\\/\\\/novellix.com\\\/de\\\/?s={search_term_string}\"},\"query-input\":{\"@type\":\"PropertyValueSpecification\",\"valueRequired\":true,\"valueName\":\"search_term_string\"}}],\"inLanguage\":\"de\"}]}<\/script>\n<!-- \/ Yoast SEO plugin. -->","yoast_head_json":{"title":"Die Katze - NOVELLIX","robots":{"index":"index","follow":"follow","max-snippet":"max-snippet:-1","max-image-preview":"max-image-preview:large","max-video-preview":"max-video-preview:-1"},"canonical":"https:\/\/novellix.com\/de\/produkt\/die-katze\/","og_locale":"de_DE","og_type":"article","og_title":"Die Katze - NOVELLIX","og_description":"Damit begann der Streit um die Katze. Er sperrte sie aus, sie lie\u00df sie wieder herein. Wenn sie abends im Bett lagen, h\u00f6rten sie das schwache Maunzen vor der Haust\u00fcr, und sie stand auf, um die Katze zu f\u00fcttern, w\u00e4hrend ein r\u00e4tselhafter Zorn in ihm aufstieg. \u201eLass sie auf keinen Fall rein\u201d, rief er ihr [...]","og_url":"https:\/\/novellix.com\/de\/produkt\/die-katze\/","og_site_name":"NOVELLIX","og_image":[{"width":1234,"height":1748,"url":"https:\/\/novellix.com\/de\/wp-content\/uploads\/sites\/2\/2025\/08\/ToveDitlevsen_DieKatze_rgb.jpg","type":"image\/jpeg"}],"twitter_card":"summary_large_image","twitter_misc":{"Gesch\u00e4tzte Lesezeit":"1\u00a0Minute"},"schema":{"@context":"https:\/\/schema.org","@graph":[{"@type":"WebPage","@id":"https:\/\/novellix.com\/de\/produkt\/die-katze\/","url":"https:\/\/novellix.com\/de\/produkt\/die-katze\/","name":"Die Katze - NOVELLIX","isPartOf":{"@id":"https:\/\/novellix.com\/de\/#website"},"primaryImageOfPage":{"@id":"https:\/\/novellix.com\/de\/produkt\/die-katze\/#primaryimage"},"image":{"@id":"https:\/\/novellix.com\/de\/produkt\/die-katze\/#primaryimage"},"thumbnailUrl":"https:\/\/novellix.com\/de\/wp-content\/uploads\/sites\/2\/2025\/08\/ToveDitlevsen_DieKatze_rgb.jpg","datePublished":"2025-08-28T11:54:29+00:00","breadcrumb":{"@id":"https:\/\/novellix.com\/de\/produkt\/die-katze\/#breadcrumb"},"inLanguage":"de","potentialAction":[{"@type":"ReadAction","target":["https:\/\/novellix.com\/de\/produkt\/die-katze\/"]}]},{"@type":"ImageObject","inLanguage":"de","@id":"https:\/\/novellix.com\/de\/produkt\/die-katze\/#primaryimage","url":"https:\/\/novellix.com\/de\/wp-content\/uploads\/sites\/2\/2025\/08\/ToveDitlevsen_DieKatze_rgb.jpg","contentUrl":"https:\/\/novellix.com\/de\/wp-content\/uploads\/sites\/2\/2025\/08\/ToveDitlevsen_DieKatze_rgb.jpg","width":1234,"height":1748},{"@type":"BreadcrumbList","@id":"https:\/\/novellix.com\/de\/produkt\/die-katze\/#breadcrumb","itemListElement":[{"@type":"ListItem","position":1,"name":"Shop","item":"https:\/\/novellix.com\/de\/shop\/"},{"@type":"ListItem","position":2,"name":"Die Katze"}]},{"@type":"WebSite","@id":"https:\/\/novellix.com\/de\/#website","url":"https:\/\/novellix.com\/de\/","name":"NOVELLIX","description":"","potentialAction":[{"@type":"SearchAction","target":{"@type":"EntryPoint","urlTemplate":"https:\/\/novellix.com\/de\/?s={search_term_string}"},"query-input":{"@type":"PropertyValueSpecification","valueRequired":true,"valueName":"search_term_string"}}],"inLanguage":"de"}]}},"_links":{"self":[{"href":"https:\/\/novellix.com\/de\/wp-json\/wp\/v2\/product\/1303327","targetHints":{"allow":["GET"]}}],"collection":[{"href":"https:\/\/novellix.com\/de\/wp-json\/wp\/v2\/product"}],"about":[{"href":"https:\/\/novellix.com\/de\/wp-json\/wp\/v2\/types\/product"}],"wp:featuredmedia":[{"embeddable":true,"href":"https:\/\/novellix.com\/de\/wp-json\/wp\/v2\/media\/1303328"}],"wp:attachment":[{"href":"https:\/\/novellix.com\/de\/wp-json\/wp\/v2\/media?parent=1303327"}],"wp:term":[{"taxonomy":"product_brand","embeddable":true,"href":"https:\/\/novellix.com\/de\/wp-json\/wp\/v2\/product_brand?post=1303327"},{"taxonomy":"product_cat","embeddable":true,"href":"https:\/\/novellix.com\/de\/wp-json\/wp\/v2\/product_cat?post=1303327"},{"taxonomy":"product_tag","embeddable":true,"href":"https:\/\/novellix.com\/de\/wp-json\/wp\/v2\/product_tag?post=1303327"}],"curies":[{"name":"wp","href":"https:\/\/api.w.org\/{rel}","templated":true}]}}