{"id":1303329,"date":"2025-08-28T11:59:41","date_gmt":"2025-08-28T11:59:41","guid":{"rendered":"https:\/\/novellix.com\/de\/?post_type=product&#038;p=1303329"},"modified":"2025-08-28T11:59:41","modified_gmt":"2025-08-28T11:59:41","slug":"el-magnifico-am-ende-seiner-tage","status":"publish","type":"product","link":"https:\/\/novellix.com\/de\/produkt\/el-magnifico-am-ende-seiner-tage\/","title":{"rendered":"El Magnifico am Ende seiner Tage"},"content":{"rendered":"<p data-start=\"5889\" data-end=\"6445\"><em>Wenn Katzenbabys zum ersten Mal die blassblauen Augen aufmachen und die vor ihnen aufragenden Menschen erblicken, fauchen sie bisweilen und str\u00e4uben sich, bevor sie schlie\u00dflich gesellig werden. In Susies Wurf aber war ein schwarz-wei\u00dfes, das, als es die Augen \u00f6ffnete und mich sah, unsicher von der alten Wolldecke auf den Boden tapste, dann auf mein Bein kletterte \u2026 an meinem Arm bis zur Schulter, wo es sich mit seinen winzigen, pieksenden Krallen festhielt und sich unter mein Kinn kuschelte. Das war Liebe, eine Liebe f\u00fcrs Leben.<\/em><\/p>\n<p data-start=\"6447\" data-end=\"6621\">Schon seit \u00fcber 14 Jahren verbindet den Kater El Magnifico und seine Menschen eine Zuneigung, die sie durch alle H\u00f6hen und Tiefen des Lebens tr\u00e4gt, vom Anfang bis ans Ende.<\/p>\n<p data-start=\"6623\" data-end=\"6883\">Oft schon wurde die Liebe zwischen Katze und Mensch beschrieben, aber nur selten auf diese rundum mitf\u00fchlende, herzerw\u00e4rmende und dabei nie pathetische Art und Weise, wie es die Nobelpreistr\u00e4gerin Doris Lessing hier tut.<\/p>\n","protected":false},"excerpt":{"rendered":"<p>Wenn Katzenbabys zum ersten Mal die blassblauen Augen aufmachen und die vor ihnen aufragenden Menschen erblicken, fauchen sie bisweilen und str\u00e4uben sich, bevor sie schlie\u00dflich gesellig werden. In Susies Wurf aber war ein schwarz-wei\u00dfes, das, als es die Augen \u00f6ffnete und mich sah, unsicher von der alten Wolldecke auf den Boden tapste, dann auf mein [&#8230;]\n","protected":false},"featured_media":1303330,"template":"","meta":[],"product_brand":[],"product_cat":[79],"product_tag":[],"class_list":{"0":"post-1303329","1":"product","2":"type-product","3":"status-publish","4":"has-post-thumbnail","6":"product_cat-noveller","8":"first","9":"instock","10":"shipping-taxable","11":"product-type-simple"},"yoast_head":"<!-- This site is optimized with the Yoast SEO plugin v27.3 - https:\/\/yoast.com\/product\/yoast-seo-wordpress\/ -->\n<title>El Magnifico am Ende seiner Tage - NOVELLIX<\/title>\n<meta name=\"robots\" content=\"index, follow, max-snippet:-1, max-image-preview:large, max-video-preview:-1\" \/>\n<link rel=\"canonical\" href=\"https:\/\/novellix.com\/de\/produkt\/el-magnifico-am-ende-seiner-tage\/\" \/>\n<meta property=\"og:locale\" content=\"de_DE\" \/>\n<meta property=\"og:type\" content=\"article\" \/>\n<meta property=\"og:title\" content=\"El Magnifico am Ende seiner Tage - NOVELLIX\" \/>\n<meta property=\"og:description\" content=\"Wenn Katzenbabys zum ersten Mal die blassblauen Augen aufmachen und die vor ihnen aufragenden Menschen erblicken, fauchen sie bisweilen und str\u00e4uben sich, bevor sie schlie\u00dflich gesellig werden. In Susies Wurf aber war ein schwarz-wei\u00dfes, das, als es die Augen \u00f6ffnete und mich sah, unsicher von der alten Wolldecke auf den Boden tapste, dann auf mein [...]\" \/>\n<meta property=\"og:url\" content=\"https:\/\/novellix.com\/de\/produkt\/el-magnifico-am-ende-seiner-tage\/\" \/>\n<meta property=\"og:site_name\" content=\"NOVELLIX\" \/>\n<meta property=\"og:image\" content=\"https:\/\/novellix.com\/de\/wp-content\/uploads\/sites\/2\/2025\/08\/DorisLessing_ElMagnificoEndeSeinerTage_rgb-1.jpg\" \/>\n\t<meta property=\"og:image:width\" content=\"1236\" \/>\n\t<meta property=\"og:image:height\" content=\"1748\" \/>\n\t<meta property=\"og:image:type\" content=\"image\/jpeg\" \/>\n<meta name=\"twitter:card\" content=\"summary_large_image\" \/>\n<meta name=\"twitter:label1\" content=\"Gesch\u00e4tzte Lesezeit\" \/>\n\t<meta name=\"twitter:data1\" content=\"1\u00a0Minute\" \/>\n<script type=\"application\/ld+json\" class=\"yoast-schema-graph\">{\"@context\":\"https:\\\/\\\/schema.org\",\"@graph\":[{\"@type\":\"WebPage\",\"@id\":\"https:\\\/\\\/novellix.com\\\/de\\\/produkt\\\/el-magnifico-am-ende-seiner-tage\\\/\",\"url\":\"https:\\\/\\\/novellix.com\\\/de\\\/produkt\\\/el-magnifico-am-ende-seiner-tage\\\/\",\"name\":\"El Magnifico am Ende seiner Tage - NOVELLIX\",\"isPartOf\":{\"@id\":\"https:\\\/\\\/novellix.com\\\/de\\\/#website\"},\"primaryImageOfPage\":{\"@id\":\"https:\\\/\\\/novellix.com\\\/de\\\/produkt\\\/el-magnifico-am-ende-seiner-tage\\\/#primaryimage\"},\"image\":{\"@id\":\"https:\\\/\\\/novellix.com\\\/de\\\/produkt\\\/el-magnifico-am-ende-seiner-tage\\\/#primaryimage\"},\"thumbnailUrl\":\"https:\\\/\\\/novellix.com\\\/de\\\/wp-content\\\/uploads\\\/sites\\\/2\\\/2025\\\/08\\\/DorisLessing_ElMagnificoEndeSeinerTage_rgb-1.jpg\",\"datePublished\":\"2025-08-28T11:59:41+00:00\",\"breadcrumb\":{\"@id\":\"https:\\\/\\\/novellix.com\\\/de\\\/produkt\\\/el-magnifico-am-ende-seiner-tage\\\/#breadcrumb\"},\"inLanguage\":\"de\",\"potentialAction\":[{\"@type\":\"ReadAction\",\"target\":[\"https:\\\/\\\/novellix.com\\\/de\\\/produkt\\\/el-magnifico-am-ende-seiner-tage\\\/\"]}]},{\"@type\":\"ImageObject\",\"inLanguage\":\"de\",\"@id\":\"https:\\\/\\\/novellix.com\\\/de\\\/produkt\\\/el-magnifico-am-ende-seiner-tage\\\/#primaryimage\",\"url\":\"https:\\\/\\\/novellix.com\\\/de\\\/wp-content\\\/uploads\\\/sites\\\/2\\\/2025\\\/08\\\/DorisLessing_ElMagnificoEndeSeinerTage_rgb-1.jpg\",\"contentUrl\":\"https:\\\/\\\/novellix.com\\\/de\\\/wp-content\\\/uploads\\\/sites\\\/2\\\/2025\\\/08\\\/DorisLessing_ElMagnificoEndeSeinerTage_rgb-1.jpg\",\"width\":1236,\"height\":1748},{\"@type\":\"BreadcrumbList\",\"@id\":\"https:\\\/\\\/novellix.com\\\/de\\\/produkt\\\/el-magnifico-am-ende-seiner-tage\\\/#breadcrumb\",\"itemListElement\":[{\"@type\":\"ListItem\",\"position\":1,\"name\":\"Shop\",\"item\":\"https:\\\/\\\/novellix.com\\\/de\\\/shop\\\/\"},{\"@type\":\"ListItem\",\"position\":2,\"name\":\"El Magnifico am Ende seiner Tage\"}]},{\"@type\":\"WebSite\",\"@id\":\"https:\\\/\\\/novellix.com\\\/de\\\/#website\",\"url\":\"https:\\\/\\\/novellix.com\\\/de\\\/\",\"name\":\"NOVELLIX\",\"description\":\"\",\"potentialAction\":[{\"@type\":\"SearchAction\",\"target\":{\"@type\":\"EntryPoint\",\"urlTemplate\":\"https:\\\/\\\/novellix.com\\\/de\\\/?s={search_term_string}\"},\"query-input\":{\"@type\":\"PropertyValueSpecification\",\"valueRequired\":true,\"valueName\":\"search_term_string\"}}],\"inLanguage\":\"de\"}]}<\/script>\n<!-- \/ Yoast SEO plugin. -->","yoast_head_json":{"title":"El Magnifico am Ende seiner Tage - NOVELLIX","robots":{"index":"index","follow":"follow","max-snippet":"max-snippet:-1","max-image-preview":"max-image-preview:large","max-video-preview":"max-video-preview:-1"},"canonical":"https:\/\/novellix.com\/de\/produkt\/el-magnifico-am-ende-seiner-tage\/","og_locale":"de_DE","og_type":"article","og_title":"El Magnifico am Ende seiner Tage - NOVELLIX","og_description":"Wenn Katzenbabys zum ersten Mal die blassblauen Augen aufmachen und die vor ihnen aufragenden Menschen erblicken, fauchen sie bisweilen und str\u00e4uben sich, bevor sie schlie\u00dflich gesellig werden. In Susies Wurf aber war ein schwarz-wei\u00dfes, das, als es die Augen \u00f6ffnete und mich sah, unsicher von der alten Wolldecke auf den Boden tapste, dann auf mein [...]","og_url":"https:\/\/novellix.com\/de\/produkt\/el-magnifico-am-ende-seiner-tage\/","og_site_name":"NOVELLIX","og_image":[{"width":1236,"height":1748,"url":"https:\/\/novellix.com\/de\/wp-content\/uploads\/sites\/2\/2025\/08\/DorisLessing_ElMagnificoEndeSeinerTage_rgb-1.jpg","type":"image\/jpeg"}],"twitter_card":"summary_large_image","twitter_misc":{"Gesch\u00e4tzte Lesezeit":"1\u00a0Minute"},"schema":{"@context":"https:\/\/schema.org","@graph":[{"@type":"WebPage","@id":"https:\/\/novellix.com\/de\/produkt\/el-magnifico-am-ende-seiner-tage\/","url":"https:\/\/novellix.com\/de\/produkt\/el-magnifico-am-ende-seiner-tage\/","name":"El Magnifico am Ende seiner Tage - NOVELLIX","isPartOf":{"@id":"https:\/\/novellix.com\/de\/#website"},"primaryImageOfPage":{"@id":"https:\/\/novellix.com\/de\/produkt\/el-magnifico-am-ende-seiner-tage\/#primaryimage"},"image":{"@id":"https:\/\/novellix.com\/de\/produkt\/el-magnifico-am-ende-seiner-tage\/#primaryimage"},"thumbnailUrl":"https:\/\/novellix.com\/de\/wp-content\/uploads\/sites\/2\/2025\/08\/DorisLessing_ElMagnificoEndeSeinerTage_rgb-1.jpg","datePublished":"2025-08-28T11:59:41+00:00","breadcrumb":{"@id":"https:\/\/novellix.com\/de\/produkt\/el-magnifico-am-ende-seiner-tage\/#breadcrumb"},"inLanguage":"de","potentialAction":[{"@type":"ReadAction","target":["https:\/\/novellix.com\/de\/produkt\/el-magnifico-am-ende-seiner-tage\/"]}]},{"@type":"ImageObject","inLanguage":"de","@id":"https:\/\/novellix.com\/de\/produkt\/el-magnifico-am-ende-seiner-tage\/#primaryimage","url":"https:\/\/novellix.com\/de\/wp-content\/uploads\/sites\/2\/2025\/08\/DorisLessing_ElMagnificoEndeSeinerTage_rgb-1.jpg","contentUrl":"https:\/\/novellix.com\/de\/wp-content\/uploads\/sites\/2\/2025\/08\/DorisLessing_ElMagnificoEndeSeinerTage_rgb-1.jpg","width":1236,"height":1748},{"@type":"BreadcrumbList","@id":"https:\/\/novellix.com\/de\/produkt\/el-magnifico-am-ende-seiner-tage\/#breadcrumb","itemListElement":[{"@type":"ListItem","position":1,"name":"Shop","item":"https:\/\/novellix.com\/de\/shop\/"},{"@type":"ListItem","position":2,"name":"El Magnifico am Ende seiner Tage"}]},{"@type":"WebSite","@id":"https:\/\/novellix.com\/de\/#website","url":"https:\/\/novellix.com\/de\/","name":"NOVELLIX","description":"","potentialAction":[{"@type":"SearchAction","target":{"@type":"EntryPoint","urlTemplate":"https:\/\/novellix.com\/de\/?s={search_term_string}"},"query-input":{"@type":"PropertyValueSpecification","valueRequired":true,"valueName":"search_term_string"}}],"inLanguage":"de"}]}},"_links":{"self":[{"href":"https:\/\/novellix.com\/de\/wp-json\/wp\/v2\/product\/1303329","targetHints":{"allow":["GET"]}}],"collection":[{"href":"https:\/\/novellix.com\/de\/wp-json\/wp\/v2\/product"}],"about":[{"href":"https:\/\/novellix.com\/de\/wp-json\/wp\/v2\/types\/product"}],"wp:featuredmedia":[{"embeddable":true,"href":"https:\/\/novellix.com\/de\/wp-json\/wp\/v2\/media\/1303330"}],"wp:attachment":[{"href":"https:\/\/novellix.com\/de\/wp-json\/wp\/v2\/media?parent=1303329"}],"wp:term":[{"taxonomy":"product_brand","embeddable":true,"href":"https:\/\/novellix.com\/de\/wp-json\/wp\/v2\/product_brand?post=1303329"},{"taxonomy":"product_cat","embeddable":true,"href":"https:\/\/novellix.com\/de\/wp-json\/wp\/v2\/product_cat?post=1303329"},{"taxonomy":"product_tag","embeddable":true,"href":"https:\/\/novellix.com\/de\/wp-json\/wp\/v2\/product_tag?post=1303329"}],"curies":[{"name":"wp","href":"https:\/\/api.w.org\/{rel}","templated":true}]}}