{"id":1303337,"date":"2026-01-13T08:53:44","date_gmt":"2026-01-13T08:53:44","guid":{"rendered":"https:\/\/novellix.com\/de\/?post_type=product&#038;p=1303337"},"modified":"2026-01-13T09:06:54","modified_gmt":"2026-01-13T09:06:54","slug":"sommer-vier-erzaehlungen","status":"publish","type":"product","link":"https:\/\/novellix.com\/de\/produkt\/sommer-vier-erzaehlungen\/","title":{"rendered":"Sommer. Vier Erz\u00e4hlungen"},"content":{"rendered":"<p><span dir=\"ltr\" role=\"presentation\">Ein Sommer voller Licht und Schatten: In stillen G\u00e4rten, <\/span><span dir=\"ltr\" role=\"presentation\">auf festlichen Rasen und in eleganten Salons begegnen sich <\/span><span dir=\"ltr\" role=\"presentation\">Menschen \u2013 neugierig, sehns\u00fcchtig, verloren im Spiel der <\/span><span dir=\"ltr\" role=\"presentation\">Gef\u00fchle. <\/span><span dir=\"ltr\" role=\"presentation\">Diese Box versammelt vier Erz\u00e4hlungen von<\/span> <span dir=\"ltr\" role=\"presentation\">Virginia <\/span><span dir=\"ltr\" role=\"presentation\">Woolf,<\/span> <span dir=\"ltr\" role=\"presentation\">Anton Tschechow, Katherine Mansfield<\/span> <span dir=\"ltr\" role=\"presentation\">und <\/span><span dir=\"ltr\" role=\"presentation\">Marcel Proust<\/span> <span dir=\"ltr\" role=\"presentation\">\u2013 vier Autor*innen, deren Werke die mo<\/span><span dir=\"ltr\" role=\"presentation\">derne Literatur gepr\u00e4gt haben. <\/span><span dir=\"ltr\" role=\"presentation\">Hier entfalten sich feine Geschichten \u00fcber N\u00e4he und <\/span><span dir=\"ltr\" role=\"presentation\">Distanz, \u00fcber Liebe,<\/span> <span dir=\"ltr\" role=\"presentation\">Tr\u00e4ume und die fl\u00fcchtige Sch\u00f6nheit <\/span><span dir=\"ltr\" role=\"presentation\">des Augenblicks.<\/span><\/p>\n<p><span dir=\"ltr\" role=\"presentation\"><strong>Sommer. Vier Erz\u00e4hlungen<\/strong><br \/>\nVirginia Woolf<\/span> <span dir=\"ltr\" role=\"presentation\">\u2013<\/span> <span dir=\"ltr\" role=\"presentation\">Kew Gardens<\/span><br role=\"presentation\" \/><span dir=\"ltr\" role=\"presentation\">Marcel Proust<\/span> <span dir=\"ltr\" role=\"presentation\">\u2013<\/span> <span dir=\"ltr\" role=\"presentation\">Melancholische Sommerfrische de <\/span><span dir=\"ltr\" role=\"presentation\">Madame de Breyves<\/span><br role=\"presentation\" \/><span dir=\"ltr\" role=\"presentation\">Katherine Mansfield<\/span> <span dir=\"ltr\" role=\"presentation\">\u2013<\/span> <span dir=\"ltr\" role=\"presentation\">Das Gartenfest<\/span><br role=\"presentation\" \/><span dir=\"ltr\" role=\"presentation\">Anton Tschechow<\/span> <span dir=\"ltr\" role=\"presentation\">\u2013<\/span> <span dir=\"ltr\" role=\"presentation\">Werotschka<\/span><\/p>\n","protected":false},"excerpt":{"rendered":"<p>Ein Sommer voller Licht und Schatten: In stillen G\u00e4rten, auf festlichen Rasen und in eleganten Salons begegnen sich Menschen \u2013 neugierig, sehns\u00fcchtig, verloren im Spiel der Gef\u00fchle. Diese Box versammelt vier Erz\u00e4hlungen von Virginia Woolf, Anton Tschechow, Katherine Mansfield und Marcel Proust \u2013 vier Autor*innen, deren Werke die moderne Literatur gepr\u00e4gt haben. Hier entfalten sich [&#8230;]\n","protected":false},"featured_media":1303342,"template":"","meta":[],"product_brand":[],"product_cat":[73],"product_tag":[],"class_list":{"0":"post-1303337","1":"product","2":"type-product","3":"status-publish","4":"has-post-thumbnail","6":"product_cat-buchboxen","8":"first","9":"instock","10":"shipping-taxable","11":"product-type-simple"},"yoast_head":"<!-- This site is optimized with the Yoast SEO plugin v27.3 - https:\/\/yoast.com\/product\/yoast-seo-wordpress\/ -->\n<title>Sommer. Vier Erz\u00e4hlungen - NOVELLIX<\/title>\n<meta name=\"robots\" content=\"index, follow, max-snippet:-1, max-image-preview:large, max-video-preview:-1\" \/>\n<link rel=\"canonical\" href=\"https:\/\/novellix.com\/de\/produkt\/sommer-vier-erzaehlungen\/\" \/>\n<meta property=\"og:locale\" content=\"de_DE\" \/>\n<meta property=\"og:type\" content=\"article\" \/>\n<meta property=\"og:title\" content=\"Sommer. Vier Erz\u00e4hlungen - NOVELLIX\" \/>\n<meta property=\"og:description\" content=\"Ein Sommer voller Licht und Schatten: In stillen G\u00e4rten, auf festlichen Rasen und in eleganten Salons begegnen sich Menschen \u2013 neugierig, sehns\u00fcchtig, verloren im Spiel der Gef\u00fchle. Diese Box versammelt vier Erz\u00e4hlungen von Virginia Woolf, Anton Tschechow, Katherine Mansfield und Marcel Proust \u2013 vier Autor*innen, deren Werke die moderne Literatur gepr\u00e4gt haben. Hier entfalten sich [...]\" \/>\n<meta property=\"og:url\" content=\"https:\/\/novellix.com\/de\/produkt\/sommer-vier-erzaehlungen\/\" \/>\n<meta property=\"og:site_name\" content=\"NOVELLIX\" \/>\n<meta property=\"article:modified_time\" content=\"2026-01-13T09:06:54+00:00\" \/>\n<meta property=\"og:image\" content=\"https:\/\/novellix.com\/de\/wp-content\/uploads\/sites\/2\/2026\/01\/Sommer_ask_liggande_ny-568x800.png\" \/>\n\t<meta property=\"og:image:width\" content=\"568\" \/>\n\t<meta property=\"og:image:height\" content=\"800\" \/>\n\t<meta property=\"og:image:type\" content=\"image\/png\" \/>\n<meta name=\"twitter:card\" content=\"summary_large_image\" \/>\n<script type=\"application\/ld+json\" class=\"yoast-schema-graph\">{\"@context\":\"https:\\\/\\\/schema.org\",\"@graph\":[{\"@type\":\"WebPage\",\"@id\":\"https:\\\/\\\/novellix.com\\\/de\\\/produkt\\\/sommer-vier-erzaehlungen\\\/\",\"url\":\"https:\\\/\\\/novellix.com\\\/de\\\/produkt\\\/sommer-vier-erzaehlungen\\\/\",\"name\":\"Sommer. Vier Erz\u00e4hlungen - NOVELLIX\",\"isPartOf\":{\"@id\":\"https:\\\/\\\/novellix.com\\\/de\\\/#website\"},\"primaryImageOfPage\":{\"@id\":\"https:\\\/\\\/novellix.com\\\/de\\\/produkt\\\/sommer-vier-erzaehlungen\\\/#primaryimage\"},\"image\":{\"@id\":\"https:\\\/\\\/novellix.com\\\/de\\\/produkt\\\/sommer-vier-erzaehlungen\\\/#primaryimage\"},\"thumbnailUrl\":\"https:\\\/\\\/novellix.com\\\/de\\\/wp-content\\\/uploads\\\/sites\\\/2\\\/2026\\\/01\\\/Sommer_ask_liggande_ny.png\",\"datePublished\":\"2026-01-13T08:53:44+00:00\",\"dateModified\":\"2026-01-13T09:06:54+00:00\",\"breadcrumb\":{\"@id\":\"https:\\\/\\\/novellix.com\\\/de\\\/produkt\\\/sommer-vier-erzaehlungen\\\/#breadcrumb\"},\"inLanguage\":\"de\",\"potentialAction\":[{\"@type\":\"ReadAction\",\"target\":[\"https:\\\/\\\/novellix.com\\\/de\\\/produkt\\\/sommer-vier-erzaehlungen\\\/\"]}]},{\"@type\":\"ImageObject\",\"inLanguage\":\"de\",\"@id\":\"https:\\\/\\\/novellix.com\\\/de\\\/produkt\\\/sommer-vier-erzaehlungen\\\/#primaryimage\",\"url\":\"https:\\\/\\\/novellix.com\\\/de\\\/wp-content\\\/uploads\\\/sites\\\/2\\\/2026\\\/01\\\/Sommer_ask_liggande_ny.png\",\"contentUrl\":\"https:\\\/\\\/novellix.com\\\/de\\\/wp-content\\\/uploads\\\/sites\\\/2\\\/2026\\\/01\\\/Sommer_ask_liggande_ny.png\",\"width\":1065,\"height\":1500,\"caption\":\"sommer cover\"},{\"@type\":\"BreadcrumbList\",\"@id\":\"https:\\\/\\\/novellix.com\\\/de\\\/produkt\\\/sommer-vier-erzaehlungen\\\/#breadcrumb\",\"itemListElement\":[{\"@type\":\"ListItem\",\"position\":1,\"name\":\"Shop\",\"item\":\"https:\\\/\\\/novellix.com\\\/de\\\/shop\\\/\"},{\"@type\":\"ListItem\",\"position\":2,\"name\":\"Sommer. Vier Erz\u00e4hlungen\"}]},{\"@type\":\"WebSite\",\"@id\":\"https:\\\/\\\/novellix.com\\\/de\\\/#website\",\"url\":\"https:\\\/\\\/novellix.com\\\/de\\\/\",\"name\":\"NOVELLIX\",\"description\":\"\",\"potentialAction\":[{\"@type\":\"SearchAction\",\"target\":{\"@type\":\"EntryPoint\",\"urlTemplate\":\"https:\\\/\\\/novellix.com\\\/de\\\/?s={search_term_string}\"},\"query-input\":{\"@type\":\"PropertyValueSpecification\",\"valueRequired\":true,\"valueName\":\"search_term_string\"}}],\"inLanguage\":\"de\"}]}<\/script>\n<!-- \/ Yoast SEO plugin. -->","yoast_head_json":{"title":"Sommer. Vier Erz\u00e4hlungen - NOVELLIX","robots":{"index":"index","follow":"follow","max-snippet":"max-snippet:-1","max-image-preview":"max-image-preview:large","max-video-preview":"max-video-preview:-1"},"canonical":"https:\/\/novellix.com\/de\/produkt\/sommer-vier-erzaehlungen\/","og_locale":"de_DE","og_type":"article","og_title":"Sommer. Vier Erz\u00e4hlungen - NOVELLIX","og_description":"Ein Sommer voller Licht und Schatten: In stillen G\u00e4rten, auf festlichen Rasen und in eleganten Salons begegnen sich Menschen \u2013 neugierig, sehns\u00fcchtig, verloren im Spiel der Gef\u00fchle. Diese Box versammelt vier Erz\u00e4hlungen von Virginia Woolf, Anton Tschechow, Katherine Mansfield und Marcel Proust \u2013 vier Autor*innen, deren Werke die moderne Literatur gepr\u00e4gt haben. Hier entfalten sich [...]","og_url":"https:\/\/novellix.com\/de\/produkt\/sommer-vier-erzaehlungen\/","og_site_name":"NOVELLIX","article_modified_time":"2026-01-13T09:06:54+00:00","og_image":[{"width":568,"height":800,"url":"https:\/\/novellix.com\/de\/wp-content\/uploads\/sites\/2\/2026\/01\/Sommer_ask_liggande_ny-568x800.png","type":"image\/png"}],"twitter_card":"summary_large_image","schema":{"@context":"https:\/\/schema.org","@graph":[{"@type":"WebPage","@id":"https:\/\/novellix.com\/de\/produkt\/sommer-vier-erzaehlungen\/","url":"https:\/\/novellix.com\/de\/produkt\/sommer-vier-erzaehlungen\/","name":"Sommer. Vier Erz\u00e4hlungen - NOVELLIX","isPartOf":{"@id":"https:\/\/novellix.com\/de\/#website"},"primaryImageOfPage":{"@id":"https:\/\/novellix.com\/de\/produkt\/sommer-vier-erzaehlungen\/#primaryimage"},"image":{"@id":"https:\/\/novellix.com\/de\/produkt\/sommer-vier-erzaehlungen\/#primaryimage"},"thumbnailUrl":"https:\/\/novellix.com\/de\/wp-content\/uploads\/sites\/2\/2026\/01\/Sommer_ask_liggande_ny.png","datePublished":"2026-01-13T08:53:44+00:00","dateModified":"2026-01-13T09:06:54+00:00","breadcrumb":{"@id":"https:\/\/novellix.com\/de\/produkt\/sommer-vier-erzaehlungen\/#breadcrumb"},"inLanguage":"de","potentialAction":[{"@type":"ReadAction","target":["https:\/\/novellix.com\/de\/produkt\/sommer-vier-erzaehlungen\/"]}]},{"@type":"ImageObject","inLanguage":"de","@id":"https:\/\/novellix.com\/de\/produkt\/sommer-vier-erzaehlungen\/#primaryimage","url":"https:\/\/novellix.com\/de\/wp-content\/uploads\/sites\/2\/2026\/01\/Sommer_ask_liggande_ny.png","contentUrl":"https:\/\/novellix.com\/de\/wp-content\/uploads\/sites\/2\/2026\/01\/Sommer_ask_liggande_ny.png","width":1065,"height":1500,"caption":"sommer cover"},{"@type":"BreadcrumbList","@id":"https:\/\/novellix.com\/de\/produkt\/sommer-vier-erzaehlungen\/#breadcrumb","itemListElement":[{"@type":"ListItem","position":1,"name":"Shop","item":"https:\/\/novellix.com\/de\/shop\/"},{"@type":"ListItem","position":2,"name":"Sommer. Vier Erz\u00e4hlungen"}]},{"@type":"WebSite","@id":"https:\/\/novellix.com\/de\/#website","url":"https:\/\/novellix.com\/de\/","name":"NOVELLIX","description":"","potentialAction":[{"@type":"SearchAction","target":{"@type":"EntryPoint","urlTemplate":"https:\/\/novellix.com\/de\/?s={search_term_string}"},"query-input":{"@type":"PropertyValueSpecification","valueRequired":true,"valueName":"search_term_string"}}],"inLanguage":"de"}]}},"_links":{"self":[{"href":"https:\/\/novellix.com\/de\/wp-json\/wp\/v2\/product\/1303337","targetHints":{"allow":["GET"]}}],"collection":[{"href":"https:\/\/novellix.com\/de\/wp-json\/wp\/v2\/product"}],"about":[{"href":"https:\/\/novellix.com\/de\/wp-json\/wp\/v2\/types\/product"}],"wp:featuredmedia":[{"embeddable":true,"href":"https:\/\/novellix.com\/de\/wp-json\/wp\/v2\/media\/1303342"}],"wp:attachment":[{"href":"https:\/\/novellix.com\/de\/wp-json\/wp\/v2\/media?parent=1303337"}],"wp:term":[{"taxonomy":"product_brand","embeddable":true,"href":"https:\/\/novellix.com\/de\/wp-json\/wp\/v2\/product_brand?post=1303337"},{"taxonomy":"product_cat","embeddable":true,"href":"https:\/\/novellix.com\/de\/wp-json\/wp\/v2\/product_cat?post=1303337"},{"taxonomy":"product_tag","embeddable":true,"href":"https:\/\/novellix.com\/de\/wp-json\/wp\/v2\/product_tag?post=1303337"}],"curies":[{"name":"wp","href":"https:\/\/api.w.org\/{rel}","templated":true}]}}