{"id":1303339,"date":"2026-01-13T09:03:08","date_gmt":"2026-01-13T09:03:08","guid":{"rendered":"https:\/\/novellix.com\/de\/?post_type=product&#038;p=1303339"},"modified":"2026-01-13T09:04:57","modified_gmt":"2026-01-13T09:04:57","slug":"swedish-midsummer-stories","status":"publish","type":"product","link":"https:\/\/novellix.com\/de\/produkt\/swedish-midsummer-stories\/","title":{"rendered":"Swedish Midsummer Stories"},"content":{"rendered":"<div class=\"row product-description\">\n<div class=\"product-single__desc rte\">Wenn die Tage endlos scheinen und die N\u00e4chte nicht dunkel werden, erwacht in Schweden die Zeit des Mittsommers \u2013 voller Licht, Musik und fl\u00fcchtiger Tr\u00e4ume.<\/div>\n<div class=\"product-single__desc rte\">Vier Autor*innen, die die schwedische und nordische Literatur gepr\u00e4gt haben \u2013 <strong>Tove Jansson<\/strong>, <strong>August Strindberg<\/strong>, <strong>Stig Dagerman<\/strong> und <strong>Selma Lagerl\u00f6f<\/strong> \u2013 erz\u00e4hlen hier von Fest und Stille, N\u00e4he und Sehnsucht, vom Zauber des Augenblicks.<\/div>\n<div class=\"product-single__desc rte\">Ihre Geschichten verbinden Freude und Nachdenklichkeit, Traum und Wirklichkeit.<\/div>\n<div><\/div>\n<div class=\"product-single__desc rte\">Die Umschl\u00e4ge zeigen Werke der schwedischen K\u00fcnstler Anders Zorn, Bruno Liljefors, Richard Berg und Karl Nordstr\u00f6m.<\/div>\n<div><\/div>\n<div class=\"product-single__desc rte\"><strong><span dir=\"ltr\" role=\"presentation\">Die Box<\/span> <span dir=\"ltr\" role=\"presentation\">Swedish Midsummer Stories<\/span> <span dir=\"ltr\" role=\"presentation\">enth\u00e4lt fol<\/span><span dir=\"ltr\" role=\"presentation\">gende vier B\u00fccher in englischer \u00dcbersetzung:<\/span><\/strong><br role=\"presentation\" \/><span dir=\"ltr\" role=\"presentation\">Tove Jansson<\/span> <span dir=\"ltr\" role=\"presentation\">\u2013<\/span> <span dir=\"ltr\" role=\"presentation\">Midsummer<\/span><br role=\"presentation\" \/><span dir=\"ltr\" role=\"presentation\">Stig Dagerman<\/span> <span dir=\"ltr\" role=\"presentation\">\u2013<\/span> <span dir=\"ltr\" role=\"presentation\">Midsummer Night\u2019s Chill is Hard<\/span><br role=\"presentation\" \/><span dir=\"ltr\" role=\"presentation\">August Strindberg<\/span> <span dir=\"ltr\" role=\"presentation\">\u2013<\/span> <span dir=\"ltr\" role=\"presentation\">In Midsummer Days<\/span><br role=\"presentation\" \/><span dir=\"ltr\" role=\"presentation\">Selma Lagerl\u00f6f<\/span> <span dir=\"ltr\" role=\"presentation\">\u2013<\/span> <span dir=\"ltr\" role=\"presentation\">Midsummer &amp; Among the climbing <\/span><span dir=\"ltr\" role=\"presentation\">roses<\/span><\/div>\n<\/div>\n","protected":false},"excerpt":{"rendered":"<p>Wenn die Tage endlos scheinen und die N\u00e4chte nicht dunkel werden, erwacht in Schweden die Zeit des Mittsommers \u2013 voller Licht, Musik und fl\u00fcchtiger Tr\u00e4ume. Vier Autor*innen, die die schwedische und nordische Literatur gepr\u00e4gt haben \u2013 Tove Jansson, August Strindberg, Stig Dagerman und Selma Lagerl\u00f6f \u2013 erz\u00e4hlen hier von Fest und Stille, N\u00e4he und Sehnsucht, [&#8230;]\n","protected":false},"featured_media":1303340,"template":"","meta":[],"product_brand":[],"product_cat":[73],"product_tag":[],"class_list":{"0":"post-1303339","1":"product","2":"type-product","3":"status-publish","4":"has-post-thumbnail","6":"product_cat-buchboxen","8":"first","9":"instock","10":"shipping-taxable","11":"product-type-simple"},"yoast_head":"<!-- This site is optimized with the Yoast SEO plugin v27.3 - https:\/\/yoast.com\/product\/yoast-seo-wordpress\/ -->\n<title>Swedish Midsummer Stories - NOVELLIX<\/title>\n<meta name=\"robots\" content=\"index, follow, max-snippet:-1, max-image-preview:large, max-video-preview:-1\" \/>\n<link rel=\"canonical\" href=\"https:\/\/novellix.com\/de\/produkt\/swedish-midsummer-stories\/\" \/>\n<meta property=\"og:locale\" content=\"de_DE\" \/>\n<meta property=\"og:type\" content=\"article\" \/>\n<meta property=\"og:title\" content=\"Swedish Midsummer Stories - NOVELLIX\" \/>\n<meta property=\"og:description\" content=\"Wenn die Tage endlos scheinen und die N\u00e4chte nicht dunkel werden, erwacht in Schweden die Zeit des Mittsommers \u2013 voller Licht, Musik und fl\u00fcchtiger Tr\u00e4ume. Vier Autor*innen, die die schwedische und nordische Literatur gepr\u00e4gt haben \u2013 Tove Jansson, August Strindberg, Stig Dagerman und Selma Lagerl\u00f6f \u2013 erz\u00e4hlen hier von Fest und Stille, N\u00e4he und Sehnsucht, [...]\" \/>\n<meta property=\"og:url\" content=\"https:\/\/novellix.com\/de\/produkt\/swedish-midsummer-stories\/\" \/>\n<meta property=\"og:site_name\" content=\"NOVELLIX\" \/>\n<meta property=\"article:modified_time\" content=\"2026-01-13T09:04:57+00:00\" \/>\n<meta property=\"og:image\" content=\"https:\/\/novellix.com\/de\/wp-content\/uploads\/sites\/2\/2026\/01\/Midsummer_ask_1.jpg\" \/>\n\t<meta property=\"og:image:width\" content=\"1065\" \/>\n\t<meta property=\"og:image:height\" content=\"1500\" \/>\n\t<meta property=\"og:image:type\" content=\"image\/jpeg\" \/>\n<meta name=\"twitter:card\" content=\"summary_large_image\" \/>\n<meta name=\"twitter:label1\" content=\"Gesch\u00e4tzte Lesezeit\" \/>\n\t<meta name=\"twitter:data1\" content=\"1\u00a0Minute\" \/>\n<script type=\"application\/ld+json\" class=\"yoast-schema-graph\">{\"@context\":\"https:\\\/\\\/schema.org\",\"@graph\":[{\"@type\":\"WebPage\",\"@id\":\"https:\\\/\\\/novellix.com\\\/de\\\/produkt\\\/swedish-midsummer-stories\\\/\",\"url\":\"https:\\\/\\\/novellix.com\\\/de\\\/produkt\\\/swedish-midsummer-stories\\\/\",\"name\":\"Swedish Midsummer Stories - NOVELLIX\",\"isPartOf\":{\"@id\":\"https:\\\/\\\/novellix.com\\\/de\\\/#website\"},\"primaryImageOfPage\":{\"@id\":\"https:\\\/\\\/novellix.com\\\/de\\\/produkt\\\/swedish-midsummer-stories\\\/#primaryimage\"},\"image\":{\"@id\":\"https:\\\/\\\/novellix.com\\\/de\\\/produkt\\\/swedish-midsummer-stories\\\/#primaryimage\"},\"thumbnailUrl\":\"https:\\\/\\\/novellix.com\\\/de\\\/wp-content\\\/uploads\\\/sites\\\/2\\\/2026\\\/01\\\/Midsummer_ask_1.jpg\",\"datePublished\":\"2026-01-13T09:03:08+00:00\",\"dateModified\":\"2026-01-13T09:04:57+00:00\",\"breadcrumb\":{\"@id\":\"https:\\\/\\\/novellix.com\\\/de\\\/produkt\\\/swedish-midsummer-stories\\\/#breadcrumb\"},\"inLanguage\":\"de\",\"potentialAction\":[{\"@type\":\"ReadAction\",\"target\":[\"https:\\\/\\\/novellix.com\\\/de\\\/produkt\\\/swedish-midsummer-stories\\\/\"]}]},{\"@type\":\"ImageObject\",\"inLanguage\":\"de\",\"@id\":\"https:\\\/\\\/novellix.com\\\/de\\\/produkt\\\/swedish-midsummer-stories\\\/#primaryimage\",\"url\":\"https:\\\/\\\/novellix.com\\\/de\\\/wp-content\\\/uploads\\\/sites\\\/2\\\/2026\\\/01\\\/Midsummer_ask_1.jpg\",\"contentUrl\":\"https:\\\/\\\/novellix.com\\\/de\\\/wp-content\\\/uploads\\\/sites\\\/2\\\/2026\\\/01\\\/Midsummer_ask_1.jpg\",\"width\":1065,\"height\":1500,\"caption\":\"midsummer box\"},{\"@type\":\"BreadcrumbList\",\"@id\":\"https:\\\/\\\/novellix.com\\\/de\\\/produkt\\\/swedish-midsummer-stories\\\/#breadcrumb\",\"itemListElement\":[{\"@type\":\"ListItem\",\"position\":1,\"name\":\"Shop\",\"item\":\"https:\\\/\\\/novellix.com\\\/de\\\/shop\\\/\"},{\"@type\":\"ListItem\",\"position\":2,\"name\":\"Swedish Midsummer Stories\"}]},{\"@type\":\"WebSite\",\"@id\":\"https:\\\/\\\/novellix.com\\\/de\\\/#website\",\"url\":\"https:\\\/\\\/novellix.com\\\/de\\\/\",\"name\":\"NOVELLIX\",\"description\":\"\",\"potentialAction\":[{\"@type\":\"SearchAction\",\"target\":{\"@type\":\"EntryPoint\",\"urlTemplate\":\"https:\\\/\\\/novellix.com\\\/de\\\/?s={search_term_string}\"},\"query-input\":{\"@type\":\"PropertyValueSpecification\",\"valueRequired\":true,\"valueName\":\"search_term_string\"}}],\"inLanguage\":\"de\"}]}<\/script>\n<!-- \/ Yoast SEO plugin. -->","yoast_head_json":{"title":"Swedish Midsummer Stories - NOVELLIX","robots":{"index":"index","follow":"follow","max-snippet":"max-snippet:-1","max-image-preview":"max-image-preview:large","max-video-preview":"max-video-preview:-1"},"canonical":"https:\/\/novellix.com\/de\/produkt\/swedish-midsummer-stories\/","og_locale":"de_DE","og_type":"article","og_title":"Swedish Midsummer Stories - NOVELLIX","og_description":"Wenn die Tage endlos scheinen und die N\u00e4chte nicht dunkel werden, erwacht in Schweden die Zeit des Mittsommers \u2013 voller Licht, Musik und fl\u00fcchtiger Tr\u00e4ume. Vier Autor*innen, die die schwedische und nordische Literatur gepr\u00e4gt haben \u2013 Tove Jansson, August Strindberg, Stig Dagerman und Selma Lagerl\u00f6f \u2013 erz\u00e4hlen hier von Fest und Stille, N\u00e4he und Sehnsucht, [...]","og_url":"https:\/\/novellix.com\/de\/produkt\/swedish-midsummer-stories\/","og_site_name":"NOVELLIX","article_modified_time":"2026-01-13T09:04:57+00:00","og_image":[{"width":1065,"height":1500,"url":"https:\/\/novellix.com\/de\/wp-content\/uploads\/sites\/2\/2026\/01\/Midsummer_ask_1.jpg","type":"image\/jpeg"}],"twitter_card":"summary_large_image","twitter_misc":{"Gesch\u00e4tzte Lesezeit":"1\u00a0Minute"},"schema":{"@context":"https:\/\/schema.org","@graph":[{"@type":"WebPage","@id":"https:\/\/novellix.com\/de\/produkt\/swedish-midsummer-stories\/","url":"https:\/\/novellix.com\/de\/produkt\/swedish-midsummer-stories\/","name":"Swedish Midsummer Stories - NOVELLIX","isPartOf":{"@id":"https:\/\/novellix.com\/de\/#website"},"primaryImageOfPage":{"@id":"https:\/\/novellix.com\/de\/produkt\/swedish-midsummer-stories\/#primaryimage"},"image":{"@id":"https:\/\/novellix.com\/de\/produkt\/swedish-midsummer-stories\/#primaryimage"},"thumbnailUrl":"https:\/\/novellix.com\/de\/wp-content\/uploads\/sites\/2\/2026\/01\/Midsummer_ask_1.jpg","datePublished":"2026-01-13T09:03:08+00:00","dateModified":"2026-01-13T09:04:57+00:00","breadcrumb":{"@id":"https:\/\/novellix.com\/de\/produkt\/swedish-midsummer-stories\/#breadcrumb"},"inLanguage":"de","potentialAction":[{"@type":"ReadAction","target":["https:\/\/novellix.com\/de\/produkt\/swedish-midsummer-stories\/"]}]},{"@type":"ImageObject","inLanguage":"de","@id":"https:\/\/novellix.com\/de\/produkt\/swedish-midsummer-stories\/#primaryimage","url":"https:\/\/novellix.com\/de\/wp-content\/uploads\/sites\/2\/2026\/01\/Midsummer_ask_1.jpg","contentUrl":"https:\/\/novellix.com\/de\/wp-content\/uploads\/sites\/2\/2026\/01\/Midsummer_ask_1.jpg","width":1065,"height":1500,"caption":"midsummer box"},{"@type":"BreadcrumbList","@id":"https:\/\/novellix.com\/de\/produkt\/swedish-midsummer-stories\/#breadcrumb","itemListElement":[{"@type":"ListItem","position":1,"name":"Shop","item":"https:\/\/novellix.com\/de\/shop\/"},{"@type":"ListItem","position":2,"name":"Swedish Midsummer Stories"}]},{"@type":"WebSite","@id":"https:\/\/novellix.com\/de\/#website","url":"https:\/\/novellix.com\/de\/","name":"NOVELLIX","description":"","potentialAction":[{"@type":"SearchAction","target":{"@type":"EntryPoint","urlTemplate":"https:\/\/novellix.com\/de\/?s={search_term_string}"},"query-input":{"@type":"PropertyValueSpecification","valueRequired":true,"valueName":"search_term_string"}}],"inLanguage":"de"}]}},"_links":{"self":[{"href":"https:\/\/novellix.com\/de\/wp-json\/wp\/v2\/product\/1303339","targetHints":{"allow":["GET"]}}],"collection":[{"href":"https:\/\/novellix.com\/de\/wp-json\/wp\/v2\/product"}],"about":[{"href":"https:\/\/novellix.com\/de\/wp-json\/wp\/v2\/types\/product"}],"wp:featuredmedia":[{"embeddable":true,"href":"https:\/\/novellix.com\/de\/wp-json\/wp\/v2\/media\/1303340"}],"wp:attachment":[{"href":"https:\/\/novellix.com\/de\/wp-json\/wp\/v2\/media?parent=1303339"}],"wp:term":[{"taxonomy":"product_brand","embeddable":true,"href":"https:\/\/novellix.com\/de\/wp-json\/wp\/v2\/product_brand?post=1303339"},{"taxonomy":"product_cat","embeddable":true,"href":"https:\/\/novellix.com\/de\/wp-json\/wp\/v2\/product_cat?post=1303339"},{"taxonomy":"product_tag","embeddable":true,"href":"https:\/\/novellix.com\/de\/wp-json\/wp\/v2\/product_tag?post=1303339"}],"curies":[{"name":"wp","href":"https:\/\/api.w.org\/{rel}","templated":true}]}}