{"id":1303348,"date":"2026-01-14T09:17:20","date_gmt":"2026-01-14T09:17:20","guid":{"rendered":"https:\/\/novellix.com\/de\/?post_type=product&#038;p=1303348"},"modified":"2026-01-14T09:23:17","modified_gmt":"2026-01-14T09:23:17","slug":"mary-shelley","status":"publish","type":"product","link":"https:\/\/novellix.com\/de\/produkt\/mary-shelley\/","title":{"rendered":"Mary Shelley"},"content":{"rendered":"<p><span style=\"font-weight: 400;\">Die britische Schriftstellerin <strong>Mary Shelley<\/strong> (1797\u20131851) ist vor allem als Autorin des Romans <\/span><i><span style=\"font-weight: 400;\">Frankensteins Monster<\/span><\/i><span style=\"font-weight: 400;\"> bekannt. Die Erz\u00e4hlung aus dem Jahr 1818 \u00fcber einen Wissenschaftler, dem es gelingt, Leben zu erschaffen, fand sofort gro\u00dfe Beachtung und z\u00e4hlt heute zu den Klassikern der Literaturgeschichte. Sie gilt sowohl als fr\u00fcher Vorl\u00e4ufer der Science-Fiction-Literatur als auch als Kommentar zum Wissenschaftsglauben der Aufkl\u00e4rung und wurde mehrfach verfilmt. Nach <\/span><i><span style=\"font-weight: 400;\">Frankensteins Monster<\/span><\/i><span style=\"font-weight: 400;\"> setzte Mary Shelley ihre literarische Laufbahn fort, die neben weiteren Romanen auch Lyrik, Dramen, Reiseliteratur und Erz\u00e4hlungen umfasste. Dennoch richtete sich die Aufmerksamkeit der \u00d6ffentlichkeit lange Zeit vor allem auf die Werke ihres verstorbenen Ehemanns Percy Bysshe Shelley, und erst lange nach Mary Shelleys Tod r\u00fcckte ihr eigenes literarisches Schaffen ins Licht der \u00d6ffentlichkeit.<\/span><\/p>\n","protected":false},"excerpt":{"rendered":"<p>Die britische Schriftstellerin Mary Shelley (1797\u20131851) ist vor allem als Autorin des Romans Frankensteins Monster bekannt. Die Erz\u00e4hlung aus dem Jahr 1818 \u00fcber einen Wissenschaftler, dem es gelingt, Leben zu erschaffen, fand sofort gro\u00dfe Beachtung und z\u00e4hlt heute zu den Klassikern der Literaturgeschichte. Sie gilt sowohl als fr\u00fcher Vorl\u00e4ufer der Science-Fiction-Literatur als auch als Kommentar [&#8230;]\n","protected":false},"featured_media":1303349,"template":"","meta":[],"product_brand":[],"product_cat":[98],"product_tag":[],"class_list":{"0":"post-1303348","1":"product","2":"type-product","3":"status-publish","4":"has-post-thumbnail","6":"product_cat-buchstutzen","8":"first","9":"instock","10":"shipping-taxable","11":"product-type-simple"},"yoast_head":"<!-- This site is optimized with the Yoast SEO plugin v27.3 - https:\/\/yoast.com\/product\/yoast-seo-wordpress\/ -->\n<title>Mary Shelley - NOVELLIX<\/title>\n<meta name=\"robots\" content=\"index, follow, max-snippet:-1, max-image-preview:large, max-video-preview:-1\" \/>\n<link rel=\"canonical\" href=\"https:\/\/novellix.com\/de\/produkt\/mary-shelley\/\" \/>\n<meta property=\"og:locale\" content=\"de_DE\" \/>\n<meta property=\"og:type\" content=\"article\" \/>\n<meta property=\"og:title\" content=\"Mary Shelley - NOVELLIX\" \/>\n<meta property=\"og:description\" content=\"Die britische Schriftstellerin Mary Shelley (1797\u20131851) ist vor allem als Autorin des Romans Frankensteins Monster bekannt. Die Erz\u00e4hlung aus dem Jahr 1818 \u00fcber einen Wissenschaftler, dem es gelingt, Leben zu erschaffen, fand sofort gro\u00dfe Beachtung und z\u00e4hlt heute zu den Klassikern der Literaturgeschichte. Sie gilt sowohl als fr\u00fcher Vorl\u00e4ufer der Science-Fiction-Literatur als auch als Kommentar [...]\" \/>\n<meta property=\"og:url\" content=\"https:\/\/novellix.com\/de\/produkt\/mary-shelley\/\" \/>\n<meta property=\"og:site_name\" content=\"NOVELLIX\" \/>\n<meta property=\"article:modified_time\" content=\"2026-01-14T09:23:17+00:00\" \/>\n<meta property=\"og:image\" content=\"https:\/\/novellix.com\/de\/wp-content\/uploads\/sites\/2\/2026\/01\/7350114421288.png\" \/>\n\t<meta property=\"og:image:width\" content=\"1240\" \/>\n\t<meta property=\"og:image:height\" content=\"1748\" \/>\n\t<meta property=\"og:image:type\" content=\"image\/png\" \/>\n<meta name=\"twitter:card\" content=\"summary_large_image\" \/>\n<meta name=\"twitter:label1\" content=\"Gesch\u00e4tzte Lesezeit\" \/>\n\t<meta name=\"twitter:data1\" content=\"1\u00a0Minute\" \/>\n<script type=\"application\/ld+json\" class=\"yoast-schema-graph\">{\"@context\":\"https:\\\/\\\/schema.org\",\"@graph\":[{\"@type\":\"WebPage\",\"@id\":\"https:\\\/\\\/novellix.com\\\/de\\\/produkt\\\/mary-shelley\\\/\",\"url\":\"https:\\\/\\\/novellix.com\\\/de\\\/produkt\\\/mary-shelley\\\/\",\"name\":\"Mary Shelley - NOVELLIX\",\"isPartOf\":{\"@id\":\"https:\\\/\\\/novellix.com\\\/de\\\/#website\"},\"primaryImageOfPage\":{\"@id\":\"https:\\\/\\\/novellix.com\\\/de\\\/produkt\\\/mary-shelley\\\/#primaryimage\"},\"image\":{\"@id\":\"https:\\\/\\\/novellix.com\\\/de\\\/produkt\\\/mary-shelley\\\/#primaryimage\"},\"thumbnailUrl\":\"https:\\\/\\\/novellix.com\\\/de\\\/wp-content\\\/uploads\\\/sites\\\/2\\\/2026\\\/01\\\/7350114421288.png\",\"datePublished\":\"2026-01-14T09:17:20+00:00\",\"dateModified\":\"2026-01-14T09:23:17+00:00\",\"breadcrumb\":{\"@id\":\"https:\\\/\\\/novellix.com\\\/de\\\/produkt\\\/mary-shelley\\\/#breadcrumb\"},\"inLanguage\":\"de\",\"potentialAction\":[{\"@type\":\"ReadAction\",\"target\":[\"https:\\\/\\\/novellix.com\\\/de\\\/produkt\\\/mary-shelley\\\/\"]}]},{\"@type\":\"ImageObject\",\"inLanguage\":\"de\",\"@id\":\"https:\\\/\\\/novellix.com\\\/de\\\/produkt\\\/mary-shelley\\\/#primaryimage\",\"url\":\"https:\\\/\\\/novellix.com\\\/de\\\/wp-content\\\/uploads\\\/sites\\\/2\\\/2026\\\/01\\\/7350114421288.png\",\"contentUrl\":\"https:\\\/\\\/novellix.com\\\/de\\\/wp-content\\\/uploads\\\/sites\\\/2\\\/2026\\\/01\\\/7350114421288.png\",\"width\":1240,\"height\":1748},{\"@type\":\"BreadcrumbList\",\"@id\":\"https:\\\/\\\/novellix.com\\\/de\\\/produkt\\\/mary-shelley\\\/#breadcrumb\",\"itemListElement\":[{\"@type\":\"ListItem\",\"position\":1,\"name\":\"Shop\",\"item\":\"https:\\\/\\\/novellix.com\\\/de\\\/shop\\\/\"},{\"@type\":\"ListItem\",\"position\":2,\"name\":\"Mary Shelley\"}]},{\"@type\":\"WebSite\",\"@id\":\"https:\\\/\\\/novellix.com\\\/de\\\/#website\",\"url\":\"https:\\\/\\\/novellix.com\\\/de\\\/\",\"name\":\"NOVELLIX\",\"description\":\"\",\"potentialAction\":[{\"@type\":\"SearchAction\",\"target\":{\"@type\":\"EntryPoint\",\"urlTemplate\":\"https:\\\/\\\/novellix.com\\\/de\\\/?s={search_term_string}\"},\"query-input\":{\"@type\":\"PropertyValueSpecification\",\"valueRequired\":true,\"valueName\":\"search_term_string\"}}],\"inLanguage\":\"de\"}]}<\/script>\n<!-- \/ Yoast SEO plugin. -->","yoast_head_json":{"title":"Mary Shelley - NOVELLIX","robots":{"index":"index","follow":"follow","max-snippet":"max-snippet:-1","max-image-preview":"max-image-preview:large","max-video-preview":"max-video-preview:-1"},"canonical":"https:\/\/novellix.com\/de\/produkt\/mary-shelley\/","og_locale":"de_DE","og_type":"article","og_title":"Mary Shelley - NOVELLIX","og_description":"Die britische Schriftstellerin Mary Shelley (1797\u20131851) ist vor allem als Autorin des Romans Frankensteins Monster bekannt. Die Erz\u00e4hlung aus dem Jahr 1818 \u00fcber einen Wissenschaftler, dem es gelingt, Leben zu erschaffen, fand sofort gro\u00dfe Beachtung und z\u00e4hlt heute zu den Klassikern der Literaturgeschichte. Sie gilt sowohl als fr\u00fcher Vorl\u00e4ufer der Science-Fiction-Literatur als auch als Kommentar [...]","og_url":"https:\/\/novellix.com\/de\/produkt\/mary-shelley\/","og_site_name":"NOVELLIX","article_modified_time":"2026-01-14T09:23:17+00:00","og_image":[{"width":1240,"height":1748,"url":"https:\/\/novellix.com\/de\/wp-content\/uploads\/sites\/2\/2026\/01\/7350114421288.png","type":"image\/png"}],"twitter_card":"summary_large_image","twitter_misc":{"Gesch\u00e4tzte Lesezeit":"1\u00a0Minute"},"schema":{"@context":"https:\/\/schema.org","@graph":[{"@type":"WebPage","@id":"https:\/\/novellix.com\/de\/produkt\/mary-shelley\/","url":"https:\/\/novellix.com\/de\/produkt\/mary-shelley\/","name":"Mary Shelley - NOVELLIX","isPartOf":{"@id":"https:\/\/novellix.com\/de\/#website"},"primaryImageOfPage":{"@id":"https:\/\/novellix.com\/de\/produkt\/mary-shelley\/#primaryimage"},"image":{"@id":"https:\/\/novellix.com\/de\/produkt\/mary-shelley\/#primaryimage"},"thumbnailUrl":"https:\/\/novellix.com\/de\/wp-content\/uploads\/sites\/2\/2026\/01\/7350114421288.png","datePublished":"2026-01-14T09:17:20+00:00","dateModified":"2026-01-14T09:23:17+00:00","breadcrumb":{"@id":"https:\/\/novellix.com\/de\/produkt\/mary-shelley\/#breadcrumb"},"inLanguage":"de","potentialAction":[{"@type":"ReadAction","target":["https:\/\/novellix.com\/de\/produkt\/mary-shelley\/"]}]},{"@type":"ImageObject","inLanguage":"de","@id":"https:\/\/novellix.com\/de\/produkt\/mary-shelley\/#primaryimage","url":"https:\/\/novellix.com\/de\/wp-content\/uploads\/sites\/2\/2026\/01\/7350114421288.png","contentUrl":"https:\/\/novellix.com\/de\/wp-content\/uploads\/sites\/2\/2026\/01\/7350114421288.png","width":1240,"height":1748},{"@type":"BreadcrumbList","@id":"https:\/\/novellix.com\/de\/produkt\/mary-shelley\/#breadcrumb","itemListElement":[{"@type":"ListItem","position":1,"name":"Shop","item":"https:\/\/novellix.com\/de\/shop\/"},{"@type":"ListItem","position":2,"name":"Mary Shelley"}]},{"@type":"WebSite","@id":"https:\/\/novellix.com\/de\/#website","url":"https:\/\/novellix.com\/de\/","name":"NOVELLIX","description":"","potentialAction":[{"@type":"SearchAction","target":{"@type":"EntryPoint","urlTemplate":"https:\/\/novellix.com\/de\/?s={search_term_string}"},"query-input":{"@type":"PropertyValueSpecification","valueRequired":true,"valueName":"search_term_string"}}],"inLanguage":"de"}]}},"_links":{"self":[{"href":"https:\/\/novellix.com\/de\/wp-json\/wp\/v2\/product\/1303348","targetHints":{"allow":["GET"]}}],"collection":[{"href":"https:\/\/novellix.com\/de\/wp-json\/wp\/v2\/product"}],"about":[{"href":"https:\/\/novellix.com\/de\/wp-json\/wp\/v2\/types\/product"}],"wp:featuredmedia":[{"embeddable":true,"href":"https:\/\/novellix.com\/de\/wp-json\/wp\/v2\/media\/1303349"}],"wp:attachment":[{"href":"https:\/\/novellix.com\/de\/wp-json\/wp\/v2\/media?parent=1303348"}],"wp:term":[{"taxonomy":"product_brand","embeddable":true,"href":"https:\/\/novellix.com\/de\/wp-json\/wp\/v2\/product_brand?post=1303348"},{"taxonomy":"product_cat","embeddable":true,"href":"https:\/\/novellix.com\/de\/wp-json\/wp\/v2\/product_cat?post=1303348"},{"taxonomy":"product_tag","embeddable":true,"href":"https:\/\/novellix.com\/de\/wp-json\/wp\/v2\/product_tag?post=1303348"}],"curies":[{"name":"wp","href":"https:\/\/api.w.org\/{rel}","templated":true}]}}