{"id":1303350,"date":"2026-01-14T09:18:29","date_gmt":"2026-01-14T09:18:29","guid":{"rendered":"https:\/\/novellix.com\/de\/?post_type=product&#038;p=1303350"},"modified":"2026-01-14T09:22:49","modified_gmt":"2026-01-14T09:22:49","slug":"edgar-allan-poe","status":"publish","type":"product","link":"https:\/\/novellix.com\/de\/produkt\/edgar-allan-poe\/","title":{"rendered":"Edgar Allan Poe"},"content":{"rendered":"<p><span style=\"font-weight: 400;\">Der amerikanische Schriftsteller und Literaturkritiker <strong>Edgar Allan Poe<\/strong> (1809\u20131849) war eine der pr\u00e4genden Gestalten der sp\u00e4tromantischen Literatur in den Vereinigten Staaten. Seine innovativen Werke hatten gro\u00dfen Einfluss sowohl auf das Genre der Science-Fiction als auch auf den modernen Kriminalroman, und sein Schaffen machte ihn zu einem der bedeutendsten Autoren der Horrorliteratur. Neben Erz\u00e4hlungen verfasste Poe auch Essays, Satiren und Lyrik: <\/span><i><span style=\"font-weight: 400;\">Der Rabe<\/span><\/i><span style=\"font-weight: 400;\">, 1845 ver\u00f6ffentlicht, z\u00e4hlt heute zu den meistgelesenen Gedichten der Welt.<\/span><span style=\"font-weight: 400;\"><br \/>\n<\/span><\/p>\n","protected":false},"excerpt":{"rendered":"<p>Der amerikanische Schriftsteller und Literaturkritiker Edgar Allan Poe (1809\u20131849) war eine der pr\u00e4genden Gestalten der sp\u00e4tromantischen Literatur in den Vereinigten Staaten. Seine innovativen Werke hatten gro\u00dfen Einfluss sowohl auf das Genre der Science-Fiction als auch auf den modernen Kriminalroman, und sein Schaffen machte ihn zu einem der bedeutendsten Autoren der Horrorliteratur. Neben Erz\u00e4hlungen verfasste Poe [&#8230;]\n","protected":false},"featured_media":1303351,"template":"","meta":[],"product_brand":[],"product_cat":[98],"product_tag":[],"class_list":{"0":"post-1303350","1":"product","2":"type-product","3":"status-publish","4":"has-post-thumbnail","6":"product_cat-buchstutzen","8":"first","9":"instock","10":"shipping-taxable","11":"product-type-simple"},"yoast_head":"<!-- This site is optimized with the Yoast SEO plugin v27.3 - https:\/\/yoast.com\/product\/yoast-seo-wordpress\/ -->\n<title>Edgar Allan Poe - NOVELLIX<\/title>\n<meta name=\"robots\" content=\"index, follow, max-snippet:-1, max-image-preview:large, max-video-preview:-1\" \/>\n<link rel=\"canonical\" href=\"https:\/\/novellix.com\/de\/produkt\/edgar-allan-poe\/\" \/>\n<meta property=\"og:locale\" content=\"de_DE\" \/>\n<meta property=\"og:type\" content=\"article\" \/>\n<meta property=\"og:title\" content=\"Edgar Allan Poe - NOVELLIX\" \/>\n<meta property=\"og:description\" content=\"Der amerikanische Schriftsteller und Literaturkritiker Edgar Allan Poe (1809\u20131849) war eine der pr\u00e4genden Gestalten der sp\u00e4tromantischen Literatur in den Vereinigten Staaten. Seine innovativen Werke hatten gro\u00dfen Einfluss sowohl auf das Genre der Science-Fiction als auch auf den modernen Kriminalroman, und sein Schaffen machte ihn zu einem der bedeutendsten Autoren der Horrorliteratur. Neben Erz\u00e4hlungen verfasste Poe [...]\" \/>\n<meta property=\"og:url\" content=\"https:\/\/novellix.com\/de\/produkt\/edgar-allan-poe\/\" \/>\n<meta property=\"og:site_name\" content=\"NOVELLIX\" \/>\n<meta property=\"article:modified_time\" content=\"2026-01-14T09:22:49+00:00\" \/>\n<meta property=\"og:image\" content=\"https:\/\/novellix.com\/de\/wp-content\/uploads\/sites\/2\/2026\/01\/7350114421271.png\" \/>\n\t<meta property=\"og:image:width\" content=\"1240\" \/>\n\t<meta property=\"og:image:height\" content=\"1748\" \/>\n\t<meta property=\"og:image:type\" content=\"image\/png\" \/>\n<meta name=\"twitter:card\" content=\"summary_large_image\" \/>\n<script type=\"application\/ld+json\" class=\"yoast-schema-graph\">{\"@context\":\"https:\\\/\\\/schema.org\",\"@graph\":[{\"@type\":\"WebPage\",\"@id\":\"https:\\\/\\\/novellix.com\\\/de\\\/produkt\\\/edgar-allan-poe\\\/\",\"url\":\"https:\\\/\\\/novellix.com\\\/de\\\/produkt\\\/edgar-allan-poe\\\/\",\"name\":\"Edgar Allan Poe - NOVELLIX\",\"isPartOf\":{\"@id\":\"https:\\\/\\\/novellix.com\\\/de\\\/#website\"},\"primaryImageOfPage\":{\"@id\":\"https:\\\/\\\/novellix.com\\\/de\\\/produkt\\\/edgar-allan-poe\\\/#primaryimage\"},\"image\":{\"@id\":\"https:\\\/\\\/novellix.com\\\/de\\\/produkt\\\/edgar-allan-poe\\\/#primaryimage\"},\"thumbnailUrl\":\"https:\\\/\\\/novellix.com\\\/de\\\/wp-content\\\/uploads\\\/sites\\\/2\\\/2026\\\/01\\\/7350114421271.png\",\"datePublished\":\"2026-01-14T09:18:29+00:00\",\"dateModified\":\"2026-01-14T09:22:49+00:00\",\"breadcrumb\":{\"@id\":\"https:\\\/\\\/novellix.com\\\/de\\\/produkt\\\/edgar-allan-poe\\\/#breadcrumb\"},\"inLanguage\":\"de\",\"potentialAction\":[{\"@type\":\"ReadAction\",\"target\":[\"https:\\\/\\\/novellix.com\\\/de\\\/produkt\\\/edgar-allan-poe\\\/\"]}]},{\"@type\":\"ImageObject\",\"inLanguage\":\"de\",\"@id\":\"https:\\\/\\\/novellix.com\\\/de\\\/produkt\\\/edgar-allan-poe\\\/#primaryimage\",\"url\":\"https:\\\/\\\/novellix.com\\\/de\\\/wp-content\\\/uploads\\\/sites\\\/2\\\/2026\\\/01\\\/7350114421271.png\",\"contentUrl\":\"https:\\\/\\\/novellix.com\\\/de\\\/wp-content\\\/uploads\\\/sites\\\/2\\\/2026\\\/01\\\/7350114421271.png\",\"width\":1240,\"height\":1748},{\"@type\":\"BreadcrumbList\",\"@id\":\"https:\\\/\\\/novellix.com\\\/de\\\/produkt\\\/edgar-allan-poe\\\/#breadcrumb\",\"itemListElement\":[{\"@type\":\"ListItem\",\"position\":1,\"name\":\"Shop\",\"item\":\"https:\\\/\\\/novellix.com\\\/de\\\/shop\\\/\"},{\"@type\":\"ListItem\",\"position\":2,\"name\":\"Edgar Allan Poe\"}]},{\"@type\":\"WebSite\",\"@id\":\"https:\\\/\\\/novellix.com\\\/de\\\/#website\",\"url\":\"https:\\\/\\\/novellix.com\\\/de\\\/\",\"name\":\"NOVELLIX\",\"description\":\"\",\"potentialAction\":[{\"@type\":\"SearchAction\",\"target\":{\"@type\":\"EntryPoint\",\"urlTemplate\":\"https:\\\/\\\/novellix.com\\\/de\\\/?s={search_term_string}\"},\"query-input\":{\"@type\":\"PropertyValueSpecification\",\"valueRequired\":true,\"valueName\":\"search_term_string\"}}],\"inLanguage\":\"de\"}]}<\/script>\n<!-- \/ Yoast SEO plugin. -->","yoast_head_json":{"title":"Edgar Allan Poe - NOVELLIX","robots":{"index":"index","follow":"follow","max-snippet":"max-snippet:-1","max-image-preview":"max-image-preview:large","max-video-preview":"max-video-preview:-1"},"canonical":"https:\/\/novellix.com\/de\/produkt\/edgar-allan-poe\/","og_locale":"de_DE","og_type":"article","og_title":"Edgar Allan Poe - NOVELLIX","og_description":"Der amerikanische Schriftsteller und Literaturkritiker Edgar Allan Poe (1809\u20131849) war eine der pr\u00e4genden Gestalten der sp\u00e4tromantischen Literatur in den Vereinigten Staaten. Seine innovativen Werke hatten gro\u00dfen Einfluss sowohl auf das Genre der Science-Fiction als auch auf den modernen Kriminalroman, und sein Schaffen machte ihn zu einem der bedeutendsten Autoren der Horrorliteratur. Neben Erz\u00e4hlungen verfasste Poe [...]","og_url":"https:\/\/novellix.com\/de\/produkt\/edgar-allan-poe\/","og_site_name":"NOVELLIX","article_modified_time":"2026-01-14T09:22:49+00:00","og_image":[{"width":1240,"height":1748,"url":"https:\/\/novellix.com\/de\/wp-content\/uploads\/sites\/2\/2026\/01\/7350114421271.png","type":"image\/png"}],"twitter_card":"summary_large_image","schema":{"@context":"https:\/\/schema.org","@graph":[{"@type":"WebPage","@id":"https:\/\/novellix.com\/de\/produkt\/edgar-allan-poe\/","url":"https:\/\/novellix.com\/de\/produkt\/edgar-allan-poe\/","name":"Edgar Allan Poe - NOVELLIX","isPartOf":{"@id":"https:\/\/novellix.com\/de\/#website"},"primaryImageOfPage":{"@id":"https:\/\/novellix.com\/de\/produkt\/edgar-allan-poe\/#primaryimage"},"image":{"@id":"https:\/\/novellix.com\/de\/produkt\/edgar-allan-poe\/#primaryimage"},"thumbnailUrl":"https:\/\/novellix.com\/de\/wp-content\/uploads\/sites\/2\/2026\/01\/7350114421271.png","datePublished":"2026-01-14T09:18:29+00:00","dateModified":"2026-01-14T09:22:49+00:00","breadcrumb":{"@id":"https:\/\/novellix.com\/de\/produkt\/edgar-allan-poe\/#breadcrumb"},"inLanguage":"de","potentialAction":[{"@type":"ReadAction","target":["https:\/\/novellix.com\/de\/produkt\/edgar-allan-poe\/"]}]},{"@type":"ImageObject","inLanguage":"de","@id":"https:\/\/novellix.com\/de\/produkt\/edgar-allan-poe\/#primaryimage","url":"https:\/\/novellix.com\/de\/wp-content\/uploads\/sites\/2\/2026\/01\/7350114421271.png","contentUrl":"https:\/\/novellix.com\/de\/wp-content\/uploads\/sites\/2\/2026\/01\/7350114421271.png","width":1240,"height":1748},{"@type":"BreadcrumbList","@id":"https:\/\/novellix.com\/de\/produkt\/edgar-allan-poe\/#breadcrumb","itemListElement":[{"@type":"ListItem","position":1,"name":"Shop","item":"https:\/\/novellix.com\/de\/shop\/"},{"@type":"ListItem","position":2,"name":"Edgar Allan Poe"}]},{"@type":"WebSite","@id":"https:\/\/novellix.com\/de\/#website","url":"https:\/\/novellix.com\/de\/","name":"NOVELLIX","description":"","potentialAction":[{"@type":"SearchAction","target":{"@type":"EntryPoint","urlTemplate":"https:\/\/novellix.com\/de\/?s={search_term_string}"},"query-input":{"@type":"PropertyValueSpecification","valueRequired":true,"valueName":"search_term_string"}}],"inLanguage":"de"}]}},"_links":{"self":[{"href":"https:\/\/novellix.com\/de\/wp-json\/wp\/v2\/product\/1303350","targetHints":{"allow":["GET"]}}],"collection":[{"href":"https:\/\/novellix.com\/de\/wp-json\/wp\/v2\/product"}],"about":[{"href":"https:\/\/novellix.com\/de\/wp-json\/wp\/v2\/types\/product"}],"wp:featuredmedia":[{"embeddable":true,"href":"https:\/\/novellix.com\/de\/wp-json\/wp\/v2\/media\/1303351"}],"wp:attachment":[{"href":"https:\/\/novellix.com\/de\/wp-json\/wp\/v2\/media?parent=1303350"}],"wp:term":[{"taxonomy":"product_brand","embeddable":true,"href":"https:\/\/novellix.com\/de\/wp-json\/wp\/v2\/product_brand?post=1303350"},{"taxonomy":"product_cat","embeddable":true,"href":"https:\/\/novellix.com\/de\/wp-json\/wp\/v2\/product_cat?post=1303350"},{"taxonomy":"product_tag","embeddable":true,"href":"https:\/\/novellix.com\/de\/wp-json\/wp\/v2\/product_tag?post=1303350"}],"curies":[{"name":"wp","href":"https:\/\/api.w.org\/{rel}","templated":true}]}}