{"id":205873,"date":"2023-12-10T22:41:33","date_gmt":"2023-12-10T22:41:33","guid":{"rendered":"https:\/\/novellix.se\/?post_type=product&#038;p=205873"},"modified":"2024-05-27T12:51:32","modified_gmt":"2024-05-27T12:51:32","slug":"bokstod-fjodor-dostojevskij","status":"publish","type":"product","link":"https:\/\/novellix.com\/de\/produkt\/bokstod-fjodor-dostojevskij\/","title":{"rendered":"Fjodor Dostojewski"},"content":{"rendered":"<div><span style=\"color: #000000; font-family: arial, sans-serif;\"><b>Fjodor Dostojewski\u00a0<\/b>(1821\u20131881), trug mit seinen komplexen Romanen, u.a.\u00a0<i>Schuld und S\u00fchne<\/i>,\u00a0<i>Der Idiot<\/i>\u00a0und\u00a0<i>Die Br\u00fcder Karamasow<\/i>, ma\u00dfgeblich zur Entwicklung der Kunst des Schreibens von Romanen bei. Dostojewski, der selbst als Teil einer Gruppe sozialistisch-kommunistischer Intellektueller 1849 zum Tode verurteilt und in letzter Sekunde durch die Begnadigung des Zaren gerettet wurde, lie\u00df diese existenzielle Erfahrung der bevorstehenden Hinrichtung in zahlreiche Werke und Figuren einflie\u00dfen.\u00a0<\/span><\/div>\n<div><span style=\"color: #000000; font-family: arial, sans-serif;\">Zusammen mit Leo Tolstois epischen Geschichten sind seine Werke zu Sinnbildern f\u00fcr den gro\u00dfen russischen Roman geworden. Weltweit schreiben Literaturkritiker seinen Werken gro\u00dfen Einfluss auf die Str\u00f6mungen des Modernismus und Existentialismus sowie die literarische Kritik zu.\u00a0<\/span><\/div>\n<div><span style=\"color: #000000; font-family: arial, sans-serif;\">\u00a0<\/span><\/div>\n<div><span style=\"color: #000000; font-family: arial, sans-serif;\">Der Industriedesigner Jan Landqvist steht f\u00fcr die Idee und das Design der Novellix-Buchst\u00fctzen. Die Buchst\u00fctzen werden in der schwedischen Region Gnosj\u00f6 hergestellt und bestehen aus geschnittenem und gebogenem Stahlblech, das mit einem schwarzen, strapazierf\u00e4higen Pulverlack behandelt wurde. Die Ma\u00dfe betragen 15\u00d715 cm f\u00fcr die Portr\u00e4ts und 10\u00d715 cm f\u00fcr die Bodenplatte.<\/span><\/div>\n","protected":false},"excerpt":{"rendered":"<p>Fjodor Dostojewski\u00a0(1821\u20131881), trug mit seinen komplexen Romanen, u.a.\u00a0Schuld und S\u00fchne,\u00a0Der Idiot\u00a0und\u00a0Die Br\u00fcder Karamasow, ma\u00dfgeblich zur Entwicklung der Kunst des Schreibens von Romanen bei. Dostojewski, der selbst als Teil einer Gruppe sozialistisch-kommunistischer Intellektueller 1849 zum Tode verurteilt und in letzter Sekunde durch die Begnadigung des Zaren gerettet wurde, lie\u00df diese existenzielle Erfahrung der bevorstehenden Hinrichtung in [&#8230;]\n","protected":false},"featured_media":1303110,"template":"","meta":[],"product_brand":[],"product_cat":[98],"product_tag":[],"class_list":{"0":"post-205873","1":"product","2":"type-product","3":"status-publish","4":"has-post-thumbnail","6":"product_cat-buchstutzen","8":"first","9":"instock","10":"shipping-taxable","11":"product-type-simple"},"yoast_head":"<!-- This site is optimized with the Yoast SEO plugin v27.3 - https:\/\/yoast.com\/product\/yoast-seo-wordpress\/ -->\n<title>Fjodor Dostojewski - NOVELLIX<\/title>\n<meta name=\"description\" content=\"Fjodor Dostojevskij (1821\u20131881) tog med sina m\u00e5ngbottnade verk Brott och straff,\u00a0Idioten,\u00a0Onda andar\u00a0och\u00a0Br\u00f6derna Karamazov\u00a0romankonsten till nya konst...\" \/>\n<meta name=\"robots\" content=\"index, follow, max-snippet:-1, max-image-preview:large, max-video-preview:-1\" \/>\n<link rel=\"canonical\" href=\"https:\/\/novellix.com\/de\/produkt\/bokstod-fjodor-dostojevskij\/\" \/>\n<meta property=\"og:locale\" content=\"de_DE\" \/>\n<meta property=\"og:type\" content=\"article\" \/>\n<meta property=\"og:title\" content=\"Fjodor Dostojewski - NOVELLIX\" \/>\n<meta property=\"og:description\" content=\"Fjodor Dostojevskij (1821\u20131881) tog med sina m\u00e5ngbottnade verk Brott och straff,\u00a0Idioten,\u00a0Onda andar\u00a0och\u00a0Br\u00f6derna Karamazov\u00a0romankonsten till nya konst...\" \/>\n<meta property=\"og:url\" content=\"https:\/\/novellix.com\/de\/produkt\/bokstod-fjodor-dostojevskij\/\" \/>\n<meta property=\"og:site_name\" content=\"NOVELLIX\" \/>\n<meta property=\"article:modified_time\" content=\"2024-05-27T12:51:32+00:00\" \/>\n<meta property=\"og:image\" content=\"https:\/\/novellix.com\/de\/wp-content\/uploads\/sites\/2\/2023\/12\/produktbilder-18-730x1030-1.jpg\" \/>\n\t<meta property=\"og:image:width\" content=\"730\" \/>\n\t<meta property=\"og:image:height\" content=\"1030\" \/>\n\t<meta property=\"og:image:type\" content=\"image\/jpeg\" \/>\n<meta name=\"twitter:card\" content=\"summary_large_image\" \/>\n<meta name=\"twitter:label1\" content=\"Gesch\u00e4tzte Lesezeit\" \/>\n\t<meta name=\"twitter:data1\" content=\"1\u00a0Minute\" \/>\n<script type=\"application\/ld+json\" class=\"yoast-schema-graph\">{\"@context\":\"https:\\\/\\\/schema.org\",\"@graph\":[{\"@type\":\"WebPage\",\"@id\":\"https:\\\/\\\/novellix.com\\\/de\\\/produkt\\\/bokstod-fjodor-dostojevskij\\\/\",\"url\":\"https:\\\/\\\/novellix.com\\\/de\\\/produkt\\\/bokstod-fjodor-dostojevskij\\\/\",\"name\":\"Fjodor Dostojewski - NOVELLIX\",\"isPartOf\":{\"@id\":\"https:\\\/\\\/novellix.com\\\/de\\\/#website\"},\"primaryImageOfPage\":{\"@id\":\"https:\\\/\\\/novellix.com\\\/de\\\/produkt\\\/bokstod-fjodor-dostojevskij\\\/#primaryimage\"},\"image\":{\"@id\":\"https:\\\/\\\/novellix.com\\\/de\\\/produkt\\\/bokstod-fjodor-dostojevskij\\\/#primaryimage\"},\"thumbnailUrl\":\"https:\\\/\\\/novellix.com\\\/de\\\/wp-content\\\/uploads\\\/sites\\\/2\\\/2023\\\/12\\\/produktbilder-18-730x1030-1.jpg\",\"datePublished\":\"2023-12-10T22:41:33+00:00\",\"dateModified\":\"2024-05-27T12:51:32+00:00\",\"description\":\"Fjodor Dostojevskij (1821\u20131881) tog med sina m\u00e5ngbottnade verk Brott och straff,\u00a0Idioten,\u00a0Onda andar\u00a0och\u00a0Br\u00f6derna Karamazov\u00a0romankonsten till nya konst...\",\"breadcrumb\":{\"@id\":\"https:\\\/\\\/novellix.com\\\/de\\\/produkt\\\/bokstod-fjodor-dostojevskij\\\/#breadcrumb\"},\"inLanguage\":\"de\",\"potentialAction\":[{\"@type\":\"ReadAction\",\"target\":[\"https:\\\/\\\/novellix.com\\\/de\\\/produkt\\\/bokstod-fjodor-dostojevskij\\\/\"]}]},{\"@type\":\"ImageObject\",\"inLanguage\":\"de\",\"@id\":\"https:\\\/\\\/novellix.com\\\/de\\\/produkt\\\/bokstod-fjodor-dostojevskij\\\/#primaryimage\",\"url\":\"https:\\\/\\\/novellix.com\\\/de\\\/wp-content\\\/uploads\\\/sites\\\/2\\\/2023\\\/12\\\/produktbilder-18-730x1030-1.jpg\",\"contentUrl\":\"https:\\\/\\\/novellix.com\\\/de\\\/wp-content\\\/uploads\\\/sites\\\/2\\\/2023\\\/12\\\/produktbilder-18-730x1030-1.jpg\",\"width\":730,\"height\":1030},{\"@type\":\"BreadcrumbList\",\"@id\":\"https:\\\/\\\/novellix.com\\\/de\\\/produkt\\\/bokstod-fjodor-dostojevskij\\\/#breadcrumb\",\"itemListElement\":[{\"@type\":\"ListItem\",\"position\":1,\"name\":\"Shop\",\"item\":\"https:\\\/\\\/novellix.com\\\/de\\\/shop\\\/\"},{\"@type\":\"ListItem\",\"position\":2,\"name\":\"Fjodor Dostojewski\"}]},{\"@type\":\"WebSite\",\"@id\":\"https:\\\/\\\/novellix.com\\\/de\\\/#website\",\"url\":\"https:\\\/\\\/novellix.com\\\/de\\\/\",\"name\":\"NOVELLIX\",\"description\":\"\",\"potentialAction\":[{\"@type\":\"SearchAction\",\"target\":{\"@type\":\"EntryPoint\",\"urlTemplate\":\"https:\\\/\\\/novellix.com\\\/de\\\/?s={search_term_string}\"},\"query-input\":{\"@type\":\"PropertyValueSpecification\",\"valueRequired\":true,\"valueName\":\"search_term_string\"}}],\"inLanguage\":\"de\"}]}<\/script>\n<!-- \/ Yoast SEO plugin. -->","yoast_head_json":{"title":"Fjodor Dostojewski - NOVELLIX","description":"Fjodor Dostojevskij (1821\u20131881) tog med sina m\u00e5ngbottnade verk Brott och straff,\u00a0Idioten,\u00a0Onda andar\u00a0och\u00a0Br\u00f6derna Karamazov\u00a0romankonsten till nya konst...","robots":{"index":"index","follow":"follow","max-snippet":"max-snippet:-1","max-image-preview":"max-image-preview:large","max-video-preview":"max-video-preview:-1"},"canonical":"https:\/\/novellix.com\/de\/produkt\/bokstod-fjodor-dostojevskij\/","og_locale":"de_DE","og_type":"article","og_title":"Fjodor Dostojewski - NOVELLIX","og_description":"Fjodor Dostojevskij (1821\u20131881) tog med sina m\u00e5ngbottnade verk Brott och straff,\u00a0Idioten,\u00a0Onda andar\u00a0och\u00a0Br\u00f6derna Karamazov\u00a0romankonsten till nya konst...","og_url":"https:\/\/novellix.com\/de\/produkt\/bokstod-fjodor-dostojevskij\/","og_site_name":"NOVELLIX","article_modified_time":"2024-05-27T12:51:32+00:00","og_image":[{"width":730,"height":1030,"url":"https:\/\/novellix.com\/de\/wp-content\/uploads\/sites\/2\/2023\/12\/produktbilder-18-730x1030-1.jpg","type":"image\/jpeg"}],"twitter_card":"summary_large_image","twitter_misc":{"Gesch\u00e4tzte Lesezeit":"1\u00a0Minute"},"schema":{"@context":"https:\/\/schema.org","@graph":[{"@type":"WebPage","@id":"https:\/\/novellix.com\/de\/produkt\/bokstod-fjodor-dostojevskij\/","url":"https:\/\/novellix.com\/de\/produkt\/bokstod-fjodor-dostojevskij\/","name":"Fjodor Dostojewski - NOVELLIX","isPartOf":{"@id":"https:\/\/novellix.com\/de\/#website"},"primaryImageOfPage":{"@id":"https:\/\/novellix.com\/de\/produkt\/bokstod-fjodor-dostojevskij\/#primaryimage"},"image":{"@id":"https:\/\/novellix.com\/de\/produkt\/bokstod-fjodor-dostojevskij\/#primaryimage"},"thumbnailUrl":"https:\/\/novellix.com\/de\/wp-content\/uploads\/sites\/2\/2023\/12\/produktbilder-18-730x1030-1.jpg","datePublished":"2023-12-10T22:41:33+00:00","dateModified":"2024-05-27T12:51:32+00:00","description":"Fjodor Dostojevskij (1821\u20131881) tog med sina m\u00e5ngbottnade verk Brott och straff,\u00a0Idioten,\u00a0Onda andar\u00a0och\u00a0Br\u00f6derna Karamazov\u00a0romankonsten till nya konst...","breadcrumb":{"@id":"https:\/\/novellix.com\/de\/produkt\/bokstod-fjodor-dostojevskij\/#breadcrumb"},"inLanguage":"de","potentialAction":[{"@type":"ReadAction","target":["https:\/\/novellix.com\/de\/produkt\/bokstod-fjodor-dostojevskij\/"]}]},{"@type":"ImageObject","inLanguage":"de","@id":"https:\/\/novellix.com\/de\/produkt\/bokstod-fjodor-dostojevskij\/#primaryimage","url":"https:\/\/novellix.com\/de\/wp-content\/uploads\/sites\/2\/2023\/12\/produktbilder-18-730x1030-1.jpg","contentUrl":"https:\/\/novellix.com\/de\/wp-content\/uploads\/sites\/2\/2023\/12\/produktbilder-18-730x1030-1.jpg","width":730,"height":1030},{"@type":"BreadcrumbList","@id":"https:\/\/novellix.com\/de\/produkt\/bokstod-fjodor-dostojevskij\/#breadcrumb","itemListElement":[{"@type":"ListItem","position":1,"name":"Shop","item":"https:\/\/novellix.com\/de\/shop\/"},{"@type":"ListItem","position":2,"name":"Fjodor Dostojewski"}]},{"@type":"WebSite","@id":"https:\/\/novellix.com\/de\/#website","url":"https:\/\/novellix.com\/de\/","name":"NOVELLIX","description":"","potentialAction":[{"@type":"SearchAction","target":{"@type":"EntryPoint","urlTemplate":"https:\/\/novellix.com\/de\/?s={search_term_string}"},"query-input":{"@type":"PropertyValueSpecification","valueRequired":true,"valueName":"search_term_string"}}],"inLanguage":"de"}]}},"_links":{"self":[{"href":"https:\/\/novellix.com\/de\/wp-json\/wp\/v2\/product\/205873","targetHints":{"allow":["GET"]}}],"collection":[{"href":"https:\/\/novellix.com\/de\/wp-json\/wp\/v2\/product"}],"about":[{"href":"https:\/\/novellix.com\/de\/wp-json\/wp\/v2\/types\/product"}],"wp:featuredmedia":[{"embeddable":true,"href":"https:\/\/novellix.com\/de\/wp-json\/wp\/v2\/media\/1303110"}],"wp:attachment":[{"href":"https:\/\/novellix.com\/de\/wp-json\/wp\/v2\/media?parent=205873"}],"wp:term":[{"taxonomy":"product_brand","embeddable":true,"href":"https:\/\/novellix.com\/de\/wp-json\/wp\/v2\/product_brand?post=205873"},{"taxonomy":"product_cat","embeddable":true,"href":"https:\/\/novellix.com\/de\/wp-json\/wp\/v2\/product_cat?post=205873"},{"taxonomy":"product_tag","embeddable":true,"href":"https:\/\/novellix.com\/de\/wp-json\/wp\/v2\/product_tag?post=205873"}],"curies":[{"name":"wp","href":"https:\/\/api.w.org\/{rel}","templated":true}]}}