{"id":354793,"date":"2023-12-10T22:41:33","date_gmt":"2023-12-10T22:41:33","guid":{"rendered":"https:\/\/novellix.se\/?post_type=product&#038;p=354793"},"modified":"2024-02-29T13:29:54","modified_gmt":"2024-02-29T13:29:54","slug":"bokstod-james-joyce","status":"publish","type":"product","link":"https:\/\/novellix.com\/de\/produkt\/bokstod-james-joyce\/","title":{"rendered":"James Joyce"},"content":{"rendered":"<p><b>James Joyce<\/b><span style=\"font-weight: 400;\"> (1882\u20131941) war ein irischer Schriftsteller, dessen experimenteller Sprachgebrauch seinen Roman \u201cUlysses\u201d zu einem Klassiker der Literaturgeschichte machte.\u00a0 Er hatte fr\u00fch Interesse am Schreiben und an Sprachen; so lernte er beispielsweise Norwegisch, um Werke von Henrik Ibsen, den er bewunderte, im Original lesen zu k\u00f6nnen. Zeitlebens verfolgte er, der seiner von britischem Staat und katholischer Kirche beherrschten Heimatinsel den R\u00fccken kehrte, seine literarischen Ziele und schuf mit \u201cFinnegans Wake\u201d eine ganz eigene Sprache.\u00a0<\/span><\/p>\n<p><span style=\"font-weight: 400;\">Die Idee und das Design der Novellix-Buchst\u00fctzen stammen vom Industriedesigner Jan Landqvist. Die Buchst\u00fctzen werden im schwedischen Gnosj\u00f6 hergestellt und bestehen aus weitgehend recyceltem Stahlblech, das mit einem strapazierf\u00e4higen schwarzen Pulverlack behandelt wurde. Die Ma\u00dfe betragen 15\u00d715 cm f\u00fcr die Portr\u00e4ts und 10\u00d715 cm f\u00fcr die Bodenplatte.<\/span><\/p>\n","protected":false},"excerpt":{"rendered":"<p>James Joyce (1882\u20131941) war ein irischer Schriftsteller, dessen experimenteller Sprachgebrauch seinen Roman \u201cUlysses\u201d zu einem Klassiker der Literaturgeschichte machte.\u00a0 Er hatte fr\u00fch Interesse am Schreiben und an Sprachen; so lernte er beispielsweise Norwegisch, um Werke von Henrik Ibsen, den er bewunderte, im Original lesen zu k\u00f6nnen. Zeitlebens verfolgte er, der seiner von britischem Staat und [&#8230;]\n","protected":false},"featured_media":1302859,"template":"","meta":[],"product_brand":[],"product_cat":[98,80,84],"product_tag":[],"class_list":{"0":"post-354793","1":"product","2":"type-product","3":"status-publish","4":"has-post-thumbnail","6":"product_cat-buchstutzen","7":"product_cat-rea","8":"product_cat-paket-och-presenttips","10":"first","11":"instock","12":"shipping-taxable","13":"purchasable","14":"product-type-simple"},"yoast_head":"<!-- This site is optimized with the Yoast SEO plugin v27.3 - https:\/\/yoast.com\/product\/yoast-seo-wordpress\/ -->\n<title>James Joyce - NOVELLIX<\/title>\n<meta name=\"robots\" content=\"index, follow, max-snippet:-1, max-image-preview:large, max-video-preview:-1\" \/>\n<link rel=\"canonical\" href=\"https:\/\/novellix.com\/de\/produkt\/bokstod-james-joyce\/\" \/>\n<meta property=\"og:locale\" content=\"de_DE\" \/>\n<meta property=\"og:type\" content=\"article\" \/>\n<meta property=\"og:title\" content=\"James Joyce - NOVELLIX\" \/>\n<meta property=\"og:description\" content=\"James Joyce (1882\u20131941) war ein irischer Schriftsteller, dessen experimenteller Sprachgebrauch seinen Roman \u201cUlysses\u201d zu einem Klassiker der Literaturgeschichte machte.\u00a0 Er hatte fr\u00fch Interesse am Schreiben und an Sprachen; so lernte er beispielsweise Norwegisch, um Werke von Henrik Ibsen, den er bewunderte, im Original lesen zu k\u00f6nnen. Zeitlebens verfolgte er, der seiner von britischem Staat und [...]\" \/>\n<meta property=\"og:url\" content=\"https:\/\/novellix.com\/de\/produkt\/bokstod-james-joyce\/\" \/>\n<meta property=\"og:site_name\" content=\"NOVELLIX\" \/>\n<meta property=\"article:modified_time\" content=\"2024-02-29T13:29:54+00:00\" \/>\n<meta property=\"og:image\" content=\"https:\/\/novellix.com\/de\/wp-content\/uploads\/sites\/2\/2023\/12\/51913738203-2ffcefbb21-o-730x1030-1.jpg\" \/>\n\t<meta property=\"og:image:width\" content=\"730\" \/>\n\t<meta property=\"og:image:height\" content=\"1030\" \/>\n\t<meta property=\"og:image:type\" content=\"image\/jpeg\" \/>\n<meta name=\"twitter:card\" content=\"summary_large_image\" \/>\n<meta name=\"twitter:label1\" content=\"Gesch\u00e4tzte Lesezeit\" \/>\n\t<meta name=\"twitter:data1\" content=\"1\u00a0Minute\" \/>\n<script type=\"application\/ld+json\" class=\"yoast-schema-graph\">{\"@context\":\"https:\\\/\\\/schema.org\",\"@graph\":[{\"@type\":\"WebPage\",\"@id\":\"https:\\\/\\\/novellix.com\\\/de\\\/produkt\\\/bokstod-james-joyce\\\/\",\"url\":\"https:\\\/\\\/novellix.com\\\/de\\\/produkt\\\/bokstod-james-joyce\\\/\",\"name\":\"James Joyce - NOVELLIX\",\"isPartOf\":{\"@id\":\"https:\\\/\\\/novellix.com\\\/de\\\/#website\"},\"primaryImageOfPage\":{\"@id\":\"https:\\\/\\\/novellix.com\\\/de\\\/produkt\\\/bokstod-james-joyce\\\/#primaryimage\"},\"image\":{\"@id\":\"https:\\\/\\\/novellix.com\\\/de\\\/produkt\\\/bokstod-james-joyce\\\/#primaryimage\"},\"thumbnailUrl\":\"https:\\\/\\\/novellix.com\\\/de\\\/wp-content\\\/uploads\\\/sites\\\/2\\\/2023\\\/12\\\/51913738203-2ffcefbb21-o-730x1030-1.jpg\",\"datePublished\":\"2023-12-10T22:41:33+00:00\",\"dateModified\":\"2024-02-29T13:29:54+00:00\",\"breadcrumb\":{\"@id\":\"https:\\\/\\\/novellix.com\\\/de\\\/produkt\\\/bokstod-james-joyce\\\/#breadcrumb\"},\"inLanguage\":\"de\",\"potentialAction\":[{\"@type\":\"ReadAction\",\"target\":[\"https:\\\/\\\/novellix.com\\\/de\\\/produkt\\\/bokstod-james-joyce\\\/\"]}]},{\"@type\":\"ImageObject\",\"inLanguage\":\"de\",\"@id\":\"https:\\\/\\\/novellix.com\\\/de\\\/produkt\\\/bokstod-james-joyce\\\/#primaryimage\",\"url\":\"https:\\\/\\\/novellix.com\\\/de\\\/wp-content\\\/uploads\\\/sites\\\/2\\\/2023\\\/12\\\/51913738203-2ffcefbb21-o-730x1030-1.jpg\",\"contentUrl\":\"https:\\\/\\\/novellix.com\\\/de\\\/wp-content\\\/uploads\\\/sites\\\/2\\\/2023\\\/12\\\/51913738203-2ffcefbb21-o-730x1030-1.jpg\",\"width\":730,\"height\":1030},{\"@type\":\"BreadcrumbList\",\"@id\":\"https:\\\/\\\/novellix.com\\\/de\\\/produkt\\\/bokstod-james-joyce\\\/#breadcrumb\",\"itemListElement\":[{\"@type\":\"ListItem\",\"position\":1,\"name\":\"Shop\",\"item\":\"https:\\\/\\\/novellix.com\\\/de\\\/shop\\\/\"},{\"@type\":\"ListItem\",\"position\":2,\"name\":\"James Joyce\"}]},{\"@type\":\"WebSite\",\"@id\":\"https:\\\/\\\/novellix.com\\\/de\\\/#website\",\"url\":\"https:\\\/\\\/novellix.com\\\/de\\\/\",\"name\":\"NOVELLIX\",\"description\":\"\",\"potentialAction\":[{\"@type\":\"SearchAction\",\"target\":{\"@type\":\"EntryPoint\",\"urlTemplate\":\"https:\\\/\\\/novellix.com\\\/de\\\/?s={search_term_string}\"},\"query-input\":{\"@type\":\"PropertyValueSpecification\",\"valueRequired\":true,\"valueName\":\"search_term_string\"}}],\"inLanguage\":\"de\"}]}<\/script>\n<!-- \/ Yoast SEO plugin. -->","yoast_head_json":{"title":"James Joyce - NOVELLIX","robots":{"index":"index","follow":"follow","max-snippet":"max-snippet:-1","max-image-preview":"max-image-preview:large","max-video-preview":"max-video-preview:-1"},"canonical":"https:\/\/novellix.com\/de\/produkt\/bokstod-james-joyce\/","og_locale":"de_DE","og_type":"article","og_title":"James Joyce - NOVELLIX","og_description":"James Joyce (1882\u20131941) war ein irischer Schriftsteller, dessen experimenteller Sprachgebrauch seinen Roman \u201cUlysses\u201d zu einem Klassiker der Literaturgeschichte machte.\u00a0 Er hatte fr\u00fch Interesse am Schreiben und an Sprachen; so lernte er beispielsweise Norwegisch, um Werke von Henrik Ibsen, den er bewunderte, im Original lesen zu k\u00f6nnen. Zeitlebens verfolgte er, der seiner von britischem Staat und [...]","og_url":"https:\/\/novellix.com\/de\/produkt\/bokstod-james-joyce\/","og_site_name":"NOVELLIX","article_modified_time":"2024-02-29T13:29:54+00:00","og_image":[{"width":730,"height":1030,"url":"https:\/\/novellix.com\/de\/wp-content\/uploads\/sites\/2\/2023\/12\/51913738203-2ffcefbb21-o-730x1030-1.jpg","type":"image\/jpeg"}],"twitter_card":"summary_large_image","twitter_misc":{"Gesch\u00e4tzte Lesezeit":"1\u00a0Minute"},"schema":{"@context":"https:\/\/schema.org","@graph":[{"@type":"WebPage","@id":"https:\/\/novellix.com\/de\/produkt\/bokstod-james-joyce\/","url":"https:\/\/novellix.com\/de\/produkt\/bokstod-james-joyce\/","name":"James Joyce - NOVELLIX","isPartOf":{"@id":"https:\/\/novellix.com\/de\/#website"},"primaryImageOfPage":{"@id":"https:\/\/novellix.com\/de\/produkt\/bokstod-james-joyce\/#primaryimage"},"image":{"@id":"https:\/\/novellix.com\/de\/produkt\/bokstod-james-joyce\/#primaryimage"},"thumbnailUrl":"https:\/\/novellix.com\/de\/wp-content\/uploads\/sites\/2\/2023\/12\/51913738203-2ffcefbb21-o-730x1030-1.jpg","datePublished":"2023-12-10T22:41:33+00:00","dateModified":"2024-02-29T13:29:54+00:00","breadcrumb":{"@id":"https:\/\/novellix.com\/de\/produkt\/bokstod-james-joyce\/#breadcrumb"},"inLanguage":"de","potentialAction":[{"@type":"ReadAction","target":["https:\/\/novellix.com\/de\/produkt\/bokstod-james-joyce\/"]}]},{"@type":"ImageObject","inLanguage":"de","@id":"https:\/\/novellix.com\/de\/produkt\/bokstod-james-joyce\/#primaryimage","url":"https:\/\/novellix.com\/de\/wp-content\/uploads\/sites\/2\/2023\/12\/51913738203-2ffcefbb21-o-730x1030-1.jpg","contentUrl":"https:\/\/novellix.com\/de\/wp-content\/uploads\/sites\/2\/2023\/12\/51913738203-2ffcefbb21-o-730x1030-1.jpg","width":730,"height":1030},{"@type":"BreadcrumbList","@id":"https:\/\/novellix.com\/de\/produkt\/bokstod-james-joyce\/#breadcrumb","itemListElement":[{"@type":"ListItem","position":1,"name":"Shop","item":"https:\/\/novellix.com\/de\/shop\/"},{"@type":"ListItem","position":2,"name":"James Joyce"}]},{"@type":"WebSite","@id":"https:\/\/novellix.com\/de\/#website","url":"https:\/\/novellix.com\/de\/","name":"NOVELLIX","description":"","potentialAction":[{"@type":"SearchAction","target":{"@type":"EntryPoint","urlTemplate":"https:\/\/novellix.com\/de\/?s={search_term_string}"},"query-input":{"@type":"PropertyValueSpecification","valueRequired":true,"valueName":"search_term_string"}}],"inLanguage":"de"}]}},"_links":{"self":[{"href":"https:\/\/novellix.com\/de\/wp-json\/wp\/v2\/product\/354793","targetHints":{"allow":["GET"]}}],"collection":[{"href":"https:\/\/novellix.com\/de\/wp-json\/wp\/v2\/product"}],"about":[{"href":"https:\/\/novellix.com\/de\/wp-json\/wp\/v2\/types\/product"}],"wp:featuredmedia":[{"embeddable":true,"href":"https:\/\/novellix.com\/de\/wp-json\/wp\/v2\/media\/1302859"}],"wp:attachment":[{"href":"https:\/\/novellix.com\/de\/wp-json\/wp\/v2\/media?parent=354793"}],"wp:term":[{"taxonomy":"product_brand","embeddable":true,"href":"https:\/\/novellix.com\/de\/wp-json\/wp\/v2\/product_brand?post=354793"},{"taxonomy":"product_cat","embeddable":true,"href":"https:\/\/novellix.com\/de\/wp-json\/wp\/v2\/product_cat?post=354793"},{"taxonomy":"product_tag","embeddable":true,"href":"https:\/\/novellix.com\/de\/wp-json\/wp\/v2\/product_tag?post=354793"}],"curies":[{"name":"wp","href":"https:\/\/api.w.org\/{rel}","templated":true}]}}