{"id":412756,"date":"2023-12-10T22:41:32","date_gmt":"2023-12-10T22:41:32","guid":{"rendered":"https:\/\/novellix.se\/?post_type=product&#038;p=412756"},"modified":"2024-02-29T13:39:31","modified_gmt":"2024-02-29T13:39:31","slug":"bokstod-hannah-arendt","status":"publish","type":"product","link":"https:\/\/novellix.com\/de\/produkt\/bokstod-hannah-arendt\/","title":{"rendered":"Hannah Arendt"},"content":{"rendered":"<p><span style=\"font-weight: 400;\"><strong>Hannah Arendt<\/strong> (1906\u20131975) gilt als eine der wichtigsten politischen Theoretikerinnen und Publizistinnen des 20. Jahrhunderts. Durch den Nationalsozialismus zur Emigration erst nach Frankreich und dann in die USA gezwungen, arbeitete sie zun\u00e4chst als Lektorin, dann als Professorin an der University of Chicago und schlie\u00dflich an der New School for Social Research in New York. Gerade wegen ihrer Theorie der totalen Herrschaft und ihrer Forderung nach freien politischen Diskussionen nimmt sie in den Debatten der Gegenwart eine bedeutende Rolle ein.\u00a0<\/span><\/p>\n<p><span style=\"font-weight: 400;\">Diese Buchst\u00fctze ist Teil der Serie <\/span><i><span style=\"font-weight: 400;\">Radical Stands<\/span><\/i><span style=\"font-weight: 400;\">, die in Zusammenarbeit zwischen dem TankeKraft Verlag und Jan Landqvist entstanden ist. Seit Mai 2022 ist <\/span><i><span style=\"font-weight: 400;\">Radical Stands<\/span><\/i><span style=\"font-weight: 400;\"> Teil der Buchst\u00fctzen von Novellix.<\/span><\/p>\n<p><span style=\"font-weight: 400;\">Die Idee und das Design der Novellix-Buchst\u00fctzen stammen vom Industriedesigner Jan Landqvist. Die Buchst\u00fctzen werden im schwedischen Gnosj\u00f6 hergestellt und bestehen aus weitgehend recyceltem Stahlblech, das mit einem strapazierf\u00e4higen schwarzen Pulverlack behandelt wurde. Die Ma\u00dfe betragen 15\u00d715 cm f\u00fcr die Portr\u00e4ts und 10\u00d715 cm f\u00fcr die Bodenplatte.<\/span><\/p>\n","protected":false},"excerpt":{"rendered":"<p>Hannah Arendt (1906\u20131975) gilt als eine der wichtigsten politischen Theoretikerinnen und Publizistinnen des 20. Jahrhunderts. Durch den Nationalsozialismus zur Emigration erst nach Frankreich und dann in die USA gezwungen, arbeitete sie zun\u00e4chst als Lektorin, dann als Professorin an der University of Chicago und schlie\u00dflich an der New School for Social Research in New York. Gerade [&#8230;]\n","protected":false},"featured_media":1302869,"template":"","meta":[],"product_brand":[],"product_cat":[98],"product_tag":[],"class_list":{"0":"post-412756","1":"product","2":"type-product","3":"status-publish","4":"has-post-thumbnail","6":"product_cat-buchstutzen","8":"first","9":"instock","10":"shipping-taxable","11":"product-type-simple"},"yoast_head":"<!-- This site is optimized with the Yoast SEO plugin v27.3 - https:\/\/yoast.com\/product\/yoast-seo-wordpress\/ -->\n<title>Hannah Arendt - NOVELLIX<\/title>\n<meta name=\"robots\" content=\"index, follow, max-snippet:-1, max-image-preview:large, max-video-preview:-1\" \/>\n<link rel=\"canonical\" href=\"https:\/\/novellix.com\/de\/produkt\/bokstod-hannah-arendt\/\" \/>\n<meta property=\"og:locale\" content=\"de_DE\" \/>\n<meta property=\"og:type\" content=\"article\" \/>\n<meta property=\"og:title\" content=\"Hannah Arendt - NOVELLIX\" \/>\n<meta property=\"og:description\" content=\"Hannah Arendt (1906\u20131975) gilt als eine der wichtigsten politischen Theoretikerinnen und Publizistinnen des 20. Jahrhunderts. Durch den Nationalsozialismus zur Emigration erst nach Frankreich und dann in die USA gezwungen, arbeitete sie zun\u00e4chst als Lektorin, dann als Professorin an der University of Chicago und schlie\u00dflich an der New School for Social Research in New York. Gerade [...]\" \/>\n<meta property=\"og:url\" content=\"https:\/\/novellix.com\/de\/produkt\/bokstod-hannah-arendt\/\" \/>\n<meta property=\"og:site_name\" content=\"NOVELLIX\" \/>\n<meta property=\"article:modified_time\" content=\"2024-02-29T13:39:31+00:00\" \/>\n<meta property=\"og:image\" content=\"https:\/\/novellix.com\/de\/wp-content\/uploads\/sites\/2\/2023\/12\/16-730x1030-1.jpg\" \/>\n\t<meta property=\"og:image:width\" content=\"730\" \/>\n\t<meta property=\"og:image:height\" content=\"1030\" \/>\n\t<meta property=\"og:image:type\" content=\"image\/jpeg\" \/>\n<meta name=\"twitter:card\" content=\"summary_large_image\" \/>\n<meta name=\"twitter:label1\" content=\"Gesch\u00e4tzte Lesezeit\" \/>\n\t<meta name=\"twitter:data1\" content=\"1\u00a0Minute\" \/>\n<script type=\"application\/ld+json\" class=\"yoast-schema-graph\">{\"@context\":\"https:\\\/\\\/schema.org\",\"@graph\":[{\"@type\":\"WebPage\",\"@id\":\"https:\\\/\\\/novellix.com\\\/de\\\/produkt\\\/bokstod-hannah-arendt\\\/\",\"url\":\"https:\\\/\\\/novellix.com\\\/de\\\/produkt\\\/bokstod-hannah-arendt\\\/\",\"name\":\"Hannah Arendt - NOVELLIX\",\"isPartOf\":{\"@id\":\"https:\\\/\\\/novellix.com\\\/de\\\/#website\"},\"primaryImageOfPage\":{\"@id\":\"https:\\\/\\\/novellix.com\\\/de\\\/produkt\\\/bokstod-hannah-arendt\\\/#primaryimage\"},\"image\":{\"@id\":\"https:\\\/\\\/novellix.com\\\/de\\\/produkt\\\/bokstod-hannah-arendt\\\/#primaryimage\"},\"thumbnailUrl\":\"https:\\\/\\\/novellix.com\\\/de\\\/wp-content\\\/uploads\\\/sites\\\/2\\\/2023\\\/12\\\/16-730x1030-1.jpg\",\"datePublished\":\"2023-12-10T22:41:32+00:00\",\"dateModified\":\"2024-02-29T13:39:31+00:00\",\"breadcrumb\":{\"@id\":\"https:\\\/\\\/novellix.com\\\/de\\\/produkt\\\/bokstod-hannah-arendt\\\/#breadcrumb\"},\"inLanguage\":\"de\",\"potentialAction\":[{\"@type\":\"ReadAction\",\"target\":[\"https:\\\/\\\/novellix.com\\\/de\\\/produkt\\\/bokstod-hannah-arendt\\\/\"]}]},{\"@type\":\"ImageObject\",\"inLanguage\":\"de\",\"@id\":\"https:\\\/\\\/novellix.com\\\/de\\\/produkt\\\/bokstod-hannah-arendt\\\/#primaryimage\",\"url\":\"https:\\\/\\\/novellix.com\\\/de\\\/wp-content\\\/uploads\\\/sites\\\/2\\\/2023\\\/12\\\/16-730x1030-1.jpg\",\"contentUrl\":\"https:\\\/\\\/novellix.com\\\/de\\\/wp-content\\\/uploads\\\/sites\\\/2\\\/2023\\\/12\\\/16-730x1030-1.jpg\",\"width\":730,\"height\":1030,\"caption\":\"hannah arendt\"},{\"@type\":\"BreadcrumbList\",\"@id\":\"https:\\\/\\\/novellix.com\\\/de\\\/produkt\\\/bokstod-hannah-arendt\\\/#breadcrumb\",\"itemListElement\":[{\"@type\":\"ListItem\",\"position\":1,\"name\":\"Shop\",\"item\":\"https:\\\/\\\/novellix.com\\\/de\\\/shop\\\/\"},{\"@type\":\"ListItem\",\"position\":2,\"name\":\"Hannah Arendt\"}]},{\"@type\":\"WebSite\",\"@id\":\"https:\\\/\\\/novellix.com\\\/de\\\/#website\",\"url\":\"https:\\\/\\\/novellix.com\\\/de\\\/\",\"name\":\"NOVELLIX\",\"description\":\"\",\"potentialAction\":[{\"@type\":\"SearchAction\",\"target\":{\"@type\":\"EntryPoint\",\"urlTemplate\":\"https:\\\/\\\/novellix.com\\\/de\\\/?s={search_term_string}\"},\"query-input\":{\"@type\":\"PropertyValueSpecification\",\"valueRequired\":true,\"valueName\":\"search_term_string\"}}],\"inLanguage\":\"de\"}]}<\/script>\n<!-- \/ Yoast SEO plugin. -->","yoast_head_json":{"title":"Hannah Arendt - NOVELLIX","robots":{"index":"index","follow":"follow","max-snippet":"max-snippet:-1","max-image-preview":"max-image-preview:large","max-video-preview":"max-video-preview:-1"},"canonical":"https:\/\/novellix.com\/de\/produkt\/bokstod-hannah-arendt\/","og_locale":"de_DE","og_type":"article","og_title":"Hannah Arendt - NOVELLIX","og_description":"Hannah Arendt (1906\u20131975) gilt als eine der wichtigsten politischen Theoretikerinnen und Publizistinnen des 20. Jahrhunderts. Durch den Nationalsozialismus zur Emigration erst nach Frankreich und dann in die USA gezwungen, arbeitete sie zun\u00e4chst als Lektorin, dann als Professorin an der University of Chicago und schlie\u00dflich an der New School for Social Research in New York. Gerade [...]","og_url":"https:\/\/novellix.com\/de\/produkt\/bokstod-hannah-arendt\/","og_site_name":"NOVELLIX","article_modified_time":"2024-02-29T13:39:31+00:00","og_image":[{"width":730,"height":1030,"url":"https:\/\/novellix.com\/de\/wp-content\/uploads\/sites\/2\/2023\/12\/16-730x1030-1.jpg","type":"image\/jpeg"}],"twitter_card":"summary_large_image","twitter_misc":{"Gesch\u00e4tzte Lesezeit":"1\u00a0Minute"},"schema":{"@context":"https:\/\/schema.org","@graph":[{"@type":"WebPage","@id":"https:\/\/novellix.com\/de\/produkt\/bokstod-hannah-arendt\/","url":"https:\/\/novellix.com\/de\/produkt\/bokstod-hannah-arendt\/","name":"Hannah Arendt - NOVELLIX","isPartOf":{"@id":"https:\/\/novellix.com\/de\/#website"},"primaryImageOfPage":{"@id":"https:\/\/novellix.com\/de\/produkt\/bokstod-hannah-arendt\/#primaryimage"},"image":{"@id":"https:\/\/novellix.com\/de\/produkt\/bokstod-hannah-arendt\/#primaryimage"},"thumbnailUrl":"https:\/\/novellix.com\/de\/wp-content\/uploads\/sites\/2\/2023\/12\/16-730x1030-1.jpg","datePublished":"2023-12-10T22:41:32+00:00","dateModified":"2024-02-29T13:39:31+00:00","breadcrumb":{"@id":"https:\/\/novellix.com\/de\/produkt\/bokstod-hannah-arendt\/#breadcrumb"},"inLanguage":"de","potentialAction":[{"@type":"ReadAction","target":["https:\/\/novellix.com\/de\/produkt\/bokstod-hannah-arendt\/"]}]},{"@type":"ImageObject","inLanguage":"de","@id":"https:\/\/novellix.com\/de\/produkt\/bokstod-hannah-arendt\/#primaryimage","url":"https:\/\/novellix.com\/de\/wp-content\/uploads\/sites\/2\/2023\/12\/16-730x1030-1.jpg","contentUrl":"https:\/\/novellix.com\/de\/wp-content\/uploads\/sites\/2\/2023\/12\/16-730x1030-1.jpg","width":730,"height":1030,"caption":"hannah arendt"},{"@type":"BreadcrumbList","@id":"https:\/\/novellix.com\/de\/produkt\/bokstod-hannah-arendt\/#breadcrumb","itemListElement":[{"@type":"ListItem","position":1,"name":"Shop","item":"https:\/\/novellix.com\/de\/shop\/"},{"@type":"ListItem","position":2,"name":"Hannah Arendt"}]},{"@type":"WebSite","@id":"https:\/\/novellix.com\/de\/#website","url":"https:\/\/novellix.com\/de\/","name":"NOVELLIX","description":"","potentialAction":[{"@type":"SearchAction","target":{"@type":"EntryPoint","urlTemplate":"https:\/\/novellix.com\/de\/?s={search_term_string}"},"query-input":{"@type":"PropertyValueSpecification","valueRequired":true,"valueName":"search_term_string"}}],"inLanguage":"de"}]}},"_links":{"self":[{"href":"https:\/\/novellix.com\/de\/wp-json\/wp\/v2\/product\/412756","targetHints":{"allow":["GET"]}}],"collection":[{"href":"https:\/\/novellix.com\/de\/wp-json\/wp\/v2\/product"}],"about":[{"href":"https:\/\/novellix.com\/de\/wp-json\/wp\/v2\/types\/product"}],"wp:featuredmedia":[{"embeddable":true,"href":"https:\/\/novellix.com\/de\/wp-json\/wp\/v2\/media\/1302869"}],"wp:attachment":[{"href":"https:\/\/novellix.com\/de\/wp-json\/wp\/v2\/media?parent=412756"}],"wp:term":[{"taxonomy":"product_brand","embeddable":true,"href":"https:\/\/novellix.com\/de\/wp-json\/wp\/v2\/product_brand?post=412756"},{"taxonomy":"product_cat","embeddable":true,"href":"https:\/\/novellix.com\/de\/wp-json\/wp\/v2\/product_cat?post=412756"},{"taxonomy":"product_tag","embeddable":true,"href":"https:\/\/novellix.com\/de\/wp-json\/wp\/v2\/product_tag?post=412756"}],"curies":[{"name":"wp","href":"https:\/\/api.w.org\/{rel}","templated":true}]}}