{"id":412841,"date":"2023-12-10T22:41:32","date_gmt":"2023-12-10T22:41:32","guid":{"rendered":"https:\/\/novellix.se\/?post_type=product&#038;p=412841"},"modified":"2024-02-29T13:36:02","modified_gmt":"2024-02-29T13:36:02","slug":"bokstod-sigmund-freud","status":"publish","type":"product","link":"https:\/\/novellix.com\/de\/produkt\/bokstod-sigmund-freud\/","title":{"rendered":"Sigmund Freud"},"content":{"rendered":"<p><b>Sigmund Freud<\/b><span style=\"font-weight: 400;\"> (1856\u20131939) war ein \u00f6sterreichischer Neurologe, Psychiater und Schriftsteller sowie der Begr\u00fcnder der Psychoanalyse. Freuds Lehren sind inzwischen neueren Einsichten gewichen, haben aber auch heute noch Anh\u00e4nger in akademischen und kulturellen Kreisen und zweifelsohne unsere moderne Sicht auf den Menschen und die Psychotherapie begr\u00fcndet und geformt.\u00a0<\/span><\/p>\n<p><span style=\"font-weight: 400;\">Diese Buchst\u00fctze ist Teil der Serie <\/span><i><span style=\"font-weight: 400;\">Radical Stands<\/span><\/i><span style=\"font-weight: 400;\">, die in Zusammenarbeit zwischen dem TankeKraft Verlag und Jan Landqvist entstanden ist. Seit Mai 2022 ist <\/span><i><span style=\"font-weight: 400;\">Radical Stands<\/span><\/i><span style=\"font-weight: 400;\"> Teil der Buchst\u00fctzen von Novellix.<\/span><\/p>\n<p><span style=\"font-weight: 400;\">Die Idee und das Design der Novellix-Buchst\u00fctzen stammen vom Industriedesigner Jan Landqvist. Die Buchst\u00fctzen werden im schwedischen Gnosj\u00f6 hergestellt und bestehen aus weitgehend recyceltem Stahlblech, das mit einem strapazierf\u00e4higen schwarzen Pulverlack behandelt wurde. Die Ma\u00dfe betragen 15\u00d715 cm f\u00fcr die Portr\u00e4ts und 10\u00d715 cm f\u00fcr die Bodenplatte.\u00a0<\/span><\/p>\n","protected":false},"excerpt":{"rendered":"<p>Sigmund Freud (1856\u20131939) war ein \u00f6sterreichischer Neurologe, Psychiater und Schriftsteller sowie der Begr\u00fcnder der Psychoanalyse. Freuds Lehren sind inzwischen neueren Einsichten gewichen, haben aber auch heute noch Anh\u00e4nger in akademischen und kulturellen Kreisen und zweifelsohne unsere moderne Sicht auf den Menschen und die Psychotherapie begr\u00fcndet und geformt.\u00a0 Diese Buchst\u00fctze ist Teil der Serie Radical Stands, [&#8230;]\n","protected":false},"featured_media":1302867,"template":"","meta":[],"product_brand":[],"product_cat":[98],"product_tag":[],"class_list":{"0":"post-412841","1":"product","2":"type-product","3":"status-publish","4":"has-post-thumbnail","6":"product_cat-buchstutzen","8":"first","9":"instock","10":"shipping-taxable","11":"product-type-simple"},"yoast_head":"<!-- This site is optimized with the Yoast SEO plugin v27.3 - https:\/\/yoast.com\/product\/yoast-seo-wordpress\/ -->\n<title>Sigmund Freud - NOVELLIX<\/title>\n<meta name=\"robots\" content=\"index, follow, max-snippet:-1, max-image-preview:large, max-video-preview:-1\" \/>\n<link rel=\"canonical\" href=\"https:\/\/novellix.com\/de\/produkt\/bokstod-sigmund-freud\/\" \/>\n<meta property=\"og:locale\" content=\"de_DE\" \/>\n<meta property=\"og:type\" content=\"article\" \/>\n<meta property=\"og:title\" content=\"Sigmund Freud - NOVELLIX\" \/>\n<meta property=\"og:description\" content=\"Sigmund Freud (1856\u20131939) war ein \u00f6sterreichischer Neurologe, Psychiater und Schriftsteller sowie der Begr\u00fcnder der Psychoanalyse. Freuds Lehren sind inzwischen neueren Einsichten gewichen, haben aber auch heute noch Anh\u00e4nger in akademischen und kulturellen Kreisen und zweifelsohne unsere moderne Sicht auf den Menschen und die Psychotherapie begr\u00fcndet und geformt.\u00a0 Diese Buchst\u00fctze ist Teil der Serie Radical Stands, [...]\" \/>\n<meta property=\"og:url\" content=\"https:\/\/novellix.com\/de\/produkt\/bokstod-sigmund-freud\/\" \/>\n<meta property=\"og:site_name\" content=\"NOVELLIX\" \/>\n<meta property=\"article:modified_time\" content=\"2024-02-29T13:36:02+00:00\" \/>\n<meta property=\"og:image\" content=\"https:\/\/novellix.com\/de\/wp-content\/uploads\/sites\/2\/2023\/12\/17-730x1030-1.jpg\" \/>\n\t<meta property=\"og:image:width\" content=\"730\" \/>\n\t<meta property=\"og:image:height\" content=\"1030\" \/>\n\t<meta property=\"og:image:type\" content=\"image\/jpeg\" \/>\n<meta name=\"twitter:card\" content=\"summary_large_image\" \/>\n<meta name=\"twitter:label1\" content=\"Gesch\u00e4tzte Lesezeit\" \/>\n\t<meta name=\"twitter:data1\" content=\"1\u00a0Minute\" \/>\n<script type=\"application\/ld+json\" class=\"yoast-schema-graph\">{\"@context\":\"https:\\\/\\\/schema.org\",\"@graph\":[{\"@type\":\"WebPage\",\"@id\":\"https:\\\/\\\/novellix.com\\\/de\\\/produkt\\\/bokstod-sigmund-freud\\\/\",\"url\":\"https:\\\/\\\/novellix.com\\\/de\\\/produkt\\\/bokstod-sigmund-freud\\\/\",\"name\":\"Sigmund Freud - NOVELLIX\",\"isPartOf\":{\"@id\":\"https:\\\/\\\/novellix.com\\\/de\\\/#website\"},\"primaryImageOfPage\":{\"@id\":\"https:\\\/\\\/novellix.com\\\/de\\\/produkt\\\/bokstod-sigmund-freud\\\/#primaryimage\"},\"image\":{\"@id\":\"https:\\\/\\\/novellix.com\\\/de\\\/produkt\\\/bokstod-sigmund-freud\\\/#primaryimage\"},\"thumbnailUrl\":\"https:\\\/\\\/novellix.com\\\/de\\\/wp-content\\\/uploads\\\/sites\\\/2\\\/2023\\\/12\\\/17-730x1030-1.jpg\",\"datePublished\":\"2023-12-10T22:41:32+00:00\",\"dateModified\":\"2024-02-29T13:36:02+00:00\",\"breadcrumb\":{\"@id\":\"https:\\\/\\\/novellix.com\\\/de\\\/produkt\\\/bokstod-sigmund-freud\\\/#breadcrumb\"},\"inLanguage\":\"de\",\"potentialAction\":[{\"@type\":\"ReadAction\",\"target\":[\"https:\\\/\\\/novellix.com\\\/de\\\/produkt\\\/bokstod-sigmund-freud\\\/\"]}]},{\"@type\":\"ImageObject\",\"inLanguage\":\"de\",\"@id\":\"https:\\\/\\\/novellix.com\\\/de\\\/produkt\\\/bokstod-sigmund-freud\\\/#primaryimage\",\"url\":\"https:\\\/\\\/novellix.com\\\/de\\\/wp-content\\\/uploads\\\/sites\\\/2\\\/2023\\\/12\\\/17-730x1030-1.jpg\",\"contentUrl\":\"https:\\\/\\\/novellix.com\\\/de\\\/wp-content\\\/uploads\\\/sites\\\/2\\\/2023\\\/12\\\/17-730x1030-1.jpg\",\"width\":730,\"height\":1030,\"caption\":\"sigmund freud\"},{\"@type\":\"BreadcrumbList\",\"@id\":\"https:\\\/\\\/novellix.com\\\/de\\\/produkt\\\/bokstod-sigmund-freud\\\/#breadcrumb\",\"itemListElement\":[{\"@type\":\"ListItem\",\"position\":1,\"name\":\"Shop\",\"item\":\"https:\\\/\\\/novellix.com\\\/de\\\/shop\\\/\"},{\"@type\":\"ListItem\",\"position\":2,\"name\":\"Sigmund Freud\"}]},{\"@type\":\"WebSite\",\"@id\":\"https:\\\/\\\/novellix.com\\\/de\\\/#website\",\"url\":\"https:\\\/\\\/novellix.com\\\/de\\\/\",\"name\":\"NOVELLIX\",\"description\":\"\",\"potentialAction\":[{\"@type\":\"SearchAction\",\"target\":{\"@type\":\"EntryPoint\",\"urlTemplate\":\"https:\\\/\\\/novellix.com\\\/de\\\/?s={search_term_string}\"},\"query-input\":{\"@type\":\"PropertyValueSpecification\",\"valueRequired\":true,\"valueName\":\"search_term_string\"}}],\"inLanguage\":\"de\"}]}<\/script>\n<!-- \/ Yoast SEO plugin. -->","yoast_head_json":{"title":"Sigmund Freud - NOVELLIX","robots":{"index":"index","follow":"follow","max-snippet":"max-snippet:-1","max-image-preview":"max-image-preview:large","max-video-preview":"max-video-preview:-1"},"canonical":"https:\/\/novellix.com\/de\/produkt\/bokstod-sigmund-freud\/","og_locale":"de_DE","og_type":"article","og_title":"Sigmund Freud - NOVELLIX","og_description":"Sigmund Freud (1856\u20131939) war ein \u00f6sterreichischer Neurologe, Psychiater und Schriftsteller sowie der Begr\u00fcnder der Psychoanalyse. Freuds Lehren sind inzwischen neueren Einsichten gewichen, haben aber auch heute noch Anh\u00e4nger in akademischen und kulturellen Kreisen und zweifelsohne unsere moderne Sicht auf den Menschen und die Psychotherapie begr\u00fcndet und geformt.\u00a0 Diese Buchst\u00fctze ist Teil der Serie Radical Stands, [...]","og_url":"https:\/\/novellix.com\/de\/produkt\/bokstod-sigmund-freud\/","og_site_name":"NOVELLIX","article_modified_time":"2024-02-29T13:36:02+00:00","og_image":[{"width":730,"height":1030,"url":"https:\/\/novellix.com\/de\/wp-content\/uploads\/sites\/2\/2023\/12\/17-730x1030-1.jpg","type":"image\/jpeg"}],"twitter_card":"summary_large_image","twitter_misc":{"Gesch\u00e4tzte Lesezeit":"1\u00a0Minute"},"schema":{"@context":"https:\/\/schema.org","@graph":[{"@type":"WebPage","@id":"https:\/\/novellix.com\/de\/produkt\/bokstod-sigmund-freud\/","url":"https:\/\/novellix.com\/de\/produkt\/bokstod-sigmund-freud\/","name":"Sigmund Freud - NOVELLIX","isPartOf":{"@id":"https:\/\/novellix.com\/de\/#website"},"primaryImageOfPage":{"@id":"https:\/\/novellix.com\/de\/produkt\/bokstod-sigmund-freud\/#primaryimage"},"image":{"@id":"https:\/\/novellix.com\/de\/produkt\/bokstod-sigmund-freud\/#primaryimage"},"thumbnailUrl":"https:\/\/novellix.com\/de\/wp-content\/uploads\/sites\/2\/2023\/12\/17-730x1030-1.jpg","datePublished":"2023-12-10T22:41:32+00:00","dateModified":"2024-02-29T13:36:02+00:00","breadcrumb":{"@id":"https:\/\/novellix.com\/de\/produkt\/bokstod-sigmund-freud\/#breadcrumb"},"inLanguage":"de","potentialAction":[{"@type":"ReadAction","target":["https:\/\/novellix.com\/de\/produkt\/bokstod-sigmund-freud\/"]}]},{"@type":"ImageObject","inLanguage":"de","@id":"https:\/\/novellix.com\/de\/produkt\/bokstod-sigmund-freud\/#primaryimage","url":"https:\/\/novellix.com\/de\/wp-content\/uploads\/sites\/2\/2023\/12\/17-730x1030-1.jpg","contentUrl":"https:\/\/novellix.com\/de\/wp-content\/uploads\/sites\/2\/2023\/12\/17-730x1030-1.jpg","width":730,"height":1030,"caption":"sigmund freud"},{"@type":"BreadcrumbList","@id":"https:\/\/novellix.com\/de\/produkt\/bokstod-sigmund-freud\/#breadcrumb","itemListElement":[{"@type":"ListItem","position":1,"name":"Shop","item":"https:\/\/novellix.com\/de\/shop\/"},{"@type":"ListItem","position":2,"name":"Sigmund Freud"}]},{"@type":"WebSite","@id":"https:\/\/novellix.com\/de\/#website","url":"https:\/\/novellix.com\/de\/","name":"NOVELLIX","description":"","potentialAction":[{"@type":"SearchAction","target":{"@type":"EntryPoint","urlTemplate":"https:\/\/novellix.com\/de\/?s={search_term_string}"},"query-input":{"@type":"PropertyValueSpecification","valueRequired":true,"valueName":"search_term_string"}}],"inLanguage":"de"}]}},"_links":{"self":[{"href":"https:\/\/novellix.com\/de\/wp-json\/wp\/v2\/product\/412841","targetHints":{"allow":["GET"]}}],"collection":[{"href":"https:\/\/novellix.com\/de\/wp-json\/wp\/v2\/product"}],"about":[{"href":"https:\/\/novellix.com\/de\/wp-json\/wp\/v2\/types\/product"}],"wp:featuredmedia":[{"embeddable":true,"href":"https:\/\/novellix.com\/de\/wp-json\/wp\/v2\/media\/1302867"}],"wp:attachment":[{"href":"https:\/\/novellix.com\/de\/wp-json\/wp\/v2\/media?parent=412841"}],"wp:term":[{"taxonomy":"product_brand","embeddable":true,"href":"https:\/\/novellix.com\/de\/wp-json\/wp\/v2\/product_brand?post=412841"},{"taxonomy":"product_cat","embeddable":true,"href":"https:\/\/novellix.com\/de\/wp-json\/wp\/v2\/product_cat?post=412841"},{"taxonomy":"product_tag","embeddable":true,"href":"https:\/\/novellix.com\/de\/wp-json\/wp\/v2\/product_tag?post=412841"}],"curies":[{"name":"wp","href":"https:\/\/api.w.org\/{rel}","templated":true}]}}